{"id":10395,"date":"2023-04-14T13:16:35","date_gmt":"2023-04-14T12:16:35","guid":{"rendered":"http:\/\/kotrla.com\/pmpro\/?page_id=10395"},"modified":"2024-02-04T19:58:35","modified_gmt":"2024-02-04T18:58:35","slug":"jan-dadak-bozi-mlat-2023","status":"publish","type":"page","link":"https:\/\/kotrla.com\/pmpro\/klenov\/jan-dadak-bozi-mlat-2023\/","title":{"rendered":"Jan Dad\u00e1k: Bo\u017e\u00ed mlat (2023)"},"content":{"rendered":"<p>ISBN 978-80-908127-6-5<\/p>\n<figure id=\"attachment_10405\" aria-describedby=\"caption-attachment-10405\" style=\"width: 1011px\" class=\"wp-caption alignnone\"><a href=\"https:\/\/kotrla.com\/pmpro\/wp-content\/uploads\/2023\/04\/jan_dadak_bozi_mlat.jpg\"><img loading=\"lazy\" decoding=\"async\" class=\"size-full wp-image-10405\" src=\"https:\/\/kotrla.com\/pmpro\/wp-content\/uploads\/2023\/04\/jan_dadak_bozi_mlat.jpg\" alt=\"\" width=\"1011\" height=\"1600\" srcset=\"https:\/\/kotrla.com\/pmpro\/wp-content\/uploads\/2023\/04\/jan_dadak_bozi_mlat.jpg 1011w, https:\/\/kotrla.com\/pmpro\/wp-content\/uploads\/2023\/04\/jan_dadak_bozi_mlat-190x300.jpg 190w, https:\/\/kotrla.com\/pmpro\/wp-content\/uploads\/2023\/04\/jan_dadak_bozi_mlat-647x1024.jpg 647w, https:\/\/kotrla.com\/pmpro\/wp-content\/uploads\/2023\/04\/jan_dadak_bozi_mlat-971x1536.jpg 971w\" sizes=\"auto, (max-width: 1011px) 100vw, 1011px\" \/><\/a><figcaption id=\"caption-attachment-10405\" class=\"wp-caption-text\">Jan Dad\u00e1k: Bo\u017e\u00ed mlat (Byst\u0159i\u010dka: Klenov 2023)<\/figcaption><\/figure>\n<p><strong>\u010cek\u00e1n\u00ed na d\u00e9\u0161\u0165 \u2014<\/strong><\/p>\n<p>Ost\u0159e prolamovanou mezerou v mraku<br \/>\nSe stopami dl\u00e1ta je\u0161t\u011b na hran\u00e1ch<br \/>\nProch\u00e1z\u00ed zlato \u017eiln\u011bn\u00ed<\/p>\n<p>Srpek po\u0161tolky pod n\u00edm<br \/>\nVe vid\u011bn\u00ed vichrn\u00e9ho\u00a0\u2014<br \/>\nTa jen nepohnut\u00e1 \u010deln\u011b<br \/>\nOdol\u00e1v\u00e1 proud\u011bn\u00ed v\u00a0jeho bran\u00e1ch<br \/>\nNe\u017e spadne z\u00a0v\u00fd\u0161ky jako p\u0159esn\u00fd k\u00e1men<\/p>\n<p>Ne\u017e spadne ze stolu<br \/>\nA k nepot\u0159eb\u011b kamsi odl\u00e9t\u00e1 popsan\u00fd list pap\u00edru<\/p>\n<p>Od p\u0159\u00edrody ned\u016fv\u011b\u0159iv\u00fd k\u00a0p\u0159\u00edrod\u011b<br \/>\nCht\u011bl bys zase ve vzrostl\u00e9 tr\u00e1v\u011b<br \/>\nUvid\u011bt zavlnit se<br \/>\nSko\u0159icov\u00fd h\u0159bet srnce<\/p>\n<p>U\u017e lije\u2026<\/p>\n<p>&nbsp;<\/p>\n<p><strong>Z noci se ozval slav\u00edk \u2014<\/strong><\/p>\n<p>Vzd\u00e1len\u00fd davu a milovn\u00edk samoty<br \/>\nJako kdyby sladce<br \/>\nD\u00e1vil svou okysli\u010denou v hrdle oh\u0159\u00e1tou krev<br \/>\nPr\u00e1v\u011b zde n\u011bkde<\/p>\n<p>S leskem p\u016flm\u011bs\u00edce<br \/>\nNad k vy\u0159\u00edznut\u00ed zasl\u00edben\u00fdm vlastn\u00edm<br \/>\nJazykem<br \/>\nV p\u00edsni tak lehk\u00e9 pevn\u00e9 pestr\u00e9 jako<br \/>\nAnt\u00edn\u00f3mos r\u010den\u00ed lopota<\/p>\n<p>S vagony tkliv\u011b st\u00e9naj\u00edc\u00edmi a posouvan\u00fdmi<br \/>\nP\u0159il\u00e9haj\u00edc\u00edm n\u00e1kladn\u00edm n\u00e1dra\u017e\u00edm<\/p>\n<p>&nbsp;<\/p>\n<p><strong>Zlat\u00e9 slunce Moravy \u2014<\/strong><\/p>\n<p>Kdesi<br \/>\nNa po\u010d\u00e1tku byl v\u00fdk\u0159ik v\u0161e tvaruj\u00edc\u00edho slova<br \/>\nVelk\u00e9ho t\u0159esku<br \/>\nKter\u00fd otv\u00edral branku mnoh\u00e9mu<br \/>\nDal\u0161\u00edmu \u2014<\/p>\n<p>Monstrance Zlat\u00e9 slunce Moravy<br \/>\nAndrease Vogelhundta<br \/>\nZ 18. stolet\u00ed<\/p>\n<p><em>To je skute\u010dn\u00fd futuristick\u00fd \u0161perk\u2026!<\/em><\/p>\n<p>\u0158ekne jako v\u00a0osv\u00edcen\u00ed blesku vn\u00edmav\u00e1 Sylvia<br \/>\nNa adresu liturgick\u00e9ho p\u0159edm\u011btu<br \/>\nSlou\u017e\u00edc\u00edmu tak\u00e9 k\u00a0teleportaci<br \/>\n\u010c\u00e1p\u016f b\u00edl\u00fdch do Afriky a zp\u011bt \u2014<\/p>\n<p>Jan Balab\u00e1n uvid\u011bl <em>monstranci<\/em> v\u00a0koso\u010dtverci<br \/>\nNa st\u011bn\u011b kabiny panel\u00e1kov\u00e9ho v\u00fdtahu<\/p>\n<p>&nbsp;<\/p>\n<p><strong>Mo\u017en\u00e1 \u2014<\/strong><\/p>\n<p>Pr\u00e1v\u011b se \u0161\u00edralo<br \/>\nKdy\u017e otv\u00edrala proudu vzduchu okno<br \/>\nA dovnit\u0159 vl\u00e9tla no\u010dn\u00ed m\u016fra<br \/>\n(Nebo to byl denn\u00ed mot\u00fdl rodu Morpho?)<br \/>\nV modr\u00fdch z\u00e1blesc\u00edch\u2026<\/p>\n<p>Ale ona tam d\u00e1l jen tak st\u00e1la<br \/>\nA nevn\u00edmala ho<br \/>\nDo d\u00e1lky sebe zahled\u011bn\u00e1<br \/>\nSama ve sv\u00fdch my\u0161lenk\u00e1ch<br \/>\nNap\u0159\u00edmen\u00e1 a p\u0159ipraven\u00e1<\/p>\n<p>Krokem p\u0159es pr\u00e1h<br \/>\nNev\u0161edn\u00edho<br \/>\nJist\u00e1<\/p>\n<p>&nbsp;<\/p>\n<figure id=\"attachment_10441\" aria-describedby=\"caption-attachment-10441\" style=\"width: 150px\" class=\"wp-caption alignnone\"><a href=\"https:\/\/kotrla.com\/pmpro\/wp-content\/uploads\/2023\/04\/dadak.jpg\"><img loading=\"lazy\" decoding=\"async\" class=\"wp-image-10441 size-thumbnail\" src=\"https:\/\/kotrla.com\/pmpro\/wp-content\/uploads\/2023\/04\/dadak-150x150.jpg\" alt=\"Jan Dad\u00e1k\" width=\"150\" height=\"150\" \/><\/a><figcaption id=\"caption-attachment-10441\" class=\"wp-caption-text\">Jan Dad\u00e1k<\/figcaption><\/figure>\n<p><a href=\"https:\/\/spisovatele.upol.cz\/jan-dadak\/\"><strong>Jan Dad\u00e1k<\/strong><\/a> (* 1965)<br \/>\nVydal b\u00e1snick\u00e9 sb\u00edrky <em>Vypr\u00e1zdn\u011bn\u00fd kruh<\/em> (Host, 1997), <em>Hled\u00e1m kterousi v\u011bc<\/em> (Vetus via, 2012), <em>Revolver r\u016f\u017ee a tam p\u00edsn\u011b kost<\/em> (bibliofilie, 2016) a soubor kr\u00e1tk\u00fdch pr\u00f3z <em>Se\u0161it potuln\u00e9ho d\u011bln\u00edka<\/em> (bibliofilie, 2015). \u017dije v Olomouci.<\/p>\n<p>&nbsp;<\/p>\n<p><strong>Jan Dad\u00e1k \/\/ Bo\u017e\u00ed mlat<\/strong><\/p>\n<p>Vydalo nakladatelstv\u00ed Pavel Kotrla \u2013 klenov, Byst\u0159i\u010dka,<br \/>\nroku 2023 jako svou 17. publikaci<br \/>\nRedakce Jakub Chrob\u00e1k a Pavel Kotrla<br \/>\nAutor ilustrace Josef Mike\u0161<br \/>\nSazba p\u00edsmy Permian Sans a grafick\u00e1 \u00faprava Pavel Kotrla<br \/>\nVyd\u00e1n\u00ed prvn\u00ed, n\u00e1klad 200 kus\u016f<br \/>\nTisk PROTISK s.\u2009r.\u2009o., \u010cesk\u00e9 Bud\u011bjovice<br \/>\n84 stran<\/p>\n<p>Ob\u00e1lka knihy je vyti\u0161t\u011bna na pap\u00edru Favini Twill Grey, vnit\u0159n\u00ed blok na pap\u00edru Holmen Book.<\/p>\n<p><strong>Ohlasy<\/strong><\/p>\n<ul>\n<li><a href=\"https:\/\/kotrla.com\/pmpro\/wp-content\/uploads\/2024\/01\/tvar_2024_02_horke_parky_recenze_kotrla_dadak.jpg\">Chorizo: Hork\u00e9 p\u00e1rky, Tvar 2\/2024, s. 2<\/a><\/li>\n<\/ul>\n","protected":false},"excerpt":{"rendered":"<p>ISBN 978-80-908127-6-5 \u010cek\u00e1n\u00ed na d\u00e9\u0161\u0165 \u2014 Ost\u0159e prolamovanou mezerou v mraku Se stopami dl\u00e1ta je\u0161t\u011b na hran\u00e1ch Proch\u00e1z\u00ed zlato \u017eiln\u011bn\u00ed Srpek po\u0161tolky pod n\u00edm Ve vid\u011bn\u00ed vichrn\u00e9ho\u00a0\u2014 Ta jen nepohnut\u00e1 \u010deln\u011b Odol\u00e1v\u00e1 proud\u011bn\u00ed v\u00a0jeho bran\u00e1ch Ne\u017e spadne z\u00a0v\u00fd\u0161ky jako p\u0159esn\u00fd k\u00e1men Ne\u017e spadne ze stolu A k nepot\u0159eb\u011b kamsi odl\u00e9t\u00e1 popsan\u00fd list pap\u00edru Od p\u0159\u00edrody [&hellip;]<\/p>\n","protected":false},"author":1,"featured_media":0,"parent":3997,"menu_order":0,"comment_status":"closed","ping_status":"closed","template":"","meta":{"site-sidebar-layout":"default","site-content-layout":"default","ast-site-content-layout":"default","site-content-style":"default","site-sidebar-style":"default","ast-global-header-display":"","ast-banner-title-visibility":"","ast-main-header-display":"","ast-hfb-above-header-display":"","ast-hfb-below-header-display":"","ast-hfb-mobile-header-display":"","site-post-title":"","ast-breadcrumbs-content":"","ast-featured-img":"","footer-sml-layout":"","ast-disable-related-posts":"","theme-transparent-header-meta":"default","adv-header-id-meta":"","stick-header-meta":"","header-above-stick-meta":"","header-main-stick-meta":"","header-below-stick-meta":"","astra-migrate-meta-layouts":"set","ast-page-background-enabled":"default","ast-page-background-meta":{"desktop":{"background-color":"var(--ast-global-color-5)","background-image":"","background-repeat":"repeat","background-position":"center center","background-size":"auto","background-attachment":"scroll","background-type":"","background-media":"","overlay-type":"","overlay-color":"","overlay-opacity":"","overlay-gradient":""},"tablet":{"background-color":"","background-image":"","background-repeat":"repeat","background-position":"center center","background-size":"auto","background-attachment":"scroll","background-type":"","background-media":"","overlay-type":"","overlay-color":"","overlay-opacity":"","overlay-gradient":""},"mobile":{"background-color":"","background-image":"","background-repeat":"repeat","background-position":"center center","background-size":"auto","background-attachment":"scroll","background-type":"","background-media":"","overlay-type":"","overlay-color":"","overlay-opacity":"","overlay-gradient":""}},"ast-content-background-meta":{"desktop":{"background-color":"var(--ast-global-color-4)","background-image":"","background-repeat":"repeat","background-position":"center center","background-size":"auto","background-attachment":"scroll","background-type":"","background-media":"","overlay-type":"","overlay-color":"","overlay-opacity":"","overlay-gradient":""},"tablet":{"background-color":"var(--ast-global-color-4)","background-image":"","background-repeat":"repeat","background-position":"center center","background-size":"auto","background-attachment":"scroll","background-type":"","background-media":"","overlay-type":"","overlay-color":"","overlay-opacity":"","overlay-gradient":""},"mobile":{"background-color":"var(--ast-global-color-4)","background-image":"","background-repeat":"repeat","background-position":"center center","background-size":"auto","background-attachment":"scroll","background-type":"","background-media":"","overlay-type":"","overlay-color":"","overlay-opacity":"","overlay-gradient":""}},"footnotes":""},"class_list":["post-10395","page","type-page","status-publish","hentry"],"jetpack_shortlink":"https:\/\/wp.me\/P4mLP7-2HF","jetpack-related-posts":[{"id":3997,"url":"https:\/\/kotrla.com\/pmpro\/klenov\/","url_meta":{"origin":10395,"position":0},"title":"Nakladatelstv\u00ed Klenov","author":"Pavel Kotrla","date":"1.12.2018","format":false,"excerpt":"Klenov \u2013 jednomu\u017en\u00e9 nakladatelstv\u00ed Pavla Kotrly. Knihy jsou v distribuci Kosmas a Pemic, m\u016f\u017eete zakoupit nap\u0159\u00edklad v s\u00edti prodejen\u00a0Martinus,\u00a0Dobrovsk\u00fd nebo jin\u00fdch.\u00a0Bibliofilie Synonymum krajina, Pot\u00ed\u017ee se \u017eenami, Hedvika a Jak Urzon obelstil Kojota nejsou v b\u011b\u017en\u00e9 distribuci, pro objedn\u00e1vku pou\u017eijte pros\u00edm tento formul\u00e1\u0159. Ten m\u016f\u017eete vyu\u017e\u00edt i pro objedn\u00e1vku dal\u0161\u00edch knih\u2026","rel":"","context":"Podobn\u00fd p\u0159\u00edsp\u011bvek","block_context":{"text":"Podobn\u00fd p\u0159\u00edsp\u011bvek","link":""},"img":{"alt_text":"","src":"https:\/\/i0.wp.com\/kotrla.com\/pmpro\/wp-content\/uploads\/2023\/03\/nakladatelstvi_klenov_logo_bw_small.png?resize=350%2C200&ssl=1","width":350,"height":200},"classes":[]},{"id":9316,"url":"https:\/\/kotrla.com\/pmpro\/klenov\/lenka-halova-letajici-jelen-2022\/","url_meta":{"origin":10395,"position":1},"title":"Lenka Halov\u00e1: L\u00e9taj\u00edc\u00ed jelen (2022)","author":"Pavel Kotrla","date":"18.1.2022","format":false,"excerpt":"ISBN 978-80-908127-3-4 Kni\u017en\u00ed debut vala\u0161komezi\u0159\u00ed\u010dsk\u00e9 autorky. Lenka Halov\u00e1 (*\u00a01986) \u017dije a\u00a0pracuje ve\u00a0Vala\u0161sk\u00e9m Mezi\u0159\u00ed\u010d\u00ed jako prodava\u010dka dom\u00e1c\u00edch pot\u0159eb a\u00a0ekologick\u00fdch v\u00fdrobk\u016f. L\u00e1sku k\u00a0literatu\u0159e se sna\u017eila ne\u00fasp\u011b\u0161n\u011b prohloubit studiem \u010desk\u00e9ho jazyka a\u00a0literatury na\u00a0FF Ostravsk\u00e9 univerzity. Ve\u00a0voln\u00e9m \u010dase zp\u011bva\u010dka a\u00a0kl\u00e1vesistka alternativn\u00ed kapely Ko\u0148e a\u00a0Prase. V\u00a0n\u00e1hl\u00fdch z\u00e1chvatech tvo\u0159ivosti se v\u011bnuje tak\u00e9 osobn\u00edmu hudebn\u00edmu projektu LELEIA,\u2026","rel":"","context":"Podobn\u00fd p\u0159\u00edsp\u011bvek","block_context":{"text":"Podobn\u00fd p\u0159\u00edsp\u011bvek","link":""},"img":{"alt_text":"Lenka Halov\u00e1: L\u00e9taj\u00edc\u00ed jelen","src":"https:\/\/i0.wp.com\/kotrla.com\/pmpro\/wp-content\/uploads\/2022\/01\/lenka_halova_letajici_jelen_obalka.jpg?resize=350%2C200&ssl=1","width":350,"height":200,"srcset":"https:\/\/i0.wp.com\/kotrla.com\/pmpro\/wp-content\/uploads\/2022\/01\/lenka_halova_letajici_jelen_obalka.jpg?resize=350%2C200&ssl=1 1x, https:\/\/i0.wp.com\/kotrla.com\/pmpro\/wp-content\/uploads\/2022\/01\/lenka_halova_letajici_jelen_obalka.jpg?resize=525%2C300&ssl=1 1.5x, https:\/\/i0.wp.com\/kotrla.com\/pmpro\/wp-content\/uploads\/2022\/01\/lenka_halova_letajici_jelen_obalka.jpg?resize=700%2C400&ssl=1 2x"},"classes":[]},{"id":13043,"url":"https:\/\/kotrla.com\/pmpro\/klenov\/petr-ligocky-predtim-nez-se-setmi-2025\/","url_meta":{"origin":10395,"position":2},"title":"Petr Ligock\u00fd: P\u0159edt\u00edm ne\u017e se setm\u00ed (2025)","author":"Pavel Kotrla","date":"25.9.2025","format":false,"excerpt":"ISBN\u00a0978-80-909228-5-3 Doporu\u010den\u00e1 cena knihy je 220 K\u010d Sb\u00edrka Petra Ligock\u00e9ho P\u0159edt\u00edm ne\u017e se setm\u00ed\u00a0je tich\u00fdm a hlubok\u00fdm ponorem do sv\u011bta ka\u017edodennosti, p\u0159\u00edrody a vnit\u0159n\u00edho pro\u017e\u00edv\u00e1n\u00ed. Autor zde navazuje na tradici japonsk\u00e9ho haiku a korejsk\u00e9 zenov\u00e9 poezie, z\u00e1rove\u0148 v\u0161ak tyto formy obohacuje o evropskou citlivost a osobn\u00ed pro\u017eitky. V\u00fdsledkem je kniha,\u2026","rel":"","context":"Podobn\u00fd p\u0159\u00edsp\u011bvek","block_context":{"text":"Podobn\u00fd p\u0159\u00edsp\u011bvek","link":""},"img":{"alt_text":"","src":"https:\/\/i0.wp.com\/kotrla.com\/pmpro\/wp-content\/uploads\/2025\/09\/sipos_01-150x150.jpg?resize=350%2C200&ssl=1","width":350,"height":200,"srcset":"https:\/\/i0.wp.com\/kotrla.com\/pmpro\/wp-content\/uploads\/2025\/09\/sipos_01-150x150.jpg?resize=350%2C200&ssl=1 1x, https:\/\/i0.wp.com\/kotrla.com\/pmpro\/wp-content\/uploads\/2025\/09\/sipos_01-150x150.jpg?resize=525%2C300&ssl=1 1.5x, https:\/\/i0.wp.com\/kotrla.com\/pmpro\/wp-content\/uploads\/2025\/09\/sipos_01-150x150.jpg?resize=700%2C400&ssl=1 2x, https:\/\/i0.wp.com\/kotrla.com\/pmpro\/wp-content\/uploads\/2025\/09\/sipos_01-150x150.jpg?resize=1050%2C600&ssl=1 3x, https:\/\/i0.wp.com\/kotrla.com\/pmpro\/wp-content\/uploads\/2025\/09\/sipos_01-150x150.jpg?resize=1400%2C800&ssl=1 4x"},"classes":[]},{"id":12426,"url":"https:\/\/kotrla.com\/pmpro\/klenov\/zdenek-lysy-nejen-mezi-nomady-2025\/","url_meta":{"origin":10395,"position":3},"title":"Zden\u011bk Lys\u00fd: Nejen mezi nom\u00e1dy (2025)","author":"Pavel Kotrla","date":"23.2.2025","format":false,"excerpt":"ISBN 978-80-909228-2-2 Doporu\u010den\u00e1 cena knihy je 200 K\u010d Nejen humorn\u00e9 vzpom\u00ednky na kari\u00e9ru zv\u011brol\u00e9ka\u0159e na mal\u00e9m m\u011bst\u011b a \u0161estilet\u00fd pobyt v Al\u017e\u00edrsku, kde autor pracoval jako ter\u00e9nn\u00ed veterin\u00e1\u0159. Druh\u00e9 vyd\u00e1n\u00ed bylo roz\u0161\u00ed\u0159eno o t\u0159i nov\u00e9 pov\u00eddky. Zden\u011bk Lys\u00fd Narodil se 18. 5. 1945 ve Fren\u0161t\u00e1t\u011b pod Radho\u0161t\u011bm. Vystudoval Vysokou \u0161kolu\u2026","rel":"","context":"Podobn\u00fd p\u0159\u00edsp\u011bvek","block_context":{"text":"Podobn\u00fd p\u0159\u00edsp\u011bvek","link":""},"img":{"alt_text":"","src":"https:\/\/i0.wp.com\/kotrla.com\/pmpro\/wp-content\/uploads\/2025\/02\/zl_004_allah_tomu_chtel-150x150.jpg?resize=350%2C200&ssl=1","width":350,"height":200,"srcset":"https:\/\/i0.wp.com\/kotrla.com\/pmpro\/wp-content\/uploads\/2025\/02\/zl_004_allah_tomu_chtel-150x150.jpg?resize=350%2C200&ssl=1 1x, https:\/\/i0.wp.com\/kotrla.com\/pmpro\/wp-content\/uploads\/2025\/02\/zl_004_allah_tomu_chtel-150x150.jpg?resize=525%2C300&ssl=1 1.5x, https:\/\/i0.wp.com\/kotrla.com\/pmpro\/wp-content\/uploads\/2025\/02\/zl_004_allah_tomu_chtel-150x150.jpg?resize=700%2C400&ssl=1 2x"},"classes":[]},{"id":12864,"url":"https:\/\/kotrla.com\/pmpro\/klenov\/jiri-dynka-zdrhnout-cz-2025\/","url_meta":{"origin":10395,"position":4},"title":"Ji\u0159\u00ed Dynka: Zdrhnout CZ (2025)","author":"Pavel Kotrla","date":"20.6.2025","format":false,"excerpt":"ISBN 978-80-909228-4-6 Doporu\u010den\u00e1 cena knihy je 220 K\u010d Ji\u0159\u00ed Dynka se ji\u017e d\u00e1vno stal neodmyslitelnou sou\u010d\u00e1st\u00ed \u010desk\u00e9 poezie p\u0159elomu dvac\u00e1t\u00e9ho a jednadvac\u00e1t\u00e9ho stolet\u00ed. Osudem prav\u00e9ho b\u00e1sn\u00edka b\u00fdv\u00e1 absolutn\u00ed b\u00e1se\u0148. Tu se nyn\u00ed Dynka, s\u00a0doprovodem man\u017eelky, vyd\u00e1v\u00e1 hledat skrze n\u00e1v\u0161t\u011bvy \u010desk\u00fdch a moravsk\u00fdch m\u011bst, kde dosud nehostoval. Takto se sb\u00edrka Zdrhnout\u2026","rel":"","context":"Podobn\u00fd p\u0159\u00edsp\u011bvek","block_context":{"text":"Podobn\u00fd p\u0159\u00edsp\u011bvek","link":""},"img":{"alt_text":"","src":"https:\/\/i0.wp.com\/kotrla.com\/pmpro\/wp-content\/uploads\/2025\/06\/jiri_dynka_1.jpg?resize=350%2C200&ssl=1","width":350,"height":200,"srcset":"https:\/\/i0.wp.com\/kotrla.com\/pmpro\/wp-content\/uploads\/2025\/06\/jiri_dynka_1.jpg?resize=350%2C200&ssl=1 1x, https:\/\/i0.wp.com\/kotrla.com\/pmpro\/wp-content\/uploads\/2025\/06\/jiri_dynka_1.jpg?resize=525%2C300&ssl=1 1.5x, https:\/\/i0.wp.com\/kotrla.com\/pmpro\/wp-content\/uploads\/2025\/06\/jiri_dynka_1.jpg?resize=700%2C400&ssl=1 2x, https:\/\/i0.wp.com\/kotrla.com\/pmpro\/wp-content\/uploads\/2025\/06\/jiri_dynka_1.jpg?resize=1050%2C600&ssl=1 3x, https:\/\/i0.wp.com\/kotrla.com\/pmpro\/wp-content\/uploads\/2025\/06\/jiri_dynka_1.jpg?resize=1400%2C800&ssl=1 4x"},"classes":[]},{"id":14216,"url":"https:\/\/kotrla.com\/pmpro\/klenov\/miroslav-cerny-finisterre-2026\/","url_meta":{"origin":10395,"position":5},"title":"Miroslav \u010cern\u00fd: Finisterre (2026)","author":"Pavel Kotrla","date":"9.5.2026","format":false,"excerpt":"ISBN 978-80-88531-01-2 Doporu\u010den\u00e1 cena knihy je 180 K\u010d Finisterre je podobn\u011b jako jej\u00ed dv\u011b p\u0159edch\u016fdkyn\u011b (Moudrost stezky a Sentiment\u00e1ln\u00ed pij\u00e1ci), vydan\u00e9 rovn\u011b\u017e v\u00a0nakladatelstv\u00ed Klenov, souborem m\u011b\u0148av\u00fdch text\u016f, souborem \u017e\u00e1nrov\u011b pestr\u00fdm a v\u00a0nejlep\u0161\u00edm smyslu toho slova eklektick\u00fdm. \u010cern\u00fd v\u00a0n\u011bm p\u0159in\u00e1\u0161\u00ed strhuj\u00edc\u00ed vypr\u00e1v\u011bn\u00ed o putov\u00e1n\u00ed planetou. Od prvn\u00ed str\u00e1nky je v\u0161ak z\u0159ejm\u00e9,\u2026","rel":"","context":"Podobn\u00fd p\u0159\u00edsp\u011bvek","block_context":{"text":"Podobn\u00fd p\u0159\u00edsp\u011bvek","link":""},"img":{"alt_text":"","src":"https:\/\/i0.wp.com\/kotrla.com\/pmpro\/wp-content\/uploads\/2026\/05\/cerny_finisterrre_8-150x150.jpg?resize=350%2C200&ssl=1","width":350,"height":200,"srcset":"https:\/\/i0.wp.com\/kotrla.com\/pmpro\/wp-content\/uploads\/2026\/05\/cerny_finisterrre_8-150x150.jpg?resize=350%2C200&ssl=1 1x, https:\/\/i0.wp.com\/kotrla.com\/pmpro\/wp-content\/uploads\/2026\/05\/cerny_finisterrre_8-150x150.jpg?resize=525%2C300&ssl=1 1.5x, https:\/\/i0.wp.com\/kotrla.com\/pmpro\/wp-content\/uploads\/2026\/05\/cerny_finisterrre_8-150x150.jpg?resize=700%2C400&ssl=1 2x, https:\/\/i0.wp.com\/kotrla.com\/pmpro\/wp-content\/uploads\/2026\/05\/cerny_finisterrre_8-150x150.jpg?resize=1050%2C600&ssl=1 3x"},"classes":[]}],"jetpack_sharing_enabled":true,"_links":{"self":[{"href":"https:\/\/kotrla.com\/pmpro\/wp-json\/wp\/v2\/pages\/10395","targetHints":{"allow":["GET"]}}],"collection":[{"href":"https:\/\/kotrla.com\/pmpro\/wp-json\/wp\/v2\/pages"}],"about":[{"href":"https:\/\/kotrla.com\/pmpro\/wp-json\/wp\/v2\/types\/page"}],"author":[{"embeddable":true,"href":"https:\/\/kotrla.com\/pmpro\/wp-json\/wp\/v2\/users\/1"}],"replies":[{"embeddable":true,"href":"https:\/\/kotrla.com\/pmpro\/wp-json\/wp\/v2\/comments?post=10395"}],"version-history":[{"count":0,"href":"https:\/\/kotrla.com\/pmpro\/wp-json\/wp\/v2\/pages\/10395\/revisions"}],"up":[{"embeddable":true,"href":"https:\/\/kotrla.com\/pmpro\/wp-json\/wp\/v2\/pages\/3997"}],"wp:attachment":[{"href":"https:\/\/kotrla.com\/pmpro\/wp-json\/wp\/v2\/media?parent=10395"}],"curies":[{"name":"wp","href":"https:\/\/api.w.org\/{rel}","templated":true}]}}