{"id":10397,"date":"2023-04-14T13:17:37","date_gmt":"2023-04-14T12:17:37","guid":{"rendered":"http:\/\/kotrla.com\/pmpro\/?page_id=10397"},"modified":"2024-02-04T19:57:03","modified_gmt":"2024-02-04T18:57:03","slug":"pavel-kotrla-stinovy-profil-2023","status":"publish","type":"page","link":"https:\/\/kotrla.com\/pmpro\/klenov\/pavel-kotrla-stinovy-profil-2023\/","title":{"rendered":"Pavel Kotrla: St\u00ednov\u00fd profil (2023)"},"content":{"rendered":"<p>ISBN 978-80-908127-7-2<\/p>\n<figure id=\"attachment_10406\" aria-describedby=\"caption-attachment-10406\" style=\"width: 1011px\" class=\"wp-caption alignnone\"><a href=\"https:\/\/kotrla.com\/pmpro\/wp-content\/uploads\/2023\/04\/pavel_kotrla_stinovy_profil.jpg\"><img loading=\"lazy\" decoding=\"async\" class=\"size-full wp-image-10406\" src=\"https:\/\/kotrla.com\/pmpro\/wp-content\/uploads\/2023\/04\/pavel_kotrla_stinovy_profil.jpg\" alt=\"\" width=\"1011\" height=\"1600\" srcset=\"https:\/\/kotrla.com\/pmpro\/wp-content\/uploads\/2023\/04\/pavel_kotrla_stinovy_profil.jpg 1011w, https:\/\/kotrla.com\/pmpro\/wp-content\/uploads\/2023\/04\/pavel_kotrla_stinovy_profil-190x300.jpg 190w, https:\/\/kotrla.com\/pmpro\/wp-content\/uploads\/2023\/04\/pavel_kotrla_stinovy_profil-647x1024.jpg 647w, https:\/\/kotrla.com\/pmpro\/wp-content\/uploads\/2023\/04\/pavel_kotrla_stinovy_profil-971x1536.jpg 971w\" sizes=\"auto, (max-width: 1011px) 100vw, 1011px\" \/><\/a><figcaption id=\"caption-attachment-10406\" class=\"wp-caption-text\">Pavel Kotrla: St\u00ednov\u00fd profil (Byst\u0159i\u010dka: Klenov 2023)<\/figcaption><\/figure>\n<div id='gallery-1' class='gallery galleryid-10397 gallery-columns-3 gallery-size-thumbnail'><figure class='gallery-item'>\n\t\t\t<div class='gallery-icon landscape'>\n\t\t\t\t<a href='https:\/\/kotrla.com\/pmpro\/2023\/04\/stinovy-profil\/klenov_imgp5683\/'><img loading=\"lazy\" decoding=\"async\" width=\"150\" height=\"150\" src=\"https:\/\/kotrla.com\/pmpro\/wp-content\/uploads\/2023\/04\/klenov_IMGP5683-150x150.jpg\" class=\"attachment-thumbnail size-thumbnail\" alt=\"\" \/><\/a>\n\t\t\t<\/div><\/figure><figure class='gallery-item'>\n\t\t\t<div class='gallery-icon landscape'>\n\t\t\t\t<a href='https:\/\/kotrla.com\/pmpro\/2023\/04\/stinovy-profil\/klenov_imgp5666\/'><img loading=\"lazy\" decoding=\"async\" width=\"150\" height=\"150\" src=\"https:\/\/kotrla.com\/pmpro\/wp-content\/uploads\/2023\/04\/klenov_IMGP5666-150x150.jpg\" class=\"attachment-thumbnail size-thumbnail\" alt=\"\" \/><\/a>\n\t\t\t<\/div><\/figure><figure class='gallery-item'>\n\t\t\t<div class='gallery-icon landscape'>\n\t\t\t\t<a href='https:\/\/kotrla.com\/pmpro\/2023\/04\/stinovy-profil\/klenov_imgp5665\/'><img loading=\"lazy\" decoding=\"async\" width=\"150\" height=\"150\" src=\"https:\/\/kotrla.com\/pmpro\/wp-content\/uploads\/2023\/04\/klenov_IMGP5665-150x150.jpg\" class=\"attachment-thumbnail size-thumbnail\" alt=\"\" \/><\/a>\n\t\t\t<\/div><\/figure><figure class='gallery-item'>\n\t\t\t<div class='gallery-icon landscape'>\n\t\t\t\t<a href='https:\/\/kotrla.com\/pmpro\/2023\/04\/stinovy-profil\/klenov_imgp5664\/'><img loading=\"lazy\" decoding=\"async\" width=\"150\" height=\"150\" src=\"https:\/\/kotrla.com\/pmpro\/wp-content\/uploads\/2023\/04\/klenov_IMGP5664-150x150.jpg\" class=\"attachment-thumbnail size-thumbnail\" alt=\"\" \/><\/a>\n\t\t\t<\/div><\/figure><figure class='gallery-item'>\n\t\t\t<div class='gallery-icon landscape'>\n\t\t\t\t<a href='https:\/\/kotrla.com\/pmpro\/2023\/04\/stinovy-profil\/klenov_imgp5663\/'><img loading=\"lazy\" decoding=\"async\" width=\"150\" height=\"150\" src=\"https:\/\/kotrla.com\/pmpro\/wp-content\/uploads\/2023\/04\/klenov_IMGP5663-150x150.jpg\" class=\"attachment-thumbnail size-thumbnail\" alt=\"\" \/><\/a>\n\t\t\t<\/div><\/figure><figure class='gallery-item'>\n\t\t\t<div class='gallery-icon landscape'>\n\t\t\t\t<a href='https:\/\/kotrla.com\/pmpro\/2023\/04\/stinovy-profil\/klenov_imgp5662\/'><img loading=\"lazy\" decoding=\"async\" width=\"150\" height=\"150\" src=\"https:\/\/kotrla.com\/pmpro\/wp-content\/uploads\/2023\/04\/klenov_IMGP5662-150x150.jpg\" class=\"attachment-thumbnail size-thumbnail\" alt=\"\" \/><\/a>\n\t\t\t<\/div><\/figure>\n\t\t<\/div>\n\n<p>T\u0159et\u00ed sb\u00edrka b\u00e1sn\u00ed Pavla Kotrly\u00a0<em>St\u00ednov\u00fd profil<\/em>\u00a0je synt\u00e9zou sb\u00edrek p\u0159edchoz\u00edch. Pl\u00e1tno jit\u0159iv\u00fdch p\u0159edstav, kter\u00e9 bezohledn\u011b pop\u00edraly p\u0159\u00edtomnost, b\u00e1sn\u00edk nyn\u00ed bez l\u00edtosti vypnul do r\u00e1mu pokro\u010dilej\u0161\u00ed zku\u0161enosti, kter\u00e1 ze dne na den neut\u011b\u0161en\u011b p\u0159ib\u00fdv\u00e1. Z\u00e1pas veden\u00fd s\u00a0vlastn\u00edm v\u011bdom\u00edm tv\u00e1\u0159\u00ed v\u00a0tv\u00e1\u0159 odkouzlen\u00e9mu sv\u011btu nen\u00ed rozhodnut\u00fd. Ve\u0161ker\u00e9 obavy z\u00a0budoucnosti dosud klidn\u011b, t\u00e9m\u011b\u0159 metodicky ub\u00edj\u00ed dost\u0159ediv\u00e1 minulost. Ale \u010das postupuje a \u010dlov\u011bk trne. Poezie realismu, kter\u00fd u\u017e byl a podle v\u0161eho zase bude romantismem.<\/p>\n<p>&nbsp;<\/p>\n<figure id=\"attachment_9707\" aria-describedby=\"caption-attachment-9707\" style=\"width: 300px\" class=\"wp-caption alignnone\"><a href=\"https:\/\/kotrla.com\/pmpro\/wp-content\/uploads\/2022\/06\/pavel_kotrla_IMGP0259.jpg\"><img loading=\"lazy\" decoding=\"async\" class=\"wp-image-9707 size-medium\" src=\"https:\/\/kotrla.com\/pmpro\/wp-content\/uploads\/2022\/06\/pavel_kotrla_IMGP0259-300x200.jpg\" alt=\"Pavel Kotrla\" width=\"300\" height=\"200\" srcset=\"https:\/\/kotrla.com\/pmpro\/wp-content\/uploads\/2022\/06\/pavel_kotrla_IMGP0259-300x200.jpg 300w, https:\/\/kotrla.com\/pmpro\/wp-content\/uploads\/2022\/06\/pavel_kotrla_IMGP0259-1024x683.jpg 1024w, https:\/\/kotrla.com\/pmpro\/wp-content\/uploads\/2022\/06\/pavel_kotrla_IMGP0259-1536x1024.jpg 1536w, https:\/\/kotrla.com\/pmpro\/wp-content\/uploads\/2022\/06\/pavel_kotrla_IMGP0259.jpg 1600w\" sizes=\"auto, (max-width: 300px) 100vw, 300px\" \/><\/a><figcaption id=\"caption-attachment-9707\" class=\"wp-caption-text\">Pavel Kotrla<\/figcaption><\/figure>\n<p><a href=\"https:\/\/kotrla.com\/pmpro\/autor\/\"><strong>Pavel Kotrla<\/strong><\/a><br \/>\nNarodil se 5. kv\u011btna 1974.<br \/>\nVydal b\u00e1snick\u00e9 knihy <a href=\"https:\/\/kotrla.com\/pmpro\/prstem-na-sklo-rybam-2013\/\"><em>Prstem na sklo ryb\u00e1m<\/em><\/a> (Malina, 2013) a <a href=\"https:\/\/kotrla.com\/pmpro\/klenov\/pavel-kotrla-mirny-severni-2019\/\"><em>M\u00edrn\u00fd severn\u00ed<\/em><\/a> (Klenov, 2019). Uveden v\u00a0ro\u010denk\u00e1ch <a href=\"https:\/\/www.hostbrno.cz\/knihy\/poezie\/nejlepsi-ceske-basne\/\"><em>Nejlep\u0161\u00ed \u010desk\u00e9 b\u00e1sn\u011b<\/em> <em>2014<\/em> a\u00a0<em>2020<\/em><\/a> a v antologii <a href=\"https:\/\/protimluv.net\/zdenek-volf-ed-kratka-basen-pokus-o-domenu-cz\/\"><em>Kr\u00e1tk\u00e1 b\u00e1se\u0148<\/em><\/a>. Od roku 1996 \u0161\u00e9fredaktor \u010dasopisu <em><a href=\"http:\/\/casopis-texty.cz\">Texty<\/a><\/em>.<br \/>\n\u017dije na Byst\u0159i\u010dce.<\/p>\n<p>&nbsp;<\/p>\n<p><strong>Pavel Kotrla\u2002\/\/\u2002St\u00ednov\u00fd profil<\/strong><\/p>\n<p>Vydalo nakladatelstv\u00ed Pavel Kotrla \u2013 Klenov, Byst\u0159i\u010dka,<br \/>\nroku 2023 jako svou 18. publikaci<br \/>\nRedakce a foto autora Martin Luk\u00e1\u0161<br \/>\nIlustrace <a href=\"https:\/\/www.instagram.com\/nikola_haiker\/\">Nikola Haikerov\u00e1<\/a><br \/>\nSazba p\u00edsmem Permian Serif<br \/>\nVyd\u00e1n\u00ed prvn\u00ed, n\u00e1klad 200 kus\u016f<br \/>\nTisk PROTISK s.\u2009r.\u2009o., \u010cesk\u00e9 Bud\u011bjovice<br \/>\n80 stran<\/p>\n<p>Ob\u00e1lka knihy je vyti\u0161t\u011bna na pap\u00edru Favini Twill Grey, vnit\u0159n\u00ed blok na pap\u00edru Holmen Book.<\/p>\n<p><strong>Ohlasy<\/strong><\/p>\n<ul>\n<li><a href=\"https:\/\/kotrla.com\/pmpro\/wp-content\/uploads\/2024\/02\/valassko_petr_odehnal_ve_stinu_uz_zacina_podzim.jpg\">Petr Odehnal: Ve st\u00ednu u\u017e za\u010d\u00edn\u00e1 podzim, Revue Vala\u0161sko \u010d. 51, 2023, s. 56<\/a><\/li>\n<li><a href=\"https:\/\/kotrla.com\/pmpro\/wp-content\/uploads\/2024\/01\/tvar_2024_02_horke_parky_recenze_kotrla_dadak.jpg\">Chorizo: Hork\u00e9 p\u00e1rky, Tvar 2\/2024, s. 2<\/a><\/li>\n<\/ul>\n","protected":false},"excerpt":{"rendered":"<p>ISBN 978-80-908127-7-2 T\u0159et\u00ed sb\u00edrka b\u00e1sn\u00ed Pavla Kotrly\u00a0St\u00ednov\u00fd profil\u00a0je synt\u00e9zou sb\u00edrek p\u0159edchoz\u00edch. Pl\u00e1tno jit\u0159iv\u00fdch p\u0159edstav, kter\u00e9 bezohledn\u011b pop\u00edraly p\u0159\u00edtomnost, b\u00e1sn\u00edk nyn\u00ed bez l\u00edtosti vypnul do r\u00e1mu pokro\u010dilej\u0161\u00ed zku\u0161enosti, kter\u00e1 ze dne na den neut\u011b\u0161en\u011b p\u0159ib\u00fdv\u00e1. Z\u00e1pas veden\u00fd s\u00a0vlastn\u00edm v\u011bdom\u00edm tv\u00e1\u0159\u00ed v\u00a0tv\u00e1\u0159 odkouzlen\u00e9mu sv\u011btu nen\u00ed rozhodnut\u00fd. Ve\u0161ker\u00e9 obavy z\u00a0budoucnosti dosud klidn\u011b, t\u00e9m\u011b\u0159 metodicky ub\u00edj\u00ed dost\u0159ediv\u00e1 minulost. Ale [&hellip;]<\/p>\n","protected":false},"author":1,"featured_media":0,"parent":3997,"menu_order":0,"comment_status":"closed","ping_status":"closed","template":"","meta":{"site-sidebar-layout":"default","site-content-layout":"default","ast-site-content-layout":"default","site-content-style":"default","site-sidebar-style":"default","ast-global-header-display":"","ast-banner-title-visibility":"","ast-main-header-display":"","ast-hfb-above-header-display":"","ast-hfb-below-header-display":"","ast-hfb-mobile-header-display":"","site-post-title":"","ast-breadcrumbs-content":"","ast-featured-img":"","footer-sml-layout":"","ast-disable-related-posts":"","theme-transparent-header-meta":"default","adv-header-id-meta":"","stick-header-meta":"","header-above-stick-meta":"","header-main-stick-meta":"","header-below-stick-meta":"","astra-migrate-meta-layouts":"set","ast-page-background-enabled":"default","ast-page-background-meta":{"desktop":{"background-color":"var(--ast-global-color-5)","background-image":"","background-repeat":"repeat","background-position":"center center","background-size":"auto","background-attachment":"scroll","background-type":"","background-media":"","overlay-type":"","overlay-color":"","overlay-opacity":"","overlay-gradient":""},"tablet":{"background-color":"","background-image":"","background-repeat":"repeat","background-position":"center center","background-size":"auto","background-attachment":"scroll","background-type":"","background-media":"","overlay-type":"","overlay-color":"","overlay-opacity":"","overlay-gradient":""},"mobile":{"background-color":"","background-image":"","background-repeat":"repeat","background-position":"center center","background-size":"auto","background-attachment":"scroll","background-type":"","background-media":"","overlay-type":"","overlay-color":"","overlay-opacity":"","overlay-gradient":""}},"ast-content-background-meta":{"desktop":{"background-color":"var(--ast-global-color-4)","background-image":"","background-repeat":"repeat","background-position":"center center","background-size":"auto","background-attachment":"scroll","background-type":"","background-media":"","overlay-type":"","overlay-color":"","overlay-opacity":"","overlay-gradient":""},"tablet":{"background-color":"var(--ast-global-color-4)","background-image":"","background-repeat":"repeat","background-position":"center center","background-size":"auto","background-attachment":"scroll","background-type":"","background-media":"","overlay-type":"","overlay-color":"","overlay-opacity":"","overlay-gradient":""},"mobile":{"background-color":"var(--ast-global-color-4)","background-image":"","background-repeat":"repeat","background-position":"center center","background-size":"auto","background-attachment":"scroll","background-type":"","background-media":"","overlay-type":"","overlay-color":"","overlay-opacity":"","overlay-gradient":""}},"jetpack_post_was_ever_published":false,"footnotes":""},"class_list":["post-10397","page","type-page","status-publish","hentry"],"jetpack_shortlink":"https:\/\/wp.me\/P4mLP7-2HH","jetpack-related-posts":[{"id":2843,"url":"https:\/\/kotrla.com\/pmpro\/autor\/","url_meta":{"origin":10397,"position":0},"title":"Autor","author":"Pavel Kotrla","date":"3.9.2016","format":false,"excerpt":"Kdopak to tu m\u00e1 na sv\u011bdom\u00ed? Pavel Kotrla Narodil jsem se 5. 5. 1974 ve Vset\u00edn\u011b. V letech 1992-1997 jsem vystudoval na Filozofick\u00e9 fakult\u011b Ostravsk\u00e9 univerzity liter\u00e1rn\u00ed v\u011bdu a \u010de\u0161tinu. Od roku 1996 jsem \u0161\u00e9fredaktorem liter\u00e1rn\u00edho \u010dtvrtletn\u00edku Texty, kter\u00fd jsme v roce 1996 zalo\u017eili s Ji\u0159\u00edm Hrabalem, Jakubem Chrob\u00e1kem, Ren\u00e9\u2026","rel":"","context":"Podobn\u00fd p\u0159\u00edsp\u011bvek","block_context":{"text":"Podobn\u00fd p\u0159\u00edsp\u011bvek","link":""},"img":{"alt_text":"Pavel Kotrla","src":"https:\/\/i0.wp.com\/kotrla.com\/pmpro\/wp-content\/uploads\/2022\/06\/pavel_kotrla_IMGP0259.jpg?resize=350%2C200&ssl=1","width":350,"height":200,"srcset":"https:\/\/i0.wp.com\/kotrla.com\/pmpro\/wp-content\/uploads\/2022\/06\/pavel_kotrla_IMGP0259.jpg?resize=350%2C200&ssl=1 1x, https:\/\/i0.wp.com\/kotrla.com\/pmpro\/wp-content\/uploads\/2022\/06\/pavel_kotrla_IMGP0259.jpg?resize=525%2C300&ssl=1 1.5x, https:\/\/i0.wp.com\/kotrla.com\/pmpro\/wp-content\/uploads\/2022\/06\/pavel_kotrla_IMGP0259.jpg?resize=700%2C400&ssl=1 2x, https:\/\/i0.wp.com\/kotrla.com\/pmpro\/wp-content\/uploads\/2022\/06\/pavel_kotrla_IMGP0259.jpg?resize=1050%2C600&ssl=1 3x, https:\/\/i0.wp.com\/kotrla.com\/pmpro\/wp-content\/uploads\/2022\/06\/pavel_kotrla_IMGP0259.jpg?resize=1400%2C800&ssl=1 4x"},"classes":[]},{"id":12809,"url":"https:\/\/kotrla.com\/pmpro\/klenov\/pavel-kotrla-potize-se-zenami-2025\/","url_meta":{"origin":10397,"position":1},"title":"Pavel Kotrla: Pot\u00ed\u017ee se \u017eenami (2025)","author":"Pavel Kotrla","date":"1.6.2025","format":false,"excerpt":"ISBN 978-80-909228-3-9 P\u016fvodn\u00edmi linoryty doprovodila\u00a0Janazapa Cena ti\u0161t\u011bn\u00e9 knihy v\u010detn\u011b t\u0159\u00ed vlo\u017een\u00fdch origin\u00e1ln\u00edch linoryt\u016f je 600 K\u010d + 100 K\u010d po\u0161tovn\u00e9. Kniha nen\u00ed v b\u011b\u017en\u00e9 distribu\u010dn\u00ed s\u00edti, lze si ji v\u0161ak\u00a0OBJEDNAT. P\u0159i objedn\u00e1n\u00ed dvou knih z produkce je po\u0161tovn\u00e9 zdarma. Pot\u00ed\u017ee se \u017eenami p\u0159edstavuj\u00ed pov\u00eddky, kter\u00e9 s\u00a0absurdn\u00edm podt\u00f3nem, \u010dern\u00fdm humorem a\u2026","rel":"","context":"Podobn\u00fd p\u0159\u00edsp\u011bvek","block_context":{"text":"Podobn\u00fd p\u0159\u00edsp\u011bvek","link":""},"img":{"alt_text":"","src":"https:\/\/i0.wp.com\/kotrla.com\/pmpro\/wp-content\/uploads\/2025\/06\/potize_se_zenami_20250213-150x150.jpg?resize=350%2C200&ssl=1","width":350,"height":200,"srcset":"https:\/\/i0.wp.com\/kotrla.com\/pmpro\/wp-content\/uploads\/2025\/06\/potize_se_zenami_20250213-150x150.jpg?resize=350%2C200&ssl=1 1x, https:\/\/i0.wp.com\/kotrla.com\/pmpro\/wp-content\/uploads\/2025\/06\/potize_se_zenami_20250213-150x150.jpg?resize=525%2C300&ssl=1 1.5x, https:\/\/i0.wp.com\/kotrla.com\/pmpro\/wp-content\/uploads\/2025\/06\/potize_se_zenami_20250213-150x150.jpg?resize=700%2C400&ssl=1 2x, https:\/\/i0.wp.com\/kotrla.com\/pmpro\/wp-content\/uploads\/2025\/06\/potize_se_zenami_20250213-150x150.jpg?resize=1050%2C600&ssl=1 3x, https:\/\/i0.wp.com\/kotrla.com\/pmpro\/wp-content\/uploads\/2025\/06\/potize_se_zenami_20250213-150x150.jpg?resize=1400%2C800&ssl=1 4x"},"classes":[]},{"id":3997,"url":"https:\/\/kotrla.com\/pmpro\/klenov\/","url_meta":{"origin":10397,"position":2},"title":"Nakladatelstv\u00ed Klenov","author":"Pavel Kotrla","date":"1.12.2018","format":false,"excerpt":"Klenov \u2013 jednomu\u017en\u00e9 nakladatelstv\u00ed Pavla Kotrly. Knihy jsou v distribuci Kosmas a Pemic, m\u016f\u017eete zakoupit nap\u0159\u00edklad v s\u00edti prodejen\u00a0Martinus,\u00a0Dobrovsk\u00fd nebo jin\u00fdch.\u00a0Bibliofilie Synonymum krajina, Pot\u00ed\u017ee se \u017eenami, Hedvika a Jak Urzon obelstil Kojota nejsou v b\u011b\u017en\u00e9 distribuci, pro objedn\u00e1vku pou\u017eijte pros\u00edm tento formul\u00e1\u0159. Ten m\u016f\u017eete vyu\u017e\u00edt i pro objedn\u00e1vku dal\u0161\u00edch knih\u2026","rel":"","context":"Podobn\u00fd p\u0159\u00edsp\u011bvek","block_context":{"text":"Podobn\u00fd p\u0159\u00edsp\u011bvek","link":""},"img":{"alt_text":"","src":"https:\/\/i0.wp.com\/kotrla.com\/pmpro\/wp-content\/uploads\/2023\/03\/nakladatelstvi_klenov_logo_bw_small.png?resize=350%2C200&ssl=1","width":350,"height":200},"classes":[]},{"id":10951,"url":"https:\/\/kotrla.com\/pmpro\/klenov\/rajko-grlic-neodvypravene-pribehy-2023\/","url_meta":{"origin":10397,"position":3},"title":"Rajko Grli\u0107: Neodvypr\u00e1v\u011bn\u00e9 p\u0159\u00edb\u011bhy (2023)","author":"Pavel Kotrla","date":"9.11.2023","format":false,"excerpt":"ISBN 978-80-908127-8-9 Rajko Grli\u0107 (1947) \u2013 chorvatsk\u00fd filmov\u00fd re\u017eis\u00e9r, producent a scen\u00e1rista, profesor filmov\u00e9 teorie na univerzit\u011b v Ohiu, um\u011bleck\u00fd \u0159editel Motovunsk\u00e9ho filmov\u00e9ho festivalu v chorvatsk\u00e9m Motovunu.\u00a0 Jeden z nejv\u00fdznamn\u011bj\u0161\u00edch chorvatsk\u00fdch filmov\u00fdch re\u017eis\u00e9r\u016f. V roce 1971 ukon\u010dil studia re\u017eie na pra\u017esk\u00e9 FAMU. Spole\u010dn\u011b s n\u00edm v tom \u010dase absolvovala pra\u017esk\u00e1\u2026","rel":"","context":"Podobn\u00fd p\u0159\u00edsp\u011bvek","block_context":{"text":"Podobn\u00fd p\u0159\u00edsp\u011bvek","link":""},"img":{"alt_text":"Rajko Grli\u0107","src":"https:\/\/i0.wp.com\/kotrla.com\/pmpro\/wp-content\/uploads\/2023\/11\/grlic_uvedeni_IMGP0703.jpg?resize=350%2C200&ssl=1","width":350,"height":200,"srcset":"https:\/\/i0.wp.com\/kotrla.com\/pmpro\/wp-content\/uploads\/2023\/11\/grlic_uvedeni_IMGP0703.jpg?resize=350%2C200&ssl=1 1x, https:\/\/i0.wp.com\/kotrla.com\/pmpro\/wp-content\/uploads\/2023\/11\/grlic_uvedeni_IMGP0703.jpg?resize=525%2C300&ssl=1 1.5x, https:\/\/i0.wp.com\/kotrla.com\/pmpro\/wp-content\/uploads\/2023\/11\/grlic_uvedeni_IMGP0703.jpg?resize=700%2C400&ssl=1 2x, https:\/\/i0.wp.com\/kotrla.com\/pmpro\/wp-content\/uploads\/2023\/11\/grlic_uvedeni_IMGP0703.jpg?resize=1050%2C600&ssl=1 3x, https:\/\/i0.wp.com\/kotrla.com\/pmpro\/wp-content\/uploads\/2023\/11\/grlic_uvedeni_IMGP0703.jpg?resize=1400%2C800&ssl=1 4x"},"classes":[]},{"id":13384,"url":"https:\/\/kotrla.com\/pmpro\/klenov\/miroslav-cerny-sentimentalni-pijaci-2025\/","url_meta":{"origin":10397,"position":4},"title":"Miroslav \u010cern\u00fd: Sentiment\u00e1ln\u00ed pij\u00e1ci (2025)","author":"Pavel Kotrla","date":"5.11.2025","format":false,"excerpt":"ISBN 978-80-909228-6-0 Doporu\u010den\u00e1 cena knihy je 180 K\u010d Doslov Kdo \u010detl p\u0159edchoz\u00ed sb\u00edrku pov\u00eddek a b\u00e1sn\u00ed Miroslava \u010cern\u00e9ho Moudrost stezky (2024), snadno pozn\u00e1, \u017ee jeho nov\u00e1 kniha Sentiment\u00e1ln\u00ed pij\u00e1ci na ni zjevn\u011b navazuje. Dalo by se \u0159\u00edct, \u017ee je vlastn\u011b jej\u00edm dvojn\u00edkem. Op\u011bt se potk\u00e1v\u00e1me se souborem r\u016fznorod\u00fdch text\u016f, jejich\u017e\u2026","rel":"","context":"Podobn\u00fd p\u0159\u00edsp\u011bvek","block_context":{"text":"Podobn\u00fd p\u0159\u00edsp\u011bvek","link":""},"img":{"alt_text":"","src":"https:\/\/i0.wp.com\/kotrla.com\/pmpro\/wp-content\/uploads\/2025\/11\/cerny_sentimentalni_pijaci_57-150x150.jpg?resize=350%2C200&ssl=1","width":350,"height":200,"srcset":"https:\/\/i0.wp.com\/kotrla.com\/pmpro\/wp-content\/uploads\/2025\/11\/cerny_sentimentalni_pijaci_57-150x150.jpg?resize=350%2C200&ssl=1 1x, https:\/\/i0.wp.com\/kotrla.com\/pmpro\/wp-content\/uploads\/2025\/11\/cerny_sentimentalni_pijaci_57-150x150.jpg?resize=525%2C300&ssl=1 1.5x, https:\/\/i0.wp.com\/kotrla.com\/pmpro\/wp-content\/uploads\/2025\/11\/cerny_sentimentalni_pijaci_57-150x150.jpg?resize=700%2C400&ssl=1 2x"},"classes":[]},{"id":12139,"url":"https:\/\/kotrla.com\/pmpro\/klenov\/miroslav-cerny-moudrost-stezky-2024\/","url_meta":{"origin":10397,"position":5},"title":"Miroslav \u010cern\u00fd: Moudrost stezky (2024)","author":"Pavel Kotrla","date":"19.10.2024","format":false,"excerpt":"ISBN 978-80-909228-1-5 Doporu\u010den\u00e1 cena knihy je 180 K\u010d Doslov Moudrost stezky je logick\u00fdm vy\u00fast\u011bn\u00edm dosavadn\u00edho liter\u00e1rn\u00edho v\u00fdvoje Miroslava \u010cern\u00e9ho. Dalo se p\u0159edpokl\u00e1dat, \u017ee autora, kter\u00fd se vedle knih odborn\u00fdch a\u00a0popul\u00e1rn\u011b\u00ad\u2011nau\u010dn\u00fdch prosadil p\u0159edev\u0161\u00edm jako cestopisec a\u00a0b\u00e1sn\u00edk, d\u0159\u00edve \u010di pozd\u011bji zl\u00e1k\u00e1 nov\u00e1 tv\u016fr\u010d\u00ed perspektiva a\u00a0bude si cht\u00edt vyzkou\u0161et mo\u017enosti na poli pr\u00f3zy.\u2026","rel":"","context":"Podobn\u00fd p\u0159\u00edsp\u011bvek","block_context":{"text":"Podobn\u00fd p\u0159\u00edsp\u011bvek","link":""},"img":{"alt_text":"","src":"https:\/\/i0.wp.com\/kotrla.com\/pmpro\/wp-content\/uploads\/2024\/10\/sazba_cerny11-150x150.png?resize=350%2C200&ssl=1","width":350,"height":200,"srcset":"https:\/\/i0.wp.com\/kotrla.com\/pmpro\/wp-content\/uploads\/2024\/10\/sazba_cerny11-150x150.png?resize=350%2C200&ssl=1 1x, https:\/\/i0.wp.com\/kotrla.com\/pmpro\/wp-content\/uploads\/2024\/10\/sazba_cerny11-150x150.png?resize=525%2C300&ssl=1 1.5x, https:\/\/i0.wp.com\/kotrla.com\/pmpro\/wp-content\/uploads\/2024\/10\/sazba_cerny11-150x150.png?resize=700%2C400&ssl=1 2x"},"classes":[]}],"jetpack_sharing_enabled":true,"_links":{"self":[{"href":"https:\/\/kotrla.com\/pmpro\/wp-json\/wp\/v2\/pages\/10397","targetHints":{"allow":["GET"]}}],"collection":[{"href":"https:\/\/kotrla.com\/pmpro\/wp-json\/wp\/v2\/pages"}],"about":[{"href":"https:\/\/kotrla.com\/pmpro\/wp-json\/wp\/v2\/types\/page"}],"author":[{"embeddable":true,"href":"https:\/\/kotrla.com\/pmpro\/wp-json\/wp\/v2\/users\/1"}],"replies":[{"embeddable":true,"href":"https:\/\/kotrla.com\/pmpro\/wp-json\/wp\/v2\/comments?post=10397"}],"version-history":[{"count":0,"href":"https:\/\/kotrla.com\/pmpro\/wp-json\/wp\/v2\/pages\/10397\/revisions"}],"up":[{"embeddable":true,"href":"https:\/\/kotrla.com\/pmpro\/wp-json\/wp\/v2\/pages\/3997"}],"wp:attachment":[{"href":"https:\/\/kotrla.com\/pmpro\/wp-json\/wp\/v2\/media?parent=10397"}],"curies":[{"name":"wp","href":"https:\/\/api.w.org\/{rel}","templated":true}]}}