{"id":10443,"date":"2013-04-23T09:46:20","date_gmt":"2013-04-23T08:46:20","guid":{"rendered":"http:\/\/kotrla.com\/pmpro\/?page_id=10443"},"modified":"2023-04-23T10:25:38","modified_gmt":"2023-04-23T09:25:38","slug":"prstem-na-sklo-rybam-2013","status":"publish","type":"page","link":"https:\/\/kotrla.com\/pmpro\/prstem-na-sklo-rybam-2013\/","title":{"rendered":"Prstem na sklo ryb\u00e1m (2013)"},"content":{"rendered":"<p>ISBN 978-80-904983-5-8<\/p>\n<figure id=\"attachment_10452\" aria-describedby=\"caption-attachment-10452\" style=\"width: 1010px\" class=\"wp-caption alignnone\"><a href=\"https:\/\/kotrla.com\/pmpro\/wp-content\/uploads\/2023\/04\/pavel_kotrla_prstem_na_sklo_rybam.jpg\"><img loading=\"lazy\" decoding=\"async\" class=\"size-full wp-image-10452\" src=\"https:\/\/kotrla.com\/pmpro\/wp-content\/uploads\/2023\/04\/pavel_kotrla_prstem_na_sklo_rybam.jpg\" alt=\"\" width=\"1010\" height=\"1600\" srcset=\"https:\/\/kotrla.com\/pmpro\/wp-content\/uploads\/2023\/04\/pavel_kotrla_prstem_na_sklo_rybam.jpg 1010w, https:\/\/kotrla.com\/pmpro\/wp-content\/uploads\/2023\/04\/pavel_kotrla_prstem_na_sklo_rybam-189x300.jpg 189w, https:\/\/kotrla.com\/pmpro\/wp-content\/uploads\/2023\/04\/pavel_kotrla_prstem_na_sklo_rybam-646x1024.jpg 646w, https:\/\/kotrla.com\/pmpro\/wp-content\/uploads\/2023\/04\/pavel_kotrla_prstem_na_sklo_rybam-970x1536.jpg 970w\" sizes=\"auto, (max-width: 1010px) 100vw, 1010px\" \/><\/a><figcaption id=\"caption-attachment-10452\" class=\"wp-caption-text\">Pavel Kotrla: Prstem na sklo ryb\u00e1m (Vset\u00edn: Malina 2013)<\/figcaption><\/figure>\n<p>B\u00e1snick\u00e1 prvotina zku\u0161en\u00e9ho moravsk\u00e9ho liter\u00e1ta a publicisty evokuj\u00edc\u00ed barvitost, p\u0159ita\u017elivost, z\u00e1hadnost \u017eivota a lidsk\u00e9ho osudu, je\u017e se osobit\u011b odr\u00e1\u017eej\u00ed v symbolech mo\u0159e a nekone\u010dn\u00fdch prom\u011bn\u00e1ch monument\u00e1ln\u011b p\u016fsob\u00edc\u00edho a bohat\u011b inspiruj\u00edc\u00edho, v\u011b\u010dn\u011b neklidn\u00e9ho p\u0159\u00edrodn\u00edho \u017eivlu.<\/p>\n<div>* * *<br \/>\nKdy\u017e jsem byl mal\u00fd<br \/>\nNahl\u00e9dal jsem<br \/>\nDo rozlehl\u00fdch zahrad pln\u00fdch mlh<br \/>\nKdy\u017e je v\u00edtr rozfoukal<br \/>\nDo povadl\u00e9ho list\u00ed a such\u00fdch v\u011btv\u00ed<br \/>\nPod stromy<br \/>\nSt\u00e1valy tam lod\u011b<br \/>\nM\u011bly napnut\u00e9 plachty<br \/>\nA pluly na sever<\/div>\n<div><\/div>\n<\/p>\n<div>* * *<br \/>\nZa dlouh\u00fdch noc\u00ed<br \/>\nZat\u00edm co v\u0161ichni sp\u00ed<br \/>\nVrac\u00edme se k oh\u0148\u016fm na pob\u0159e\u017e\u00ed<br \/>\nSn\u00edh le\u017e\u00ed na p\u00edsku<br \/>\nA my vzpom\u00edn\u00e1me na starou bolest<br \/>\nVa\u0159\u00edme b\u00edl\u00e9ho jelena<br \/>\nA a\u017e do sv\u00edt\u00e1n\u00ed \u017ev\u00fdk\u00e1me to maso<br \/>\nZ bez\u010das\u00ed d\u00e1vn\u00fdch let<br \/>\nR\u00e1no budeme se muset vr\u00e1tit<br \/>\nZakl\u00e1dat rodiny<br \/>\nA \u010dekat na n\u00e1vrat<\/div>\n<div><\/div>\n<\/p>\n<div><a href=\"https:\/\/kotrla.com\/pmpro\/wp-content\/uploads\/2023\/04\/prstem_na_sklo_rybam_il2.jpg\"><img loading=\"lazy\" decoding=\"async\" class=\"alignnone size-full wp-image-10463\" src=\"https:\/\/kotrla.com\/pmpro\/wp-content\/uploads\/2023\/04\/prstem_na_sklo_rybam_il2.jpg\" alt=\"\" width=\"800\" height=\"554\" srcset=\"https:\/\/kotrla.com\/pmpro\/wp-content\/uploads\/2023\/04\/prstem_na_sklo_rybam_il2.jpg 800w, https:\/\/kotrla.com\/pmpro\/wp-content\/uploads\/2023\/04\/prstem_na_sklo_rybam_il2-300x208.jpg 300w\" sizes=\"auto, (max-width: 800px) 100vw, 800px\" \/><\/a><\/div>\n<div><\/div>\n<\/p>\n<div>* * *<br \/>\nD\u016fm je pr\u00e1zdn\u00fd sp\u00e1nkem<br \/>\nJe tu jen moje nespavost a pozdn\u00ed noc a dech sp\u00edc\u00edch<br \/>\nVst\u00e1v\u00e1m a\u017e odejde\u0161<br \/>\nV noci nad r\u00e1nem d\u011bti je\u0161t\u011b st\u00e1le sp\u00ed<br \/>\nChod\u00edm pr\u00e1zdn\u00fdm domem<br \/>\n\u017diju sv\u016fj tajn\u00fd \u017eivot<\/div>\n<div><\/div>\n<\/p>\n<div>* * *<\/div>\n<div class=\"clear_right\">Ty odj\u00ed\u017ed\u00ed\u0161 na tu stranu a ty tam<br \/>\nIde\u00e1ln\u00ed man\u017eelka a ide\u00e1ln\u00ed milenka<br \/>\nB\u00fdt to ve francouzsk\u00e9m filmu byli bychom spolu<br \/>\nAle je to jako v \u010d\u00ednsk\u00e9 b\u00e1sni<br \/>\nList\u00ed pad\u00e1 na tato pr\u00e1zdn\u00e1 m\u00edsta<\/div>\n<\/p>\n<p><strong>Ohlasy<\/strong><\/p>\n<ul>\n<li><a href=\"https:\/\/kotrla.com\/pmpro\/wp-content\/uploads\/2023\/04\/jakub_chrobak_texty_hry_priznani_i_vyznani_host_2014_05.pdf\">CHROB\u00c1K, Jakub: Texty, hry, p\u0159izn\u00e1n\u00ed i vyzn\u00e1n\u00ed. Host. Ro\u010d. 30, 2014, \u010d. 5, 14. 5., s. 99\u2013100.<\/a><\/li>\n<li><a href=\"https:\/\/www.kulturni-noviny.cz\/nezavisle-vydavatelske-a-medialni-druzstvo\/tip-tydne\/prstem-na-sklo-rybam\">GROMB\u00cd\u0158, Jakub: Prstem na sklo ryb\u00e1m, Kulturn\u00ed noviny, 03. 02. 2014 [online]<\/a><\/li>\n<li>KO\u010c\u00cdK, Ren\u00e9: Zpr\u00e1va z regionu. T\u00fdden\u00edk Rozhlas. Ro\u010d. 23, 2013\/2014, \u010d. 52\/1, 16. 12. 2013, s. 23.<\/li>\n<\/ul>\n<p><strong>Pavel Kotrla:\u2002Prstem na sklo ryb\u00e1m<\/strong><\/p>\n<p>Vydalo nakladatelstv\u00ed Dalibor Malina (Vset\u00edn) roku 2013<br \/>\nAutorem ilustrac\u00ed je holandsk\u00fd rytec Hieronymus Cock a jsou p\u0159evzaty z mapy vydan\u00e9 v roce 1562<br \/>\nFotografie autora Robert Gol\u00e1\u0148<br \/>\nSazba p\u00edsmem Garamond<br \/>\nVyd\u00e1n\u00ed prvn\u00ed, n\u00e1klad 200 kus\u016f<br \/>\nTisk Grafia Nova, Ro\u017enov pod Radho\u0161t\u011bm<br \/>\n64 stran<\/p>\n<figure id=\"attachment_10462\" aria-describedby=\"caption-attachment-10462\" style=\"width: 300px\" class=\"wp-caption alignnone\"><a href=\"https:\/\/kotrla.com\/pmpro\/wp-content\/uploads\/2023\/04\/pavel_kotrla.jpg\"><img loading=\"lazy\" decoding=\"async\" class=\"wp-image-10462 size-medium\" src=\"https:\/\/kotrla.com\/pmpro\/wp-content\/uploads\/2023\/04\/pavel_kotrla-300x225.jpg\" alt=\"Pavel Kotrla\" width=\"300\" height=\"225\" srcset=\"https:\/\/kotrla.com\/pmpro\/wp-content\/uploads\/2023\/04\/pavel_kotrla-300x225.jpg 300w, https:\/\/kotrla.com\/pmpro\/wp-content\/uploads\/2023\/04\/pavel_kotrla.jpg 734w\" sizes=\"auto, (max-width: 300px) 100vw, 300px\" \/><\/a><figcaption id=\"caption-attachment-10462\" class=\"wp-caption-text\">Pavel Kotrla<\/figcaption><\/figure>\n<p><strong>Pavel Kotrla<\/strong> (5. kv\u011btna 1974)<br \/>\nVystudoval literaturu na Ostravsk\u00e9 univerzit\u011b. \u0160\u00e9fredaktor \u010dasopisu Texty, redaktor revue Aluze. Pod\u00edlel se na n\u011bkolika publikac\u00edch, publikuje v liter\u00e1rn\u00edch \u010dasopisech. R\u00e1d \u010dte a fotografuje. Cht\u011bl b\u00fdt a nen\u00ed archeologem, kosmonautem a n\u00e1mo\u0159n\u00edkem. \u017dije na Byst\u0159i\u010dce.<\/p>\n<p><a href=\"https:\/\/kotrla.com\/pmpro\/wp-content\/uploads\/2023\/04\/prstem_na_sklo_rybam_il1.jpg\"><img loading=\"lazy\" decoding=\"async\" class=\"alignnone wp-image-10460 size-medium\" src=\"https:\/\/kotrla.com\/pmpro\/wp-content\/uploads\/2023\/04\/prstem_na_sklo_rybam_il1-300x200.jpg\" alt=\"\" width=\"300\" height=\"200\" srcset=\"https:\/\/kotrla.com\/pmpro\/wp-content\/uploads\/2023\/04\/prstem_na_sklo_rybam_il1-300x200.jpg 300w, https:\/\/kotrla.com\/pmpro\/wp-content\/uploads\/2023\/04\/prstem_na_sklo_rybam_il1.jpg 500w\" sizes=\"auto, (max-width: 300px) 100vw, 300px\" \/><\/a><\/p>\n","protected":false},"excerpt":{"rendered":"<p>ISBN 978-80-904983-5-8 B\u00e1snick\u00e1 prvotina zku\u0161en\u00e9ho moravsk\u00e9ho liter\u00e1ta a publicisty evokuj\u00edc\u00ed barvitost, p\u0159ita\u017elivost, z\u00e1hadnost \u017eivota a lidsk\u00e9ho osudu, je\u017e se osobit\u011b odr\u00e1\u017eej\u00ed v symbolech mo\u0159e a nekone\u010dn\u00fdch prom\u011bn\u00e1ch monument\u00e1ln\u011b p\u016fsob\u00edc\u00edho a bohat\u011b inspiruj\u00edc\u00edho, v\u011b\u010dn\u011b neklidn\u00e9ho p\u0159\u00edrodn\u00edho \u017eivlu. * * * Kdy\u017e jsem byl mal\u00fd Nahl\u00e9dal jsem Do rozlehl\u00fdch zahrad pln\u00fdch mlh Kdy\u017e je v\u00edtr rozfoukal Do [&hellip;]<\/p>\n","protected":false},"author":1,"featured_media":0,"parent":0,"menu_order":0,"comment_status":"closed","ping_status":"closed","template":"","meta":{"site-sidebar-layout":"default","site-content-layout":"default","ast-site-content-layout":"default","site-content-style":"default","site-sidebar-style":"default","ast-global-header-display":"","ast-banner-title-visibility":"","ast-main-header-display":"","ast-hfb-above-header-display":"","ast-hfb-below-header-display":"","ast-hfb-mobile-header-display":"","site-post-title":"","ast-breadcrumbs-content":"","ast-featured-img":"","footer-sml-layout":"","ast-disable-related-posts":"","theme-transparent-header-meta":"default","adv-header-id-meta":"","stick-header-meta":"","header-above-stick-meta":"","header-main-stick-meta":"","header-below-stick-meta":"","astra-migrate-meta-layouts":"default","ast-page-background-enabled":"default","ast-page-background-meta":{"desktop":{"background-color":"var(--ast-global-color-5)","background-image":"","background-repeat":"repeat","background-position":"center center","background-size":"auto","background-attachment":"scroll","background-type":"","background-media":"","overlay-type":"","overlay-color":"","overlay-opacity":"","overlay-gradient":""},"tablet":{"background-color":"","background-image":"","background-repeat":"repeat","background-position":"center center","background-size":"auto","background-attachment":"scroll","background-type":"","background-media":"","overlay-type":"","overlay-color":"","overlay-opacity":"","overlay-gradient":""},"mobile":{"background-color":"","background-image":"","background-repeat":"repeat","background-position":"center center","background-size":"auto","background-attachment":"scroll","background-type":"","background-media":"","overlay-type":"","overlay-color":"","overlay-opacity":"","overlay-gradient":""}},"ast-content-background-meta":{"desktop":{"background-color":"var(--ast-global-color-4)","background-image":"","background-repeat":"repeat","background-position":"center center","background-size":"auto","background-attachment":"scroll","background-type":"","background-media":"","overlay-type":"","overlay-color":"","overlay-opacity":"","overlay-gradient":""},"tablet":{"background-color":"var(--ast-global-color-4)","background-image":"","background-repeat":"repeat","background-position":"center center","background-size":"auto","background-attachment":"scroll","background-type":"","background-media":"","overlay-type":"","overlay-color":"","overlay-opacity":"","overlay-gradient":""},"mobile":{"background-color":"var(--ast-global-color-4)","background-image":"","background-repeat":"repeat","background-position":"center center","background-size":"auto","background-attachment":"scroll","background-type":"","background-media":"","overlay-type":"","overlay-color":"","overlay-opacity":"","overlay-gradient":""}},"jetpack_post_was_ever_published":false,"footnotes":""},"class_list":["post-10443","page","type-page","status-publish","hentry"],"jetpack_shortlink":"https:\/\/wp.me\/P4mLP7-2Ir","jetpack-related-posts":[{"id":2843,"url":"https:\/\/kotrla.com\/pmpro\/autor\/","url_meta":{"origin":10443,"position":0},"title":"Autor","author":"Pavel Kotrla","date":"3.9.2016","format":false,"excerpt":"Kdopak to tu m\u00e1 na sv\u011bdom\u00ed? Pavel Kotrla Narodil jsem se 5. 5. 1974 ve Vset\u00edn\u011b. V letech 1992-1997 jsem vystudoval na Filozofick\u00e9 fakult\u011b Ostravsk\u00e9 univerzity liter\u00e1rn\u00ed v\u011bdu a \u010de\u0161tinu. Od roku 1996 jsem \u0161\u00e9fredaktorem liter\u00e1rn\u00edho \u010dtvrtletn\u00edku Texty, kter\u00fd jsme v roce 1996 zalo\u017eili s Ji\u0159\u00edm Hrabalem, Jakubem Chrob\u00e1kem, Ren\u00e9\u2026","rel":"","context":"Podobn\u00fd p\u0159\u00edsp\u011bvek","block_context":{"text":"Podobn\u00fd p\u0159\u00edsp\u011bvek","link":""},"img":{"alt_text":"Pavel Kotrla","src":"https:\/\/i0.wp.com\/kotrla.com\/pmpro\/wp-content\/uploads\/2022\/06\/pavel_kotrla_IMGP0259.jpg?resize=350%2C200&ssl=1","width":350,"height":200,"srcset":"https:\/\/i0.wp.com\/kotrla.com\/pmpro\/wp-content\/uploads\/2022\/06\/pavel_kotrla_IMGP0259.jpg?resize=350%2C200&ssl=1 1x, https:\/\/i0.wp.com\/kotrla.com\/pmpro\/wp-content\/uploads\/2022\/06\/pavel_kotrla_IMGP0259.jpg?resize=525%2C300&ssl=1 1.5x, https:\/\/i0.wp.com\/kotrla.com\/pmpro\/wp-content\/uploads\/2022\/06\/pavel_kotrla_IMGP0259.jpg?resize=700%2C400&ssl=1 2x, https:\/\/i0.wp.com\/kotrla.com\/pmpro\/wp-content\/uploads\/2022\/06\/pavel_kotrla_IMGP0259.jpg?resize=1050%2C600&ssl=1 3x, https:\/\/i0.wp.com\/kotrla.com\/pmpro\/wp-content\/uploads\/2022\/06\/pavel_kotrla_IMGP0259.jpg?resize=1400%2C800&ssl=1 4x"},"classes":[]},{"id":10397,"url":"https:\/\/kotrla.com\/pmpro\/klenov\/pavel-kotrla-stinovy-profil-2023\/","url_meta":{"origin":10443,"position":1},"title":"Pavel Kotrla: St\u00ednov\u00fd profil (2023)","author":"Pavel Kotrla","date":"14.4.2023","format":false,"excerpt":"ISBN 978-80-908127-7-2 T\u0159et\u00ed sb\u00edrka b\u00e1sn\u00ed Pavla Kotrly\u00a0St\u00ednov\u00fd profil\u00a0je synt\u00e9zou sb\u00edrek p\u0159edchoz\u00edch. Pl\u00e1tno jit\u0159iv\u00fdch p\u0159edstav, kter\u00e9 bezohledn\u011b pop\u00edraly p\u0159\u00edtomnost, b\u00e1sn\u00edk nyn\u00ed bez l\u00edtosti vypnul do r\u00e1mu pokro\u010dilej\u0161\u00ed zku\u0161enosti, kter\u00e1 ze dne na den neut\u011b\u0161en\u011b p\u0159ib\u00fdv\u00e1. Z\u00e1pas veden\u00fd s\u00a0vlastn\u00edm v\u011bdom\u00edm tv\u00e1\u0159\u00ed v\u00a0tv\u00e1\u0159 odkouzlen\u00e9mu sv\u011btu nen\u00ed rozhodnut\u00fd. Ve\u0161ker\u00e9 obavy z\u00a0budoucnosti dosud klidn\u011b, t\u00e9m\u011b\u0159\u2026","rel":"","context":"Podobn\u00fd p\u0159\u00edsp\u011bvek","block_context":{"text":"Podobn\u00fd p\u0159\u00edsp\u011bvek","link":""},"img":{"alt_text":"","src":"https:\/\/i0.wp.com\/kotrla.com\/pmpro\/wp-content\/uploads\/2023\/04\/klenov_IMGP5683-150x150.jpg?resize=350%2C200&ssl=1","width":350,"height":200,"srcset":"https:\/\/i0.wp.com\/kotrla.com\/pmpro\/wp-content\/uploads\/2023\/04\/klenov_IMGP5683-150x150.jpg?resize=350%2C200&ssl=1 1x, https:\/\/i0.wp.com\/kotrla.com\/pmpro\/wp-content\/uploads\/2023\/04\/klenov_IMGP5683-150x150.jpg?resize=525%2C300&ssl=1 1.5x, https:\/\/i0.wp.com\/kotrla.com\/pmpro\/wp-content\/uploads\/2023\/04\/klenov_IMGP5683-150x150.jpg?resize=700%2C400&ssl=1 2x, https:\/\/i0.wp.com\/kotrla.com\/pmpro\/wp-content\/uploads\/2023\/04\/klenov_IMGP5683-150x150.jpg?resize=1050%2C600&ssl=1 3x, https:\/\/i0.wp.com\/kotrla.com\/pmpro\/wp-content\/uploads\/2023\/04\/klenov_IMGP5683-150x150.jpg?resize=1400%2C800&ssl=1 4x"},"classes":[]},{"id":4817,"url":"https:\/\/kotrla.com\/pmpro\/klenov\/pavel-kotrla-mirny-severni-2019\/","url_meta":{"origin":10443,"position":2},"title":"Pavel Kotrla: M\u00edrn\u00fd severn\u00ed (2019)","author":"Pavel Kotrla","date":"21.10.2019","format":false,"excerpt":"ISBN 978-80-905649-6-1 Druh\u00e1 b\u00e1snick\u00e1 sb\u00edrka Pavla Kotrly (5. kv\u011btna 1974). Autor vystudoval literaturu na Ostravsk\u00e9 univerzit\u011b. Od roku 1996 \u0161\u00e9fredaktor \u010dasopisu Texty, d\u0159\u00edve redaktor revue Aluze. V roce 2013 vydal b\u00e1snickou sb\u00edrku Prstem na sklo ryb\u00e1m. B\u00e1sn\u011bmi zastoupen v n\u011bkolika sborn\u00edc\u00edch (nap\u0159. Nejlep\u0161\u00ed \u010desk\u00e9 b\u00e1sn\u011b 2014). Autorsky, editorsky, fotografiemi nebo\u2026","rel":"","context":"Podobn\u00fd p\u0159\u00edsp\u011bvek","block_context":{"text":"Podobn\u00fd p\u0159\u00edsp\u011bvek","link":""},"img":{"alt_text":"","src":"https:\/\/i0.wp.com\/kotrla.com\/pmpro\/wp-content\/uploads\/2019\/11\/libor_sostak_na_ostrove-150x150.jpg?resize=350%2C200&ssl=1","width":350,"height":200,"srcset":"https:\/\/i0.wp.com\/kotrla.com\/pmpro\/wp-content\/uploads\/2019\/11\/libor_sostak_na_ostrove-150x150.jpg?resize=350%2C200&ssl=1 1x, https:\/\/i0.wp.com\/kotrla.com\/pmpro\/wp-content\/uploads\/2019\/11\/libor_sostak_na_ostrove-150x150.jpg?resize=525%2C300&ssl=1 1.5x, https:\/\/i0.wp.com\/kotrla.com\/pmpro\/wp-content\/uploads\/2019\/11\/libor_sostak_na_ostrove-150x150.jpg?resize=700%2C400&ssl=1 2x, https:\/\/i0.wp.com\/kotrla.com\/pmpro\/wp-content\/uploads\/2019\/11\/libor_sostak_na_ostrove-150x150.jpg?resize=1050%2C600&ssl=1 3x, https:\/\/i0.wp.com\/kotrla.com\/pmpro\/wp-content\/uploads\/2019\/11\/libor_sostak_na_ostrove-150x150.jpg?resize=1400%2C800&ssl=1 4x"},"classes":[]},{"id":12809,"url":"https:\/\/kotrla.com\/pmpro\/klenov\/pavel-kotrla-potize-se-zenami-2025\/","url_meta":{"origin":10443,"position":3},"title":"Pavel Kotrla: Pot\u00ed\u017ee se \u017eenami (2025)","author":"Pavel Kotrla","date":"1.6.2025","format":false,"excerpt":"ISBN 978-80-909228-3-9 P\u016fvodn\u00edmi linoryty doprovodila\u00a0Janazapa Cena ti\u0161t\u011bn\u00e9 knihy v\u010detn\u011b t\u0159\u00ed vlo\u017een\u00fdch origin\u00e1ln\u00edch linoryt\u016f je 600 K\u010d + 100 K\u010d po\u0161tovn\u00e9. Kniha nen\u00ed v b\u011b\u017en\u00e9 distribu\u010dn\u00ed s\u00edti, lze si ji v\u0161ak\u00a0OBJEDNAT. P\u0159i objedn\u00e1n\u00ed dvou knih z produkce je po\u0161tovn\u00e9 zdarma. Pot\u00ed\u017ee se \u017eenami p\u0159edstavuj\u00ed pov\u00eddky, kter\u00e9 s\u00a0absurdn\u00edm podt\u00f3nem, \u010dern\u00fdm humorem a\u2026","rel":"","context":"Podobn\u00fd p\u0159\u00edsp\u011bvek","block_context":{"text":"Podobn\u00fd p\u0159\u00edsp\u011bvek","link":""},"img":{"alt_text":"","src":"https:\/\/i0.wp.com\/kotrla.com\/pmpro\/wp-content\/uploads\/2025\/06\/potize_se_zenami_20250213-150x150.jpg?resize=350%2C200&ssl=1","width":350,"height":200,"srcset":"https:\/\/i0.wp.com\/kotrla.com\/pmpro\/wp-content\/uploads\/2025\/06\/potize_se_zenami_20250213-150x150.jpg?resize=350%2C200&ssl=1 1x, https:\/\/i0.wp.com\/kotrla.com\/pmpro\/wp-content\/uploads\/2025\/06\/potize_se_zenami_20250213-150x150.jpg?resize=525%2C300&ssl=1 1.5x, https:\/\/i0.wp.com\/kotrla.com\/pmpro\/wp-content\/uploads\/2025\/06\/potize_se_zenami_20250213-150x150.jpg?resize=700%2C400&ssl=1 2x, https:\/\/i0.wp.com\/kotrla.com\/pmpro\/wp-content\/uploads\/2025\/06\/potize_se_zenami_20250213-150x150.jpg?resize=1050%2C600&ssl=1 3x, https:\/\/i0.wp.com\/kotrla.com\/pmpro\/wp-content\/uploads\/2025\/06\/potize_se_zenami_20250213-150x150.jpg?resize=1400%2C800&ssl=1 4x"},"classes":[]},{"id":11396,"url":"https:\/\/kotrla.com\/pmpro\/klenov\/pavel-kotrla-libor-sostak-synonymum-krajina-2024\/","url_meta":{"origin":10443,"position":4},"title":"Pavel Kotrla \u2013 Libor So\u0161\u0165\u00e1k: Synonymum krajina (2024)","author":"Pavel Kotrla","date":"28.4.2024","format":false,"excerpt":"ISBN 978-80-908127-9-6 Cena ti\u0161t\u011bn\u00e9 knihy v\u010detn\u011b vlepen\u00e9 origin\u00e1ln\u00ed kresby je 300 K\u010d + 100 K\u010d po\u0161tovn\u00e9. Kniha nen\u00ed v b\u011b\u017en\u00e9 distribu\u010dn\u00ed s\u00edti, lze si ji v\u0161ak\u00a0OBJEDNAT. P\u0159i objedn\u00e1n\u00ed dvou knih z produkce je po\u0161tovn\u00e9 zdarma. \u00a0 Ilustrace Libor So\u0161\u0165\u00e1k Vydalo nakladatelstv\u00ed Pavel Kotrla \u2014 Klenov, Byst\u0159i\u010dka, roku 2024 jako svou\u2026","rel":"","context":"Podobn\u00fd p\u0159\u00edsp\u011bvek","block_context":{"text":"Podobn\u00fd p\u0159\u00edsp\u011bvek","link":""},"img":{"alt_text":"","src":"https:\/\/i0.wp.com\/kotrla.com\/pmpro\/wp-content\/uploads\/2024\/04\/synonymum_krajina_IMGP1922-150x150.jpg?resize=350%2C200&ssl=1","width":350,"height":200,"srcset":"https:\/\/i0.wp.com\/kotrla.com\/pmpro\/wp-content\/uploads\/2024\/04\/synonymum_krajina_IMGP1922-150x150.jpg?resize=350%2C200&ssl=1 1x, https:\/\/i0.wp.com\/kotrla.com\/pmpro\/wp-content\/uploads\/2024\/04\/synonymum_krajina_IMGP1922-150x150.jpg?resize=525%2C300&ssl=1 1.5x, https:\/\/i0.wp.com\/kotrla.com\/pmpro\/wp-content\/uploads\/2024\/04\/synonymum_krajina_IMGP1922-150x150.jpg?resize=700%2C400&ssl=1 2x, https:\/\/i0.wp.com\/kotrla.com\/pmpro\/wp-content\/uploads\/2024\/04\/synonymum_krajina_IMGP1922-150x150.jpg?resize=1050%2C600&ssl=1 3x, https:\/\/i0.wp.com\/kotrla.com\/pmpro\/wp-content\/uploads\/2024\/04\/synonymum_krajina_IMGP1922-150x150.jpg?resize=1400%2C800&ssl=1 4x"},"classes":[]},{"id":12426,"url":"https:\/\/kotrla.com\/pmpro\/klenov\/zdenek-lysy-nejen-mezi-nomady-2025\/","url_meta":{"origin":10443,"position":5},"title":"Zden\u011bk Lys\u00fd: Nejen mezi nom\u00e1dy (2025)","author":"Pavel Kotrla","date":"23.2.2025","format":false,"excerpt":"ISBN 978-80-909228-2-2 Doporu\u010den\u00e1 cena knihy je 200 K\u010d Nejen humorn\u00e9 vzpom\u00ednky na kari\u00e9ru zv\u011brol\u00e9ka\u0159e na mal\u00e9m m\u011bst\u011b a \u0161estilet\u00fd pobyt v Al\u017e\u00edrsku, kde autor pracoval jako ter\u00e9nn\u00ed veterin\u00e1\u0159. Druh\u00e9 vyd\u00e1n\u00ed bylo roz\u0161\u00ed\u0159eno o t\u0159i nov\u00e9 pov\u00eddky. Zden\u011bk Lys\u00fd Narodil se 18. 5. 1945 ve Fren\u0161t\u00e1t\u011b pod Radho\u0161t\u011bm. Vystudoval Vysokou \u0161kolu\u2026","rel":"","context":"Podobn\u00fd p\u0159\u00edsp\u011bvek","block_context":{"text":"Podobn\u00fd p\u0159\u00edsp\u011bvek","link":""},"img":{"alt_text":"","src":"https:\/\/i0.wp.com\/kotrla.com\/pmpro\/wp-content\/uploads\/2025\/02\/zl_004_allah_tomu_chtel-150x150.jpg?resize=350%2C200&ssl=1","width":350,"height":200,"srcset":"https:\/\/i0.wp.com\/kotrla.com\/pmpro\/wp-content\/uploads\/2025\/02\/zl_004_allah_tomu_chtel-150x150.jpg?resize=350%2C200&ssl=1 1x, https:\/\/i0.wp.com\/kotrla.com\/pmpro\/wp-content\/uploads\/2025\/02\/zl_004_allah_tomu_chtel-150x150.jpg?resize=525%2C300&ssl=1 1.5x, https:\/\/i0.wp.com\/kotrla.com\/pmpro\/wp-content\/uploads\/2025\/02\/zl_004_allah_tomu_chtel-150x150.jpg?resize=700%2C400&ssl=1 2x"},"classes":[]}],"jetpack_sharing_enabled":true,"_links":{"self":[{"href":"https:\/\/kotrla.com\/pmpro\/wp-json\/wp\/v2\/pages\/10443","targetHints":{"allow":["GET"]}}],"collection":[{"href":"https:\/\/kotrla.com\/pmpro\/wp-json\/wp\/v2\/pages"}],"about":[{"href":"https:\/\/kotrla.com\/pmpro\/wp-json\/wp\/v2\/types\/page"}],"author":[{"embeddable":true,"href":"https:\/\/kotrla.com\/pmpro\/wp-json\/wp\/v2\/users\/1"}],"replies":[{"embeddable":true,"href":"https:\/\/kotrla.com\/pmpro\/wp-json\/wp\/v2\/comments?post=10443"}],"version-history":[{"count":1,"href":"https:\/\/kotrla.com\/pmpro\/wp-json\/wp\/v2\/pages\/10443\/revisions"}],"predecessor-version":[{"id":13903,"href":"https:\/\/kotrla.com\/pmpro\/wp-json\/wp\/v2\/pages\/10443\/revisions\/13903"}],"wp:attachment":[{"href":"https:\/\/kotrla.com\/pmpro\/wp-json\/wp\/v2\/media?parent=10443"}],"curies":[{"name":"wp","href":"https:\/\/api.w.org\/{rel}","templated":true}]}}