{"id":12426,"date":"2025-02-23T20:49:56","date_gmt":"2025-02-23T19:49:56","guid":{"rendered":"https:\/\/kotrla.com\/pmpro\/?page_id=12426"},"modified":"2025-02-24T06:50:47","modified_gmt":"2025-02-24T05:50:47","slug":"zdenek-lysy-nejen-mezi-nomady-2025","status":"publish","type":"page","link":"https:\/\/kotrla.com\/pmpro\/klenov\/zdenek-lysy-nejen-mezi-nomady-2025\/","title":{"rendered":"Zden\u011bk Lys\u00fd: Nejen mezi nom\u00e1dy (2025)"},"content":{"rendered":"<p>ISBN 978-80-909228-2-2<\/p>\n<p>Doporu\u010den\u00e1 cena knihy je 200 K\u010d<\/p>\n<figure id=\"attachment_12439\" aria-describedby=\"caption-attachment-12439\" style=\"width: 1010px\" class=\"wp-caption alignnone\"><a href=\"https:\/\/kotrla.com\/pmpro\/wp-content\/uploads\/2025\/02\/zdenek_lysy_nejen_mezi_nomady_2025.jpg\"><img loading=\"lazy\" decoding=\"async\" class=\"size-full wp-image-12439\" src=\"https:\/\/kotrla.com\/pmpro\/wp-content\/uploads\/2025\/02\/zdenek_lysy_nejen_mezi_nomady_2025.jpg\" alt=\"Zden\u011bk Lys\u00fd: Nejen mezi nom\u00e1dy (2025)\" width=\"1010\" height=\"1600\" srcset=\"https:\/\/kotrla.com\/pmpro\/wp-content\/uploads\/2025\/02\/zdenek_lysy_nejen_mezi_nomady_2025.jpg 1010w, https:\/\/kotrla.com\/pmpro\/wp-content\/uploads\/2025\/02\/zdenek_lysy_nejen_mezi_nomady_2025-189x300.jpg 189w, https:\/\/kotrla.com\/pmpro\/wp-content\/uploads\/2025\/02\/zdenek_lysy_nejen_mezi_nomady_2025-646x1024.jpg 646w, https:\/\/kotrla.com\/pmpro\/wp-content\/uploads\/2025\/02\/zdenek_lysy_nejen_mezi_nomady_2025-970x1536.jpg 970w\" sizes=\"auto, (max-width: 1010px) 100vw, 1010px\" \/><\/a><figcaption id=\"caption-attachment-12439\" class=\"wp-caption-text\">Zden\u011bk Lys\u00fd: Nejen mezi nom\u00e1dy (2025)<\/figcaption><\/figure>\n<p>Nejen humorn\u00e9 vzpom\u00ednky na kari\u00e9ru zv\u011brol\u00e9ka\u0159e na mal\u00e9m m\u011bst\u011b a \u0161estilet\u00fd pobyt v Al\u017e\u00edrsku, kde autor pracoval jako ter\u00e9nn\u00ed veterin\u00e1\u0159. Druh\u00e9 vyd\u00e1n\u00ed bylo roz\u0161\u00ed\u0159eno o t\u0159i nov\u00e9 pov\u00eddky.<\/p>\n<figure id=\"attachment_12438\" aria-describedby=\"caption-attachment-12438\" style=\"width: 204px\" class=\"wp-caption alignnone\"><a href=\"https:\/\/kotrla.com\/pmpro\/wp-content\/uploads\/2025\/02\/zdenek_lysy.jpg\"><img loading=\"lazy\" decoding=\"async\" class=\"wp-image-12438 size-medium\" src=\"https:\/\/kotrla.com\/pmpro\/wp-content\/uploads\/2025\/02\/zdenek_lysy-204x300.jpg\" alt=\"\" width=\"204\" height=\"300\" srcset=\"https:\/\/kotrla.com\/pmpro\/wp-content\/uploads\/2025\/02\/zdenek_lysy-204x300.jpg 204w, https:\/\/kotrla.com\/pmpro\/wp-content\/uploads\/2025\/02\/zdenek_lysy.jpg 630w\" sizes=\"auto, (max-width: 204px) 100vw, 204px\" \/><\/a><figcaption id=\"caption-attachment-12438\" class=\"wp-caption-text\">Zden\u011bk Lys\u00fd<\/figcaption><\/figure>\n<p><strong>Zden\u011bk Lys\u00fd<\/strong><br \/>\nNarodil se 18. 5. 1945 ve Fren\u0161t\u00e1t\u011b pod Radho\u0161t\u011bm. Vystudoval Vysokou \u0161kolu veterin\u00e1rn\u00ed v\u00a0Brn\u011b, 6\u00a0let pracoval v\u00a0Al\u017e\u00edrsku jako ter\u00e9nn\u00ed veterin\u00e1rn\u00ed l\u00e9ka\u0159, dlouh\u00e1 l\u00e9ta p\u016fsobil jako soukrom\u00fd veterin\u00e1rn\u00ed l\u00e9ka\u0159 ve\u00a0Vset\u00edn\u011b.<\/p>\n<p>O autorovi<\/p>\n<ul>\n<li><a href=\"https:\/\/www.osobnostivalasska.cz\/osobnost\/zdenek-lysy\/\">Heslo v datab\u00e1zi Osobnosti Vala\u0161ska<\/a><\/li>\n<li><a href=\"https:\/\/www.databazeknih.cz\/autori\/zdenek-lysy-100832\">Heslo na port\u00e1lu Datab\u00e1ze knih<\/a><\/li>\n<\/ul>\n<p><strong>Zden\u011bk Lys\u00fd<\/strong><br \/>\n<strong>Nejen mezi nom\u00e1dy (p\u0159\u00edb\u011bhy \u010desk\u00e9ho zv\u011brol\u00e9ka\u0159e)<\/strong><\/p>\n<p>Vydalo nakladatelstv\u00ed Pavel Kotrla \u2014 klenov, Byst\u0159i\u010dka,<br \/>\nroku 2025 jako svou 23. publikaci<br \/>\n2. roz\u0161\u00ed\u0159en\u00e9 vyd\u00e1n\u00ed (v Klenov\u011b 1.)<br \/>\nIlustrace <a href=\"https:\/\/keramikabirdgarden.com\">Zuzana Lys\u00e1<\/a><br \/>\nSazba p\u00edsmy Piazzolla a Providence Pro Pavel Kotrla<br \/>\nTisk Tisk\u00e1rna Protisk s.\u2009r.\u2009o., \u010cesk\u00e9 Bud\u011bjovice<br \/>\nN\u00e1klad 350 ks<br \/>\nISBN 978-80-909228-2-2<\/p>\n<p>&nbsp;<\/p>\n<p><a href=\"https:\/\/kotrla.com\/pmpro\/wp-content\/uploads\/2025\/02\/zl_008_jak_mi_hopsani.jpg\"><img loading=\"lazy\" decoding=\"async\" class=\"alignnone wp-image-12494\" src=\"https:\/\/kotrla.com\/pmpro\/wp-content\/uploads\/2025\/02\/zl_008_jak_mi_hopsani.jpg\" alt=\"\" width=\"600\" height=\"296\" srcset=\"https:\/\/kotrla.com\/pmpro\/wp-content\/uploads\/2025\/02\/zl_008_jak_mi_hopsani.jpg 1000w, https:\/\/kotrla.com\/pmpro\/wp-content\/uploads\/2025\/02\/zl_008_jak_mi_hopsani-300x148.jpg 300w\" sizes=\"auto, (max-width: 600px) 100vw, 600px\" \/><\/a><\/p>\n<p><strong>Jak mi hops\u00e1n\u00ed p\u0159es \u0161vihadlo zachr\u00e1nilo \u017eivot\u2026<br \/>\n<\/strong><em>(uk\u00e1zka z knihy)<\/em><\/p>\n<p>Jedn\u00edm z\u00a0nejzaj\u00edmav\u011bj\u0161\u00edch obdob\u00ed m\u00e9ho dosavadn\u00edho \u017eivota, a\u00a0to nejen profesn\u00edho, bylo \u0161est let, kdy jsem pracoval jako ter\u00e9nn\u00ed veterin\u00e1rn\u00ed l\u00e9ka\u0159 v\u00a0Al\u017e\u00edrsku a\u00a0prov\u00e1d\u011bl l\u00e9\u010dbu a\u00a0prevenci v\u011bt\u0161inou u\u00a0ovc\u00ed, krav a\u00a0velbloud\u016f v\u00a0obvodu velikost\u00ed srovnateln\u00e9m s\u00a0rozlohou ji\u017en\u00ed Moravy.<br \/>\nU\u017e jeden z\u00a0m\u00fdch prvn\u00edch p\u0159\u00edpad\u016f st\u00e1l opravdu za\u00a0to. Posu\u010fte sami.<br \/>\nJednoho r\u00e1na r\u00e1no mne vyt\u00e1hlo z\u00a0postele dlouh\u00e9 zvon\u011bn\u00ed u\u00a0vchodu do\u00a0m\u00e9ho obydl\u00ed. Otev\u0159el jsem dve\u0159e a\u00a0ospale zam\u017eoural na\u00a0velk\u00e9ho zpocen\u00e9ho arabsk\u00e9ho policajta.<br \/>\n\u201eJedem, doktore, v\u00a0Oued Atmenii \u0159\u00e1d\u00ed vztekl\u00fd pes!\u201c<br \/>\n\u201eV\u00a0Oued Atmenii?\u201c zablekotal jsem. \u201eA\u00a0kde to je?\u201c<br \/>\n\u201e\u00c1le, hned za\u00a0rohem,\u201c m\u00e1vl rukou mu\u017e z\u00e1kona, \u201easi osmdes\u00e1t kilometr\u016f na\u00a0v\u00fdchod.\u201c<br \/>\n\u201eAha, no to je kousek,\u201c mumlal jsem p\u0159i rychl\u00e9m sh\u00e1n\u011bn\u00ed svr\u0161k\u016f a\u00a0l\u00e9ka\u0159sk\u00e9 bra\u0161ny, \u201e\u017ee jsem se v\u016fbec ptal\u2026\u201c<br \/>\nDobr\u00fd pocit jsem z\u00a0n\u00e1v\u0161t\u011bvy policajta nem\u011bl. Od\u00a0sv\u00fdch francouzsk\u00fdch kamar\u00e1d\u016f, l\u00e9ka\u0159\u016f, kte\u0159\u00ed si v\u00a0Al\u017e\u00edrsku v\u00a0t\u00e9 dob\u011b odb\u00fdvali civiln\u00ed slu\u017ebu, jsem v\u011bd\u011bl, jakou spou\u0161\u0165 vzteklina v\u00a0Africe p\u00e1ch\u00e1. Na\u00a0n\u00e1sledky poran\u011bn\u00ed vztekl\u00fdm zv\u00ed\u0159etem um\u00edralo v\u00a0Al\u017e\u00edrsku ka\u017ed\u00fd rok mnoho lid\u00ed.<br \/>\nP\u0159i cest\u011b jsem se vypt\u00e1val, co se v\u00a0Oued Arm\u00e9nii vlastn\u011b stalo.<br \/>\n\u201eVztekl\u00fd pes tam pokousal spoustu d\u011bt\u00ed,\u201c sd\u011blil mi m\u016fj spole\u010dn\u00edk, na\u010de\u017e vyt\u00e1hl revolver a\u00a0za\u010dal ho nab\u00edjet. Cesty v\u00a0severn\u00ed Africe jsou sam\u00fd v\u00fdmol, tak jsem rozechv\u011ble \u010dekal, kdy zbra\u0148 spust\u00ed a\u00a0vyst\u0159el\u00ed bu\u010f jemu, nebo v\u00a0hor\u0161\u00edm p\u0159\u00edpad\u011b mn\u011b, mozek.<br \/>\n\u201ePoslouchejte,\u201c vyhrkl jsem na\u00a0pistoln\u00edka, \u201ene abyste toho psa zast\u0159elil d\u0159\u00edv, ne\u017e ho vy\u0161et\u0159\u00edm!\u201c<br \/>\n\u201eJasn\u011b, \u017ee ne!\u201c zahlaholil obr, zastr\u010dil zbra\u0148 do\u00a0pouzdra a\u00a0usnul.<br \/>\nZa\u00a0hodinu jsme dojeli do\u00a0vyprahl\u00e9ho zapr\u00e1\u0161en\u00e9ho du\u00e1ru (m\u00edstn\u00ed n\u00e1zev pro vesnici). Jako ve\u00a0v\u0161ech jin\u00fdch osad\u00e1ch, i\u00a0zde n\u00e1s hned obklopil houf zv\u011bdav\u00fdch d\u011bt\u00ed a\u00a0huben\u00fdch ps\u016f.<br \/>\nPomalu jsem vystoupil z\u00a0auta, u\u0161el p\u00e1r krok\u016f a\u00a0o\u010dima p\u00e1tral po\u00a0naka\u017een\u00e9 \u0161elm\u011b. Psi byli klidn\u00ed a\u00a0ve\u00a0vedru ospal\u00ed, a\u017e na\u00a0mal\u00e9 rozj\u00edven\u00e9 \u0161t\u011bn\u011b, kter\u00e9 se v\u011b\u0161elo capart\u016fm na\u00a0nohavice.<br \/>\n\u201ePr\u00e1sk!\u201c ozvala se r\u00e1na a\u00a0j\u00e1 c\u00edtil, jak mi kulka prosvi\u0161t\u011bla kolem l\u00fdtka. To se objevil m\u016fj rozespal\u00fd spole\u010dn\u00edk a\u00a0sotva vylezl z\u00a0auta, za\u010dal p\u00e1lit po\u00a0psech jako zb\u011bsil\u00fd.<br \/>\nPsi i\u00a0d\u011bti se rozprchli do\u00a0r\u016fzn\u00fdch stran a\u00a0v\u0161ichni spole\u010dn\u011b jsme poskakovali nad chaoticky p\u00e1len\u00fdmi st\u0159elami jako p\u0159es \u0161vihadlo. P\u0159ipadal jsem si jako v\u00a0d\u011btstv\u00ed p\u0159i rozcvi\u010dce p\u0159ed tr\u00e9ninkem. Ale stejn\u011b bylo \u0161t\u011bst\u00ed, \u017ee str\u00e1\u017ece z\u00e1kona m\u011bl jen \u0161estirann\u00fd z\u00e1sobn\u00edk. U\u017e jsem se za\u010d\u00ednal zad\u00fdch\u00e1vat.<br \/>\nSt\u0159elba utichla. \u201eCo to bylo, vy \u2026 (zav\u00e1hal jsem, proto\u017ee moje francouzsk\u00e1 ani arabsk\u00e1 slovn\u00ed z\u00e1soba neobsahovala \u017e\u00e1dnou pat\u0159i\u010dn\u011b trefnou vulg\u00e1rn\u00ed nad\u00e1vku),\u2026 vy pomaten\u00e1 osobo!\u201c<br \/>\n\u201eKon\u00e1m svou povinnost!\u201c za\u0159val policajt. \u201eZabra\u0148uji nebezpe\u010dn\u00e9 situaci! Cht\u011bl jsem zast\u0159elit vztekl\u00e9ho psa!\u201c<br \/>\n\u201eA\u00a0kter\u00fd to podle v\u00e1s je?\u201c \u0159val jsem do\u00a0protism\u011bru. Policajt pokr\u010dil rameny.<br \/>\n\u201eTamten?\u201c uk\u00e1zal na\u00a0\u0161t\u011bn\u011b, kter\u00e9 se b\u00e1zliv\u011b schov\u00e1valo za\u00a0sukni jedn\u00e9 z\u00a0d\u00edvek a\u00a0vystrkovalo jen \u0161pi\u010dku \u010denichu.<br \/>\nP\u0159i\u0161oural se k\u00a0n\u00e1m sta\u0159e\u0161ina du\u00e1ru, bos\u00fd, v\u00a0dlouh\u00e9m b\u00edl\u00e9m h\u00e1bitu, s\u00a0turbanem na\u00a0hlav\u011b, st\u0159elbou naprosto nevyveden\u00fd z\u00a0m\u00edry. \u201eJo, jo, ten pes r\u00e1no pokousal n\u011bkolik d\u011bt\u00ed,\u201c pokynul hlavou sm\u011brem ke\u00a0\u0161t\u011bn\u011bti.<br \/>\n\u201eVid\u00edte?\u201c triumfoval policista a\u00a0znovu se s\u00e1pal po\u00a0zbrani.<br \/>\n\u201eOkam\u017eit\u011b toho nechte,\u201c osopil jsem se na\u00a0n\u011bj. \u201eJdu ho vy\u0161et\u0159it.\u201c<br \/>\nD\u0159epl jsem si a\u00a0zavolal: \u201eKe\u00a0mn\u011b, pun\u0165o!\u201c \u010cesky zjevn\u011b nerozum\u011bl, proto\u017ee se d\u00e1l schov\u00e1val za\u00a0jedn\u00edm z\u00a0usmrk\u00e1nk\u016f.<br \/>\nS\u00e1hl jsem do\u00a0kapsy a\u00a0nahmatal kousek su\u0161enky. \u201eVezmi si!\u201c nab\u00eddl jsem mu. Pes, n\u00e1hle osv\u00edcen prudk\u00fdm n\u00e1valem talentu pro slovansk\u00e9 jazyky, okam\u017eit\u011b p\u0159ib\u011bhl a\u00a0jedn\u00edm oblizem su\u0161enku spo\u0159\u00e1dal. To u\u017e jsem ho ale dr\u017eel v\u00a0n\u00e1ru\u010d\u00ed. \u0160t\u011bn\u011bti tato poloha evidentn\u011b vyhovovala a\u00a0m\u00ednilo pokra\u010dovat v\u00a0oblizov\u00e1n\u00ed, tentokr\u00e1t m\u00e9ho nosu. Kdy\u017e jsem uhnul hlavou, nad\u0161en\u011b mi za\u010dal okusovat jeden prst po\u00a0druh\u00e9m.<br \/>\n\u201eVid\u00edte?\u201c v\u00edt\u011bzn\u011b na\u00a0ps\u00edka uk\u00e1zal policista. \u201eZase kou\u0161e!\u201c<br \/>\n\u201eTo kou\u0161e a\u00a0je\u0161t\u011b dlouho bude, proto\u017ee mu rostou zuby,\u201c pohladil jsem zable\u0161ence a\u00a0instinktivn\u011b si ot\u0159el ruku o\u00a0kalhoty. \u201eAle jinak je podle m\u011b \u00fapln\u011b zdrav\u00fd.\u201c<br \/>\nPolicajt znateln\u011b posmutn\u011bl. \u201eV\u00edte to jist\u011b?\u201c<br \/>\n\u201eTe\u010f vypad\u00e1 zdrav\u011b. Psi, u\u00a0kter\u00fdch se projevila vzteklina, vypadaj\u00ed jinak, to mi v\u011b\u0159te. Za\u00a0t\u00fdden se sem je\u0161t\u011b stav\u00edm a\u00a0znovu ho vy\u0161et\u0159\u00edm.\u201c<br \/>\n\u201eV\u00fdborn\u011b, pojedu s\u00a0v\u00e1mi!\u201c Policistovi zasv\u00edtily o\u010di touhou.<br \/>\n\u201eV\u00a0\u017e\u00e1dn\u00e9m p\u0159\u00edpad\u011b!\u201c za\u0159val jsem hr\u016fzou.<br \/>\nDodnes mne ve\u00a0snech d\u011bs\u00ed hv\u00edzd\u00e1n\u00ed kulek kolem kotn\u00edk\u016f. Je\u0161t\u011b \u017ee m\u011bl ten ne\u0161\u0165astn\u00edk tak mizernou mu\u0161ku.<\/p>\n<div id='gallery-1' class='gallery galleryid-12426 gallery-columns-3 gallery-size-thumbnail'><figure class='gallery-item'>\n\t\t\t<div class='gallery-icon landscape'>\n\t\t\t\t<a href='https:\/\/kotrla.com\/pmpro\/klenov\/zdenek-lysy-nejen-mezi-nomady-2025\/zl_004_allah_tomu_chtel\/'><img loading=\"lazy\" decoding=\"async\" width=\"150\" height=\"150\" src=\"https:\/\/kotrla.com\/pmpro\/wp-content\/uploads\/2025\/02\/zl_004_allah_tomu_chtel-150x150.jpg\" class=\"attachment-thumbnail size-thumbnail\" alt=\"\" \/><\/a>\n\t\t\t<\/div><\/figure><figure class='gallery-item'>\n\t\t\t<div class='gallery-icon landscape'>\n\t\t\t\t<a href='https:\/\/kotrla.com\/pmpro\/zdenek_005\/'><img loading=\"lazy\" decoding=\"async\" width=\"150\" height=\"150\" src=\"https:\/\/kotrla.com\/pmpro\/wp-content\/uploads\/2025\/02\/zdenek_005-150x150.jpg\" class=\"attachment-thumbnail size-thumbnail\" alt=\"\" \/><\/a>\n\t\t\t<\/div><\/figure><figure class='gallery-item'>\n\t\t\t<div class='gallery-icon landscape'>\n\t\t\t\t<a href='https:\/\/kotrla.com\/pmpro\/zdenek_001\/'><img loading=\"lazy\" decoding=\"async\" width=\"150\" height=\"150\" src=\"https:\/\/kotrla.com\/pmpro\/wp-content\/uploads\/2025\/02\/zdenek_001-150x150.jpg\" class=\"attachment-thumbnail size-thumbnail\" alt=\"\" \/><\/a>\n\t\t\t<\/div><\/figure>\n\t\t<\/div>\n\n","protected":false},"excerpt":{"rendered":"<p>ISBN 978-80-909228-2-2 Doporu\u010den\u00e1 cena knihy je 200 K\u010d Nejen humorn\u00e9 vzpom\u00ednky na kari\u00e9ru zv\u011brol\u00e9ka\u0159e na mal\u00e9m m\u011bst\u011b a \u0161estilet\u00fd pobyt v Al\u017e\u00edrsku, kde autor pracoval jako ter\u00e9nn\u00ed veterin\u00e1\u0159. Druh\u00e9 vyd\u00e1n\u00ed bylo roz\u0161\u00ed\u0159eno o t\u0159i nov\u00e9 pov\u00eddky. Zden\u011bk Lys\u00fd Narodil se 18. 5. 1945 ve Fren\u0161t\u00e1t\u011b pod Radho\u0161t\u011bm. Vystudoval Vysokou \u0161kolu veterin\u00e1rn\u00ed v\u00a0Brn\u011b, 6\u00a0let pracoval v\u00a0Al\u017e\u00edrsku [&hellip;]<\/p>\n","protected":false},"author":1,"featured_media":0,"parent":3997,"menu_order":0,"comment_status":"closed","ping_status":"closed","template":"","meta":{"site-sidebar-layout":"default","site-content-layout":"","ast-site-content-layout":"default","site-content-style":"default","site-sidebar-style":"default","ast-global-header-display":"","ast-banner-title-visibility":"","ast-main-header-display":"","ast-hfb-above-header-display":"","ast-hfb-below-header-display":"","ast-hfb-mobile-header-display":"","site-post-title":"","ast-breadcrumbs-content":"","ast-featured-img":"","footer-sml-layout":"","ast-disable-related-posts":"","theme-transparent-header-meta":"default","adv-header-id-meta":"","stick-header-meta":"","header-above-stick-meta":"","header-main-stick-meta":"","header-below-stick-meta":"","astra-migrate-meta-layouts":"set","ast-page-background-enabled":"default","ast-page-background-meta":{"desktop":{"background-color":"var(--ast-global-color-5)","background-image":"","background-repeat":"repeat","background-position":"center center","background-size":"auto","background-attachment":"scroll","background-type":"","background-media":"","overlay-type":"","overlay-color":"","overlay-opacity":"","overlay-gradient":""},"tablet":{"background-color":"","background-image":"","background-repeat":"repeat","background-position":"center center","background-size":"auto","background-attachment":"scroll","background-type":"","background-media":"","overlay-type":"","overlay-color":"","overlay-opacity":"","overlay-gradient":""},"mobile":{"background-color":"","background-image":"","background-repeat":"repeat","background-position":"center center","background-size":"auto","background-attachment":"scroll","background-type":"","background-media":"","overlay-type":"","overlay-color":"","overlay-opacity":"","overlay-gradient":""}},"ast-content-background-meta":{"desktop":{"background-color":"var(--ast-global-color-4)","background-image":"","background-repeat":"repeat","background-position":"center center","background-size":"auto","background-attachment":"scroll","background-type":"","background-media":"","overlay-type":"","overlay-color":"","overlay-opacity":"","overlay-gradient":""},"tablet":{"background-color":"var(--ast-global-color-4)","background-image":"","background-repeat":"repeat","background-position":"center center","background-size":"auto","background-attachment":"scroll","background-type":"","background-media":"","overlay-type":"","overlay-color":"","overlay-opacity":"","overlay-gradient":""},"mobile":{"background-color":"var(--ast-global-color-4)","background-image":"","background-repeat":"repeat","background-position":"center center","background-size":"auto","background-attachment":"scroll","background-type":"","background-media":"","overlay-type":"","overlay-color":"","overlay-opacity":"","overlay-gradient":""}},"jetpack_post_was_ever_published":false,"footnotes":""},"class_list":["post-12426","page","type-page","status-publish","hentry"],"jetpack_shortlink":"https:\/\/wp.me\/P4mLP7-3eq","jetpack-related-posts":[{"id":3997,"url":"https:\/\/kotrla.com\/pmpro\/klenov\/","url_meta":{"origin":12426,"position":0},"title":"Nakladatelstv\u00ed Klenov","author":"Pavel Kotrla","date":"1.12.2018","format":false,"excerpt":"Klenov \u2013 jednomu\u017en\u00e9 nakladatelstv\u00ed Pavla Kotrly. Knihy jsou v distribuci Kosmas a Pemic, m\u016f\u017eete zakoupit nap\u0159\u00edklad v s\u00edti prodejen\u00a0Martinus,\u00a0Dobrovsk\u00fd nebo jin\u00fdch.\u00a0Bibliofilie Synonymum krajina, Pot\u00ed\u017ee se \u017eenami, Hedvika a Jak Urzon obelstil Kojota nejsou v b\u011b\u017en\u00e9 distribuci, pro objedn\u00e1vku pou\u017eijte pros\u00edm tento formul\u00e1\u0159. Ten m\u016f\u017eete vyu\u017e\u00edt i pro objedn\u00e1vku dal\u0161\u00edch knih\u2026","rel":"","context":"Podobn\u00fd p\u0159\u00edsp\u011bvek","block_context":{"text":"Podobn\u00fd p\u0159\u00edsp\u011bvek","link":""},"img":{"alt_text":"","src":"https:\/\/i0.wp.com\/kotrla.com\/pmpro\/wp-content\/uploads\/2023\/03\/nakladatelstvi_klenov_logo_bw_small.png?resize=350%2C200&ssl=1","width":350,"height":200},"classes":[]},{"id":11801,"url":"https:\/\/kotrla.com\/pmpro\/klenov\/zdenek-volf-z-osrdceni-2024\/","url_meta":{"origin":12426,"position":1},"title":"Zden\u011bk Volf: Z osrdcen\u00ed (2024)","author":"Pavel Kotrla","date":"3.7.2024","format":false,"excerpt":"ISBN 978-80-909228-0-8 Doporu\u010den\u00e1 cena knihy je 220 K\u010d B\u00e1snick\u00e1 sb\u00edrka Zde\u0148ka Volfa Z osrdcen\u00ed p\u0159edstavuje zral\u00e9ho a nep\u0159edv\u00e1div\u00e9ho tv\u016frce. Ka\u017ed\u00e9 ze slov za\u0159azen\u00fdch do ver\u0161\u016f sb\u00edrky se dot\u00fdk\u00e1 hodnot sou\u010dasn\u00e9ho \u017eivota, kter\u00e9 vymezuje meziprostorem a mezi\u010dasem, tichem a povahou viny a mo\u017enostmi odpu\u0161t\u011bn\u00ed. Mluv\u010d\u00ed b\u00e1sn\u00ed v\u011bdom\u011b a s pokorou sleduje\u2026","rel":"","context":"Podobn\u00fd p\u0159\u00edsp\u011bvek","block_context":{"text":"Podobn\u00fd p\u0159\u00edsp\u011bvek","link":""},"img":{"alt_text":"","src":"https:\/\/i0.wp.com\/kotrla.com\/pmpro\/wp-content\/uploads\/2024\/07\/volf_25-150x150.jpg?resize=350%2C200&ssl=1","width":350,"height":200,"srcset":"https:\/\/i0.wp.com\/kotrla.com\/pmpro\/wp-content\/uploads\/2024\/07\/volf_25-150x150.jpg?resize=350%2C200&ssl=1 1x, https:\/\/i0.wp.com\/kotrla.com\/pmpro\/wp-content\/uploads\/2024\/07\/volf_25-150x150.jpg?resize=525%2C300&ssl=1 1.5x, https:\/\/i0.wp.com\/kotrla.com\/pmpro\/wp-content\/uploads\/2024\/07\/volf_25-150x150.jpg?resize=700%2C400&ssl=1 2x, https:\/\/i0.wp.com\/kotrla.com\/pmpro\/wp-content\/uploads\/2024\/07\/volf_25-150x150.jpg?resize=1050%2C600&ssl=1 3x, https:\/\/i0.wp.com\/kotrla.com\/pmpro\/wp-content\/uploads\/2024\/07\/volf_25-150x150.jpg?resize=1400%2C800&ssl=1 4x"},"classes":[]},{"id":6647,"url":"https:\/\/kotrla.com\/pmpro\/pera-a-inkousty\/","url_meta":{"origin":12426,"position":2},"title":"Pera a inkousty","author":"Pavel Kotrla","date":"20.7.2020","format":false,"excerpt":"Jedna z v\u00e1\u0161n\u00ed. Postupn\u011b si to tu budu odkl\u00e1dat. (Krom p\u0159\u00edsp\u011bvk\u016f na penforum.cz: http:\/\/www.penforum.cz\/memberlist.php?mode=viewprofile&u=220 nebo profilu na FPC) \u010cesk\u00e1 republika -\u00a0sou\u010dasnost Velc\u00ed v\u00fdrobci s vlastn\u00edm design Koh-i-Noor Hardtmuth Centropen Mal\u00ed v\u00fdrobci s vlastn\u00edm designem Kayu Retropera Klinkovsk\u00fd (obchod zru\u0161en, ale n\u011bco k dohled\u00e1n\u00ed na FB) Petr Late\u010dka (obchod na st\u00e1nk\u00e1ch\u2026","rel":"","context":"Podobn\u00fd p\u0159\u00edsp\u011bvek","block_context":{"text":"Podobn\u00fd p\u0159\u00edsp\u011bvek","link":""},"img":{"alt_text":"","src":"https:\/\/i0.wp.com\/kotrla.com\/pmpro\/wp-content\/uploads\/2020\/11\/centropeny_IMGP7812.jpg?resize=350%2C200&ssl=1","width":350,"height":200,"srcset":"https:\/\/i0.wp.com\/kotrla.com\/pmpro\/wp-content\/uploads\/2020\/11\/centropeny_IMGP7812.jpg?resize=350%2C200&ssl=1 1x, https:\/\/i0.wp.com\/kotrla.com\/pmpro\/wp-content\/uploads\/2020\/11\/centropeny_IMGP7812.jpg?resize=525%2C300&ssl=1 1.5x, https:\/\/i0.wp.com\/kotrla.com\/pmpro\/wp-content\/uploads\/2020\/11\/centropeny_IMGP7812.jpg?resize=700%2C400&ssl=1 2x, https:\/\/i0.wp.com\/kotrla.com\/pmpro\/wp-content\/uploads\/2020\/11\/centropeny_IMGP7812.jpg?resize=1050%2C600&ssl=1 3x, https:\/\/i0.wp.com\/kotrla.com\/pmpro\/wp-content\/uploads\/2020\/11\/centropeny_IMGP7812.jpg?resize=1400%2C800&ssl=1 4x"},"classes":[]},{"id":12864,"url":"https:\/\/kotrla.com\/pmpro\/klenov\/jiri-dynka-zdrhnout-cz-2025\/","url_meta":{"origin":12426,"position":3},"title":"Ji\u0159\u00ed Dynka: Zdrhnout CZ (2025)","author":"Pavel Kotrla","date":"20.6.2025","format":false,"excerpt":"ISBN 978-80-909228-4-6 Doporu\u010den\u00e1 cena knihy je 220 K\u010d Ji\u0159\u00ed Dynka se ji\u017e d\u00e1vno stal neodmyslitelnou sou\u010d\u00e1st\u00ed \u010desk\u00e9 poezie p\u0159elomu dvac\u00e1t\u00e9ho a jednadvac\u00e1t\u00e9ho stolet\u00ed. Osudem prav\u00e9ho b\u00e1sn\u00edka b\u00fdv\u00e1 absolutn\u00ed b\u00e1se\u0148. Tu se nyn\u00ed Dynka, s\u00a0doprovodem man\u017eelky, vyd\u00e1v\u00e1 hledat skrze n\u00e1v\u0161t\u011bvy \u010desk\u00fdch a moravsk\u00fdch m\u011bst, kde dosud nehostoval. Takto se sb\u00edrka Zdrhnout\u2026","rel":"","context":"Podobn\u00fd p\u0159\u00edsp\u011bvek","block_context":{"text":"Podobn\u00fd p\u0159\u00edsp\u011bvek","link":""},"img":{"alt_text":"","src":"https:\/\/i0.wp.com\/kotrla.com\/pmpro\/wp-content\/uploads\/2025\/06\/jiri_dynka_1.jpg?resize=350%2C200&ssl=1","width":350,"height":200,"srcset":"https:\/\/i0.wp.com\/kotrla.com\/pmpro\/wp-content\/uploads\/2025\/06\/jiri_dynka_1.jpg?resize=350%2C200&ssl=1 1x, https:\/\/i0.wp.com\/kotrla.com\/pmpro\/wp-content\/uploads\/2025\/06\/jiri_dynka_1.jpg?resize=525%2C300&ssl=1 1.5x, https:\/\/i0.wp.com\/kotrla.com\/pmpro\/wp-content\/uploads\/2025\/06\/jiri_dynka_1.jpg?resize=700%2C400&ssl=1 2x, https:\/\/i0.wp.com\/kotrla.com\/pmpro\/wp-content\/uploads\/2025\/06\/jiri_dynka_1.jpg?resize=1050%2C600&ssl=1 3x, https:\/\/i0.wp.com\/kotrla.com\/pmpro\/wp-content\/uploads\/2025\/06\/jiri_dynka_1.jpg?resize=1400%2C800&ssl=1 4x"},"classes":[]},{"id":13834,"url":"https:\/\/kotrla.com\/pmpro\/bibliofilie\/bibliofilie-rozcestnik\/","url_meta":{"origin":12426,"position":4},"title":"Bibliofilie \u2013 rozcestn\u00edk","author":"Pavel Kotrla","date":"25.12.2025","format":false,"excerpt":"Spolky Spolek \u010desk\u00fdch bibliofil\u016f https:\/\/spolekceskychbibliofilu.cz Nakladatelstv\u00ed Adolescent http:\/\/www.adolescent.cz Antikvari\u00e1t Fiducia https:\/\/klubfiducia.cz\/kategorie-produktu\/knihy\/ Arbor Vitae http:\/\/www.arborvitae.cz Argo http:\/\/www.argo-bibliofilie.cz Art Space NOV https:\/\/artspacenov.cz\/category\/publikace\/ Ateli\u00e9r Krupka - nakladatelstv\u00ed Ve str\u00e1ni https:\/\/atelierkrupka.cz Aulos https:\/\/aulos.cz Avart https:\/\/www.avart.cz\/bibliofilie Balbineum https:\/\/www.balbineum.cz Bylo nebylo https:\/\/www.bylonebylo.com Drtina Lubo\u0161 http:\/\/www.lubosdrtina.cz\/index.php?\/autorske\/19862010\/ Edice 33, Franti\u0161ek Jan\u00e1s https:\/\/www.edice33.eu + https:\/\/www.bibliofilie-edice33.cz Galerie Zden\u011bk Sklen\u00e1\u0159 https:\/\/www.zdeneksklenar.cz\/bibliofilie\u2026","rel":"","context":"Podobn\u00fd p\u0159\u00edsp\u011bvek","block_context":{"text":"Podobn\u00fd p\u0159\u00edsp\u011bvek","link":""},"img":{"alt_text":"","src":"","width":0,"height":0},"classes":[]},{"id":13618,"url":"https:\/\/kotrla.com\/pmpro\/klenov\/jak-urzon-obelstil-kojota-pribeh-indianu-juteu-2025\/","url_meta":{"origin":12426,"position":5},"title":"Jak Urzon obelstil Kojota (P\u0159\u00edb\u011bh indi\u00e1n\u016f Jute\u016f) (2025)","author":"Pavel Kotrla","date":"4.12.2025","format":false,"excerpt":"ISBN 978-80-909228-9-1 Doporu\u010den\u00e1 cena knihy je 400 K\u010d. Kniha nen\u00ed v b\u011b\u017en\u00e9 distribuci, lze si ji v\u0161ak objednat u nakladatele. Tradi\u010dn\u00ed m\u00fdtus indi\u00e1n\u016f Jute\u016f vypr\u00e1v\u00ed o d\u016fvtipn\u00e9m Urzonovi, kter\u00fd na sv\u00e9 cest\u011b za dobrodru\u017estv\u00edm p\u0159elst\u00ed nejen mohutn\u00e9ho bizona, ale i vychytral\u00e9ho a chamtiv\u00e9ho Kojota. S\u00e9rie lst\u00ed, klam\u016f a zvrat\u016f postupn\u011b\u2026","rel":"","context":"Podobn\u00fd p\u0159\u00edsp\u011bvek","block_context":{"text":"Podobn\u00fd p\u0159\u00edsp\u011bvek","link":""},"img":{"alt_text":"","src":"https:\/\/i0.wp.com\/kotrla.com\/pmpro\/wp-content\/uploads\/2025\/12\/urzon_IMGP0700-150x150.jpg?resize=350%2C200&ssl=1","width":350,"height":200,"srcset":"https:\/\/i0.wp.com\/kotrla.com\/pmpro\/wp-content\/uploads\/2025\/12\/urzon_IMGP0700-150x150.jpg?resize=350%2C200&ssl=1 1x, https:\/\/i0.wp.com\/kotrla.com\/pmpro\/wp-content\/uploads\/2025\/12\/urzon_IMGP0700-150x150.jpg?resize=525%2C300&ssl=1 1.5x, https:\/\/i0.wp.com\/kotrla.com\/pmpro\/wp-content\/uploads\/2025\/12\/urzon_IMGP0700-150x150.jpg?resize=700%2C400&ssl=1 2x, https:\/\/i0.wp.com\/kotrla.com\/pmpro\/wp-content\/uploads\/2025\/12\/urzon_IMGP0700-150x150.jpg?resize=1050%2C600&ssl=1 3x, https:\/\/i0.wp.com\/kotrla.com\/pmpro\/wp-content\/uploads\/2025\/12\/urzon_IMGP0700-150x150.jpg?resize=1400%2C800&ssl=1 4x"},"classes":[]}],"jetpack_sharing_enabled":true,"_links":{"self":[{"href":"https:\/\/kotrla.com\/pmpro\/wp-json\/wp\/v2\/pages\/12426","targetHints":{"allow":["GET"]}}],"collection":[{"href":"https:\/\/kotrla.com\/pmpro\/wp-json\/wp\/v2\/pages"}],"about":[{"href":"https:\/\/kotrla.com\/pmpro\/wp-json\/wp\/v2\/types\/page"}],"author":[{"embeddable":true,"href":"https:\/\/kotrla.com\/pmpro\/wp-json\/wp\/v2\/users\/1"}],"replies":[{"embeddable":true,"href":"https:\/\/kotrla.com\/pmpro\/wp-json\/wp\/v2\/comments?post=12426"}],"version-history":[{"count":0,"href":"https:\/\/kotrla.com\/pmpro\/wp-json\/wp\/v2\/pages\/12426\/revisions"}],"up":[{"embeddable":true,"href":"https:\/\/kotrla.com\/pmpro\/wp-json\/wp\/v2\/pages\/3997"}],"wp:attachment":[{"href":"https:\/\/kotrla.com\/pmpro\/wp-json\/wp\/v2\/media?parent=12426"}],"curies":[{"name":"wp","href":"https:\/\/api.w.org\/{rel}","templated":true}]}}