{"id":12511,"date":"2025-02-26T21:47:36","date_gmt":"2025-02-26T20:47:36","guid":{"rendered":"https:\/\/kotrla.com\/pmpro\/?page_id=12511"},"modified":"2025-12-25T21:47:41","modified_gmt":"2025-12-25T20:47:41","slug":"bibliofilie","status":"publish","type":"page","link":"https:\/\/kotrla.com\/pmpro\/bibliofilie\/","title":{"rendered":"Bibliofilie"},"content":{"rendered":"<p>P\u0159ipravuje se. Jedna z v\u00e1\u0161n\u00ed. Postupn\u011b si to tu budu odkl\u00e1dat.<\/p>\n<h5>Rozcestn\u00edk<\/h5>\n<ul>\n<li><strong><a href=\"https:\/\/kotrla.com\/pmpro\/bibliofilie\/bibliofilie-rozcestnik\/\">Rozcestn\u00edk bibliofilie<\/a><\/strong><br \/>\n<strong><a href=\"https:\/\/kotrla.com\/pmpro\/bibliofilie\/bibliofilie-rozcestnik\/\">https:\/\/kotrla.com\/pmpro\/bibliofilie\/bibliofilie-rozcestnik\/<\/a><\/strong><\/li>\n<\/ul>\n<h5>P\u0159\u00edsp\u011bvky o bibliofilii na m\u00e9m blogu<\/h5>\n\n\n<div class=\"su-posts su-posts-default-loop \">\n\n\t\n\t\t\t\t\t\n\t\t\t\n\t\t\t<div id=\"su-post-14071\" class=\"su-post \">\n\n\t\t\t\t\n\t\t\t\t<h2 class=\"su-post-title\"><a href=\"https:\/\/kotrla.com\/pmpro\/2026\/02\/stari-dobri-metodej-jahn-cxxxii\/\">STA\u0158\u00cd DOB\u0158\u00cd: Metod\u011bj Jahn (CXXXII.)<\/a><\/h2>\n\n\t\t\t\t<div class=\"su-post-meta\">\n\t\t\t\t\tPublikov\u00e1no: 15.2.2026\t\t\t\t<\/div>\n\n\t\t\t\t<div class=\"su-post-excerpt\">\n\t\t\t\t\t<p>Spisovatel, pedagog (* 14. \u0159\u00edjna 1865 Vala\u0161sk\u00e9 Mezi\u0159\u00ed\u010d\u00ed \u2013 \u2020 14. z\u00e1\u0159\u00ed 1942 Hranice) Jeho \u017eivot i tvorba jsou neodmysliteln\u011b spjaty s regionem Vala\u0161ska. Jeden z prvn\u00edch absolvent\u016f vala\u0161skomezi\u0159\u00ed\u010dsk\u00e9ho gymn\u00e1zia, z\u0159\u00edzen\u00e9ho roku 1871. Pracoval ve studentsk\u00e9m liter\u00e1rn\u00edm krou\u017eku, sv\u00e9 prvn\u00ed b\u00e1sn\u011b uve\u0159ej\u0148oval pod jm\u00e9nem M. Hanu\u0161 v almanachu Zora. Po maturit\u011b se podrobil dopl\u0148ovac\u00ed zkou\u0161ce [&hellip;]<\/p>\n\t\t\t\t<\/div>\n\n\t\t\t\t\t\t\t\t\t<a href=\"https:\/\/kotrla.com\/pmpro\/2026\/02\/stari-dobri-metodej-jahn-cxxxii\/#respond\" class=\"su-post-comments-link\">\u017d\u00e1dn\u00fd koment\u00e1\u0159<\/a>\n\t\t\t\t\n\t\t\t<\/div>\n\n\t\t\t\t\t\n\t\t\t\n\t\t\t<div id=\"su-post-13734\" class=\"su-post \">\n\n\t\t\t\t\n\t\t\t\t<h2 class=\"su-post-title\"><a href=\"https:\/\/kotrla.com\/pmpro\/2025\/12\/jak-urzon-obelstil-kojota-tricata-z-klenova\/\">Jak Urzon obelstil Kojota: t\u0159ic\u00e1t\u00e1 z Klenova<\/a><\/h2>\n\n\t\t\t\t<div class=\"su-post-meta\">\n\t\t\t\t\tPublikov\u00e1no: 5.12.2025\t\t\t\t<\/div>\n\n\t\t\t\t<div class=\"su-post-excerpt\">\n\t\t\t\t\t<p>Tak letos je\u0161t\u011b jedna. N\u011bjak jsem si zanakladateloval. Bibliofilsk\u00e9 vyd\u00e1n\u00ed indi\u00e1nsk\u00e9ho m\u00fdtu Jak Urzon obelstil Kojota, kter\u00e9 p\u016fvodn\u00edmi ilustracemi doprovodil Libor So\u0161\u0165\u00e1k, p\u0159elo\u017eil Ji\u0159\u00ed Ka\u0148\u00e1k a p\u0159edmluvou doplnil Miroslav \u010cern\u00fd, se stalo t\u0159ic\u00e1tou publikac\u00ed jednomu\u017en\u00e9ho Klenova. Je to svazek nevelk\u00fd rozsahem \u2013 12 stran, kter\u00fd byl vyd\u00e1n v n\u00e1kladu 150 \u010d\u00edslovan\u00fdch kus\u016f s vlo\u017een\u00fdm origin\u00e1lem [&hellip;]<\/p>\n\t\t\t\t<\/div>\n\n\t\t\t\t\t\t\t\t\t<a href=\"https:\/\/kotrla.com\/pmpro\/2025\/12\/jak-urzon-obelstil-kojota-tricata-z-klenova\/#respond\" class=\"su-post-comments-link\">\u017d\u00e1dn\u00fd koment\u00e1\u0159<\/a>\n\t\t\t\t\n\t\t\t<\/div>\n\n\t\t\t\t\t\n\t\t\t\n\t\t\t<div id=\"su-post-13527\" class=\"su-post \">\n\n\t\t\t\t\n\t\t\t\t<h2 class=\"su-post-title\"><a href=\"https:\/\/kotrla.com\/pmpro\/2025\/11\/hedvika-ondreje-hlozka\/\">Hedvika Ond\u0159eje Hlo\u017eka<\/a><\/h2>\n\n\t\t\t\t<div class=\"su-post-meta\">\n\t\t\t\t\tPublikov\u00e1no: 9.11.2025\t\t\t\t<\/div>\n\n\t\t\t\t<div class=\"su-post-excerpt\">\n\t\t\t\t\t<p>Druhou listopadovou novinkou Klenova je bibliofilie Hedvika Ond\u0159eje Hlo\u017eka. Svazky, pap\u00edrov\u00e9 slo\u017eky v ob\u00e1lce, jsou \u010d\u00edslov\u00e1ny a podeps\u00e1ny autorem. Vyti\u0161t\u011bno ofsetem na pap\u00edrech Pulse Laid Ivory a Munken Print Cream v n\u00e1kladu 150 kus\u016f. B\u00e1sn\u011b doprov\u00e1z\u00ed ilustrace Daniela Klose. Kniha nen\u00ed v b\u011b\u017en\u00e9 distribuci, ale d\u00e1 se objednat u mne nebo autora. &nbsp;<\/p>\n\t\t\t\t<\/div>\n\n\t\t\t\t\t\t\t\t\t<a href=\"https:\/\/kotrla.com\/pmpro\/2025\/11\/hedvika-ondreje-hlozka\/#respond\" class=\"su-post-comments-link\">\u017d\u00e1dn\u00fd koment\u00e1\u0159<\/a>\n\t\t\t\t\n\t\t\t<\/div>\n\n\t\t\t\t\t\n\t\t\t\n\t\t\t<div id=\"su-post-13447\" class=\"su-post \">\n\n\t\t\t\t\n\t\t\t\t<h2 class=\"su-post-title\"><a href=\"https:\/\/kotrla.com\/pmpro\/2025\/10\/v-liborove-atelieru\/\">V Liborov\u011b ateli\u00e9ru<\/a><\/h2>\n\n\t\t\t\t<div class=\"su-post-meta\">\n\t\t\t\t\tPublikov\u00e1no: 31.10.2025\t\t\t\t<\/div>\n\n\t\t\t\t<div class=\"su-post-excerpt\">\n\t\t\t\t\t<p>V tisk\u00e1rn\u011b jsou sice te\u010f t\u0159i nov\u00e9 tituly Klenova, ale to n\u00e1m nem\u016f\u017ee zabr\u00e1nit v tom ud\u011blat si n\u011bjakou dal\u0161\u00ed radost. Pokud se v\u0161e poda\u0159\u00ed, tak je\u0161t\u011b letos by mohla b\u00fdt na sv\u011bt\u011b \u00fatl\u00e1 bibliofilie Jak Urzon obelstil Kojota, kter\u00e1 p\u0159inese p\u0159\u00edb\u011bh indi\u00e1n\u016f Jute\u016f v p\u0159ekladu Ji\u0159\u00edho Ka\u0148\u00e1ka a s p\u0159edmluvou Miroslava \u010cern\u00e9ho. Doprov\u00e1zet ji [&hellip;]<\/p>\n\t\t\t\t<\/div>\n\n\t\t\t\t\t\t\t\t\t<a href=\"https:\/\/kotrla.com\/pmpro\/2025\/10\/v-liborove-atelieru\/#respond\" class=\"su-post-comments-link\">\u017d\u00e1dn\u00fd koment\u00e1\u0159<\/a>\n\t\t\t\t\n\t\t\t<\/div>\n\n\t\t\t\t\t\n\t\t\t\n\t\t\t<div id=\"su-post-12877\" class=\"su-post \">\n\n\t\t\t\t\n\t\t\t\t<h2 class=\"su-post-title\"><a href=\"https:\/\/kotrla.com\/pmpro\/2025\/06\/bibliofilie-potize-se-zenami-a-jeji-uvedeni\/\">Bibliofilie Pot\u00ed\u017ee se \u017eenami a jej\u00ed uveden\u00ed<\/a><\/h2>\n\n\t\t\t\t<div class=\"su-post-meta\">\n\t\t\t\t\tPublikov\u00e1no: 10.6.2025\t\t\t\t<\/div>\n\n\t\t\t\t<div class=\"su-post-excerpt\">\n\t\t\t\t\t<p>Ve \u010dtvrtek\u00a05. 6. jsme v pr\u016fb\u011bhu ve\u010d\u00edrku m\u00e9ho jednomu\u017en\u00e9ho nakladatelstv\u00ed Klenov (fotky v p\u0159\u00edsp\u011bvku n\u00ed\u017ee) uvedli moji novou bibliofilii Pot\u00ed\u017ee se \u017eenami. Tentokr\u00e1t jsem spojil s\u00edly spole\u010dn\u011b s v\u00fdtvarnic\u00ed Janouzapou, kter\u00e1 vytvo\u0159ila linoryty k m\u00fdm t\u0159em pov\u00eddk\u00e1m. Ka\u017ed\u00fd v\u00fdtisk tak obsahuje t\u0159i origin\u00e1ly. Najdete je na str\u00e1nce knize v\u011bnovan\u00e9, n\u011bco z pr\u016fb\u011bhu vzniku bibliofilie jsem [&hellip;]<\/p>\n\t\t\t\t<\/div>\n\n\t\t\t\t\t\t\t\t\t<a href=\"https:\/\/kotrla.com\/pmpro\/2025\/06\/bibliofilie-potize-se-zenami-a-jeji-uvedeni\/#respond\" class=\"su-post-comments-link\">\u017d\u00e1dn\u00fd koment\u00e1\u0159<\/a>\n\t\t\t\t\n\t\t\t<\/div>\n\n\t\t\t\t\t\n\t\t\t\n\t\t\t<div id=\"su-post-12734\" class=\"su-post \">\n\n\t\t\t\t\n\t\t\t\t<h2 class=\"su-post-title\"><a href=\"https:\/\/kotrla.com\/pmpro\/2025\/05\/literarni-vecirek-nakladatelstvi-klenov\/\">Liter\u00e1rn\u00ed ve\u010d\u00edrek nakladatelstv\u00ed Klenov<\/a><\/h2>\n\n\t\t\t\t<div class=\"su-post-meta\">\n\t\t\t\t\tPublikov\u00e1no: 10.5.2025\t\t\t\t<\/div>\n\n\t\t\t\t<div class=\"su-post-excerpt\">\n\t\t\t\t\t<p>Dlouho nebyl \u017e\u00e1dn\u00fd ve\u010d\u00edrek: 5. 6. 2025 v 18.00, Vset\u00edn, Na Pan\u010dav\u011b<\/p>\n\t\t\t\t<\/div>\n\n\t\t\t\t\t\t\t\t\t<a href=\"https:\/\/kotrla.com\/pmpro\/2025\/05\/literarni-vecirek-nakladatelstvi-klenov\/#respond\" class=\"su-post-comments-link\">\u017d\u00e1dn\u00fd koment\u00e1\u0159<\/a>\n\t\t\t\t\n\t\t\t<\/div>\n\n\t\t\t\t\t\n\t\t\t\n\t\t\t<div id=\"su-post-12628\" class=\"su-post \">\n\n\t\t\t\t\n\t\t\t\t<h2 class=\"su-post-title\"><a href=\"https:\/\/kotrla.com\/pmpro\/2025\/03\/z-pripravovaneho\/\">Z p\u0159ipravovan\u00e9ho<\/a><\/h2>\n\n\t\t\t\t<div class=\"su-post-meta\">\n\t\t\t\t\tPublikov\u00e1no: 29.3.2025\t\t\t\t<\/div>\n\n\t\t\t\t<div class=\"su-post-excerpt\">\n\t\t\t\t\t<p>Pot\u00ed\u017ee se \u017eenami. Kdopak by je nem\u011bl&#8230; Spole\u010dn\u011b s mal\u00ed\u0159kou a v\u00fdtvarnic\u00ed Janazapaa. Pomalu&#8230;<\/p>\n\t\t\t\t<\/div>\n\n\t\t\t\t\t\t\t\t\t<a href=\"https:\/\/kotrla.com\/pmpro\/2025\/03\/z-pripravovaneho\/#respond\" class=\"su-post-comments-link\">\u017d\u00e1dn\u00fd koment\u00e1\u0159<\/a>\n\t\t\t\t\n\t\t\t<\/div>\n\n\t\t\t\t\t\n\t\t\t\n\t\t\t<div id=\"su-post-12604\" class=\"su-post \">\n\n\t\t\t\t\n\t\t\t\t<h2 class=\"su-post-title\"><a href=\"https:\/\/kotrla.com\/pmpro\/2025\/03\/setkani-s-dobrym-slovem-iv-1-4-2025-kotrla-sostak\/\">Setk\u00e1n\u00ed s dobr\u00fdm slovem IV. (1. 4. 2025): Kotrla-So\u0161\u0165\u00e1k<\/a><\/h2>\n\n\t\t\t\t<div class=\"su-post-meta\">\n\t\t\t\t\tPublikov\u00e1no: 27.3.2025\t\t\t\t<\/div>\n\n\t\t\t\t<div class=\"su-post-excerpt\">\n\t\t\t\t\t<p>Srde\u010dn\u011b s Liborem zveme do Opavy. N\u011bco m\u00e1lo o na\u0161\u00ed spole\u010dn\u00e9 bibliofilii. V\u00edce o akci na Facebooku \u00dastavu bohemistiky a knihovnictv\u00ed Slezsk\u00e9 univerzity v Opav\u011b.<\/p>\n\t\t\t\t<\/div>\n\n\t\t\t\t\t\t\t\t\t<a href=\"https:\/\/kotrla.com\/pmpro\/2025\/03\/setkani-s-dobrym-slovem-iv-1-4-2025-kotrla-sostak\/#respond\" class=\"su-post-comments-link\">\u017d\u00e1dn\u00fd koment\u00e1\u0159<\/a>\n\t\t\t\t\n\t\t\t<\/div>\n\n\t\t\t\t\t\n\t\t\t\n\t\t\t<div id=\"su-post-12589\" class=\"su-post \">\n\n\t\t\t\t\n\t\t\t\t<h2 class=\"su-post-title\"><a href=\"https:\/\/kotrla.com\/pmpro\/2025\/03\/frantisek-halas-o-jedne-zavisti-1948\/\">Franti\u0161ek Halas: O jedn\u00e9 z\u00e1visti (1948)<\/a><\/h2>\n\n\t\t\t\t<div class=\"su-post-meta\">\n\t\t\t\t\tPublikov\u00e1no: 20.3.2025\t\t\t\t<\/div>\n\n\t\t\t\t<div class=\"su-post-excerpt\">\n\t\t\t\t\t<p>Dv\u011b mouchy jednou ranou. Halas a vala\u0161sk\u00e1 bibliofilie, kter\u00e1 mi chyb\u011bla do sb\u00edrky. Prost\u011b drobn\u00e1 radost. Podpis autora v knize pot\u011b\u0161\u00ed v\u017edycky, ale jako neo\u010dek\u00e1van\u00e9 p\u0159ekvapen\u00ed jsem v bro\u017eu\u0159e na\u0161el mezi str\u00e1nkami zalo\u017een\u00fd Halas\u016fv dopis. B\u00e1snick\u00e1 pr\u00f3za vy\u0161la v roce 1948, tedy rok p\u0159ed Halasovou smrt\u00ed, ve Fren\u0161t\u00e1t\u011b pod Radho\u0161t\u011bm v \u00faprav\u011b a s d\u0159evoryty [&hellip;]<\/p>\n\t\t\t\t<\/div>\n\n\t\t\t\t\t\t\t\t\t<a href=\"https:\/\/kotrla.com\/pmpro\/2025\/03\/frantisek-halas-o-jedne-zavisti-1948\/#respond\" class=\"su-post-comments-link\">\u017d\u00e1dn\u00fd koment\u00e1\u0159<\/a>\n\t\t\t\t\n\t\t\t<\/div>\n\n\t\t\t\t\t\n\t\t\t\n\t\t\t<div id=\"su-post-12388\" class=\"su-post \">\n\n\t\t\t\t\n\t\t\t\t<h2 class=\"su-post-title\"><a href=\"https:\/\/kotrla.com\/pmpro\/2025\/01\/rekomando-jakuba-vanka\/\">Rekomando Jakuba Va\u0148ka<\/a><\/h2>\n\n\t\t\t\t<div class=\"su-post-meta\">\n\t\t\t\t\tPublikov\u00e1no: 8.1.2025\t\t\t\t<\/div>\n\n\t\t\t\t<div class=\"su-post-excerpt\">\n\t\t\t\t\t<p>Jakub Van\u011bk se v \u010dl\u00e1nku Co nov\u00e9ho v poezii? (Druh\u00fd p\u016flrok 2024) na str\u00e1nk\u00e1ch Revue Prostor kr\u00e1tce zmi\u0148uje i o m\u00e9 a Liborov\u011b bibliofilii Synonymum krajina.<\/p>\n\t\t\t\t<\/div>\n\n\t\t\t\t\t\t\t\t\t<a href=\"https:\/\/kotrla.com\/pmpro\/2025\/01\/rekomando-jakuba-vanka\/#respond\" class=\"su-post-comments-link\">\u017d\u00e1dn\u00fd koment\u00e1\u0159<\/a>\n\t\t\t\t\n\t\t\t<\/div>\n\n\t\t\n\t\n<\/div>\n\n<p>&nbsp;<\/p>\n<ul>\n<li><a href=\"https:\/\/kotrla.com\/pmpro\/category\/bibliofilie\/\">V\u00fdpis v\u0161ech p\u0159\u00edsp\u011bvk\u016f v t\u00e9to kategorii<\/a><\/li>\n<\/ul>\n","protected":false},"excerpt":{"rendered":"<p>P\u0159ipravuje se. Jedna z v\u00e1\u0161n\u00ed. Postupn\u011b si to tu budu odkl\u00e1dat. Rozcestn\u00edk Rozcestn\u00edk bibliofilie https:\/\/kotrla.com\/pmpro\/bibliofilie\/bibliofilie-rozcestnik\/ P\u0159\u00edsp\u011bvky o bibliofilii na m\u00e9m blogu &nbsp; V\u00fdpis v\u0161ech p\u0159\u00edsp\u011bvk\u016f v t\u00e9to kategorii<\/p>\n","protected":false},"author":1,"featured_media":0,"parent":0,"menu_order":0,"comment_status":"closed","ping_status":"closed","template":"","meta":{"site-sidebar-layout":"default","site-content-layout":"","ast-site-content-layout":"default","site-content-style":"default","site-sidebar-style":"default","ast-global-header-display":"","ast-banner-title-visibility":"","ast-main-header-display":"","ast-hfb-above-header-display":"","ast-hfb-below-header-display":"","ast-hfb-mobile-header-display":"","site-post-title":"","ast-breadcrumbs-content":"","ast-featured-img":"","footer-sml-layout":"","ast-disable-related-posts":"","theme-transparent-header-meta":"default","adv-header-id-meta":"","stick-header-meta":"","header-above-stick-meta":"","header-main-stick-meta":"","header-below-stick-meta":"","astra-migrate-meta-layouts":"set","ast-page-background-enabled":"default","ast-page-background-meta":{"desktop":{"background-color":"var(--ast-global-color-5)","background-image":"","background-repeat":"repeat","background-position":"center center","background-size":"auto","background-attachment":"scroll","background-type":"","background-media":"","overlay-type":"","overlay-color":"","overlay-opacity":"","overlay-gradient":""},"tablet":{"background-color":"","background-image":"","background-repeat":"repeat","background-position":"center center","background-size":"auto","background-attachment":"scroll","background-type":"","background-media":"","overlay-type":"","overlay-color":"","overlay-opacity":"","overlay-gradient":""},"mobile":{"background-color":"","background-image":"","background-repeat":"repeat","background-position":"center center","background-size":"auto","background-attachment":"scroll","background-type":"","background-media":"","overlay-type":"","overlay-color":"","overlay-opacity":"","overlay-gradient":""}},"ast-content-background-meta":{"desktop":{"background-color":"var(--ast-global-color-4)","background-image":"","background-repeat":"repeat","background-position":"center center","background-size":"auto","background-attachment":"scroll","background-type":"","background-media":"","overlay-type":"","overlay-color":"","overlay-opacity":"","overlay-gradient":""},"tablet":{"background-color":"var(--ast-global-color-4)","background-image":"","background-repeat":"repeat","background-position":"center center","background-size":"auto","background-attachment":"scroll","background-type":"","background-media":"","overlay-type":"","overlay-color":"","overlay-opacity":"","overlay-gradient":""},"mobile":{"background-color":"var(--ast-global-color-4)","background-image":"","background-repeat":"repeat","background-position":"center center","background-size":"auto","background-attachment":"scroll","background-type":"","background-media":"","overlay-type":"","overlay-color":"","overlay-opacity":"","overlay-gradient":""}},"jetpack_post_was_ever_published":false,"footnotes":""},"class_list":["post-12511","page","type-page","status-publish","hentry"],"jetpack_shortlink":"https:\/\/wp.me\/P4mLP7-3fN","jetpack-related-posts":[{"id":13834,"url":"https:\/\/kotrla.com\/pmpro\/bibliofilie\/bibliofilie-rozcestnik\/","url_meta":{"origin":12511,"position":0},"title":"Bibliofilie \u2013 rozcestn\u00edk","author":"Pavel Kotrla","date":"25.12.2025","format":false,"excerpt":"Spolky Spolek \u010desk\u00fdch bibliofil\u016f https:\/\/spolekceskychbibliofilu.cz Nakladatelstv\u00ed Adolescent http:\/\/www.adolescent.cz Antikvari\u00e1t Fiducia https:\/\/klubfiducia.cz\/kategorie-produktu\/knihy\/ Arbor Vitae http:\/\/www.arborvitae.cz Argo http:\/\/www.argo-bibliofilie.cz Art Space NOV https:\/\/artspacenov.cz\/category\/publikace\/ Ateli\u00e9r Krupka - nakladatelstv\u00ed Ve str\u00e1ni https:\/\/atelierkrupka.cz Aulos https:\/\/aulos.cz Avart https:\/\/www.avart.cz\/bibliofilie Balbineum https:\/\/www.balbineum.cz Bylo nebylo https:\/\/www.bylonebylo.com Drtina Lubo\u0161 http:\/\/www.lubosdrtina.cz\/index.php?\/autorske\/19862010\/ Edice 33, Franti\u0161ek Jan\u00e1s https:\/\/www.edice33.eu + https:\/\/www.bibliofilie-edice33.cz Galerie Zden\u011bk Sklen\u00e1\u0159 https:\/\/www.zdeneksklenar.cz\/bibliofilie\u2026","rel":"","context":"Podobn\u00fd p\u0159\u00edsp\u011bvek","block_context":{"text":"Podobn\u00fd p\u0159\u00edsp\u011bvek","link":""},"img":{"alt_text":"","src":"","width":0,"height":0},"classes":[]},{"id":10395,"url":"https:\/\/kotrla.com\/pmpro\/klenov\/jan-dadak-bozi-mlat-2023\/","url_meta":{"origin":12511,"position":1},"title":"Jan Dad\u00e1k: Bo\u017e\u00ed mlat (2023)","author":"Pavel Kotrla","date":"14.4.2023","format":false,"excerpt":"ISBN 978-80-908127-6-5 \u010cek\u00e1n\u00ed na d\u00e9\u0161\u0165 \u2014 Ost\u0159e prolamovanou mezerou v mraku Se stopami dl\u00e1ta je\u0161t\u011b na hran\u00e1ch Proch\u00e1z\u00ed zlato \u017eiln\u011bn\u00ed Srpek po\u0161tolky pod n\u00edm Ve vid\u011bn\u00ed vichrn\u00e9ho\u00a0\u2014 Ta jen nepohnut\u00e1 \u010deln\u011b Odol\u00e1v\u00e1 proud\u011bn\u00ed v\u00a0jeho bran\u00e1ch Ne\u017e spadne z\u00a0v\u00fd\u0161ky jako p\u0159esn\u00fd k\u00e1men Ne\u017e spadne ze stolu A k nepot\u0159eb\u011b kamsi odl\u00e9t\u00e1\u2026","rel":"","context":"Podobn\u00fd p\u0159\u00edsp\u011bvek","block_context":{"text":"Podobn\u00fd p\u0159\u00edsp\u011bvek","link":""},"img":{"alt_text":"","src":"https:\/\/i0.wp.com\/kotrla.com\/pmpro\/wp-content\/uploads\/2023\/04\/jan_dadak_bozi_mlat.jpg?resize=350%2C200&ssl=1","width":350,"height":200,"srcset":"https:\/\/i0.wp.com\/kotrla.com\/pmpro\/wp-content\/uploads\/2023\/04\/jan_dadak_bozi_mlat.jpg?resize=350%2C200&ssl=1 1x, https:\/\/i0.wp.com\/kotrla.com\/pmpro\/wp-content\/uploads\/2023\/04\/jan_dadak_bozi_mlat.jpg?resize=525%2C300&ssl=1 1.5x, https:\/\/i0.wp.com\/kotrla.com\/pmpro\/wp-content\/uploads\/2023\/04\/jan_dadak_bozi_mlat.jpg?resize=700%2C400&ssl=1 2x"},"classes":[]},{"id":11520,"url":"https:\/\/kotrla.com\/pmpro\/objednavka-knih\/","url_meta":{"origin":12511,"position":2},"title":"Objedn\u00e1vka","author":"Pavel Kotrla","date":"25.4.2024","format":false,"excerpt":"Zde si m\u016f\u017eete objednat bibliofilie nakladatelstv\u00ed Klenov (Synonymum krajina, Pot\u00ed\u017ee se \u017eenami, Hedvika nebo Jak Urzon p\u0159elstil Kojota), kter\u00e9 nejsou v b\u011b\u017en\u00e9 distribuci, ale i dal\u0161\u00ed tituly. Cena knihy Synonymum krajina je 300 K\u010d Cena knihy Pot\u00ed\u017ee se \u017eenami je 600 K\u010d Cena knihy Hedvika je 250 K\u010d. Cena knihy\u2026","rel":"","context":"Podobn\u00fd p\u0159\u00edsp\u011bvek","block_context":{"text":"Podobn\u00fd p\u0159\u00edsp\u011bvek","link":""},"img":{"alt_text":"","src":"https:\/\/i0.wp.com\/kotrla.com\/pmpro\/wp-content\/uploads\/2025\/12\/qr_ucet.png?resize=350%2C200&ssl=1","width":350,"height":200},"classes":[]},{"id":2843,"url":"https:\/\/kotrla.com\/pmpro\/autor\/","url_meta":{"origin":12511,"position":3},"title":"Autor","author":"Pavel Kotrla","date":"3.9.2016","format":false,"excerpt":"Kdopak to tu m\u00e1 na sv\u011bdom\u00ed? Pavel Kotrla Narodil jsem se 5. 5. 1974 ve Vset\u00edn\u011b. V letech 1992-1997 jsem vystudoval na Filozofick\u00e9 fakult\u011b Ostravsk\u00e9 univerzity liter\u00e1rn\u00ed v\u011bdu a \u010de\u0161tinu. Od roku 1996 jsem \u0161\u00e9fredaktorem liter\u00e1rn\u00edho \u010dtvrtletn\u00edku Texty, kter\u00fd jsme v roce 1996 zalo\u017eili s Ji\u0159\u00edm Hrabalem, Jakubem Chrob\u00e1kem, Ren\u00e9\u2026","rel":"","context":"Podobn\u00fd p\u0159\u00edsp\u011bvek","block_context":{"text":"Podobn\u00fd p\u0159\u00edsp\u011bvek","link":""},"img":{"alt_text":"Pavel Kotrla","src":"https:\/\/i0.wp.com\/kotrla.com\/pmpro\/wp-content\/uploads\/2022\/06\/pavel_kotrla_IMGP0259.jpg?resize=350%2C200&ssl=1","width":350,"height":200,"srcset":"https:\/\/i0.wp.com\/kotrla.com\/pmpro\/wp-content\/uploads\/2022\/06\/pavel_kotrla_IMGP0259.jpg?resize=350%2C200&ssl=1 1x, https:\/\/i0.wp.com\/kotrla.com\/pmpro\/wp-content\/uploads\/2022\/06\/pavel_kotrla_IMGP0259.jpg?resize=525%2C300&ssl=1 1.5x, https:\/\/i0.wp.com\/kotrla.com\/pmpro\/wp-content\/uploads\/2022\/06\/pavel_kotrla_IMGP0259.jpg?resize=700%2C400&ssl=1 2x, https:\/\/i0.wp.com\/kotrla.com\/pmpro\/wp-content\/uploads\/2022\/06\/pavel_kotrla_IMGP0259.jpg?resize=1050%2C600&ssl=1 3x, https:\/\/i0.wp.com\/kotrla.com\/pmpro\/wp-content\/uploads\/2022\/06\/pavel_kotrla_IMGP0259.jpg?resize=1400%2C800&ssl=1 4x"},"classes":[]},{"id":12809,"url":"https:\/\/kotrla.com\/pmpro\/klenov\/pavel-kotrla-potize-se-zenami-2025\/","url_meta":{"origin":12511,"position":4},"title":"Pavel Kotrla: Pot\u00ed\u017ee se \u017eenami (2025)","author":"Pavel Kotrla","date":"1.6.2025","format":false,"excerpt":"ISBN 978-80-909228-3-9 P\u016fvodn\u00edmi linoryty doprovodila\u00a0Janazapa Cena ti\u0161t\u011bn\u00e9 knihy v\u010detn\u011b t\u0159\u00ed vlo\u017een\u00fdch origin\u00e1ln\u00edch linoryt\u016f je 600 K\u010d + 100 K\u010d po\u0161tovn\u00e9. Kniha nen\u00ed v b\u011b\u017en\u00e9 distribu\u010dn\u00ed s\u00edti, lze si ji v\u0161ak\u00a0OBJEDNAT. P\u0159i objedn\u00e1n\u00ed dvou knih z produkce je po\u0161tovn\u00e9 zdarma. Pot\u00ed\u017ee se \u017eenami p\u0159edstavuj\u00ed pov\u00eddky, kter\u00e9 s\u00a0absurdn\u00edm podt\u00f3nem, \u010dern\u00fdm humorem a\u2026","rel":"","context":"Podobn\u00fd p\u0159\u00edsp\u011bvek","block_context":{"text":"Podobn\u00fd p\u0159\u00edsp\u011bvek","link":""},"img":{"alt_text":"","src":"https:\/\/i0.wp.com\/kotrla.com\/pmpro\/wp-content\/uploads\/2025\/06\/potize_se_zenami_20250213-150x150.jpg?resize=350%2C200&ssl=1","width":350,"height":200,"srcset":"https:\/\/i0.wp.com\/kotrla.com\/pmpro\/wp-content\/uploads\/2025\/06\/potize_se_zenami_20250213-150x150.jpg?resize=350%2C200&ssl=1 1x, https:\/\/i0.wp.com\/kotrla.com\/pmpro\/wp-content\/uploads\/2025\/06\/potize_se_zenami_20250213-150x150.jpg?resize=525%2C300&ssl=1 1.5x, https:\/\/i0.wp.com\/kotrla.com\/pmpro\/wp-content\/uploads\/2025\/06\/potize_se_zenami_20250213-150x150.jpg?resize=700%2C400&ssl=1 2x, https:\/\/i0.wp.com\/kotrla.com\/pmpro\/wp-content\/uploads\/2025\/06\/potize_se_zenami_20250213-150x150.jpg?resize=1050%2C600&ssl=1 3x, https:\/\/i0.wp.com\/kotrla.com\/pmpro\/wp-content\/uploads\/2025\/06\/potize_se_zenami_20250213-150x150.jpg?resize=1400%2C800&ssl=1 4x"},"classes":[]},{"id":3997,"url":"https:\/\/kotrla.com\/pmpro\/klenov\/","url_meta":{"origin":12511,"position":5},"title":"Nakladatelstv\u00ed Klenov","author":"Pavel Kotrla","date":"1.12.2018","format":false,"excerpt":"Klenov \u2013 jednomu\u017en\u00e9 nakladatelstv\u00ed Pavla Kotrly. Knihy jsou v distribuci Kosmas a Pemic, m\u016f\u017eete zakoupit nap\u0159\u00edklad v s\u00edti prodejen\u00a0Martinus,\u00a0Dobrovsk\u00fd nebo jin\u00fdch.\u00a0Bibliofilie Synonymum krajina, Pot\u00ed\u017ee se \u017eenami, Hedvika a Jak Urzon obelstil Kojota nejsou v b\u011b\u017en\u00e9 distribuci, pro objedn\u00e1vku pou\u017eijte pros\u00edm tento formul\u00e1\u0159. Ten m\u016f\u017eete vyu\u017e\u00edt i pro objedn\u00e1vku dal\u0161\u00edch knih\u2026","rel":"","context":"Podobn\u00fd p\u0159\u00edsp\u011bvek","block_context":{"text":"Podobn\u00fd p\u0159\u00edsp\u011bvek","link":""},"img":{"alt_text":"","src":"https:\/\/i0.wp.com\/kotrla.com\/pmpro\/wp-content\/uploads\/2023\/03\/nakladatelstvi_klenov_logo_bw_small.png?resize=350%2C200&ssl=1","width":350,"height":200},"classes":[]}],"jetpack_sharing_enabled":true,"_links":{"self":[{"href":"https:\/\/kotrla.com\/pmpro\/wp-json\/wp\/v2\/pages\/12511","targetHints":{"allow":["GET"]}}],"collection":[{"href":"https:\/\/kotrla.com\/pmpro\/wp-json\/wp\/v2\/pages"}],"about":[{"href":"https:\/\/kotrla.com\/pmpro\/wp-json\/wp\/v2\/types\/page"}],"author":[{"embeddable":true,"href":"https:\/\/kotrla.com\/pmpro\/wp-json\/wp\/v2\/users\/1"}],"replies":[{"embeddable":true,"href":"https:\/\/kotrla.com\/pmpro\/wp-json\/wp\/v2\/comments?post=12511"}],"version-history":[{"count":5,"href":"https:\/\/kotrla.com\/pmpro\/wp-json\/wp\/v2\/pages\/12511\/revisions"}],"predecessor-version":[{"id":13846,"href":"https:\/\/kotrla.com\/pmpro\/wp-json\/wp\/v2\/pages\/12511\/revisions\/13846"}],"wp:attachment":[{"href":"https:\/\/kotrla.com\/pmpro\/wp-json\/wp\/v2\/media?parent=12511"}],"curies":[{"name":"wp","href":"https:\/\/api.w.org\/{rel}","templated":true}]}}