{"id":13043,"date":"2025-09-25T17:17:57","date_gmt":"2025-09-25T16:17:57","guid":{"rendered":"https:\/\/kotrla.com\/pmpro\/?page_id=13043"},"modified":"2026-01-26T10:28:44","modified_gmt":"2026-01-26T09:28:44","slug":"petr-ligocky-predtim-nez-se-setmi-2025","status":"publish","type":"page","link":"https:\/\/kotrla.com\/pmpro\/klenov\/petr-ligocky-predtim-nez-se-setmi-2025\/","title":{"rendered":"Petr Ligock\u00fd: P\u0159edt\u00edm ne\u017e se setm\u00ed (2025)"},"content":{"rendered":"<p>ISBN\u00a0978-80-909228-5-3<\/p>\n<p>Doporu\u010den\u00e1 cena knihy je 220 K\u010d<\/p>\n<figure id=\"attachment_13049\" aria-describedby=\"caption-attachment-13049\" style=\"width: 1600px\" class=\"wp-caption alignnone\"><a href=\"https:\/\/kotrla.com\/pmpro\/wp-content\/uploads\/2025\/07\/petr_ligocky_predtim_nez_se_setmi.jpg\"><img loading=\"lazy\" decoding=\"async\" class=\"wp-image-13049 size-full\" src=\"https:\/\/kotrla.com\/pmpro\/wp-content\/uploads\/2025\/07\/petr_ligocky_predtim_nez_se_setmi.jpg\" alt=\"\" width=\"1600\" height=\"1600\" srcset=\"https:\/\/kotrla.com\/pmpro\/wp-content\/uploads\/2025\/07\/petr_ligocky_predtim_nez_se_setmi.jpg 1600w, https:\/\/kotrla.com\/pmpro\/wp-content\/uploads\/2025\/07\/petr_ligocky_predtim_nez_se_setmi-300x300.jpg 300w, https:\/\/kotrla.com\/pmpro\/wp-content\/uploads\/2025\/07\/petr_ligocky_predtim_nez_se_setmi-1024x1024.jpg 1024w, https:\/\/kotrla.com\/pmpro\/wp-content\/uploads\/2025\/07\/petr_ligocky_predtim_nez_se_setmi-150x150.jpg 150w, https:\/\/kotrla.com\/pmpro\/wp-content\/uploads\/2025\/07\/petr_ligocky_predtim_nez_se_setmi-1536x1536.jpg 1536w\" sizes=\"auto, (max-width: 1600px) 100vw, 1600px\" \/><\/a><figcaption id=\"caption-attachment-13049\" class=\"wp-caption-text\">Petr Ligock\u00fd: P\u0159edt\u00edm ne\u017e se setm\u00ed (Byst\u0159i\u010dka: Klenov 2025, ISBN\u00a0978-80-909228-5-3)<\/figcaption><\/figure>\n<p>Sb\u00edrka Petra Ligock\u00e9ho <em>P\u0159edt\u00edm ne\u017e se setm\u00ed<\/em>\u00a0je tich\u00fdm a hlubok\u00fdm ponorem do sv\u011bta ka\u017edodennosti, p\u0159\u00edrody a vnit\u0159n\u00edho pro\u017e\u00edv\u00e1n\u00ed. Autor zde navazuje na tradici japonsk\u00e9ho haiku a korejsk\u00e9 zenov\u00e9 poezie, z\u00e1rove\u0148 v\u0161ak tyto formy obohacuje o evropskou citlivost a osobn\u00ed pro\u017eitky. V\u00fdsledkem je kniha, kter\u00e1 svou k\u0159ehkost\u00ed a hloubkou p\u016fsob\u00ed jako meditace \u2013 pomal\u00e1, soust\u0159ed\u011bn\u00e1 a o\u010di\u0161\u0165uj\u00edc\u00ed.<\/p>\n<p>&nbsp;<\/p>\n<div id='gallery-1' class='gallery galleryid-13043 gallery-columns-3 gallery-size-thumbnail'><figure class='gallery-item'>\n\t\t\t<div class='gallery-icon landscape'>\n\t\t\t\t<a href='https:\/\/kotrla.com\/pmpro\/klenov\/petr-ligocky-predtim-nez-se-setmi-2025\/sipos_01\/'><img loading=\"lazy\" decoding=\"async\" width=\"150\" height=\"150\" src=\"https:\/\/kotrla.com\/pmpro\/wp-content\/uploads\/2025\/09\/sipos_01-150x150.jpg\" class=\"attachment-thumbnail size-thumbnail\" alt=\"\" srcset=\"https:\/\/kotrla.com\/pmpro\/wp-content\/uploads\/2025\/09\/sipos_01-150x150.jpg 150w, https:\/\/kotrla.com\/pmpro\/wp-content\/uploads\/2025\/09\/sipos_01-300x300.jpg 300w, https:\/\/kotrla.com\/pmpro\/wp-content\/uploads\/2025\/09\/sipos_01-1024x1024.jpg 1024w, https:\/\/kotrla.com\/pmpro\/wp-content\/uploads\/2025\/09\/sipos_01-1536x1536.jpg 1536w, https:\/\/kotrla.com\/pmpro\/wp-content\/uploads\/2025\/09\/sipos_01.jpg 1600w\" sizes=\"auto, (max-width: 150px) 100vw, 150px\" \/><\/a>\n\t\t\t<\/div><\/figure><figure class='gallery-item'>\n\t\t\t<div class='gallery-icon landscape'>\n\t\t\t\t<a href='https:\/\/kotrla.com\/pmpro\/klenov\/petr-ligocky-predtim-nez-se-setmi-2025\/petr_ligocky_26\/'><img loading=\"lazy\" decoding=\"async\" width=\"150\" height=\"150\" src=\"https:\/\/kotrla.com\/pmpro\/wp-content\/uploads\/2025\/09\/petr_ligocky_26-150x150.jpg\" class=\"attachment-thumbnail size-thumbnail\" alt=\"\" srcset=\"https:\/\/kotrla.com\/pmpro\/wp-content\/uploads\/2025\/09\/petr_ligocky_26-150x150.jpg 150w, https:\/\/kotrla.com\/pmpro\/wp-content\/uploads\/2025\/09\/petr_ligocky_26-300x300.jpg 300w, https:\/\/kotrla.com\/pmpro\/wp-content\/uploads\/2025\/09\/petr_ligocky_26-1024x1024.jpg 1024w, https:\/\/kotrla.com\/pmpro\/wp-content\/uploads\/2025\/09\/petr_ligocky_26-1536x1536.jpg 1536w, https:\/\/kotrla.com\/pmpro\/wp-content\/uploads\/2025\/09\/petr_ligocky_26.jpg 1600w\" sizes=\"auto, (max-width: 150px) 100vw, 150px\" \/><\/a>\n\t\t\t<\/div><\/figure><figure class='gallery-item'>\n\t\t\t<div class='gallery-icon landscape'>\n\t\t\t\t<a href='https:\/\/kotrla.com\/pmpro\/klenov\/petr-ligocky-predtim-nez-se-setmi-2025\/sipos_02\/'><img loading=\"lazy\" decoding=\"async\" width=\"150\" height=\"150\" src=\"https:\/\/kotrla.com\/pmpro\/wp-content\/uploads\/2025\/09\/sipos_02-150x150.jpg\" class=\"attachment-thumbnail size-thumbnail\" alt=\"\" srcset=\"https:\/\/kotrla.com\/pmpro\/wp-content\/uploads\/2025\/09\/sipos_02-150x150.jpg 150w, https:\/\/kotrla.com\/pmpro\/wp-content\/uploads\/2025\/09\/sipos_02-300x300.jpg 300w, https:\/\/kotrla.com\/pmpro\/wp-content\/uploads\/2025\/09\/sipos_02-1024x1024.jpg 1024w, https:\/\/kotrla.com\/pmpro\/wp-content\/uploads\/2025\/09\/sipos_02-1536x1536.jpg 1536w, https:\/\/kotrla.com\/pmpro\/wp-content\/uploads\/2025\/09\/sipos_02.jpg 1600w\" sizes=\"auto, (max-width: 150px) 100vw, 150px\" \/><\/a>\n\t\t\t<\/div><\/figure><figure class='gallery-item'>\n\t\t\t<div class='gallery-icon landscape'>\n\t\t\t\t<a href='https:\/\/kotrla.com\/pmpro\/klenov\/petr-ligocky-predtim-nez-se-setmi-2025\/petr_ligocky_34\/'><img loading=\"lazy\" decoding=\"async\" width=\"150\" height=\"150\" src=\"https:\/\/kotrla.com\/pmpro\/wp-content\/uploads\/2025\/09\/petr_ligocky_34-150x150.jpg\" class=\"attachment-thumbnail size-thumbnail\" alt=\"\" srcset=\"https:\/\/kotrla.com\/pmpro\/wp-content\/uploads\/2025\/09\/petr_ligocky_34-150x150.jpg 150w, https:\/\/kotrla.com\/pmpro\/wp-content\/uploads\/2025\/09\/petr_ligocky_34-300x300.jpg 300w, https:\/\/kotrla.com\/pmpro\/wp-content\/uploads\/2025\/09\/petr_ligocky_34-1024x1024.jpg 1024w, https:\/\/kotrla.com\/pmpro\/wp-content\/uploads\/2025\/09\/petr_ligocky_34-1536x1536.jpg 1536w, https:\/\/kotrla.com\/pmpro\/wp-content\/uploads\/2025\/09\/petr_ligocky_34.jpg 1600w\" sizes=\"auto, (max-width: 150px) 100vw, 150px\" \/><\/a>\n\t\t\t<\/div><\/figure><figure class='gallery-item'>\n\t\t\t<div class='gallery-icon landscape'>\n\t\t\t\t<a href='https:\/\/kotrla.com\/pmpro\/klenov\/petr-ligocky-predtim-nez-se-setmi-2025\/sipos_03\/'><img loading=\"lazy\" decoding=\"async\" width=\"150\" height=\"150\" src=\"https:\/\/kotrla.com\/pmpro\/wp-content\/uploads\/2025\/09\/sipos_03-150x150.jpg\" class=\"attachment-thumbnail size-thumbnail\" alt=\"\" srcset=\"https:\/\/kotrla.com\/pmpro\/wp-content\/uploads\/2025\/09\/sipos_03-150x150.jpg 150w, https:\/\/kotrla.com\/pmpro\/wp-content\/uploads\/2025\/09\/sipos_03-300x300.jpg 300w, https:\/\/kotrla.com\/pmpro\/wp-content\/uploads\/2025\/09\/sipos_03-1024x1024.jpg 1024w, https:\/\/kotrla.com\/pmpro\/wp-content\/uploads\/2025\/09\/sipos_03-1536x1536.jpg 1536w, https:\/\/kotrla.com\/pmpro\/wp-content\/uploads\/2025\/09\/sipos_03.jpg 1600w\" sizes=\"auto, (max-width: 150px) 100vw, 150px\" \/><\/a>\n\t\t\t<\/div><\/figure><figure class='gallery-item'>\n\t\t\t<div class='gallery-icon landscape'>\n\t\t\t\t<a href='https:\/\/kotrla.com\/pmpro\/klenov\/petr-ligocky-predtim-nez-se-setmi-2025\/petr_ligocky_70\/'><img loading=\"lazy\" decoding=\"async\" width=\"150\" height=\"150\" src=\"https:\/\/kotrla.com\/pmpro\/wp-content\/uploads\/2025\/09\/petr_ligocky_70-150x150.jpg\" class=\"attachment-thumbnail size-thumbnail\" alt=\"\" srcset=\"https:\/\/kotrla.com\/pmpro\/wp-content\/uploads\/2025\/09\/petr_ligocky_70-150x150.jpg 150w, https:\/\/kotrla.com\/pmpro\/wp-content\/uploads\/2025\/09\/petr_ligocky_70-300x300.jpg 300w, https:\/\/kotrla.com\/pmpro\/wp-content\/uploads\/2025\/09\/petr_ligocky_70-1024x1024.jpg 1024w, https:\/\/kotrla.com\/pmpro\/wp-content\/uploads\/2025\/09\/petr_ligocky_70-1536x1536.jpg 1536w, https:\/\/kotrla.com\/pmpro\/wp-content\/uploads\/2025\/09\/petr_ligocky_70.jpg 1600w\" sizes=\"auto, (max-width: 150px) 100vw, 150px\" \/><\/a>\n\t\t\t<\/div><\/figure>\n\t\t<\/div>\n\n<p>&nbsp;<\/p>\n<figure id=\"attachment_13046\" aria-describedby=\"caption-attachment-13046\" style=\"width: 225px\" class=\"wp-caption alignnone\"><a href=\"https:\/\/kotrla.com\/pmpro\/wp-content\/uploads\/2025\/07\/petr_ligocky.jpg\"><img loading=\"lazy\" decoding=\"async\" class=\"size-full wp-image-13046\" src=\"https:\/\/kotrla.com\/pmpro\/wp-content\/uploads\/2025\/07\/petr_ligocky.jpg\" alt=\"\" width=\"225\" height=\"300\" \/><\/a><figcaption id=\"caption-attachment-13046\" class=\"wp-caption-text\">Petr Ligock\u00fd<\/figcaption><\/figure>\n<p><strong>Petr Ligock\u00fd<\/strong> (*\u20081990)<br \/>\nPolonista a\u00a0redaktor nakladatelstv\u00ed Protimluv. Sv\u00e9 autorsk\u00e9 texty publikoval v\u00a0dom\u00e1c\u00edch i\u00a0zahrani\u010dn\u00edch \u010dasopisech. Je\u00a0rovn\u011b\u017e zastoupen v\u00a0n\u011bkolika antologi\u00edch. Vydal b\u00e1snick\u00e9 sb\u00edrky <em>Diagn\u00f3za<\/em> (Protimluv,\u00a02020), <em>Popel dn\u016f<\/em> (JT\u2019s, 2022) a\u00a0<em>Doma v\u00a0bezpe\u010d\u00ed<\/em> (Protimluv, 2025). Zab\u00fdv\u00e1 se rovn\u011b\u017e p\u0159ekl\u00e1d\u00e1n\u00edm sou\u010dasn\u00e9 polsk\u00e9 poezie. Je autorem dvou publikac\u00ed o polsk\u00e9m mal\u00ed\u0159i J\u00f3zefu Sowadovi. Pracuje jako lektor v Centru vzd\u011bl\u00e1v\u00e1n\u00ed Knihovny m\u011bsta Ostravy. \u017dije v\u00a0Bohum\u00edn\u011b.<\/p>\n<p>&nbsp;<\/p>\n<figure id=\"attachment_13047\" aria-describedby=\"caption-attachment-13047\" style=\"width: 225px\" class=\"wp-caption alignnone\"><a href=\"https:\/\/kotrla.com\/pmpro\/wp-content\/uploads\/2025\/07\/vaclav_sipos.jpg\"><img loading=\"lazy\" decoding=\"async\" class=\"size-full wp-image-13047\" src=\"https:\/\/kotrla.com\/pmpro\/wp-content\/uploads\/2025\/07\/vaclav_sipos.jpg\" alt=\"\" width=\"225\" height=\"300\" \/><\/a><figcaption id=\"caption-attachment-13047\" class=\"wp-caption-text\">V\u00e1clav \u0160\u00edpo\u0161<\/figcaption><\/figure>\n<p><a style=\"cursor: pointer !important; user-select: none !important;\" href=\"https:\/\/www.tchechiche.cz\"><strong>V\u00e1clav \u0160\u00edpo\u0161<\/strong><\/a> (* 1959)<br \/>\nV\u00fdtvarn\u00edk, karikaturista a fotograf. Tvo\u0159\u00ed plak\u00e1ty, ilustruje texty, knihy, jeho animovanou tvorbu ve form\u011b kr\u00e1tk\u00fdch kreslen\u00fdch grotesek m\u016f\u017eete zn\u00e1t z po\u0159adu\u00a0\u010cT:D <em>Draci v hrnci<\/em>. Orientuje se na portr\u00e9tn\u00ed a figur\u00e1ln\u00ed tvorbu.<\/p>\n<p>&nbsp;<\/p>\n<p><strong>Petr Ligock\u00fd \/\/ P\u0159edt\u00edm ne\u017e se setm\u00ed<\/strong><\/p>\n<p>Vydalo nakladatelstv\u00ed Pavel Kotrla \u2014 Klenov, Byst\u0159i\u010dka,<br \/>\nroku 2025 jako svou 26. publikaci<br \/>\nRedakce Oskar Mainx<br \/>\nJazykov\u00e1 korektura \u0160\u00e1rka Kuligov\u00e1<br \/>\nIlustrace V\u00e1clav \u0160\u00edpo\u0161<br \/>\nSazba p\u00edsmem Permian Serif a grafick\u00e1 \u00faprava Pavel Kotrla<br \/>\nVyd\u00e1n\u00ed prvn\u00ed, n\u00e1klad 250 kus\u016f<br \/>\nTisk Tisk\u00e1rna Protisk s.\u2009r.\u2009o., \u010cesk\u00e9 Bud\u011bjovice<br \/>\n84 stran<br \/>\nRozm\u011br publikace: 165\u00d7165 mm<\/p>\n<p>Ob\u00e1lka knihy je vyti\u0161t\u011bna na pap\u00edru Favini Twill Grey, vnit\u0159n\u00ed blok na pap\u00edru Holmen Book.<\/p>\n<p><strong>Ohlasy<\/strong><\/p>\n<ul>\n<li><a href=\"https:\/\/kotrla.com\/pmpro\/wp-content\/uploads\/2025\/10\/petr_ligocky_reflex_20251030_s57_basen_tydne.pdf\">Ligock\u00fd Petr: B\u00e1se\u0148 t\u00fddne. Autor anotace [M\u0160] (= Michal \u0160anda). Reflex. Ro\u010d. 36, 2025, \u010d. 44, 30. 10., s. 57.<\/a><\/li>\n<li><a href=\"https:\/\/revueprostor.cz\/co-noveho-v-poezii-treti-tretina-roku-2025\">Jakub Van\u011bk: Co nov\u00e9ho v poezii? (t\u0159et\u00ed t\u0159etina roku 2025) Rekomando Jakuba Va\u0148ka, Revue Prostor, 12. 1. 2026<\/a><\/li>\n<li><a href=\"https:\/\/www.krajskelisty.cz\/literarni-klub\/34509-na-tmave-dlazbe-noci-petr-ligocky-patecni-chvilka-poezie.htm\">Na tmav\u00e9 dla\u017eb\u011b noci\u2026, Petr Ligock\u00fd. P\u00e1te\u010dn\u00ed chvilka poezie, Krajsk\u00e9 listy, 23. 1. 2026<\/a><\/li>\n<\/ul>\n","protected":false},"excerpt":{"rendered":"<p>ISBN\u00a0978-80-909228-5-3 Doporu\u010den\u00e1 cena knihy je 220 K\u010d Sb\u00edrka Petra Ligock\u00e9ho P\u0159edt\u00edm ne\u017e se setm\u00ed\u00a0je tich\u00fdm a hlubok\u00fdm ponorem do sv\u011bta ka\u017edodennosti, p\u0159\u00edrody a vnit\u0159n\u00edho pro\u017e\u00edv\u00e1n\u00ed. Autor zde navazuje na tradici japonsk\u00e9ho haiku a korejsk\u00e9 zenov\u00e9 poezie, z\u00e1rove\u0148 v\u0161ak tyto formy obohacuje o evropskou citlivost a osobn\u00ed pro\u017eitky. V\u00fdsledkem je kniha, kter\u00e1 svou k\u0159ehkost\u00ed a hloubkou [&hellip;]<\/p>\n","protected":false},"author":1,"featured_media":0,"parent":3997,"menu_order":0,"comment_status":"closed","ping_status":"closed","template":"","meta":{"site-sidebar-layout":"default","site-content-layout":"","ast-site-content-layout":"default","site-content-style":"default","site-sidebar-style":"default","ast-global-header-display":"","ast-banner-title-visibility":"","ast-main-header-display":"","ast-hfb-above-header-display":"","ast-hfb-below-header-display":"","ast-hfb-mobile-header-display":"","site-post-title":"","ast-breadcrumbs-content":"","ast-featured-img":"","footer-sml-layout":"","ast-disable-related-posts":"","theme-transparent-header-meta":"default","adv-header-id-meta":"","stick-header-meta":"","header-above-stick-meta":"","header-main-stick-meta":"","header-below-stick-meta":"","astra-migrate-meta-layouts":"set","ast-page-background-enabled":"default","ast-page-background-meta":{"desktop":{"background-color":"var(--ast-global-color-5)","background-image":"","background-repeat":"repeat","background-position":"center center","background-size":"auto","background-attachment":"scroll","background-type":"","background-media":"","overlay-type":"","overlay-color":"","overlay-opacity":"","overlay-gradient":""},"tablet":{"background-color":"","background-image":"","background-repeat":"repeat","background-position":"center center","background-size":"auto","background-attachment":"scroll","background-type":"","background-media":"","overlay-type":"","overlay-color":"","overlay-opacity":"","overlay-gradient":""},"mobile":{"background-color":"","background-image":"","background-repeat":"repeat","background-position":"center center","background-size":"auto","background-attachment":"scroll","background-type":"","background-media":"","overlay-type":"","overlay-color":"","overlay-opacity":"","overlay-gradient":""}},"ast-content-background-meta":{"desktop":{"background-color":"var(--ast-global-color-4)","background-image":"","background-repeat":"repeat","background-position":"center center","background-size":"auto","background-attachment":"scroll","background-type":"","background-media":"","overlay-type":"","overlay-color":"","overlay-opacity":"","overlay-gradient":""},"tablet":{"background-color":"var(--ast-global-color-4)","background-image":"","background-repeat":"repeat","background-position":"center center","background-size":"auto","background-attachment":"scroll","background-type":"","background-media":"","overlay-type":"","overlay-color":"","overlay-opacity":"","overlay-gradient":""},"mobile":{"background-color":"var(--ast-global-color-4)","background-image":"","background-repeat":"repeat","background-position":"center center","background-size":"auto","background-attachment":"scroll","background-type":"","background-media":"","overlay-type":"","overlay-color":"","overlay-opacity":"","overlay-gradient":""}},"jetpack_post_was_ever_published":false,"footnotes":""},"class_list":["post-13043","page","type-page","status-publish","hentry"],"jetpack_shortlink":"https:\/\/wp.me\/P4mLP7-3on","jetpack-related-posts":[{"id":3997,"url":"https:\/\/kotrla.com\/pmpro\/klenov\/","url_meta":{"origin":13043,"position":0},"title":"Nakladatelstv\u00ed Klenov","author":"Pavel Kotrla","date":"1.12.2018","format":false,"excerpt":"Klenov \u2013 jednomu\u017en\u00e9 nakladatelstv\u00ed Pavla Kotrly. Knihy jsou v distribuci Kosmas a Pemic, m\u016f\u017eete zakoupit nap\u0159\u00edklad v s\u00edti prodejen\u00a0Martinus,\u00a0Dobrovsk\u00fd nebo jin\u00fdch.\u00a0Bibliofilie Synonymum krajina, Pot\u00ed\u017ee se \u017eenami, Hedvika a Jak Urzon obelstil Kojota nejsou v b\u011b\u017en\u00e9 distribuci, pro objedn\u00e1vku pou\u017eijte pros\u00edm tento formul\u00e1\u0159. Ten m\u016f\u017eete vyu\u017e\u00edt i pro objedn\u00e1vku dal\u0161\u00edch knih\u2026","rel":"","context":"Podobn\u00fd p\u0159\u00edsp\u011bvek","block_context":{"text":"Podobn\u00fd p\u0159\u00edsp\u011bvek","link":""},"img":{"alt_text":"","src":"https:\/\/i0.wp.com\/kotrla.com\/pmpro\/wp-content\/uploads\/2023\/03\/nakladatelstvi_klenov_logo_bw_small.png?resize=350%2C200&ssl=1","width":350,"height":200},"classes":[]},{"id":13897,"url":"https:\/\/kotrla.com\/pmpro\/klenov\/filip-hrazdil-reka-odnasi-stiny-stromu-2026\/","url_meta":{"origin":13043,"position":1},"title":"Filip Hrazdil: \u0158eka odn\u00e1\u0161\u00ed st\u00edny strom\u016f (2026)","author":"Pavel Kotrla","date":"20.2.2026","format":false,"excerpt":"ISBN 978-80-88531-00-5 Doporu\u010den\u00e1 cena knihy je 220 K\u010d \u0158eka odn\u00e1\u0161\u00ed st\u00edny strom\u016f je sb\u00edrkou tich\u00e9, v\u0161\u00edmav\u00e9 poezie, kter\u00e1 vyr\u016fst\u00e1 z ka\u017edodenn\u00edho okouzlen\u00ed krajinou a m\u011bstskou perif\u00e9ri\u00ed. Filip Hrazdil v kr\u00e1tk\u00fdch, p\u0159esn\u00fdch b\u00e1sn\u00edch, voln\u011b inspirovan\u00fdch poetikou haiku, zachycuje pom\u00edjivost okam\u017eik\u016f, ro\u010dn\u00edch dob i lidsk\u00e9 bl\u00edzkosti. Minimalistick\u00fd jazyk a zdr\u017eenliv\u00e1 obraznost d\u00e1vaj\u00ed\u2026","rel":"","context":"Podobn\u00fd p\u0159\u00edsp\u011bvek","block_context":{"text":"Podobn\u00fd p\u0159\u00edsp\u011bvek","link":""},"img":{"alt_text":"","src":"https:\/\/i0.wp.com\/kotrla.com\/pmpro\/wp-content\/uploads\/2026\/02\/filip_hrazdil_reka_odnasi_stiny_stromu_72-150x150.jpg?resize=350%2C200&ssl=1","width":350,"height":200,"srcset":"https:\/\/i0.wp.com\/kotrla.com\/pmpro\/wp-content\/uploads\/2026\/02\/filip_hrazdil_reka_odnasi_stiny_stromu_72-150x150.jpg?resize=350%2C200&ssl=1 1x, https:\/\/i0.wp.com\/kotrla.com\/pmpro\/wp-content\/uploads\/2026\/02\/filip_hrazdil_reka_odnasi_stiny_stromu_72-150x150.jpg?resize=525%2C300&ssl=1 1.5x, https:\/\/i0.wp.com\/kotrla.com\/pmpro\/wp-content\/uploads\/2026\/02\/filip_hrazdil_reka_odnasi_stiny_stromu_72-150x150.jpg?resize=700%2C400&ssl=1 2x, https:\/\/i0.wp.com\/kotrla.com\/pmpro\/wp-content\/uploads\/2026\/02\/filip_hrazdil_reka_odnasi_stiny_stromu_72-150x150.jpg?resize=1050%2C600&ssl=1 3x, https:\/\/i0.wp.com\/kotrla.com\/pmpro\/wp-content\/uploads\/2026\/02\/filip_hrazdil_reka_odnasi_stiny_stromu_72-150x150.jpg?resize=1400%2C800&ssl=1 4x"},"classes":[]},{"id":12809,"url":"https:\/\/kotrla.com\/pmpro\/klenov\/pavel-kotrla-potize-se-zenami-2025\/","url_meta":{"origin":13043,"position":2},"title":"Pavel Kotrla: Pot\u00ed\u017ee se \u017eenami (2025)","author":"Pavel Kotrla","date":"1.6.2025","format":false,"excerpt":"ISBN 978-80-909228-3-9 P\u016fvodn\u00edmi linoryty doprovodila\u00a0Janazapa Cena ti\u0161t\u011bn\u00e9 knihy v\u010detn\u011b t\u0159\u00ed vlo\u017een\u00fdch origin\u00e1ln\u00edch linoryt\u016f je 600 K\u010d + 100 K\u010d po\u0161tovn\u00e9. Kniha nen\u00ed v b\u011b\u017en\u00e9 distribu\u010dn\u00ed s\u00edti, lze si ji v\u0161ak\u00a0OBJEDNAT. P\u0159i objedn\u00e1n\u00ed dvou knih z produkce je po\u0161tovn\u00e9 zdarma. Pot\u00ed\u017ee se \u017eenami p\u0159edstavuj\u00ed pov\u00eddky, kter\u00e9 s\u00a0absurdn\u00edm podt\u00f3nem, \u010dern\u00fdm humorem a\u2026","rel":"","context":"Podobn\u00fd p\u0159\u00edsp\u011bvek","block_context":{"text":"Podobn\u00fd p\u0159\u00edsp\u011bvek","link":""},"img":{"alt_text":"","src":"https:\/\/i0.wp.com\/kotrla.com\/pmpro\/wp-content\/uploads\/2025\/06\/potize_se_zenami_20250213-150x150.jpg?resize=350%2C200&ssl=1","width":350,"height":200,"srcset":"https:\/\/i0.wp.com\/kotrla.com\/pmpro\/wp-content\/uploads\/2025\/06\/potize_se_zenami_20250213-150x150.jpg?resize=350%2C200&ssl=1 1x, https:\/\/i0.wp.com\/kotrla.com\/pmpro\/wp-content\/uploads\/2025\/06\/potize_se_zenami_20250213-150x150.jpg?resize=525%2C300&ssl=1 1.5x, https:\/\/i0.wp.com\/kotrla.com\/pmpro\/wp-content\/uploads\/2025\/06\/potize_se_zenami_20250213-150x150.jpg?resize=700%2C400&ssl=1 2x, https:\/\/i0.wp.com\/kotrla.com\/pmpro\/wp-content\/uploads\/2025\/06\/potize_se_zenami_20250213-150x150.jpg?resize=1050%2C600&ssl=1 3x, https:\/\/i0.wp.com\/kotrla.com\/pmpro\/wp-content\/uploads\/2025\/06\/potize_se_zenami_20250213-150x150.jpg?resize=1400%2C800&ssl=1 4x"},"classes":[]},{"id":13433,"url":"https:\/\/kotrla.com\/pmpro\/klenov\/benedikt-zuzanik-boleslavna-a-jine-narky-2025\/","url_meta":{"origin":13043,"position":3},"title":"Benedikt Zuzan\u00edk: Boleslavn\u00e1 a jin\u00e9 n\u00e1\u0159ky (2025)","author":"Pavel Kotrla","date":"14.11.2025","format":false,"excerpt":"ISBN 978-80-909228-8-4 Doporu\u010den\u00e1 cena knihy je 150 K\u010d. Kniha nen\u00ed v b\u011b\u017en\u00e9 distribuci, lze si ji v\u0161ak objednat u nakladatele. Nekomplikovan\u00e9, katolickou obraznost\u00ed prostoupen\u00e9 ver\u0161e u\u010ditele a p\u0159ekladatele Benedikta Zuzan\u00edka (*1979) traktuj\u00ed\u00a0bolest neop\u011btovan\u00e9 l\u00e1sky a zra\u0148uj\u00edc\u00edho m\u00edjen\u00ed\u00a0spolu s\u00a0melancholi\u00ed viny a st\u00e1rnut\u00ed. Prochv\u00edv\u00e1 jimi osam\u011blost a zti\u0161en\u00ed slov\u00e1ck\u00e9ho venkova i ozvuky\u2026","rel":"","context":"Podobn\u00fd p\u0159\u00edsp\u011bvek","block_context":{"text":"Podobn\u00fd p\u0159\u00edsp\u011bvek","link":""},"img":{"alt_text":"","src":"https:\/\/i0.wp.com\/kotrla.com\/pmpro\/wp-content\/uploads\/2025\/11\/zuzanik_boleslavna_07-150x150.jpg?resize=350%2C200&ssl=1","width":350,"height":200,"srcset":"https:\/\/i0.wp.com\/kotrla.com\/pmpro\/wp-content\/uploads\/2025\/11\/zuzanik_boleslavna_07-150x150.jpg?resize=350%2C200&ssl=1 1x, https:\/\/i0.wp.com\/kotrla.com\/pmpro\/wp-content\/uploads\/2025\/11\/zuzanik_boleslavna_07-150x150.jpg?resize=525%2C300&ssl=1 1.5x, https:\/\/i0.wp.com\/kotrla.com\/pmpro\/wp-content\/uploads\/2025\/11\/zuzanik_boleslavna_07-150x150.jpg?resize=700%2C400&ssl=1 2x"},"classes":[]},{"id":13618,"url":"https:\/\/kotrla.com\/pmpro\/klenov\/jak-urzon-obelstil-kojota-pribeh-indianu-juteu-2025\/","url_meta":{"origin":13043,"position":4},"title":"Jak Urzon obelstil Kojota (P\u0159\u00edb\u011bh indi\u00e1n\u016f Jute\u016f) (2025)","author":"Pavel Kotrla","date":"4.12.2025","format":false,"excerpt":"ISBN 978-80-909228-9-1 Doporu\u010den\u00e1 cena knihy je 400 K\u010d. Kniha nen\u00ed v b\u011b\u017en\u00e9 distribuci, lze si ji v\u0161ak objednat u nakladatele. Tradi\u010dn\u00ed m\u00fdtus indi\u00e1n\u016f Jute\u016f vypr\u00e1v\u00ed o d\u016fvtipn\u00e9m Urzonovi, kter\u00fd na sv\u00e9 cest\u011b za dobrodru\u017estv\u00edm p\u0159elst\u00ed nejen mohutn\u00e9ho bizona, ale i vychytral\u00e9ho a chamtiv\u00e9ho Kojota. S\u00e9rie lst\u00ed, klam\u016f a zvrat\u016f postupn\u011b\u2026","rel":"","context":"Podobn\u00fd p\u0159\u00edsp\u011bvek","block_context":{"text":"Podobn\u00fd p\u0159\u00edsp\u011bvek","link":""},"img":{"alt_text":"","src":"https:\/\/i0.wp.com\/kotrla.com\/pmpro\/wp-content\/uploads\/2025\/12\/urzon_IMGP0700-150x150.jpg?resize=350%2C200&ssl=1","width":350,"height":200,"srcset":"https:\/\/i0.wp.com\/kotrla.com\/pmpro\/wp-content\/uploads\/2025\/12\/urzon_IMGP0700-150x150.jpg?resize=350%2C200&ssl=1 1x, https:\/\/i0.wp.com\/kotrla.com\/pmpro\/wp-content\/uploads\/2025\/12\/urzon_IMGP0700-150x150.jpg?resize=525%2C300&ssl=1 1.5x, https:\/\/i0.wp.com\/kotrla.com\/pmpro\/wp-content\/uploads\/2025\/12\/urzon_IMGP0700-150x150.jpg?resize=700%2C400&ssl=1 2x, https:\/\/i0.wp.com\/kotrla.com\/pmpro\/wp-content\/uploads\/2025\/12\/urzon_IMGP0700-150x150.jpg?resize=1050%2C600&ssl=1 3x, https:\/\/i0.wp.com\/kotrla.com\/pmpro\/wp-content\/uploads\/2025\/12\/urzon_IMGP0700-150x150.jpg?resize=1400%2C800&ssl=1 4x"},"classes":[]},{"id":12426,"url":"https:\/\/kotrla.com\/pmpro\/klenov\/zdenek-lysy-nejen-mezi-nomady-2025\/","url_meta":{"origin":13043,"position":5},"title":"Zden\u011bk Lys\u00fd: Nejen mezi nom\u00e1dy (2025)","author":"Pavel Kotrla","date":"23.2.2025","format":false,"excerpt":"ISBN 978-80-909228-2-2 Doporu\u010den\u00e1 cena knihy je 200 K\u010d Nejen humorn\u00e9 vzpom\u00ednky na kari\u00e9ru zv\u011brol\u00e9ka\u0159e na mal\u00e9m m\u011bst\u011b a \u0161estilet\u00fd pobyt v Al\u017e\u00edrsku, kde autor pracoval jako ter\u00e9nn\u00ed veterin\u00e1\u0159. Druh\u00e9 vyd\u00e1n\u00ed bylo roz\u0161\u00ed\u0159eno o t\u0159i nov\u00e9 pov\u00eddky. Zden\u011bk Lys\u00fd Narodil se 18. 5. 1945 ve Fren\u0161t\u00e1t\u011b pod Radho\u0161t\u011bm. Vystudoval Vysokou \u0161kolu\u2026","rel":"","context":"Podobn\u00fd p\u0159\u00edsp\u011bvek","block_context":{"text":"Podobn\u00fd p\u0159\u00edsp\u011bvek","link":""},"img":{"alt_text":"","src":"https:\/\/i0.wp.com\/kotrla.com\/pmpro\/wp-content\/uploads\/2025\/02\/zl_004_allah_tomu_chtel-150x150.jpg?resize=350%2C200&ssl=1","width":350,"height":200,"srcset":"https:\/\/i0.wp.com\/kotrla.com\/pmpro\/wp-content\/uploads\/2025\/02\/zl_004_allah_tomu_chtel-150x150.jpg?resize=350%2C200&ssl=1 1x, https:\/\/i0.wp.com\/kotrla.com\/pmpro\/wp-content\/uploads\/2025\/02\/zl_004_allah_tomu_chtel-150x150.jpg?resize=525%2C300&ssl=1 1.5x, https:\/\/i0.wp.com\/kotrla.com\/pmpro\/wp-content\/uploads\/2025\/02\/zl_004_allah_tomu_chtel-150x150.jpg?resize=700%2C400&ssl=1 2x"},"classes":[]}],"jetpack_sharing_enabled":true,"_links":{"self":[{"href":"https:\/\/kotrla.com\/pmpro\/wp-json\/wp\/v2\/pages\/13043","targetHints":{"allow":["GET"]}}],"collection":[{"href":"https:\/\/kotrla.com\/pmpro\/wp-json\/wp\/v2\/pages"}],"about":[{"href":"https:\/\/kotrla.com\/pmpro\/wp-json\/wp\/v2\/types\/page"}],"author":[{"embeddable":true,"href":"https:\/\/kotrla.com\/pmpro\/wp-json\/wp\/v2\/users\/1"}],"replies":[{"embeddable":true,"href":"https:\/\/kotrla.com\/pmpro\/wp-json\/wp\/v2\/comments?post=13043"}],"version-history":[{"count":4,"href":"https:\/\/kotrla.com\/pmpro\/wp-json\/wp\/v2\/pages\/13043\/revisions"}],"predecessor-version":[{"id":14028,"href":"https:\/\/kotrla.com\/pmpro\/wp-json\/wp\/v2\/pages\/13043\/revisions\/14028"}],"up":[{"embeddable":true,"href":"https:\/\/kotrla.com\/pmpro\/wp-json\/wp\/v2\/pages\/3997"}],"wp:attachment":[{"href":"https:\/\/kotrla.com\/pmpro\/wp-json\/wp\/v2\/media?parent=13043"}],"curies":[{"name":"wp","href":"https:\/\/api.w.org\/{rel}","templated":true}]}}