{"id":13376,"date":"2025-11-09T10:03:14","date_gmt":"2025-11-09T09:03:14","guid":{"rendered":"https:\/\/kotrla.com\/pmpro\/?page_id=13376"},"modified":"2025-12-12T08:38:42","modified_gmt":"2025-12-12T07:38:42","slug":"ondrej-hlozek-hedvika-2025","status":"publish","type":"page","link":"https:\/\/kotrla.com\/pmpro\/klenov\/ondrej-hlozek-hedvika-2025\/","title":{"rendered":"Ond\u0159ej Hlo\u017eek: Hedvika (2025)"},"content":{"rendered":"<p>ISBN 978-80-909228-7-7<\/p>\n<p>Doporu\u010den\u00e1 cena knihy je 250 K\u010d. Kniha nen\u00ed v b\u011b\u017en\u00e9 distribu\u010dn\u00ed s\u00edti, lze si ji v\u0161ak\u00a0<a href=\"https:\/\/kotrla.com\/pmpro\/objednavka-knih\/\">OBJEDNAT<\/a> zde nebo u <a href=\"https:\/\/ondrej-hlozek.webnode.cz\">autora<\/a>.<\/p>\n<figure id=\"attachment_13513\" aria-describedby=\"caption-attachment-13513\" style=\"width: 1116px\" class=\"wp-caption alignnone\"><a href=\"https:\/\/kotrla.com\/pmpro\/wp-content\/uploads\/2025\/11\/ondrej_hlozek_hedvika_2025.jpg\"><img loading=\"lazy\" decoding=\"async\" class=\"size-full wp-image-13513\" src=\"https:\/\/kotrla.com\/pmpro\/wp-content\/uploads\/2025\/11\/ondrej_hlozek_hedvika_2025.jpg\" alt=\"\" width=\"1116\" height=\"1600\" srcset=\"https:\/\/kotrla.com\/pmpro\/wp-content\/uploads\/2025\/11\/ondrej_hlozek_hedvika_2025.jpg 1116w, https:\/\/kotrla.com\/pmpro\/wp-content\/uploads\/2025\/11\/ondrej_hlozek_hedvika_2025-209x300.jpg 209w, https:\/\/kotrla.com\/pmpro\/wp-content\/uploads\/2025\/11\/ondrej_hlozek_hedvika_2025-714x1024.jpg 714w, https:\/\/kotrla.com\/pmpro\/wp-content\/uploads\/2025\/11\/ondrej_hlozek_hedvika_2025-1071x1536.jpg 1071w\" sizes=\"auto, (max-width: 1116px) 100vw, 1116px\" \/><\/a><figcaption id=\"caption-attachment-13513\" class=\"wp-caption-text\">Ond\u0159ej Hlo\u017eek: Hedvika (Byst\u0159i\u010dka: Klenov 2025)<\/figcaption><\/figure>\n<p>B\u00e1snick\u00fd soubor <em>Hedvika<\/em> Ond\u0159eje Hlo\u017eka je nitern\u00fdm putov\u00e1n\u00edm slezskou krajinou, v n\u00ed\u017e se prol\u00edn\u00e1 duchovn\u00ed obraz svat\u00e9 Hedviky, kter\u00e1 stoj\u00ed bos\u00e1 nad opevn\u011bn\u00fdm m\u011bstem, s osobn\u00ed zku\u0161enost\u00ed, tichou meditac\u00ed i archetyp\u00e1ln\u00edm z\u00e1pasem o v\u00edru, pam\u011b\u0165 a sm\u00ed\u0159en\u00ed. Ver\u0161e jsou \u00fasporn\u00e9, \u010dasto fragment\u00e1rn\u00ed, p\u0159esto nesou silnou emotivn\u00ed a vizu\u00e1ln\u00ed s\u00edlu. Osciluj\u00ed mezi tajemstv\u00edm, smrt\u00ed, zimou a tich\u00fdm smutkem krajiny, kde se prol\u00ednaj\u00ed symboly lidsk\u00e9ho utrpen\u00ed, vyhn\u00e1n\u00ed a pok\u00e1n\u00ed. Ond\u0159ej Hlo\u017eek vytv\u00e1\u0159\u00ed b\u00e1snick\u00fd prostor, kde se setk\u00e1v\u00e1 osobn\u00ed i region\u00e1ln\u00ed historie s univerz\u00e1ln\u00edmi t\u00e9maty lidsk\u00e9ho byt\u00ed. Je zamy\u0161len\u00edm nad m\u00edstem \u010dlov\u011bka ve sv\u011bt\u011b a jeho vztahu k minulosti i p\u0159\u00edtomnosti. <em>Hedvika<\/em> je poezi\u00ed rozj\u00edm\u00e1n\u00ed, ticha a n\u00e1vrat\u016f.<\/p>\n<div id='gallery-1' class='gallery galleryid-13376 gallery-columns-3 gallery-size-thumbnail'><figure class='gallery-item'>\n\t\t\t<div class='gallery-icon portrait'>\n\t\t\t\t<a href='https:\/\/kotrla.com\/pmpro\/hedvika_04\/'><img loading=\"lazy\" decoding=\"async\" width=\"150\" height=\"150\" src=\"https:\/\/kotrla.com\/pmpro\/wp-content\/uploads\/2025\/11\/hedvika_04-150x150.jpg\" class=\"attachment-thumbnail size-thumbnail\" alt=\"\" \/><\/a>\n\t\t\t<\/div><\/figure><figure class='gallery-item'>\n\t\t\t<div class='gallery-icon portrait'>\n\t\t\t\t<a href='https:\/\/kotrla.com\/pmpro\/hedvika_02\/'><img loading=\"lazy\" decoding=\"async\" width=\"150\" height=\"150\" src=\"https:\/\/kotrla.com\/pmpro\/wp-content\/uploads\/2025\/11\/hedvika_02-150x150.jpg\" class=\"attachment-thumbnail size-thumbnail\" alt=\"\" \/><\/a>\n\t\t\t<\/div><\/figure><figure class='gallery-item'>\n\t\t\t<div class='gallery-icon portrait'>\n\t\t\t\t<a href='https:\/\/kotrla.com\/pmpro\/hedvika_10\/'><img loading=\"lazy\" decoding=\"async\" width=\"150\" height=\"150\" src=\"https:\/\/kotrla.com\/pmpro\/wp-content\/uploads\/2025\/11\/hedvika_10-150x150.jpg\" class=\"attachment-thumbnail size-thumbnail\" alt=\"\" \/><\/a>\n\t\t\t<\/div><\/figure><figure class='gallery-item'>\n\t\t\t<div class='gallery-icon portrait'>\n\t\t\t\t<a href='https:\/\/kotrla.com\/pmpro\/hedvika_9\/'><img loading=\"lazy\" decoding=\"async\" width=\"150\" height=\"150\" src=\"https:\/\/kotrla.com\/pmpro\/wp-content\/uploads\/2025\/11\/hedvika_9-150x150.jpg\" class=\"attachment-thumbnail size-thumbnail\" alt=\"\" \/><\/a>\n\t\t\t<\/div><\/figure><figure class='gallery-item'>\n\t\t\t<div class='gallery-icon portrait'>\n\t\t\t\t<a href='https:\/\/kotrla.com\/pmpro\/hedvika_23\/'><img loading=\"lazy\" decoding=\"async\" width=\"150\" height=\"150\" src=\"https:\/\/kotrla.com\/pmpro\/wp-content\/uploads\/2025\/11\/hedvika_23-150x150.jpg\" class=\"attachment-thumbnail size-thumbnail\" alt=\"\" \/><\/a>\n\t\t\t<\/div><\/figure><figure class='gallery-item'>\n\t\t\t<div class='gallery-icon portrait'>\n\t\t\t\t<a href='https:\/\/kotrla.com\/pmpro\/hedvika_12\/'><img loading=\"lazy\" decoding=\"async\" width=\"150\" height=\"150\" src=\"https:\/\/kotrla.com\/pmpro\/wp-content\/uploads\/2025\/11\/hedvika_12-150x150.jpg\" class=\"attachment-thumbnail size-thumbnail\" alt=\"\" \/><\/a>\n\t\t\t<\/div><\/figure>\n\t\t<\/div>\n\n<figure id=\"attachment_13378\" aria-describedby=\"caption-attachment-13378\" style=\"width: 200px\" class=\"wp-caption alignnone\"><a href=\"https:\/\/kotrla.com\/pmpro\/wp-content\/uploads\/2025\/10\/ondrej_hlozek.jpg\"><img loading=\"lazy\" decoding=\"async\" class=\"wp-image-13378 size-medium\" src=\"https:\/\/kotrla.com\/pmpro\/wp-content\/uploads\/2025\/10\/ondrej_hlozek-200x300.jpg\" alt=\"Ond\u0159ej Hlo\u017eek\" width=\"200\" height=\"300\" srcset=\"https:\/\/kotrla.com\/pmpro\/wp-content\/uploads\/2025\/10\/ondrej_hlozek-200x300.jpg 200w, https:\/\/kotrla.com\/pmpro\/wp-content\/uploads\/2025\/10\/ondrej_hlozek.jpg 400w\" sizes=\"auto, (max-width: 200px) 100vw, 200px\" \/><\/a><figcaption id=\"caption-attachment-13378\" class=\"wp-caption-text\">Ond\u0159ej Hlo\u017eek<\/figcaption><\/figure>\n<p><strong>Ond\u0159ej Hlo\u017eek<\/strong><br \/>\nNarodil se 17. 3. 1986 v\u00a0Opav\u011b.<br \/>\nB\u00e1sn\u00edk, prozaik, autor knih pro d\u011bti. V Klenov\u011b vy\u0161ly jeho knihy Ulic\u00ed Dolorosa (2017), <a href=\"https:\/\/kotrla.com\/pmpro\/2018\/04\/ondrej-hlozek-dedeckova-almara\/\">D\u011bde\u010dkova almara<\/a> (2018), <a href=\"https:\/\/kotrla.com\/pmpro\/klenov\/ondrej-hlozek-zlatenka-2020\/\">Zlat\u00e9nka<\/a> (2020), <a href=\"https:\/\/kotrla.com\/pmpro\/klenov\/ondrej-hlozek-mircevovy-oci-2021\/\">Mir\u010devovy o\u010di<\/a> (2021) a <a href=\"https:\/\/kotrla.com\/pmpro\/klenov\/ondrej-hlozek-slezsky-nonstop-2022\/\">Slezsk\u00fd nonstop<\/a> (2022). Uveden v ro\u010denk\u00e1ch Nejlep\u0161\u00ed \u010desk\u00e9 b\u00e1sn\u011b 2017 a 2018.<br \/>\n<a href=\"https:\/\/ondrej-hlozek.webnode.cz\">https:\/\/ondrej-hlozek.webnode.cz<\/a><\/p>\n<figure id=\"attachment_13379\" aria-describedby=\"caption-attachment-13379\" style=\"width: 200px\" class=\"wp-caption alignnone\"><a href=\"https:\/\/kotrla.com\/pmpro\/wp-content\/uploads\/2025\/10\/daniel_klose.jpg\"><img loading=\"lazy\" decoding=\"async\" class=\"wp-image-13379 size-medium\" src=\"https:\/\/kotrla.com\/pmpro\/wp-content\/uploads\/2025\/10\/daniel_klose-200x300.jpg\" alt=\"Daniel Klose\" width=\"200\" height=\"300\" srcset=\"https:\/\/kotrla.com\/pmpro\/wp-content\/uploads\/2025\/10\/daniel_klose-200x300.jpg 200w, https:\/\/kotrla.com\/pmpro\/wp-content\/uploads\/2025\/10\/daniel_klose.jpg 400w\" sizes=\"auto, (max-width: 200px) 100vw, 200px\" \/><\/a><figcaption id=\"caption-attachment-13379\" class=\"wp-caption-text\">Daniel Klose<\/figcaption><\/figure>\n<p><strong>Daniel Klose<\/strong><br \/>\nNarodil se 3. 9. 1973 v Opav\u011b.<br \/>\nSocha\u0159. Absolvoval St\u0159edn\u00ed um\u011bleckopr\u016fmyslovou \u0161kolu v Uhersk\u00e9m Hradi\u0161ti a obor Socha\u0159stv\u00ed u prof. akad. soch. Vladim\u00edra Precl\u00edka na FaVU v Brn\u011b. V\u011bnuje se voln\u00e9 tvorb\u011b a restaur\u00e1torstv\u00ed. Zastoupen v soukrom\u00fdch sb\u00edrk\u00e1ch v \u010cech\u00e1ch i v zahrani\u010d\u00ed.<br \/>\n<a href=\"https:\/\/atelier-daniel-klose.webnode.cz\">https:\/\/atelier-daniel-klose.webnode.cz<\/a><\/p>\n<p>&nbsp;<\/p>\n<p><strong>OND\u0158EJ HLO\u017dEK \/\/ HEDVIKA<\/strong><\/p>\n<p>Vydalo nakladatelstv\u00ed Pavel Kotrla \u2014 Klenov, Byst\u0159i\u010dka,<br \/>\nroku 2025 jako svou 28. publikaci<br \/>\nSazba p\u00edsmy BC Figural Old\u0159icha Menharta a grafick\u00e1 \u00faprava Pavel Kotrla<br \/>\nVyti\u0161t\u011bno na pap\u00edrech Pulse Laid Ivory a Munken Print Cream<br \/>\nTisk Tisk\u00e1rna Protisk s. r. o., \u010cesk\u00e9 Bud\u011bjovice<br \/>\nVyd\u00e1no v n\u00e1kladu 150 \u010d\u00edslovan\u00fdch kus\u016f a p\u011bti kus\u016f pro pot\u0159eby \u00fa\u0159edn\u00ed.<br \/>\n24 stran (pap\u00edrov\u00e9 slo\u017eky v ob\u00e1lce)<br \/>\nRozm\u011br publikace: 160\u00d7235 mm.<br \/>\nV\u0161echny kusy jsou podeps\u00e1ny autorem.<\/p>\n<div id='gallery-2' class='gallery galleryid-13376 gallery-columns-3 gallery-size-thumbnail'><figure class='gallery-item'>\n\t\t\t<div class='gallery-icon landscape'>\n\t\t\t\t<a href='https:\/\/kotrla.com\/pmpro\/ondrej-hlozek-hedvika-bystricka-klenov-2025-3\/'><img loading=\"lazy\" decoding=\"async\" width=\"150\" height=\"150\" src=\"https:\/\/kotrla.com\/pmpro\/wp-content\/uploads\/2025\/11\/ondrej_hlozek_hedvika_podepisovani_IMGP0824-150x150.jpg\" class=\"attachment-thumbnail size-thumbnail\" alt=\"\" aria-describedby=\"gallery-2-13517\" \/><\/a>\n\t\t\t<\/div>\n\t\t\t\t<figcaption class='wp-caption-text gallery-caption' id='gallery-2-13517'>\n\t\t\t\tOnd\u0159ej Hlo\u017eek: Hedvika (Byst\u0159i\u010dka: Klenov 2025)\n\t\t\t\t<\/figcaption><\/figure><figure class='gallery-item'>\n\t\t\t<div class='gallery-icon landscape'>\n\t\t\t\t<a href='https:\/\/kotrla.com\/pmpro\/ondrej-hlozek-hedvika-bystricka-klenov-2025\/'><img loading=\"lazy\" decoding=\"async\" width=\"150\" height=\"150\" src=\"https:\/\/kotrla.com\/pmpro\/wp-content\/uploads\/2025\/11\/ondrej_hlozek_hedvika_podepisovani_IMGP0820-150x150.jpg\" class=\"attachment-thumbnail size-thumbnail\" alt=\"\" aria-describedby=\"gallery-2-13515\" \/><\/a>\n\t\t\t<\/div>\n\t\t\t\t<figcaption class='wp-caption-text gallery-caption' id='gallery-2-13515'>\n\t\t\t\tOnd\u0159ej Hlo\u017eek: Hedvika (Byst\u0159i\u010dka: Klenov 2025)\n\t\t\t\t<\/figcaption><\/figure><figure class='gallery-item'>\n\t\t\t<div class='gallery-icon landscape'>\n\t\t\t\t<a href='https:\/\/kotrla.com\/pmpro\/ondrej-hlozek-hedvika-bystricka-klenov-2025-5\/'><img loading=\"lazy\" decoding=\"async\" width=\"150\" height=\"150\" src=\"https:\/\/kotrla.com\/pmpro\/wp-content\/uploads\/2025\/11\/ondrej_hlozek_hedvika_podepisovani_IMGP0927-150x150.jpg\" class=\"attachment-thumbnail size-thumbnail\" alt=\"\" aria-describedby=\"gallery-2-13519\" \/><\/a>\n\t\t\t<\/div>\n\t\t\t\t<figcaption class='wp-caption-text gallery-caption' id='gallery-2-13519'>\n\t\t\t\tOnd\u0159ej Hlo\u017eek: Hedvika (Byst\u0159i\u010dka: Klenov 2025)\n\t\t\t\t<\/figcaption><\/figure>\n\t\t<\/div>\n\n<figure id=\"attachment_13516\" aria-describedby=\"caption-attachment-13516\" style=\"width: 400px\" class=\"wp-caption aligncenter\"><a href=\"https:\/\/kotrla.com\/pmpro\/wp-content\/uploads\/2025\/11\/ondrej_hlozek_hedvika_podepisovani_IMGP0821.jpg\"><img loading=\"lazy\" decoding=\"async\" class=\"wp-image-13516\" src=\"https:\/\/kotrla.com\/pmpro\/wp-content\/uploads\/2025\/11\/ondrej_hlozek_hedvika_podepisovani_IMGP0821-683x1024.jpg\" alt=\"\" width=\"400\" height=\"600\" srcset=\"https:\/\/kotrla.com\/pmpro\/wp-content\/uploads\/2025\/11\/ondrej_hlozek_hedvika_podepisovani_IMGP0821-683x1024.jpg 683w, https:\/\/kotrla.com\/pmpro\/wp-content\/uploads\/2025\/11\/ondrej_hlozek_hedvika_podepisovani_IMGP0821-200x300.jpg 200w, https:\/\/kotrla.com\/pmpro\/wp-content\/uploads\/2025\/11\/ondrej_hlozek_hedvika_podepisovani_IMGP0821-1024x1536.jpg 1024w, https:\/\/kotrla.com\/pmpro\/wp-content\/uploads\/2025\/11\/ondrej_hlozek_hedvika_podepisovani_IMGP0821.jpg 1067w\" sizes=\"auto, (max-width: 400px) 100vw, 400px\" \/><\/a><figcaption id=\"caption-attachment-13516\" class=\"wp-caption-text\">Ond\u0159ej Hlo\u017eek<\/figcaption><\/figure>\n<p><strong>Ohlasy<\/strong><\/p>\n<ul>\n<li><a href=\"https:\/\/kotrla.com\/pmpro\/wp-content\/uploads\/2025\/12\/hedvika_reflex_20251211.pdf\">Michal \u0160anda: B\u00e1se\u0148 t\u00fddne, Reflex, 11. 12. 2025<\/a><\/li>\n<\/ul>\n","protected":false},"excerpt":{"rendered":"<p>ISBN 978-80-909228-7-7 Doporu\u010den\u00e1 cena knihy je 250 K\u010d. Kniha nen\u00ed v b\u011b\u017en\u00e9 distribu\u010dn\u00ed s\u00edti, lze si ji v\u0161ak\u00a0OBJEDNAT zde nebo u autora. B\u00e1snick\u00fd soubor Hedvika Ond\u0159eje Hlo\u017eka je nitern\u00fdm putov\u00e1n\u00edm slezskou krajinou, v n\u00ed\u017e se prol\u00edn\u00e1 duchovn\u00ed obraz svat\u00e9 Hedviky, kter\u00e1 stoj\u00ed bos\u00e1 nad opevn\u011bn\u00fdm m\u011bstem, s osobn\u00ed zku\u0161enost\u00ed, tichou meditac\u00ed i archetyp\u00e1ln\u00edm z\u00e1pasem o [&hellip;]<\/p>\n","protected":false},"author":1,"featured_media":0,"parent":3997,"menu_order":0,"comment_status":"closed","ping_status":"closed","template":"","meta":{"site-sidebar-layout":"default","site-content-layout":"","ast-site-content-layout":"default","site-content-style":"default","site-sidebar-style":"default","ast-global-header-display":"","ast-banner-title-visibility":"","ast-main-header-display":"","ast-hfb-above-header-display":"","ast-hfb-below-header-display":"","ast-hfb-mobile-header-display":"","site-post-title":"","ast-breadcrumbs-content":"","ast-featured-img":"","footer-sml-layout":"","ast-disable-related-posts":"","theme-transparent-header-meta":"default","adv-header-id-meta":"","stick-header-meta":"","header-above-stick-meta":"","header-main-stick-meta":"","header-below-stick-meta":"","astra-migrate-meta-layouts":"set","ast-page-background-enabled":"default","ast-page-background-meta":{"desktop":{"background-color":"var(--ast-global-color-5)","background-image":"","background-repeat":"repeat","background-position":"center center","background-size":"auto","background-attachment":"scroll","background-type":"","background-media":"","overlay-type":"","overlay-color":"","overlay-opacity":"","overlay-gradient":""},"tablet":{"background-color":"","background-image":"","background-repeat":"repeat","background-position":"center center","background-size":"auto","background-attachment":"scroll","background-type":"","background-media":"","overlay-type":"","overlay-color":"","overlay-opacity":"","overlay-gradient":""},"mobile":{"background-color":"","background-image":"","background-repeat":"repeat","background-position":"center center","background-size":"auto","background-attachment":"scroll","background-type":"","background-media":"","overlay-type":"","overlay-color":"","overlay-opacity":"","overlay-gradient":""}},"ast-content-background-meta":{"desktop":{"background-color":"var(--ast-global-color-4)","background-image":"","background-repeat":"repeat","background-position":"center center","background-size":"auto","background-attachment":"scroll","background-type":"","background-media":"","overlay-type":"","overlay-color":"","overlay-opacity":"","overlay-gradient":""},"tablet":{"background-color":"var(--ast-global-color-4)","background-image":"","background-repeat":"repeat","background-position":"center center","background-size":"auto","background-attachment":"scroll","background-type":"","background-media":"","overlay-type":"","overlay-color":"","overlay-opacity":"","overlay-gradient":""},"mobile":{"background-color":"var(--ast-global-color-4)","background-image":"","background-repeat":"repeat","background-position":"center center","background-size":"auto","background-attachment":"scroll","background-type":"","background-media":"","overlay-type":"","overlay-color":"","overlay-opacity":"","overlay-gradient":""}},"footnotes":""},"class_list":["post-13376","page","type-page","status-publish","hentry"],"jetpack_shortlink":"https:\/\/wp.me\/P4mLP7-3tK","jetpack-related-posts":[{"id":3997,"url":"https:\/\/kotrla.com\/pmpro\/klenov\/","url_meta":{"origin":13376,"position":0},"title":"Nakladatelstv\u00ed Klenov","author":"Pavel Kotrla","date":"1.12.2018","format":false,"excerpt":"Klenov \u2013 jednomu\u017en\u00e9 nakladatelstv\u00ed Pavla Kotrly. Knihy jsou v distribuci Kosmas a Pemic, m\u016f\u017eete zakoupit nap\u0159\u00edklad v s\u00edti prodejen\u00a0Martinus,\u00a0Dobrovsk\u00fd nebo jin\u00fdch.\u00a0Bibliofilie Synonymum krajina, Pot\u00ed\u017ee se \u017eenami, Hedvika a Jak Urzon obelstil Kojota nejsou v b\u011b\u017en\u00e9 distribuci, pro objedn\u00e1vku pou\u017eijte pros\u00edm tento formul\u00e1\u0159. Ten m\u016f\u017eete vyu\u017e\u00edt i pro objedn\u00e1vku dal\u0161\u00edch knih\u2026","rel":"","context":"Podobn\u00fd p\u0159\u00edsp\u011bvek","block_context":{"text":"Podobn\u00fd p\u0159\u00edsp\u011bvek","link":""},"img":{"alt_text":"","src":"https:\/\/i0.wp.com\/kotrla.com\/pmpro\/wp-content\/uploads\/2023\/03\/nakladatelstvi_klenov_logo_bw_small.png?resize=350%2C200&ssl=1","width":350,"height":200},"classes":[]},{"id":6738,"url":"https:\/\/kotrla.com\/pmpro\/klenov\/ondrej-hlozek-zlatenka-2020\/","url_meta":{"origin":13376,"position":1},"title":"Ond\u0159ej Hlo\u017eek: Zlat\u00e9nka (2020)","author":"Pavel Kotrla","date":"14.8.2020","format":false,"excerpt":"ISBN 978-80-905649-8-5 Ond\u0159ej Hlo\u017eek (* 1986) je b\u00e1sn\u00edk, liter\u00e1rn\u00ed kritik, po\u0159adatel kulturn\u00edch akc\u00ed. Poch\u00e1z\u00ed z Opavy, kde vystudoval \u010deskou literaturu na Slezsk\u00e9 univerzit\u011b. Vydal p\u011bt b\u00e1snick\u00fdch knih: T\u00ed\u017einy (2011), Dom\u016f (2013), Ulic\u00ed Dolorosa (2017), Te\u010f (2017), \u0158ez kamenem (2019). Jeho texty byly p\u0159elo\u017eeny a publikov\u00e1ny do n\u011bkolika evropsk\u00fdch jazyk\u016f. Je\u2026","rel":"","context":"Podobn\u00fd p\u0159\u00edsp\u011bvek","block_context":{"text":"Podobn\u00fd p\u0159\u00edsp\u011bvek","link":""},"img":{"alt_text":"Ond\u0159ej Hlo\u017eek: Zlat\u00e9nka","src":"https:\/\/i0.wp.com\/kotrla.com\/pmpro\/wp-content\/uploads\/2020\/08\/obalka_hlozek_zlatenka_obalka.jpg?resize=350%2C200&ssl=1","width":350,"height":200,"srcset":"https:\/\/i0.wp.com\/kotrla.com\/pmpro\/wp-content\/uploads\/2020\/08\/obalka_hlozek_zlatenka_obalka.jpg?resize=350%2C200&ssl=1 1x, https:\/\/i0.wp.com\/kotrla.com\/pmpro\/wp-content\/uploads\/2020\/08\/obalka_hlozek_zlatenka_obalka.jpg?resize=525%2C300&ssl=1 1.5x, https:\/\/i0.wp.com\/kotrla.com\/pmpro\/wp-content\/uploads\/2020\/08\/obalka_hlozek_zlatenka_obalka.jpg?resize=700%2C400&ssl=1 2x, https:\/\/i0.wp.com\/kotrla.com\/pmpro\/wp-content\/uploads\/2020\/08\/obalka_hlozek_zlatenka_obalka.jpg?resize=1050%2C600&ssl=1 3x"},"classes":[]},{"id":8740,"url":"https:\/\/kotrla.com\/pmpro\/klenov\/ondrej-hlozek-mircevovy-oci-2021\/","url_meta":{"origin":13376,"position":2},"title":"Ond\u0159ej Hlo\u017eek: Mir\u010devovy o\u010di (2021)","author":"Pavel Kotrla","date":"7.6.2021","format":false,"excerpt":"ISBN 978-80-908127-0-3 B\u00e1snick\u00e1 skladba Ond\u0159eje Hlo\u017eka doprov\u00e1zen\u00e1 ilustracemi Mat\u011bje Lipavsk\u00e9ho. Patn\u00e1ct voln\u00fdch list\u016f v ob\u00e1lce. Ond\u0159ej Hlo\u017eek (17. b\u0159ezna 1986, Opava) B\u00e1sn\u00edk, po\u0159adatel kulturn\u00edch akc\u00ed a liter\u00e1rn\u00ed kritik. Poch\u00e1z\u00ed z Opavy, kde vystudoval \u010deskou literaturu na Slezsk\u00e9 univerzit\u011b. Vydal \u0161est b\u00e1snick\u00fdch knih: T\u00ed\u017einy (2011), Dom\u016f (2013), Ulic\u00ed Dolorosa (2017), Te\u010f\u2026","rel":"","context":"Podobn\u00fd p\u0159\u00edsp\u011bvek","block_context":{"text":"Podobn\u00fd p\u0159\u00edsp\u011bvek","link":""},"img":{"alt_text":"Ond\u0159ej Hlo\u017eek: Mir\u010devovy o\u010di (2021)","src":"https:\/\/i0.wp.com\/kotrla.com\/pmpro\/wp-content\/uploads\/2021\/06\/ondrej_hlozek_mircevovy_oci_obalka.jpg?resize=350%2C200&ssl=1","width":350,"height":200,"srcset":"https:\/\/i0.wp.com\/kotrla.com\/pmpro\/wp-content\/uploads\/2021\/06\/ondrej_hlozek_mircevovy_oci_obalka.jpg?resize=350%2C200&ssl=1 1x, https:\/\/i0.wp.com\/kotrla.com\/pmpro\/wp-content\/uploads\/2021\/06\/ondrej_hlozek_mircevovy_oci_obalka.jpg?resize=525%2C300&ssl=1 1.5x, https:\/\/i0.wp.com\/kotrla.com\/pmpro\/wp-content\/uploads\/2021\/06\/ondrej_hlozek_mircevovy_oci_obalka.jpg?resize=700%2C400&ssl=1 2x"},"classes":[]},{"id":9562,"url":"https:\/\/kotrla.com\/pmpro\/klenov\/ondrej-hlozek-slezsky-nonstop-2022\/","url_meta":{"origin":13376,"position":3},"title":"Ond\u0159ej Hlo\u017eek: Slezsk\u00fd nonstop (2022)","author":"Pavel Kotrla","date":"16.5.2022","format":false,"excerpt":"ISBN: 978-80-908127-4-1 MASARYKOVA T\u0158\u00cdDA 334\/20 J\u00edcen chodby rozdrolen\u00fd jako kus j\u00edlu V d\u00ed\u0159e po hasi\u010d\u00e1ku se ka\u017ed\u00fd den zelen\u00e1 um\u011bl\u00fd filodendron V teracov\u00e9m schodu zatlu\u010den\u00fd h\u0159eb\u00edk Roky n\u011bm\u00e9 st\u011bny roz\u0161t\u011bkal pes Naho\u0159e tu\u0161en\u00ed nebe ot\u0159\u00edskan\u00fdm sv\u011btl\u00edkem hrne se de\u0161\u0165ov\u00e1 voda Senzory cvakaj\u00ed a nachyt\u00e1vaj\u00ed n\u00e1s p\u0159i pohybu Nikdo nezamet\u00e1 \u00a0\u2026","rel":"","context":"Podobn\u00fd p\u0159\u00edsp\u011bvek","block_context":{"text":"Podobn\u00fd p\u0159\u00edsp\u011bvek","link":""},"img":{"alt_text":"Ond\u0159ej Hlo\u017eek (foto Al\u017eb\u011bta Lu\u0148\u00e1\u010dkov\u00e1)","src":"https:\/\/i0.wp.com\/kotrla.com\/pmpro\/wp-content\/uploads\/2022\/04\/oh.jpg?resize=350%2C200&ssl=1","width":350,"height":200,"srcset":"https:\/\/i0.wp.com\/kotrla.com\/pmpro\/wp-content\/uploads\/2022\/04\/oh.jpg?resize=350%2C200&ssl=1 1x, https:\/\/i0.wp.com\/kotrla.com\/pmpro\/wp-content\/uploads\/2022\/04\/oh.jpg?resize=525%2C300&ssl=1 1.5x, https:\/\/i0.wp.com\/kotrla.com\/pmpro\/wp-content\/uploads\/2022\/04\/oh.jpg?resize=700%2C400&ssl=1 2x, https:\/\/i0.wp.com\/kotrla.com\/pmpro\/wp-content\/uploads\/2022\/04\/oh.jpg?resize=1050%2C600&ssl=1 3x"},"classes":[]},{"id":11520,"url":"https:\/\/kotrla.com\/pmpro\/objednavka-knih\/","url_meta":{"origin":13376,"position":4},"title":"Objedn\u00e1vka","author":"Pavel Kotrla","date":"25.4.2024","format":false,"excerpt":"Zde si m\u016f\u017eete objednat bibliofilie nakladatelstv\u00ed Klenov (Synonymum krajina, Pot\u00ed\u017ee se \u017eenami, Hedvika nebo Jak Urzon p\u0159elstil Kojota), kter\u00e9 nejsou v b\u011b\u017en\u00e9 distribuci, ale i dal\u0161\u00ed tituly. Cena knihy Synonymum krajina je 300 K\u010d Cena knihy Pot\u00ed\u017ee se \u017eenami je 600 K\u010d Cena knihy Hedvika je 250 K\u010d. Cena knihy\u2026","rel":"","context":"Podobn\u00fd p\u0159\u00edsp\u011bvek","block_context":{"text":"Podobn\u00fd p\u0159\u00edsp\u011bvek","link":""},"img":{"alt_text":"","src":"https:\/\/i0.wp.com\/kotrla.com\/pmpro\/wp-content\/uploads\/2025\/12\/qr_ucet.png?resize=350%2C200&ssl=1","width":350,"height":200},"classes":[]},{"id":7059,"url":"https:\/\/kotrla.com\/pmpro\/klenov\/alzbeta-johanka-petrova-a-katerina-sysova-zastaveni-2021\/","url_meta":{"origin":13376,"position":5},"title":"Al\u017eb\u011bta Johanka Petrov\u00e1 a Kate\u0159ina S\u00fdsov\u00e1: Zastaveni (2021)","author":"Pavel Kotrla","date":"9.2.2021","format":false,"excerpt":"ISBN 978-80-905649-9-2 B\u00e1snicko-fotografick\u00e1 skladba Zastaveni je kni\u017en\u00ed debut autorek Al\u017eb\u011bty Johanky Petrov\u00e9 a Kate\u0159iny S\u00fdsov\u00e9, kter\u00fd p\u0159edstavuje um\u011bleckou reflexi sou\u010dasnosti. Al\u017eb\u011bta Johanka Petrov\u00e1 (1993) se narodila ve\u00a0Vla\u0161imi. Vystudovala divadeln\u00ed dramaturgii a\u00a0audiovizu\u00e1ln\u00ed tvorbu v\u00a0Opav\u011b. Pracovala jako re\u017eis\u00e9rka, dramaturgyn\u011b a\u00a0pedago\u017eka. Autorka dramatick\u00fdch text\u016f a\u00a0b\u00e1sn\u00ed. Nov\u011b je pr\u016fvodkyn\u00ed mal\u00e9 Odety. Instagram: @alzbeta.johanka Kate\u0159ina\u2026","rel":"","context":"Podobn\u00fd p\u0159\u00edsp\u011bvek","block_context":{"text":"Podobn\u00fd p\u0159\u00edsp\u011bvek","link":""},"img":{"alt_text":"Al\u017eb\u011bta Johanka Petrov\u00e1\u2002\/\u2002Kate\u0159ina S\u00fdsov\u00e1: Zastaveni (s. 28-29)","src":"https:\/\/i0.wp.com\/kotrla.com\/pmpro\/wp-content\/uploads\/2021\/02\/zastaveni_28_29.jpg?resize=350%2C200&ssl=1","width":350,"height":200,"srcset":"https:\/\/i0.wp.com\/kotrla.com\/pmpro\/wp-content\/uploads\/2021\/02\/zastaveni_28_29.jpg?resize=350%2C200&ssl=1 1x, https:\/\/i0.wp.com\/kotrla.com\/pmpro\/wp-content\/uploads\/2021\/02\/zastaveni_28_29.jpg?resize=525%2C300&ssl=1 1.5x, https:\/\/i0.wp.com\/kotrla.com\/pmpro\/wp-content\/uploads\/2021\/02\/zastaveni_28_29.jpg?resize=700%2C400&ssl=1 2x, https:\/\/i0.wp.com\/kotrla.com\/pmpro\/wp-content\/uploads\/2021\/02\/zastaveni_28_29.jpg?resize=1050%2C600&ssl=1 3x, https:\/\/i0.wp.com\/kotrla.com\/pmpro\/wp-content\/uploads\/2021\/02\/zastaveni_28_29.jpg?resize=1400%2C800&ssl=1 4x"},"classes":[]}],"jetpack_sharing_enabled":true,"_links":{"self":[{"href":"https:\/\/kotrla.com\/pmpro\/wp-json\/wp\/v2\/pages\/13376","targetHints":{"allow":["GET"]}}],"collection":[{"href":"https:\/\/kotrla.com\/pmpro\/wp-json\/wp\/v2\/pages"}],"about":[{"href":"https:\/\/kotrla.com\/pmpro\/wp-json\/wp\/v2\/types\/page"}],"author":[{"embeddable":true,"href":"https:\/\/kotrla.com\/pmpro\/wp-json\/wp\/v2\/users\/1"}],"replies":[{"embeddable":true,"href":"https:\/\/kotrla.com\/pmpro\/wp-json\/wp\/v2\/comments?post=13376"}],"version-history":[{"count":12,"href":"https:\/\/kotrla.com\/pmpro\/wp-json\/wp\/v2\/pages\/13376\/revisions"}],"predecessor-version":[{"id":13788,"href":"https:\/\/kotrla.com\/pmpro\/wp-json\/wp\/v2\/pages\/13376\/revisions\/13788"}],"up":[{"embeddable":true,"href":"https:\/\/kotrla.com\/pmpro\/wp-json\/wp\/v2\/pages\/3997"}],"wp:attachment":[{"href":"https:\/\/kotrla.com\/pmpro\/wp-json\/wp\/v2\/media?parent=13376"}],"curies":[{"name":"wp","href":"https:\/\/api.w.org\/{rel}","templated":true}]}}