{"id":13384,"date":"2025-11-05T17:59:35","date_gmt":"2025-11-05T16:59:35","guid":{"rendered":"https:\/\/kotrla.com\/pmpro\/?page_id=13384"},"modified":"2026-04-24T06:49:00","modified_gmt":"2026-04-24T05:49:00","slug":"miroslav-cerny-sentimentalni-pijaci-2025","status":"publish","type":"page","link":"https:\/\/kotrla.com\/pmpro\/klenov\/miroslav-cerny-sentimentalni-pijaci-2025\/","title":{"rendered":"Miroslav \u010cern\u00fd: Sentiment\u00e1ln\u00ed pij\u00e1ci (2025)"},"content":{"rendered":"<p>ISBN 978-80-909228-6-0<\/p>\n<p>Doporu\u010den\u00e1 cena knihy je 180 K\u010d<\/p>\n<figure id=\"attachment_13390\" aria-describedby=\"caption-attachment-13390\" style=\"width: 1010px\" class=\"wp-caption alignnone\"><a href=\"https:\/\/kotrla.com\/pmpro\/wp-content\/uploads\/2025\/10\/miroslav_cerny_sentimentalni_pijaci_2025.jpg\"><img loading=\"lazy\" decoding=\"async\" class=\"size-full wp-image-13390\" src=\"https:\/\/kotrla.com\/pmpro\/wp-content\/uploads\/2025\/10\/miroslav_cerny_sentimentalni_pijaci_2025.jpg\" alt=\"\" width=\"1010\" height=\"1600\" srcset=\"https:\/\/kotrla.com\/pmpro\/wp-content\/uploads\/2025\/10\/miroslav_cerny_sentimentalni_pijaci_2025.jpg 1010w, https:\/\/kotrla.com\/pmpro\/wp-content\/uploads\/2025\/10\/miroslav_cerny_sentimentalni_pijaci_2025-189x300.jpg 189w, https:\/\/kotrla.com\/pmpro\/wp-content\/uploads\/2025\/10\/miroslav_cerny_sentimentalni_pijaci_2025-646x1024.jpg 646w, https:\/\/kotrla.com\/pmpro\/wp-content\/uploads\/2025\/10\/miroslav_cerny_sentimentalni_pijaci_2025-970x1536.jpg 970w\" sizes=\"auto, (max-width: 1010px) 100vw, 1010px\" \/><\/a><figcaption id=\"caption-attachment-13390\" class=\"wp-caption-text\">Miroslav \u010cern\u00fd: Sentiment\u00e1ln\u00ed pij\u00e1ci (Byst\u0159i\u010dka: Klenov 2025)<\/figcaption><\/figure>\n<div id='gallery-1' class='gallery galleryid-13384 gallery-columns-4 gallery-size-thumbnail'><figure class='gallery-item'>\n\t\t\t<div class='gallery-icon portrait'>\n\t\t\t\t<a href='https:\/\/kotrla.com\/pmpro\/cerny_sentimentalni_pijaci_57\/'><img loading=\"lazy\" decoding=\"async\" width=\"150\" height=\"150\" src=\"https:\/\/kotrla.com\/pmpro\/wp-content\/uploads\/2025\/11\/cerny_sentimentalni_pijaci_57-150x150.jpg\" class=\"attachment-thumbnail size-thumbnail\" alt=\"\" \/><\/a>\n\t\t\t<\/div><\/figure><figure class='gallery-item'>\n\t\t\t<div class='gallery-icon portrait'>\n\t\t\t\t<a href='https:\/\/kotrla.com\/pmpro\/cerny_sentimentalni_pijaci_48\/'><img loading=\"lazy\" decoding=\"async\" width=\"150\" height=\"150\" src=\"https:\/\/kotrla.com\/pmpro\/wp-content\/uploads\/2025\/11\/cerny_sentimentalni_pijaci_48-150x150.jpg\" class=\"attachment-thumbnail size-thumbnail\" alt=\"\" \/><\/a>\n\t\t\t<\/div><\/figure><figure class='gallery-item'>\n\t\t\t<div class='gallery-icon portrait'>\n\t\t\t\t<a href='https:\/\/kotrla.com\/pmpro\/cerny_sentimentalni_pijaci_07\/'><img loading=\"lazy\" decoding=\"async\" width=\"150\" height=\"150\" src=\"https:\/\/kotrla.com\/pmpro\/wp-content\/uploads\/2025\/11\/cerny_sentimentalni_pijaci_07-150x150.jpg\" class=\"attachment-thumbnail size-thumbnail\" alt=\"\" \/><\/a>\n\t\t\t<\/div><\/figure><figure class='gallery-item'>\n\t\t\t<div class='gallery-icon portrait'>\n\t\t\t\t<a href='https:\/\/kotrla.com\/pmpro\/cerny_sentimentalni_pijaci_41\/'><img loading=\"lazy\" decoding=\"async\" width=\"150\" height=\"150\" src=\"https:\/\/kotrla.com\/pmpro\/wp-content\/uploads\/2025\/11\/cerny_sentimentalni_pijaci_41-150x150.jpg\" class=\"attachment-thumbnail size-thumbnail\" alt=\"\" \/><\/a>\n\t\t\t<\/div><\/figure>\n\t\t<\/div>\n\n<p><strong>Doslov<\/strong><\/p>\n<p>Kdo \u010detl p\u0159edchoz\u00ed sb\u00edrku pov\u00eddek a b\u00e1sn\u00ed Miroslava \u010cern\u00e9ho <a href=\"https:\/\/kotrla.com\/pmpro\/klenov\/miroslav-cerny-moudrost-stezky-2024\/\"><em>Moudrost stezky<\/em><\/a> (2024), snadno pozn\u00e1, \u017ee jeho nov\u00e1 kniha<em> Sentiment\u00e1ln\u00ed pij\u00e1ci<\/em> na ni zjevn\u011b navazuje. Dalo by se \u0159\u00edct, \u017ee je vlastn\u011b jej\u00edm dvojn\u00edkem. Op\u011bt se potk\u00e1v\u00e1me se souborem r\u016fznorod\u00fdch text\u016f, jejich\u017e vyprav\u011b\u010dem je nej\u010dast\u011bji jak\u00fdsi Richard, o n\u011bm\u017e doposud v\u00edme, \u017ee del\u0161\u00ed \u010das pob\u00fdval ve Spojen\u00fdch st\u00e1tech, potom vystudoval anglickou filologii, pracuje na kated\u0159e anglistiky a amerikanistiky, m\u00e1 syna, cestuje po cel\u00e9m sv\u011bt\u011b a miluje p\u0159\u00edb\u011bhy ze star\u00e9ho Z\u00e1padu. N\u011bkoho napadne, \u017ee t\u011bch podobnost\u00ed s autorem je a\u017e p\u0159\u00edli\u0161.<\/p>\n<p>Byla by v\u0161ak chyba pova\u017eovat tuto knihu za autobiografickou zpov\u011b\u010f pod\u00e1vanou jako autofikci. Na to jsou za\u0159azen\u00e9 p\u0159\u00edb\u011bhy p\u0159\u00edli\u0161 rozmanit\u00e9 a zdaleka ne ka\u017ed\u00fd m\u00e1 oporu v \u017eivot\u011b autora. Tak\u00e9 vypr\u00e1v\u011bc\u00ed perspektivy se r\u016fzn\u00ed: ich-forma st\u0159\u00edd\u00e1 er-formu, vyprav\u011b\u010d n\u011bkdy jm\u00e9no m\u00e1, jindy nikoli. Co do \u017e\u00e1nrov\u00e9ho obsazen\u00ed se v textech potk\u00e1me s pov\u00eddkou, b\u00e1sn\u00ed, \u010drtou, den\u00edkov\u00fdm z\u00e1znamem i report\u00e1\u017e\u00ed, p\u0159i\u010dem\u017e hranice mezi jednotliv\u00fdmi \u017e\u00e1nry nejsou jasn\u00e9. <em>Sentiment\u00e1ln\u00ed pij\u00e1ci<\/em> tak vzd\u00e1len\u011b p\u0159ipom\u00ednaj\u00ed sb\u00edrku pov\u00eddek Kena Keseyho <em>Sk\u0159\u00ed\u0148ka s d\u00e9monem<\/em> (1986; \u010desky 1996), forma \u201epij\u00e1k\u016f\u201c je v\u0161ak zhu\u0161t\u011bn\u011bj\u0161\u00ed a osekan\u011bj\u0161\u00ed.<\/p>\n<p>Pokud bych m\u011bla definovat, co z (nov\u00e9) knihy Miroslava \u010cern\u00e9ho \u010din\u00ed navzdory t\u00e9to pestrosti funk\u010dn\u00ed celek, bylo by to nejsp\u00ed\u0161 (k\u0159ehk\u00e9) chlap\u00e1ctv\u00ed, sycen\u00e9 autorovou dobrodru\u017enou povahou. V liter\u00e1rn\u00ed tvorb\u011b Miroslava \u010cern\u00e9ho nelze nevid\u011bt p\u0159\u00edbuznost s tvorbou Hermana Melvilla, Ernesta Hemingwaye \u010di Jacka Kerouaca. Autor se k jejich odkazu hrd\u011b hl\u00e1s\u00ed, z\u00e1rove\u0148 v\u0161ak hled\u00e1 vlastn\u00ed, autentickou cestu. Jak shrnuje liter\u00e1rn\u00ed kritik Jakub Guziur v doslovu k autorov\u011b star\u0161\u00ed knize <em>Silou ps\u016f<\/em>: \u201eTradi\u010dn\u011b cesta znamen\u00e1 p\u0159erod, proto obn\u00e1\u0161\u00ed ni\u010den\u00ed i tvo\u0159en\u00ed, zapom\u00edn\u00e1n\u00ed i objevov\u00e1n\u00ed, ob\u011b\u0165 i dar. Jej\u00edm c\u00edlem je pozn\u00e1n\u00ed vlastn\u00edho j\u00e1, kter\u00e9 je (jako ka\u017ed\u00fd p\u0159irozen\u00fd jev) v neust\u00e1vaj\u00edc\u00ed prom\u011bn\u011b.\u201c<\/p>\n<p><em>Petra \u0160tajnerov\u00e1<\/em><\/p>\n<figure id=\"attachment_13389\" aria-describedby=\"caption-attachment-13389\" style=\"width: 225px\" class=\"wp-caption alignnone\"><a href=\"https:\/\/kotrla.com\/pmpro\/wp-content\/uploads\/2025\/10\/miroslav_cerny_IMGP4651.jpg\"><img loading=\"lazy\" decoding=\"async\" class=\"wp-image-13389 size-medium\" src=\"https:\/\/kotrla.com\/pmpro\/wp-content\/uploads\/2025\/10\/miroslav_cerny_IMGP4651-225x300.jpg\" alt=\"\" width=\"225\" height=\"300\" srcset=\"https:\/\/kotrla.com\/pmpro\/wp-content\/uploads\/2025\/10\/miroslav_cerny_IMGP4651-225x300.jpg 225w, https:\/\/kotrla.com\/pmpro\/wp-content\/uploads\/2025\/10\/miroslav_cerny_IMGP4651-768x1024.jpg 768w, https:\/\/kotrla.com\/pmpro\/wp-content\/uploads\/2025\/10\/miroslav_cerny_IMGP4651-1152x1536.jpg 1152w, https:\/\/kotrla.com\/pmpro\/wp-content\/uploads\/2025\/10\/miroslav_cerny_IMGP4651.jpg 1200w\" sizes=\"auto, (max-width: 225px) 100vw, 225px\" \/><\/a><figcaption id=\"caption-attachment-13389\" class=\"wp-caption-text\">Miroslav \u010cern\u00fd<br \/>(foto Pavel Kotrla)<\/figcaption><\/figure>\n<p><strong>Miroslav \u010cern\u00fd<\/strong><br \/>\nNarodil se 22.\u00a0kv\u011btna\u00a01977.<br \/>\nP\u0159edn\u00e1\u0161\u00ed anglistiku a\u00a0amerikanistiku na\u00a0Ostravsk\u00e9 univerzit\u011b. Je autorem t\u0159iceti t\u0159\u00ed knih r\u016fzn\u00fdch \u017e\u00e1nr\u016f: b\u00e1snick\u00fdmi sb\u00edrkami po\u010d\u00ednaje a\u00a0v\u011bdeck\u00fdmi monografiemi kon\u010de. Hojn\u011b cestuje do\u00a0m\u00e1lo nav\u0161t\u011bvovan\u00fdch oblast\u00ed planety a\u00a0mapuje tam ohro\u017een\u00e9 jazyky a\u00a0kultury. P\u0159ekl\u00e1d\u00e1 indi\u00e1nskou slovesnost, studuje japonsk\u00fd \u0161erm. V\u00a0nakladatelstv\u00ed Klenov vydal sb\u00edrku pov\u00eddek a\u00a0jin\u00fdch text\u016f <a href=\"https:\/\/kotrla.com\/pmpro\/klenov\/miroslav-cerny-moudrost-stezky-2024\/\">Moudrost stezky<\/a> (2024). Ve\u00a0voln\u00e9m \u010dase pije skotskou whisky, poslouch\u00e1 desky texask\u00fdch p\u00edsni\u010dk\u00e1\u0159\u016f a\u00a0pt\u00e1\u010dka\u0159\u00ed.<\/p>\n<p><strong>O autorovi<\/strong><\/p>\n<ul>\n<li><a href=\"https:\/\/cernymiroslav.cz\">Osobn\u00ed str\u00e1nky autora<\/a><\/li>\n<li><a href=\"https:\/\/cs.wikipedia.org\/wiki\/Miroslav_%C4%8Cern%C3%BD_(amerikanista)\">Heslo na Wikipedii<\/a><\/li>\n<li><a href=\"https:\/\/ff.osu.cz\/kaa\/miroslav-cerny\/2229\/\">Profil na str\u00e1nk\u00e1ch\u00a0Katedry anglistiky a amerikanistiky Ostravsk\u00e9 univerzity<\/a><\/li>\n<li><a href=\"https:\/\/www.databazeknih.cz\/autori\/miroslav-cerny-33873\">Profil na str\u00e1nk\u00e1ch Datab\u00e1ze knih<\/a><\/li>\n<\/ul>\n<p><strong>MIROSLAV \u010cERN\u00dd\u2002\/\/\u2002SENTIMENT\u00c1LN\u00cd PIJ\u00c1CI<\/strong><\/p>\n<p>Vydalo nakladatelstv\u00ed Pavel Kotrla \u2013 klenov, Byst\u0159i\u010dka,<br \/>\nroku 2025 jako svou 27. publikaci<br \/>\nRedakce a jazykov\u00e1 korektura Martin Luk\u00e1\u0161<br \/>\nFoto autora, sazba p\u00edsmem Permian Serif<br \/>\na grafick\u00e1 \u00faprava Pavel Kotrla<br \/>\nVyd\u00e1n\u00ed prvn\u00ed, n\u00e1klad 300 kus\u016f<br \/>\nTisk PROTISK s.\u2009r.\u2009o., \u010cesk\u00e9 Bud\u011bjovice<br \/>\n68 stran<br \/>\nRozm\u011br publikace: 120\u00d7190 mm.<\/p>\n<p>Ob\u00e1lka knihy je vyti\u0161t\u011bna na pap\u00edru Favini Twill Grey, vnit\u0159n\u00ed blok na pap\u00edru Holmen Book.<\/p>\n<p><strong>Ohlasy:<\/strong><\/p>\n<ul>\n<li><a href=\"https:\/\/www.ostravan.cz\/95893\/sentimentalni-pijaci-miroslava-cerneho-jsou-ctenarskou-degustaci-ktera-navazuje-na-moudrost-stezky\/\">Jana Jochim: Sentiment\u00e1ln\u00ed pij\u00e1ci Miroslava \u010cern\u00e9ho jsou \u010dten\u00e1\u0159skou degustac\u00ed, kter\u00e1 navazuje na Moudrost stezky, Ostravan 19. 2. 2026<\/a><\/li>\n<\/ul>\n","protected":false},"excerpt":{"rendered":"<p>ISBN 978-80-909228-6-0 Doporu\u010den\u00e1 cena knihy je 180 K\u010d Doslov Kdo \u010detl p\u0159edchoz\u00ed sb\u00edrku pov\u00eddek a b\u00e1sn\u00ed Miroslava \u010cern\u00e9ho Moudrost stezky (2024), snadno pozn\u00e1, \u017ee jeho nov\u00e1 kniha Sentiment\u00e1ln\u00ed pij\u00e1ci na ni zjevn\u011b navazuje. Dalo by se \u0159\u00edct, \u017ee je vlastn\u011b jej\u00edm dvojn\u00edkem. Op\u011bt se potk\u00e1v\u00e1me se souborem r\u016fznorod\u00fdch text\u016f, jejich\u017e vyprav\u011b\u010dem je nej\u010dast\u011bji jak\u00fdsi Richard, [&hellip;]<\/p>\n","protected":false},"author":1,"featured_media":0,"parent":3997,"menu_order":0,"comment_status":"closed","ping_status":"closed","template":"","meta":{"site-sidebar-layout":"default","site-content-layout":"","ast-site-content-layout":"default","site-content-style":"default","site-sidebar-style":"default","ast-global-header-display":"","ast-banner-title-visibility":"","ast-main-header-display":"","ast-hfb-above-header-display":"","ast-hfb-below-header-display":"","ast-hfb-mobile-header-display":"","site-post-title":"","ast-breadcrumbs-content":"","ast-featured-img":"","footer-sml-layout":"","ast-disable-related-posts":"","theme-transparent-header-meta":"default","adv-header-id-meta":"","stick-header-meta":"","header-above-stick-meta":"","header-main-stick-meta":"","header-below-stick-meta":"","astra-migrate-meta-layouts":"set","ast-page-background-enabled":"default","ast-page-background-meta":{"desktop":{"background-color":"var(--ast-global-color-5)","background-image":"","background-repeat":"repeat","background-position":"center center","background-size":"auto","background-attachment":"scroll","background-type":"","background-media":"","overlay-type":"","overlay-color":"","overlay-opacity":"","overlay-gradient":""},"tablet":{"background-color":"","background-image":"","background-repeat":"repeat","background-position":"center center","background-size":"auto","background-attachment":"scroll","background-type":"","background-media":"","overlay-type":"","overlay-color":"","overlay-opacity":"","overlay-gradient":""},"mobile":{"background-color":"","background-image":"","background-repeat":"repeat","background-position":"center center","background-size":"auto","background-attachment":"scroll","background-type":"","background-media":"","overlay-type":"","overlay-color":"","overlay-opacity":"","overlay-gradient":""}},"ast-content-background-meta":{"desktop":{"background-color":"var(--ast-global-color-4)","background-image":"","background-repeat":"repeat","background-position":"center center","background-size":"auto","background-attachment":"scroll","background-type":"","background-media":"","overlay-type":"","overlay-color":"","overlay-opacity":"","overlay-gradient":""},"tablet":{"background-color":"var(--ast-global-color-4)","background-image":"","background-repeat":"repeat","background-position":"center center","background-size":"auto","background-attachment":"scroll","background-type":"","background-media":"","overlay-type":"","overlay-color":"","overlay-opacity":"","overlay-gradient":""},"mobile":{"background-color":"var(--ast-global-color-4)","background-image":"","background-repeat":"repeat","background-position":"center center","background-size":"auto","background-attachment":"scroll","background-type":"","background-media":"","overlay-type":"","overlay-color":"","overlay-opacity":"","overlay-gradient":""}},"footnotes":""},"class_list":["post-13384","page","type-page","status-publish","hentry"],"jetpack_shortlink":"https:\/\/wp.me\/P4mLP7-3tS","jetpack-related-posts":[{"id":14216,"url":"https:\/\/kotrla.com\/pmpro\/klenov\/miroslav-cerny-finisterre-2026\/","url_meta":{"origin":13384,"position":0},"title":"Miroslav \u010cern\u00fd: Finisterre (2026)","author":"Pavel Kotrla","date":"9.5.2026","format":false,"excerpt":"ISBN 978-80-88531-01-2 Doporu\u010den\u00e1 cena knihy je 180 K\u010d Finisterre je podobn\u011b jako jej\u00ed dv\u011b p\u0159edch\u016fdkyn\u011b (Moudrost stezky a Sentiment\u00e1ln\u00ed pij\u00e1ci), vydan\u00e9 rovn\u011b\u017e v\u00a0nakladatelstv\u00ed Klenov, souborem m\u011b\u0148av\u00fdch text\u016f, souborem \u017e\u00e1nrov\u011b pestr\u00fdm a v\u00a0nejlep\u0161\u00edm smyslu toho slova eklektick\u00fdm. \u010cern\u00fd v\u00a0n\u011bm p\u0159in\u00e1\u0161\u00ed strhuj\u00edc\u00ed vypr\u00e1v\u011bn\u00ed o putov\u00e1n\u00ed planetou. Od prvn\u00ed str\u00e1nky je v\u0161ak z\u0159ejm\u00e9,\u2026","rel":"","context":"Podobn\u00fd p\u0159\u00edsp\u011bvek","block_context":{"text":"Podobn\u00fd p\u0159\u00edsp\u011bvek","link":""},"img":{"alt_text":"","src":"https:\/\/i0.wp.com\/kotrla.com\/pmpro\/wp-content\/uploads\/2026\/05\/cerny_finisterrre_8-150x150.jpg?resize=350%2C200&ssl=1","width":350,"height":200,"srcset":"https:\/\/i0.wp.com\/kotrla.com\/pmpro\/wp-content\/uploads\/2026\/05\/cerny_finisterrre_8-150x150.jpg?resize=350%2C200&ssl=1 1x, https:\/\/i0.wp.com\/kotrla.com\/pmpro\/wp-content\/uploads\/2026\/05\/cerny_finisterrre_8-150x150.jpg?resize=525%2C300&ssl=1 1.5x, https:\/\/i0.wp.com\/kotrla.com\/pmpro\/wp-content\/uploads\/2026\/05\/cerny_finisterrre_8-150x150.jpg?resize=700%2C400&ssl=1 2x, https:\/\/i0.wp.com\/kotrla.com\/pmpro\/wp-content\/uploads\/2026\/05\/cerny_finisterrre_8-150x150.jpg?resize=1050%2C600&ssl=1 3x"},"classes":[]},{"id":3997,"url":"https:\/\/kotrla.com\/pmpro\/klenov\/","url_meta":{"origin":13384,"position":1},"title":"Nakladatelstv\u00ed Klenov","author":"Pavel Kotrla","date":"1.12.2018","format":false,"excerpt":"Klenov \u2013 jednomu\u017en\u00e9 nakladatelstv\u00ed Pavla Kotrly. Knihy jsou v distribuci Kosmas a Pemic, m\u016f\u017eete zakoupit nap\u0159\u00edklad v s\u00edti prodejen\u00a0Martinus,\u00a0Dobrovsk\u00fd nebo jin\u00fdch.\u00a0Bibliofilie Synonymum krajina, Pot\u00ed\u017ee se \u017eenami, Hedvika a Jak Urzon obelstil Kojota nejsou v b\u011b\u017en\u00e9 distribuci, pro objedn\u00e1vku pou\u017eijte pros\u00edm tento formul\u00e1\u0159. Ten m\u016f\u017eete vyu\u017e\u00edt i pro objedn\u00e1vku dal\u0161\u00edch knih\u2026","rel":"","context":"Podobn\u00fd p\u0159\u00edsp\u011bvek","block_context":{"text":"Podobn\u00fd p\u0159\u00edsp\u011bvek","link":""},"img":{"alt_text":"","src":"https:\/\/i0.wp.com\/kotrla.com\/pmpro\/wp-content\/uploads\/2023\/03\/nakladatelstvi_klenov_logo_bw_small.png?resize=350%2C200&ssl=1","width":350,"height":200},"classes":[]},{"id":12139,"url":"https:\/\/kotrla.com\/pmpro\/klenov\/miroslav-cerny-moudrost-stezky-2024\/","url_meta":{"origin":13384,"position":2},"title":"Miroslav \u010cern\u00fd: Moudrost stezky (2024)","author":"Pavel Kotrla","date":"19.10.2024","format":false,"excerpt":"ISBN 978-80-909228-1-5 Doporu\u010den\u00e1 cena knihy je 180 K\u010d Doslov Moudrost stezky je logick\u00fdm vy\u00fast\u011bn\u00edm dosavadn\u00edho liter\u00e1rn\u00edho v\u00fdvoje Miroslava \u010cern\u00e9ho. Dalo se p\u0159edpokl\u00e1dat, \u017ee autora, kter\u00fd se vedle knih odborn\u00fdch a\u00a0popul\u00e1rn\u011b\u00ad\u2011nau\u010dn\u00fdch prosadil p\u0159edev\u0161\u00edm jako cestopisec a\u00a0b\u00e1sn\u00edk, d\u0159\u00edve \u010di pozd\u011bji zl\u00e1k\u00e1 nov\u00e1 tv\u016fr\u010d\u00ed perspektiva a\u00a0bude si cht\u00edt vyzkou\u0161et mo\u017enosti na poli pr\u00f3zy.\u2026","rel":"","context":"Podobn\u00fd p\u0159\u00edsp\u011bvek","block_context":{"text":"Podobn\u00fd p\u0159\u00edsp\u011bvek","link":""},"img":{"alt_text":"","src":"https:\/\/i0.wp.com\/kotrla.com\/pmpro\/wp-content\/uploads\/2024\/10\/sazba_cerny11-150x150.png?resize=350%2C200&ssl=1","width":350,"height":200,"srcset":"https:\/\/i0.wp.com\/kotrla.com\/pmpro\/wp-content\/uploads\/2024\/10\/sazba_cerny11-150x150.png?resize=350%2C200&ssl=1 1x, https:\/\/i0.wp.com\/kotrla.com\/pmpro\/wp-content\/uploads\/2024\/10\/sazba_cerny11-150x150.png?resize=525%2C300&ssl=1 1.5x, https:\/\/i0.wp.com\/kotrla.com\/pmpro\/wp-content\/uploads\/2024\/10\/sazba_cerny11-150x150.png?resize=700%2C400&ssl=1 2x"},"classes":[]},{"id":13618,"url":"https:\/\/kotrla.com\/pmpro\/klenov\/jak-urzon-obelstil-kojota-pribeh-indianu-juteu-2025\/","url_meta":{"origin":13384,"position":3},"title":"Jak Urzon obelstil Kojota (P\u0159\u00edb\u011bh indi\u00e1n\u016f Jute\u016f) (2025)","author":"Pavel Kotrla","date":"4.12.2025","format":false,"excerpt":"ISBN 978-80-909228-9-1 Doporu\u010den\u00e1 cena knihy je 400 K\u010d. Kniha nen\u00ed v b\u011b\u017en\u00e9 distribuci, lze si ji v\u0161ak objednat u nakladatele. Tradi\u010dn\u00ed m\u00fdtus indi\u00e1n\u016f Jute\u016f vypr\u00e1v\u00ed o d\u016fvtipn\u00e9m Urzonovi, kter\u00fd na sv\u00e9 cest\u011b za dobrodru\u017estv\u00edm p\u0159elst\u00ed nejen mohutn\u00e9ho bizona, ale i vychytral\u00e9ho a chamtiv\u00e9ho Kojota. S\u00e9rie lst\u00ed, klam\u016f a zvrat\u016f postupn\u011b\u2026","rel":"","context":"Podobn\u00fd p\u0159\u00edsp\u011bvek","block_context":{"text":"Podobn\u00fd p\u0159\u00edsp\u011bvek","link":""},"img":{"alt_text":"","src":"https:\/\/i0.wp.com\/kotrla.com\/pmpro\/wp-content\/uploads\/2025\/12\/urzon_IMGP0700-150x150.jpg?resize=350%2C200&ssl=1","width":350,"height":200,"srcset":"https:\/\/i0.wp.com\/kotrla.com\/pmpro\/wp-content\/uploads\/2025\/12\/urzon_IMGP0700-150x150.jpg?resize=350%2C200&ssl=1 1x, https:\/\/i0.wp.com\/kotrla.com\/pmpro\/wp-content\/uploads\/2025\/12\/urzon_IMGP0700-150x150.jpg?resize=525%2C300&ssl=1 1.5x, https:\/\/i0.wp.com\/kotrla.com\/pmpro\/wp-content\/uploads\/2025\/12\/urzon_IMGP0700-150x150.jpg?resize=700%2C400&ssl=1 2x, https:\/\/i0.wp.com\/kotrla.com\/pmpro\/wp-content\/uploads\/2025\/12\/urzon_IMGP0700-150x150.jpg?resize=1050%2C600&ssl=1 3x, https:\/\/i0.wp.com\/kotrla.com\/pmpro\/wp-content\/uploads\/2025\/12\/urzon_IMGP0700-150x150.jpg?resize=1400%2C800&ssl=1 4x"},"classes":[]},{"id":12864,"url":"https:\/\/kotrla.com\/pmpro\/klenov\/jiri-dynka-zdrhnout-cz-2025\/","url_meta":{"origin":13384,"position":4},"title":"Ji\u0159\u00ed Dynka: Zdrhnout CZ (2025)","author":"Pavel Kotrla","date":"20.6.2025","format":false,"excerpt":"ISBN 978-80-909228-4-6 Doporu\u010den\u00e1 cena knihy je 220 K\u010d Ji\u0159\u00ed Dynka se ji\u017e d\u00e1vno stal neodmyslitelnou sou\u010d\u00e1st\u00ed \u010desk\u00e9 poezie p\u0159elomu dvac\u00e1t\u00e9ho a jednadvac\u00e1t\u00e9ho stolet\u00ed. Osudem prav\u00e9ho b\u00e1sn\u00edka b\u00fdv\u00e1 absolutn\u00ed b\u00e1se\u0148. Tu se nyn\u00ed Dynka, s\u00a0doprovodem man\u017eelky, vyd\u00e1v\u00e1 hledat skrze n\u00e1v\u0161t\u011bvy \u010desk\u00fdch a moravsk\u00fdch m\u011bst, kde dosud nehostoval. Takto se sb\u00edrka Zdrhnout\u2026","rel":"","context":"Podobn\u00fd p\u0159\u00edsp\u011bvek","block_context":{"text":"Podobn\u00fd p\u0159\u00edsp\u011bvek","link":""},"img":{"alt_text":"","src":"https:\/\/i0.wp.com\/kotrla.com\/pmpro\/wp-content\/uploads\/2025\/06\/jiri_dynka_1.jpg?resize=350%2C200&ssl=1","width":350,"height":200,"srcset":"https:\/\/i0.wp.com\/kotrla.com\/pmpro\/wp-content\/uploads\/2025\/06\/jiri_dynka_1.jpg?resize=350%2C200&ssl=1 1x, https:\/\/i0.wp.com\/kotrla.com\/pmpro\/wp-content\/uploads\/2025\/06\/jiri_dynka_1.jpg?resize=525%2C300&ssl=1 1.5x, https:\/\/i0.wp.com\/kotrla.com\/pmpro\/wp-content\/uploads\/2025\/06\/jiri_dynka_1.jpg?resize=700%2C400&ssl=1 2x, https:\/\/i0.wp.com\/kotrla.com\/pmpro\/wp-content\/uploads\/2025\/06\/jiri_dynka_1.jpg?resize=1050%2C600&ssl=1 3x, https:\/\/i0.wp.com\/kotrla.com\/pmpro\/wp-content\/uploads\/2025\/06\/jiri_dynka_1.jpg?resize=1400%2C800&ssl=1 4x"},"classes":[]},{"id":6609,"url":"https:\/\/kotrla.com\/pmpro\/klenov\/mirkovi\/","url_meta":{"origin":13384,"position":5},"title":"Mirkovi.","author":"Pavel Kotrla","date":"10.5.2020","format":false,"excerpt":"Sborn\u00edk p\u0159\u00edsp\u011bvk\u016f k\u00a0sedmdes\u00e1tin\u00e1m Miroslava Machaly ISBN 978-80-905649-7-8 Kniha byly vyd\u00e1na u p\u0159\u00edle\u017eitosti \u017eivotn\u00edho jubilea socha\u0159e Miroslava Machaly. Fotograf Robert Gol\u00e1\u0148 mnohokr\u00e1t prov\u00e1zel socha\u0159e p\u0159i nejr\u016fzn\u011bj\u0161\u00edch p\u0159\u00edle\u017eitostech \u2013 p\u0159i pr\u00e1ci, na cest\u00e1ch nebo p\u0159i odpo\u010dinku. Vznikl tak unik\u00e1tn\u00ed soubor fotografi\u00ed, kter\u00e9 dokumentuj\u00ed pestr\u00e9 fasety Mirkova \u017eivota. V\u00fdb\u011br pro tuto publikaci doplnil\u2026","rel":"","context":"Podobn\u00fd p\u0159\u00edsp\u011bvek","block_context":{"text":"Podobn\u00fd p\u0159\u00edsp\u011bvek","link":""},"img":{"alt_text":"","src":"https:\/\/i0.wp.com\/kotrla.com\/pmpro\/wp-content\/uploads\/2020\/05\/mm_70_vnitrek39-scaled.jpg?resize=350%2C200&ssl=1","width":350,"height":200,"srcset":"https:\/\/i0.wp.com\/kotrla.com\/pmpro\/wp-content\/uploads\/2020\/05\/mm_70_vnitrek39-scaled.jpg?resize=350%2C200&ssl=1 1x, https:\/\/i0.wp.com\/kotrla.com\/pmpro\/wp-content\/uploads\/2020\/05\/mm_70_vnitrek39-scaled.jpg?resize=525%2C300&ssl=1 1.5x, https:\/\/i0.wp.com\/kotrla.com\/pmpro\/wp-content\/uploads\/2020\/05\/mm_70_vnitrek39-scaled.jpg?resize=700%2C400&ssl=1 2x, https:\/\/i0.wp.com\/kotrla.com\/pmpro\/wp-content\/uploads\/2020\/05\/mm_70_vnitrek39-scaled.jpg?resize=1050%2C600&ssl=1 3x, https:\/\/i0.wp.com\/kotrla.com\/pmpro\/wp-content\/uploads\/2020\/05\/mm_70_vnitrek39-scaled.jpg?resize=1400%2C800&ssl=1 4x"},"classes":[]}],"jetpack_sharing_enabled":true,"_links":{"self":[{"href":"https:\/\/kotrla.com\/pmpro\/wp-json\/wp\/v2\/pages\/13384","targetHints":{"allow":["GET"]}}],"collection":[{"href":"https:\/\/kotrla.com\/pmpro\/wp-json\/wp\/v2\/pages"}],"about":[{"href":"https:\/\/kotrla.com\/pmpro\/wp-json\/wp\/v2\/types\/page"}],"author":[{"embeddable":true,"href":"https:\/\/kotrla.com\/pmpro\/wp-json\/wp\/v2\/users\/1"}],"replies":[{"embeddable":true,"href":"https:\/\/kotrla.com\/pmpro\/wp-json\/wp\/v2\/comments?post=13384"}],"version-history":[{"count":4,"href":"https:\/\/kotrla.com\/pmpro\/wp-json\/wp\/v2\/pages\/13384\/revisions"}],"predecessor-version":[{"id":14095,"href":"https:\/\/kotrla.com\/pmpro\/wp-json\/wp\/v2\/pages\/13384\/revisions\/14095"}],"up":[{"embeddable":true,"href":"https:\/\/kotrla.com\/pmpro\/wp-json\/wp\/v2\/pages\/3997"}],"wp:attachment":[{"href":"https:\/\/kotrla.com\/pmpro\/wp-json\/wp\/v2\/media?parent=13384"}],"curies":[{"name":"wp","href":"https:\/\/api.w.org\/{rel}","templated":true}]}}