{"id":13433,"date":"2025-11-14T09:41:18","date_gmt":"2025-11-14T08:41:18","guid":{"rendered":"https:\/\/kotrla.com\/pmpro\/?page_id=13433"},"modified":"2025-11-14T09:42:34","modified_gmt":"2025-11-14T08:42:34","slug":"benedikt-zuzanik-boleslavna-a-jine-narky-2025","status":"publish","type":"page","link":"https:\/\/kotrla.com\/pmpro\/klenov\/benedikt-zuzanik-boleslavna-a-jine-narky-2025\/","title":{"rendered":"Benedikt Zuzan\u00edk: Boleslavn\u00e1 a jin\u00e9 n\u00e1\u0159ky (2025)"},"content":{"rendered":"<p>ISBN 978-80-909228-8-4<\/p>\n<p>Doporu\u010den\u00e1 cena knihy je 150 K\u010d. Kniha nen\u00ed v b\u011b\u017en\u00e9 distribuci, lze si ji v\u0161ak <a href=\"https:\/\/kotrla.com\/pmpro\/2025\/11\/hedvika-ondreje-hlozka\/\">objednat u nakladatele<\/a>.<\/p>\n<figure id=\"attachment_13580\" aria-describedby=\"caption-attachment-13580\" style=\"width: 1011px\" class=\"wp-caption alignnone\"><a href=\"https:\/\/kotrla.com\/pmpro\/wp-content\/uploads\/2025\/11\/zuzanik_boleslavna_obalka.jpg\"><img loading=\"lazy\" decoding=\"async\" class=\"size-full wp-image-13580\" src=\"https:\/\/kotrla.com\/pmpro\/wp-content\/uploads\/2025\/11\/zuzanik_boleslavna_obalka.jpg\" alt=\"\" width=\"1011\" height=\"1600\" srcset=\"https:\/\/kotrla.com\/pmpro\/wp-content\/uploads\/2025\/11\/zuzanik_boleslavna_obalka.jpg 1011w, https:\/\/kotrla.com\/pmpro\/wp-content\/uploads\/2025\/11\/zuzanik_boleslavna_obalka-190x300.jpg 190w, https:\/\/kotrla.com\/pmpro\/wp-content\/uploads\/2025\/11\/zuzanik_boleslavna_obalka-647x1024.jpg 647w, https:\/\/kotrla.com\/pmpro\/wp-content\/uploads\/2025\/11\/zuzanik_boleslavna_obalka-971x1536.jpg 971w\" sizes=\"auto, (max-width: 1011px) 100vw, 1011px\" \/><\/a><figcaption id=\"caption-attachment-13580\" class=\"wp-caption-text\">Benedikt Zuzan\u00edk: Boleslavn\u00e1 a jin\u00e9 n\u00e1\u0159ky (Byst\u0159i\u010dka: Klenov 2025)<\/figcaption><\/figure>\n<p>Nekomplikovan\u00e9, katolickou obraznost\u00ed prostoupen\u00e9 ver\u0161e u\u010ditele a p\u0159ekladatele Benedikta Zuzan\u00edka (*1979) traktuj\u00ed\u00a0<span lang=\"CS\">bolest neop\u011btovan\u00e9 l\u00e1sky a zra\u0148uj\u00edc\u00edho m\u00edjen\u00ed\u00a0spolu s\u00a0melancholi\u00ed viny a st\u00e1rnut\u00ed. P<\/span>rochv\u00edv\u00e1 jimi osam\u011blost a zti\u0161en\u00ed slov\u00e1ck\u00e9ho venkova i ozvuky cest po sv\u011bt\u011b.<\/p>\n<div id='gallery-1' class='gallery galleryid-13433 gallery-columns-3 gallery-size-thumbnail'><figure class='gallery-item'>\n\t\t\t<div class='gallery-icon portrait'>\n\t\t\t\t<a href='https:\/\/kotrla.com\/pmpro\/zuzanik_boleslavna_07\/'><img loading=\"lazy\" decoding=\"async\" width=\"150\" height=\"150\" src=\"https:\/\/kotrla.com\/pmpro\/wp-content\/uploads\/2025\/11\/zuzanik_boleslavna_07-150x150.jpg\" class=\"attachment-thumbnail size-thumbnail\" alt=\"\" \/><\/a>\n\t\t\t<\/div><\/figure><figure class='gallery-item'>\n\t\t\t<div class='gallery-icon portrait'>\n\t\t\t\t<a href='https:\/\/kotrla.com\/pmpro\/zuzanik_boleslavna_16\/'><img loading=\"lazy\" decoding=\"async\" width=\"150\" height=\"150\" src=\"https:\/\/kotrla.com\/pmpro\/wp-content\/uploads\/2025\/11\/zuzanik_boleslavna_16-150x150.jpg\" class=\"attachment-thumbnail size-thumbnail\" alt=\"\" \/><\/a>\n\t\t\t<\/div><\/figure><figure class='gallery-item'>\n\t\t\t<div class='gallery-icon portrait'>\n\t\t\t\t<a href='https:\/\/kotrla.com\/pmpro\/zuzanik_boleslavna_19\/'><img loading=\"lazy\" decoding=\"async\" width=\"150\" height=\"150\" src=\"https:\/\/kotrla.com\/pmpro\/wp-content\/uploads\/2025\/11\/zuzanik_boleslavna_19-150x150.jpg\" class=\"attachment-thumbnail size-thumbnail\" alt=\"\" \/><\/a>\n\t\t\t<\/div><\/figure><figure class='gallery-item'>\n\t\t\t<div class='gallery-icon portrait'>\n\t\t\t\t<a href='https:\/\/kotrla.com\/pmpro\/zuzanik_boleslavna_23\/'><img loading=\"lazy\" decoding=\"async\" width=\"150\" height=\"150\" src=\"https:\/\/kotrla.com\/pmpro\/wp-content\/uploads\/2025\/11\/zuzanik_boleslavna_23-150x150.jpg\" class=\"attachment-thumbnail size-thumbnail\" alt=\"\" \/><\/a>\n\t\t\t<\/div><\/figure><figure class='gallery-item'>\n\t\t\t<div class='gallery-icon portrait'>\n\t\t\t\t<a href='https:\/\/kotrla.com\/pmpro\/zuzanik_boleslavna_32\/'><img loading=\"lazy\" decoding=\"async\" width=\"150\" height=\"150\" src=\"https:\/\/kotrla.com\/pmpro\/wp-content\/uploads\/2025\/11\/zuzanik_boleslavna_32-150x150.jpg\" class=\"attachment-thumbnail size-thumbnail\" alt=\"\" \/><\/a>\n\t\t\t<\/div><\/figure><figure class='gallery-item'>\n\t\t\t<div class='gallery-icon portrait'>\n\t\t\t\t<a href='https:\/\/kotrla.com\/pmpro\/klenov\/benedikt-zuzanik-boleslavna-a-jine-narky-2025\/zuzanik_boleslavna_36\/'><img loading=\"lazy\" decoding=\"async\" width=\"150\" height=\"150\" src=\"https:\/\/kotrla.com\/pmpro\/wp-content\/uploads\/2025\/11\/zuzanik_boleslavna_36-150x150.jpg\" class=\"attachment-thumbnail size-thumbnail\" alt=\"\" \/><\/a>\n\t\t\t<\/div><\/figure>\n\t\t<\/div>\n\n<p>&nbsp;<\/p>\n<figure id=\"attachment_13435\" aria-describedby=\"caption-attachment-13435\" style=\"width: 200px\" class=\"wp-caption alignnone\"><a href=\"https:\/\/kotrla.com\/pmpro\/wp-content\/uploads\/2025\/10\/benedikt_zuzanik.jpg\"><img loading=\"lazy\" decoding=\"async\" class=\"wp-image-13435 size-medium\" src=\"https:\/\/kotrla.com\/pmpro\/wp-content\/uploads\/2025\/10\/benedikt_zuzanik-200x300.jpg\" alt=\"\" width=\"200\" height=\"300\" srcset=\"https:\/\/kotrla.com\/pmpro\/wp-content\/uploads\/2025\/10\/benedikt_zuzanik-200x300.jpg 200w, https:\/\/kotrla.com\/pmpro\/wp-content\/uploads\/2025\/10\/benedikt_zuzanik-683x1024.jpg 683w, https:\/\/kotrla.com\/pmpro\/wp-content\/uploads\/2025\/10\/benedikt_zuzanik-1024x1536.jpg 1024w, https:\/\/kotrla.com\/pmpro\/wp-content\/uploads\/2025\/10\/benedikt_zuzanik.jpg 1200w\" sizes=\"auto, (max-width: 200px) 100vw, 200px\" \/><\/a><figcaption id=\"caption-attachment-13435\" class=\"wp-caption-text\">Benedikt Zuzan\u00edk<\/figcaption><\/figure>\n<p><strong>Benedikt Zuzan\u00edk<\/strong><br \/>\n(* 1979)<br \/>\n\u017dije na Slov\u00e1cku. Pracuje jako u\u010ditel a\u00a0p\u0159ekladatel. Publikoval \u010dasopisecky. N\u011bkolik text\u016f t\u00e9to sb\u00edrky se objevilo v\u00a0revue <em>Protimluv<\/em>.<\/p>\n<p>&nbsp;<\/p>\n<p><strong>BENEDIKT ZUZAN\u00cdK\u2002\/\/\u2002BOLESLAVN\u00c1 A JIN\u00c9 N\u00c1\u0158KY<\/strong><\/p>\n<p>Vydalo nakladatelstv\u00ed Pavel Kotrla \u2013 Klenov, Byst\u0159i\u010dka,<br \/>\nroku 2025 jako svou 29. publikaci<br \/>\nSazba p\u00edsmem Permian Serif<br \/>\na grafick\u00e1 \u00faprava Pavel Kotrla<br \/>\nVyd\u00e1n\u00ed prvn\u00ed, n\u00e1klad 50 kus\u016f<br \/>\nTisk PROTISK s.\u2009r.\u2009o., \u010cesk\u00e9 Bud\u011bjovice<br \/>\n40 stran<\/p>\n","protected":false},"excerpt":{"rendered":"<p>ISBN 978-80-909228-8-4 Doporu\u010den\u00e1 cena knihy je 150 K\u010d. Kniha nen\u00ed v b\u011b\u017en\u00e9 distribuci, lze si ji v\u0161ak objednat u nakladatele. Nekomplikovan\u00e9, katolickou obraznost\u00ed prostoupen\u00e9 ver\u0161e u\u010ditele a p\u0159ekladatele Benedikta Zuzan\u00edka (*1979) traktuj\u00ed\u00a0bolest neop\u011btovan\u00e9 l\u00e1sky a zra\u0148uj\u00edc\u00edho m\u00edjen\u00ed\u00a0spolu s\u00a0melancholi\u00ed viny a st\u00e1rnut\u00ed. Prochv\u00edv\u00e1 jimi osam\u011blost a zti\u0161en\u00ed slov\u00e1ck\u00e9ho venkova i ozvuky cest po sv\u011bt\u011b. &nbsp; Benedikt [&hellip;]<\/p>\n","protected":false},"author":1,"featured_media":0,"parent":3997,"menu_order":0,"comment_status":"closed","ping_status":"closed","template":"","meta":{"site-sidebar-layout":"default","site-content-layout":"","ast-site-content-layout":"default","site-content-style":"default","site-sidebar-style":"default","ast-global-header-display":"","ast-banner-title-visibility":"","ast-main-header-display":"","ast-hfb-above-header-display":"","ast-hfb-below-header-display":"","ast-hfb-mobile-header-display":"","site-post-title":"","ast-breadcrumbs-content":"","ast-featured-img":"","footer-sml-layout":"","ast-disable-related-posts":"","theme-transparent-header-meta":"default","adv-header-id-meta":"","stick-header-meta":"","header-above-stick-meta":"","header-main-stick-meta":"","header-below-stick-meta":"","astra-migrate-meta-layouts":"set","ast-page-background-enabled":"default","ast-page-background-meta":{"desktop":{"background-color":"var(--ast-global-color-5)","background-image":"","background-repeat":"repeat","background-position":"center center","background-size":"auto","background-attachment":"scroll","background-type":"","background-media":"","overlay-type":"","overlay-color":"","overlay-opacity":"","overlay-gradient":""},"tablet":{"background-color":"","background-image":"","background-repeat":"repeat","background-position":"center center","background-size":"auto","background-attachment":"scroll","background-type":"","background-media":"","overlay-type":"","overlay-color":"","overlay-opacity":"","overlay-gradient":""},"mobile":{"background-color":"","background-image":"","background-repeat":"repeat","background-position":"center center","background-size":"auto","background-attachment":"scroll","background-type":"","background-media":"","overlay-type":"","overlay-color":"","overlay-opacity":"","overlay-gradient":""}},"ast-content-background-meta":{"desktop":{"background-color":"var(--ast-global-color-4)","background-image":"","background-repeat":"repeat","background-position":"center center","background-size":"auto","background-attachment":"scroll","background-type":"","background-media":"","overlay-type":"","overlay-color":"","overlay-opacity":"","overlay-gradient":""},"tablet":{"background-color":"var(--ast-global-color-4)","background-image":"","background-repeat":"repeat","background-position":"center center","background-size":"auto","background-attachment":"scroll","background-type":"","background-media":"","overlay-type":"","overlay-color":"","overlay-opacity":"","overlay-gradient":""},"mobile":{"background-color":"var(--ast-global-color-4)","background-image":"","background-repeat":"repeat","background-position":"center center","background-size":"auto","background-attachment":"scroll","background-type":"","background-media":"","overlay-type":"","overlay-color":"","overlay-opacity":"","overlay-gradient":""}},"jetpack_post_was_ever_published":false,"footnotes":""},"class_list":["post-13433","page","type-page","status-publish","hentry"],"jetpack_shortlink":"https:\/\/wp.me\/P4mLP7-3uF","jetpack-related-posts":[{"id":3997,"url":"https:\/\/kotrla.com\/pmpro\/klenov\/","url_meta":{"origin":13433,"position":0},"title":"Nakladatelstv\u00ed Klenov","author":"Pavel Kotrla","date":"1.12.2018","format":false,"excerpt":"Klenov \u2013 jednomu\u017en\u00e9 nakladatelstv\u00ed Pavla Kotrly. Knihy jsou v distribuci Kosmas a Pemic, m\u016f\u017eete zakoupit nap\u0159\u00edklad v s\u00edti prodejen\u00a0Martinus,\u00a0Dobrovsk\u00fd nebo jin\u00fdch.\u00a0Bibliofilie Synonymum krajina, Pot\u00ed\u017ee se \u017eenami, Hedvika a Jak Urzon obelstil Kojota nejsou v b\u011b\u017en\u00e9 distribuci, pro objedn\u00e1vku pou\u017eijte pros\u00edm tento formul\u00e1\u0159. Ten m\u016f\u017eete vyu\u017e\u00edt i pro objedn\u00e1vku dal\u0161\u00edch knih\u2026","rel":"","context":"Similar post","block_context":{"text":"Similar post","link":""},"img":{"alt_text":"","src":"https:\/\/i0.wp.com\/kotrla.com\/pmpro\/wp-content\/uploads\/2023\/03\/nakladatelstvi_klenov_logo_bw_small.png?resize=350%2C200&ssl=1","width":350,"height":200},"classes":[]},{"id":12864,"url":"https:\/\/kotrla.com\/pmpro\/klenov\/jiri-dynka-zdrhnout-cz-2025\/","url_meta":{"origin":13433,"position":1},"title":"Ji\u0159\u00ed Dynka: Zdrhnout CZ (2025)","author":"Pavel Kotrla","date":"20.6.2025","format":false,"excerpt":"ISBN 978-80-909228-4-6 Doporu\u010den\u00e1 cena knihy je 220 K\u010d Ji\u0159\u00ed Dynka se ji\u017e d\u00e1vno stal neodmyslitelnou sou\u010d\u00e1st\u00ed \u010desk\u00e9 poezie p\u0159elomu dvac\u00e1t\u00e9ho a jednadvac\u00e1t\u00e9ho stolet\u00ed. Osudem prav\u00e9ho b\u00e1sn\u00edka b\u00fdv\u00e1 absolutn\u00ed b\u00e1se\u0148. Tu se nyn\u00ed Dynka, s\u00a0doprovodem man\u017eelky, vyd\u00e1v\u00e1 hledat skrze n\u00e1v\u0161t\u011bvy \u010desk\u00fdch a moravsk\u00fdch m\u011bst, kde dosud nehostoval. Takto se sb\u00edrka Zdrhnout\u2026","rel":"","context":"Similar post","block_context":{"text":"Similar post","link":""},"img":{"alt_text":"","src":"https:\/\/i0.wp.com\/kotrla.com\/pmpro\/wp-content\/uploads\/2025\/06\/jiri_dynka_1.jpg?resize=350%2C200&ssl=1","width":350,"height":200,"srcset":"https:\/\/i0.wp.com\/kotrla.com\/pmpro\/wp-content\/uploads\/2025\/06\/jiri_dynka_1.jpg?resize=350%2C200&ssl=1 1x, https:\/\/i0.wp.com\/kotrla.com\/pmpro\/wp-content\/uploads\/2025\/06\/jiri_dynka_1.jpg?resize=525%2C300&ssl=1 1.5x, https:\/\/i0.wp.com\/kotrla.com\/pmpro\/wp-content\/uploads\/2025\/06\/jiri_dynka_1.jpg?resize=700%2C400&ssl=1 2x, https:\/\/i0.wp.com\/kotrla.com\/pmpro\/wp-content\/uploads\/2025\/06\/jiri_dynka_1.jpg?resize=1050%2C600&ssl=1 3x, https:\/\/i0.wp.com\/kotrla.com\/pmpro\/wp-content\/uploads\/2025\/06\/jiri_dynka_1.jpg?resize=1400%2C800&ssl=1 4x"},"classes":[]},{"id":2843,"url":"https:\/\/kotrla.com\/pmpro\/autor\/","url_meta":{"origin":13433,"position":2},"title":"Autor","author":"Pavel Kotrla","date":"3.9.2016","format":false,"excerpt":"Kdopak to tu m\u00e1 na sv\u011bdom\u00ed? Pavel Kotrla Narodil jsem se 5. 5. 1974 ve Vset\u00edn\u011b. V letech 1992-1997 jsem vystudoval na Filozofick\u00e9 fakult\u011b Ostravsk\u00e9 univerzity liter\u00e1rn\u00ed v\u011bdu a \u010de\u0161tinu. Od roku 1996 jsem \u0161\u00e9fredaktorem liter\u00e1rn\u00edho \u010dtvrtletn\u00edku Texty, kter\u00fd jsme v roce 1996 zalo\u017eili s Ji\u0159\u00edm Hrabalem, Jakubem Chrob\u00e1kem, Ren\u00e9\u2026","rel":"","context":"Similar post","block_context":{"text":"Similar post","link":""},"img":{"alt_text":"Pavel Kotrla","src":"https:\/\/i0.wp.com\/kotrla.com\/pmpro\/wp-content\/uploads\/2022\/06\/pavel_kotrla_IMGP0259.jpg?resize=350%2C200&ssl=1","width":350,"height":200,"srcset":"https:\/\/i0.wp.com\/kotrla.com\/pmpro\/wp-content\/uploads\/2022\/06\/pavel_kotrla_IMGP0259.jpg?resize=350%2C200&ssl=1 1x, https:\/\/i0.wp.com\/kotrla.com\/pmpro\/wp-content\/uploads\/2022\/06\/pavel_kotrla_IMGP0259.jpg?resize=525%2C300&ssl=1 1.5x, https:\/\/i0.wp.com\/kotrla.com\/pmpro\/wp-content\/uploads\/2022\/06\/pavel_kotrla_IMGP0259.jpg?resize=700%2C400&ssl=1 2x, https:\/\/i0.wp.com\/kotrla.com\/pmpro\/wp-content\/uploads\/2022\/06\/pavel_kotrla_IMGP0259.jpg?resize=1050%2C600&ssl=1 3x, https:\/\/i0.wp.com\/kotrla.com\/pmpro\/wp-content\/uploads\/2022\/06\/pavel_kotrla_IMGP0259.jpg?resize=1400%2C800&ssl=1 4x"},"classes":[]},{"id":13834,"url":"https:\/\/kotrla.com\/pmpro\/bibliofilie\/bibliofilie-rozcestnik\/","url_meta":{"origin":13433,"position":3},"title":"Bibliofilie \u2013 rozcestn\u00edk","author":"Pavel Kotrla","date":"25.12.2025","format":false,"excerpt":"Spolky Spolek \u010desk\u00fdch bibliofil\u016f https:\/\/spolekceskychbibliofilu.cz Nakladatelstv\u00ed Adolescent http:\/\/www.adolescent.cz Antikvari\u00e1t Fiducia https:\/\/klubfiducia.cz\/kategorie-produktu\/knihy\/ Arbor Vitae http:\/\/www.arborvitae.cz Argo http:\/\/www.argo-bibliofilie.cz Art Space NOV https:\/\/artspacenov.cz\/category\/publikace\/ Ateli\u00e9r Krupka - nakladatelstv\u00ed Ve str\u00e1ni https:\/\/atelierkrupka.cz Aulos https:\/\/aulos.cz Avart https:\/\/www.avart.cz\/bibliofilie Balbineum https:\/\/www.balbineum.cz Bylo nebylo https:\/\/www.bylonebylo.com Drtina Lubo\u0161 http:\/\/www.lubosdrtina.cz\/index.php?\/autorske\/19862010\/ Edice 33, Franti\u0161ek Jan\u00e1s https:\/\/www.edice33.eu + https:\/\/www.bibliofilie-edice33.cz Galerie Zden\u011bk Sklen\u00e1\u0159 https:\/\/www.zdeneksklenar.cz\/bibliofilie\u2026","rel":"","context":"Similar post","block_context":{"text":"Similar post","link":""},"img":{"alt_text":"","src":"","width":0,"height":0},"classes":[]},{"id":6609,"url":"https:\/\/kotrla.com\/pmpro\/klenov\/mirkovi\/","url_meta":{"origin":13433,"position":4},"title":"Mirkovi.","author":"Pavel Kotrla","date":"10.5.2020","format":false,"excerpt":"Sborn\u00edk p\u0159\u00edsp\u011bvk\u016f k\u00a0sedmdes\u00e1tin\u00e1m Miroslava Machaly ISBN 978-80-905649-7-8 Kniha byly vyd\u00e1na u p\u0159\u00edle\u017eitosti \u017eivotn\u00edho jubilea socha\u0159e Miroslava Machaly. Fotograf Robert Gol\u00e1\u0148 mnohokr\u00e1t prov\u00e1zel socha\u0159e p\u0159i nejr\u016fzn\u011bj\u0161\u00edch p\u0159\u00edle\u017eitostech \u2013 p\u0159i pr\u00e1ci, na cest\u00e1ch nebo p\u0159i odpo\u010dinku. Vznikl tak unik\u00e1tn\u00ed soubor fotografi\u00ed, kter\u00e9 dokumentuj\u00ed pestr\u00e9 fasety Mirkova \u017eivota. V\u00fdb\u011br pro tuto publikaci doplnil\u2026","rel":"","context":"Similar post","block_context":{"text":"Similar post","link":""},"img":{"alt_text":"","src":"https:\/\/i0.wp.com\/kotrla.com\/pmpro\/wp-content\/uploads\/2020\/05\/mm_70_vnitrek39-scaled.jpg?resize=350%2C200&ssl=1","width":350,"height":200,"srcset":"https:\/\/i0.wp.com\/kotrla.com\/pmpro\/wp-content\/uploads\/2020\/05\/mm_70_vnitrek39-scaled.jpg?resize=350%2C200&ssl=1 1x, https:\/\/i0.wp.com\/kotrla.com\/pmpro\/wp-content\/uploads\/2020\/05\/mm_70_vnitrek39-scaled.jpg?resize=525%2C300&ssl=1 1.5x, https:\/\/i0.wp.com\/kotrla.com\/pmpro\/wp-content\/uploads\/2020\/05\/mm_70_vnitrek39-scaled.jpg?resize=700%2C400&ssl=1 2x, https:\/\/i0.wp.com\/kotrla.com\/pmpro\/wp-content\/uploads\/2020\/05\/mm_70_vnitrek39-scaled.jpg?resize=1050%2C600&ssl=1 3x, https:\/\/i0.wp.com\/kotrla.com\/pmpro\/wp-content\/uploads\/2020\/05\/mm_70_vnitrek39-scaled.jpg?resize=1400%2C800&ssl=1 4x"},"classes":[]},{"id":13043,"url":"https:\/\/kotrla.com\/pmpro\/klenov\/petr-ligocky-predtim-nez-se-setmi-2025\/","url_meta":{"origin":13433,"position":5},"title":"Petr Ligock\u00fd: P\u0159edt\u00edm ne\u017e se setm\u00ed (2025)","author":"Pavel Kotrla","date":"25.9.2025","format":false,"excerpt":"ISBN\u00a0978-80-909228-5-3 Doporu\u010den\u00e1 cena knihy je 220 K\u010d Sb\u00edrka Petra Ligock\u00e9ho P\u0159edt\u00edm ne\u017e se setm\u00ed\u00a0je tich\u00fdm a hlubok\u00fdm ponorem do sv\u011bta ka\u017edodennosti, p\u0159\u00edrody a vnit\u0159n\u00edho pro\u017e\u00edv\u00e1n\u00ed. Autor zde navazuje na tradici japonsk\u00e9ho haiku a korejsk\u00e9 zenov\u00e9 poezie, z\u00e1rove\u0148 v\u0161ak tyto formy obohacuje o evropskou citlivost a osobn\u00ed pro\u017eitky. V\u00fdsledkem je kniha,\u2026","rel":"","context":"Similar post","block_context":{"text":"Similar post","link":""},"img":{"alt_text":"","src":"https:\/\/i0.wp.com\/kotrla.com\/pmpro\/wp-content\/uploads\/2025\/09\/sipos_01-150x150.jpg?resize=350%2C200&ssl=1","width":350,"height":200,"srcset":"https:\/\/i0.wp.com\/kotrla.com\/pmpro\/wp-content\/uploads\/2025\/09\/sipos_01-150x150.jpg?resize=350%2C200&ssl=1 1x, https:\/\/i0.wp.com\/kotrla.com\/pmpro\/wp-content\/uploads\/2025\/09\/sipos_01-150x150.jpg?resize=525%2C300&ssl=1 1.5x, https:\/\/i0.wp.com\/kotrla.com\/pmpro\/wp-content\/uploads\/2025\/09\/sipos_01-150x150.jpg?resize=700%2C400&ssl=1 2x, https:\/\/i0.wp.com\/kotrla.com\/pmpro\/wp-content\/uploads\/2025\/09\/sipos_01-150x150.jpg?resize=1050%2C600&ssl=1 3x, https:\/\/i0.wp.com\/kotrla.com\/pmpro\/wp-content\/uploads\/2025\/09\/sipos_01-150x150.jpg?resize=1400%2C800&ssl=1 4x"},"classes":[]}],"jetpack_sharing_enabled":true,"_links":{"self":[{"href":"https:\/\/kotrla.com\/pmpro\/wp-json\/wp\/v2\/pages\/13433","targetHints":{"allow":["GET"]}}],"collection":[{"href":"https:\/\/kotrla.com\/pmpro\/wp-json\/wp\/v2\/pages"}],"about":[{"href":"https:\/\/kotrla.com\/pmpro\/wp-json\/wp\/v2\/types\/page"}],"author":[{"embeddable":true,"href":"https:\/\/kotrla.com\/pmpro\/wp-json\/wp\/v2\/users\/1"}],"replies":[{"embeddable":true,"href":"https:\/\/kotrla.com\/pmpro\/wp-json\/wp\/v2\/comments?post=13433"}],"version-history":[{"count":3,"href":"https:\/\/kotrla.com\/pmpro\/wp-json\/wp\/v2\/pages\/13433\/revisions"}],"predecessor-version":[{"id":13583,"href":"https:\/\/kotrla.com\/pmpro\/wp-json\/wp\/v2\/pages\/13433\/revisions\/13583"}],"up":[{"embeddable":true,"href":"https:\/\/kotrla.com\/pmpro\/wp-json\/wp\/v2\/pages\/3997"}],"wp:attachment":[{"href":"https:\/\/kotrla.com\/pmpro\/wp-json\/wp\/v2\/media?parent=13433"}],"curies":[{"name":"wp","href":"https:\/\/api.w.org\/{rel}","templated":true}]}}