{"id":13618,"date":"2025-12-04T21:05:42","date_gmt":"2025-12-04T20:05:42","guid":{"rendered":"https:\/\/kotrla.com\/pmpro\/?page_id=13618"},"modified":"2025-12-18T10:08:22","modified_gmt":"2025-12-18T09:08:22","slug":"jak-urzon-obelstil-kojota-pribeh-indianu-juteu-2025","status":"publish","type":"page","link":"https:\/\/kotrla.com\/pmpro\/klenov\/jak-urzon-obelstil-kojota-pribeh-indianu-juteu-2025\/","title":{"rendered":"Jak Urzon obelstil Kojota (P\u0159\u00edb\u011bh indi\u00e1n\u016f Jute\u016f) (2025)"},"content":{"rendered":"<p>ISBN 978-80-909228-9-1<\/p>\n<p>Doporu\u010den\u00e1 cena knihy je 400 K\u010d. Kniha nen\u00ed v b\u011b\u017en\u00e9 distribuci, lze si ji v\u0161ak <a href=\"https:\/\/kotrla.com\/pmpro\/objednavka-knih\/\">objednat u nakladatele<\/a>.<\/p>\n<p>Tradi\u010dn\u00ed m\u00fdtus indi\u00e1n\u016f Jute\u016f vypr\u00e1v\u00ed o d\u016fvtipn\u00e9m Urzonovi, kter\u00fd na sv\u00e9 cest\u011b za dobrodru\u017estv\u00edm p\u0159elst\u00ed nejen mohutn\u00e9ho bizona, ale i vychytral\u00e9ho a chamtiv\u00e9ho Kojota. S\u00e9rie lst\u00ed, klam\u016f a zvrat\u016f postupn\u011b obr\u00e1t\u00ed role lovce a ko\u0159isti. Syrov\u00fd, humorn\u00fd i krut\u00fd p\u0159\u00edb\u011bh odhaluje logiku a poetiku star\u00fdch indi\u00e1nsk\u00fdch vypr\u00e1v\u011bn\u00ed, ve kter\u00fdch zv\u00ed\u0159ata jednaj\u00ed jako lid\u00e9. Vypr\u00e1v\u011bn\u00ed dopl\u0148uj\u00ed p\u016fvodn\u00ed ilustrace Libora So\u0161\u0165\u00e1ka.<\/p>\n<figure id=\"attachment_13700\" aria-describedby=\"caption-attachment-13700\" style=\"width: 1167px\" class=\"wp-caption alignnone\"><a href=\"https:\/\/kotrla.com\/pmpro\/wp-content\/uploads\/2025\/12\/jak_urzon_obelstil_kojota.jpg\"><img loading=\"lazy\" decoding=\"async\" class=\"size-full wp-image-13700\" src=\"https:\/\/kotrla.com\/pmpro\/wp-content\/uploads\/2025\/12\/jak_urzon_obelstil_kojota.jpg\" alt=\"\" width=\"1167\" height=\"1600\" srcset=\"https:\/\/kotrla.com\/pmpro\/wp-content\/uploads\/2025\/12\/jak_urzon_obelstil_kojota.jpg 1167w, https:\/\/kotrla.com\/pmpro\/wp-content\/uploads\/2025\/12\/jak_urzon_obelstil_kojota-219x300.jpg 219w, https:\/\/kotrla.com\/pmpro\/wp-content\/uploads\/2025\/12\/jak_urzon_obelstil_kojota-747x1024.jpg 747w, https:\/\/kotrla.com\/pmpro\/wp-content\/uploads\/2025\/12\/jak_urzon_obelstil_kojota-1120x1536.jpg 1120w\" sizes=\"auto, (max-width: 1167px) 100vw, 1167px\" \/><\/a><figcaption id=\"caption-attachment-13700\" class=\"wp-caption-text\">Jak Urzon obelstil Kojota (Byst\u0159i\u010dka: Klenov 2025)<\/figcaption><\/figure>\n<p><strong>JAK URZON OBELSTIL KOJOTA<\/strong><\/p>\n<p>P\u016fvodn\u00edmi ilustracemi doprovodil<br \/>\nLibor So\u0161\u0165\u00e1k<\/p>\n<p>P\u0159elo\u017eil Ji\u0159\u00ed Ka\u0148\u00e1k<br \/>\nP\u0159edmluva a redakce Miroslav \u010cern\u00fd<br \/>\nVydalo nakladatelstv\u00ed Pavel Kotrla \u2014 Klenov, Byst\u0159i\u010dka,<br \/>\nroku 2025 jako svou 30. publikaci<br \/>\nSazba p\u00edsmem Castoro a grafick\u00e1 \u00faprava Pavel Kotrla<br \/>\nVyti\u0161t\u011bno na pap\u00edrech Rives Tradition Pale Cream a Munken Print Cream<br \/>\nTisk Tisk\u00e1rna Protisk s.\u2009r.\u2009o., \u010cesk\u00e9 Bud\u011bjovice<br \/>\nVyd\u00e1no v n\u00e1kladu 150 \u010d\u00edslovan\u00fdch kus\u016f<br \/>\n12 stran + 1 list grafick\u00e1 p\u0159\u00edloha<br \/>\nKa\u017ed\u00fd v\u00fdtisk obsahuje vlo\u017een\u00fd origin\u00e1l linorytu podepsan\u00fd ilustr\u00e1torem<br \/>\nRozm\u011br publikace: 210\u00d7297 mm.<\/p>\n<p><a href=\"https:\/\/kotrla.com\/pmpro\/wp-content\/uploads\/2025\/12\/urzon_IMGP1280.jpg\"><img loading=\"lazy\" decoding=\"async\" class=\"alignnone size-full wp-image-13726\" src=\"https:\/\/kotrla.com\/pmpro\/wp-content\/uploads\/2025\/12\/urzon_IMGP1280.jpg\" alt=\"\" width=\"1600\" height=\"1067\" srcset=\"https:\/\/kotrla.com\/pmpro\/wp-content\/uploads\/2025\/12\/urzon_IMGP1280.jpg 1600w, https:\/\/kotrla.com\/pmpro\/wp-content\/uploads\/2025\/12\/urzon_IMGP1280-300x200.jpg 300w, https:\/\/kotrla.com\/pmpro\/wp-content\/uploads\/2025\/12\/urzon_IMGP1280-1024x683.jpg 1024w, https:\/\/kotrla.com\/pmpro\/wp-content\/uploads\/2025\/12\/urzon_IMGP1280-1536x1024.jpg 1536w\" sizes=\"auto, (max-width: 1600px) 100vw, 1600px\" \/><\/a><\/p>\n<p>&nbsp;<\/p>\n<div id='gallery-1' class='gallery galleryid-13618 gallery-columns-3 gallery-size-thumbnail'><figure class='gallery-item'>\n\t\t\t<div class='gallery-icon landscape'>\n\t\t\t\t<a href='https:\/\/kotrla.com\/pmpro\/urzon_imgp0700-2\/'><img loading=\"lazy\" decoding=\"async\" width=\"150\" height=\"150\" src=\"https:\/\/kotrla.com\/pmpro\/wp-content\/uploads\/2025\/12\/urzon_IMGP0700-150x150.jpg\" class=\"attachment-thumbnail size-thumbnail\" alt=\"\" \/><\/a>\n\t\t\t<\/div><\/figure><figure class='gallery-item'>\n\t\t\t<div class='gallery-icon landscape'>\n\t\t\t\t<a href='https:\/\/kotrla.com\/pmpro\/urzon_imgp0701-2\/'><img loading=\"lazy\" decoding=\"async\" width=\"150\" height=\"150\" src=\"https:\/\/kotrla.com\/pmpro\/wp-content\/uploads\/2025\/12\/urzon_IMGP0701-150x150.jpg\" class=\"attachment-thumbnail size-thumbnail\" alt=\"\" \/><\/a>\n\t\t\t<\/div><\/figure><figure class='gallery-item'>\n\t\t\t<div class='gallery-icon landscape'>\n\t\t\t\t<a href='https:\/\/kotrla.com\/pmpro\/urzon_imgp0697-2\/'><img loading=\"lazy\" decoding=\"async\" width=\"150\" height=\"150\" src=\"https:\/\/kotrla.com\/pmpro\/wp-content\/uploads\/2025\/12\/urzon_IMGP0697-150x150.jpg\" class=\"attachment-thumbnail size-thumbnail\" alt=\"\" \/><\/a>\n\t\t\t<\/div><\/figure><figure class='gallery-item'>\n\t\t\t<div class='gallery-icon landscape'>\n\t\t\t\t<a href='https:\/\/kotrla.com\/pmpro\/whatsapp-image-2025-10-31-at-09-35-45\/'><img loading=\"lazy\" decoding=\"async\" width=\"150\" height=\"150\" src=\"https:\/\/kotrla.com\/pmpro\/wp-content\/uploads\/2025\/12\/WhatsApp-Image-2025-10-31-at-09.35.45-150x150.jpg\" class=\"attachment-thumbnail size-thumbnail\" alt=\"\" \/><\/a>\n\t\t\t<\/div><\/figure><figure class='gallery-item'>\n\t\t\t<div class='gallery-icon landscape'>\n\t\t\t\t<a href='https:\/\/kotrla.com\/pmpro\/urzon_imgp0676-2\/'><img loading=\"lazy\" decoding=\"async\" width=\"150\" height=\"150\" src=\"https:\/\/kotrla.com\/pmpro\/wp-content\/uploads\/2025\/12\/urzon_IMGP0676-150x150.jpg\" class=\"attachment-thumbnail size-thumbnail\" alt=\"\" \/><\/a>\n\t\t\t<\/div><\/figure><figure class='gallery-item'>\n\t\t\t<div class='gallery-icon landscape'>\n\t\t\t\t<a href='https:\/\/kotrla.com\/pmpro\/urzon_imgp0684-2\/'><img loading=\"lazy\" decoding=\"async\" width=\"150\" height=\"150\" src=\"https:\/\/kotrla.com\/pmpro\/wp-content\/uploads\/2025\/12\/urzon_IMGP0684-150x150.jpg\" class=\"attachment-thumbnail size-thumbnail\" alt=\"\" \/><\/a>\n\t\t\t<\/div><\/figure><figure class='gallery-item'>\n\t\t\t<div class='gallery-icon landscape'>\n\t\t\t\t<a href='https:\/\/kotrla.com\/pmpro\/urzon_imgp0693\/'><img loading=\"lazy\" decoding=\"async\" width=\"150\" height=\"150\" src=\"https:\/\/kotrla.com\/pmpro\/wp-content\/uploads\/2025\/12\/urzon_IMGP0693-150x150.jpg\" class=\"attachment-thumbnail size-thumbnail\" alt=\"\" \/><\/a>\n\t\t\t<\/div><\/figure><figure class='gallery-item'>\n\t\t\t<div class='gallery-icon landscape'>\n\t\t\t\t<a href='https:\/\/kotrla.com\/pmpro\/urzon_imgp1110\/'><img loading=\"lazy\" decoding=\"async\" width=\"150\" height=\"150\" src=\"https:\/\/kotrla.com\/pmpro\/wp-content\/uploads\/2025\/12\/urzon_IMGP1110-150x150.jpg\" class=\"attachment-thumbnail size-thumbnail\" alt=\"\" \/><\/a>\n\t\t\t<\/div><\/figure><figure class='gallery-item'>\n\t\t\t<div class='gallery-icon landscape'>\n\t\t\t\t<a href='https:\/\/kotrla.com\/pmpro\/urzon_imgp1099_1\/'><img loading=\"lazy\" decoding=\"async\" width=\"150\" height=\"150\" src=\"https:\/\/kotrla.com\/pmpro\/wp-content\/uploads\/2025\/12\/urzon_IMGP1099_1-150x150.jpg\" class=\"attachment-thumbnail size-thumbnail\" alt=\"\" \/><\/a>\n\t\t\t<\/div><\/figure><figure class='gallery-item'>\n\t\t\t<div class='gallery-icon landscape'>\n\t\t\t\t<a href='https:\/\/kotrla.com\/pmpro\/urzon_imgp1103_1\/'><img loading=\"lazy\" decoding=\"async\" width=\"150\" height=\"150\" src=\"https:\/\/kotrla.com\/pmpro\/wp-content\/uploads\/2025\/12\/urzon_IMGP1103_1-150x150.jpg\" class=\"attachment-thumbnail size-thumbnail\" alt=\"\" \/><\/a>\n\t\t\t<\/div><\/figure><figure class='gallery-item'>\n\t\t\t<div class='gallery-icon landscape'>\n\t\t\t\t<a href='https:\/\/kotrla.com\/pmpro\/urzon_imgp1112\/'><img loading=\"lazy\" decoding=\"async\" width=\"150\" height=\"150\" src=\"https:\/\/kotrla.com\/pmpro\/wp-content\/uploads\/2025\/12\/urzon_IMGP1112-150x150.jpg\" class=\"attachment-thumbnail size-thumbnail\" alt=\"\" \/><\/a>\n\t\t\t<\/div><\/figure><figure class='gallery-item'>\n\t\t\t<div class='gallery-icon landscape'>\n\t\t\t\t<a href='https:\/\/kotrla.com\/pmpro\/urzon_imgp9844\/'><img loading=\"lazy\" decoding=\"async\" width=\"150\" height=\"150\" src=\"https:\/\/kotrla.com\/pmpro\/wp-content\/uploads\/2025\/12\/urzon_IMGP9844-150x150.jpg\" class=\"attachment-thumbnail size-thumbnail\" alt=\"\" \/><\/a>\n\t\t\t<\/div><\/figure><figure class='gallery-item'>\n\t\t\t<div class='gallery-icon landscape'>\n\t\t\t\t<a href='https:\/\/kotrla.com\/pmpro\/urzon_imgp9854\/'><img loading=\"lazy\" decoding=\"async\" width=\"150\" height=\"150\" src=\"https:\/\/kotrla.com\/pmpro\/wp-content\/uploads\/2025\/12\/urzon_IMGP9854-150x150.jpg\" class=\"attachment-thumbnail size-thumbnail\" alt=\"\" \/><\/a>\n\t\t\t<\/div><\/figure><figure class='gallery-item'>\n\t\t\t<div class='gallery-icon landscape'>\n\t\t\t\t<a href='https:\/\/kotrla.com\/pmpro\/urzon_imgp1116\/'><img loading=\"lazy\" decoding=\"async\" width=\"150\" height=\"150\" src=\"https:\/\/kotrla.com\/pmpro\/wp-content\/uploads\/2025\/12\/urzon_IMGP1116-150x150.jpg\" class=\"attachment-thumbnail size-thumbnail\" alt=\"\" \/><\/a>\n\t\t\t<\/div><\/figure><figure class='gallery-item'>\n\t\t\t<div class='gallery-icon landscape'>\n\t\t\t\t<a href='https:\/\/kotrla.com\/pmpro\/urzon_imgp1283\/'><img loading=\"lazy\" decoding=\"async\" width=\"150\" height=\"150\" src=\"https:\/\/kotrla.com\/pmpro\/wp-content\/uploads\/2025\/12\/urzon_IMGP1283-150x150.jpg\" class=\"attachment-thumbnail size-thumbnail\" alt=\"\" \/><\/a>\n\t\t\t<\/div><\/figure>\n\t\t<\/div>\n\n<p>&nbsp;<\/p>\n<figure id=\"attachment_13751\" aria-describedby=\"caption-attachment-13751\" style=\"width: 1200px\" class=\"wp-caption alignnone\"><a href=\"https:\/\/kotrla.com\/pmpro\/wp-content\/uploads\/2025\/12\/urzon_linoryt.jpeg\"><img loading=\"lazy\" decoding=\"async\" class=\"size-full wp-image-13751\" src=\"https:\/\/kotrla.com\/pmpro\/wp-content\/uploads\/2025\/12\/urzon_linoryt.jpeg\" alt=\"\" width=\"1200\" height=\"1600\" srcset=\"https:\/\/kotrla.com\/pmpro\/wp-content\/uploads\/2025\/12\/urzon_linoryt.jpeg 1200w, https:\/\/kotrla.com\/pmpro\/wp-content\/uploads\/2025\/12\/urzon_linoryt-225x300.jpeg 225w, https:\/\/kotrla.com\/pmpro\/wp-content\/uploads\/2025\/12\/urzon_linoryt-768x1024.jpeg 768w, https:\/\/kotrla.com\/pmpro\/wp-content\/uploads\/2025\/12\/urzon_linoryt-1152x1536.jpeg 1152w\" sizes=\"auto, (max-width: 1200px) 100vw, 1200px\" \/><\/a><figcaption id=\"caption-attachment-13751\" class=\"wp-caption-text\">Jak Urzon obelstil Kojota (linoryt)<\/figcaption><\/figure>\n","protected":false},"excerpt":{"rendered":"<p>ISBN 978-80-909228-9-1 Doporu\u010den\u00e1 cena knihy je 400 K\u010d. Kniha nen\u00ed v b\u011b\u017en\u00e9 distribuci, lze si ji v\u0161ak objednat u nakladatele. Tradi\u010dn\u00ed m\u00fdtus indi\u00e1n\u016f Jute\u016f vypr\u00e1v\u00ed o d\u016fvtipn\u00e9m Urzonovi, kter\u00fd na sv\u00e9 cest\u011b za dobrodru\u017estv\u00edm p\u0159elst\u00ed nejen mohutn\u00e9ho bizona, ale i vychytral\u00e9ho a chamtiv\u00e9ho Kojota. S\u00e9rie lst\u00ed, klam\u016f a zvrat\u016f postupn\u011b obr\u00e1t\u00ed role lovce a ko\u0159isti. [&hellip;]<\/p>\n","protected":false},"author":1,"featured_media":0,"parent":3997,"menu_order":0,"comment_status":"closed","ping_status":"closed","template":"","meta":{"site-sidebar-layout":"default","site-content-layout":"","ast-site-content-layout":"default","site-content-style":"default","site-sidebar-style":"default","ast-global-header-display":"","ast-banner-title-visibility":"","ast-main-header-display":"","ast-hfb-above-header-display":"","ast-hfb-below-header-display":"","ast-hfb-mobile-header-display":"","site-post-title":"","ast-breadcrumbs-content":"","ast-featured-img":"","footer-sml-layout":"","ast-disable-related-posts":"","theme-transparent-header-meta":"default","adv-header-id-meta":"","stick-header-meta":"","header-above-stick-meta":"","header-main-stick-meta":"","header-below-stick-meta":"","astra-migrate-meta-layouts":"set","ast-page-background-enabled":"default","ast-page-background-meta":{"desktop":{"background-color":"var(--ast-global-color-5)","background-image":"","background-repeat":"repeat","background-position":"center center","background-size":"auto","background-attachment":"scroll","background-type":"","background-media":"","overlay-type":"","overlay-color":"","overlay-opacity":"","overlay-gradient":""},"tablet":{"background-color":"","background-image":"","background-repeat":"repeat","background-position":"center center","background-size":"auto","background-attachment":"scroll","background-type":"","background-media":"","overlay-type":"","overlay-color":"","overlay-opacity":"","overlay-gradient":""},"mobile":{"background-color":"","background-image":"","background-repeat":"repeat","background-position":"center center","background-size":"auto","background-attachment":"scroll","background-type":"","background-media":"","overlay-type":"","overlay-color":"","overlay-opacity":"","overlay-gradient":""}},"ast-content-background-meta":{"desktop":{"background-color":"var(--ast-global-color-4)","background-image":"","background-repeat":"repeat","background-position":"center center","background-size":"auto","background-attachment":"scroll","background-type":"","background-media":"","overlay-type":"","overlay-color":"","overlay-opacity":"","overlay-gradient":""},"tablet":{"background-color":"var(--ast-global-color-4)","background-image":"","background-repeat":"repeat","background-position":"center center","background-size":"auto","background-attachment":"scroll","background-type":"","background-media":"","overlay-type":"","overlay-color":"","overlay-opacity":"","overlay-gradient":""},"mobile":{"background-color":"var(--ast-global-color-4)","background-image":"","background-repeat":"repeat","background-position":"center center","background-size":"auto","background-attachment":"scroll","background-type":"","background-media":"","overlay-type":"","overlay-color":"","overlay-opacity":"","overlay-gradient":""}},"jetpack_post_was_ever_published":false,"footnotes":""},"class_list":["post-13618","page","type-page","status-publish","hentry"],"jetpack_shortlink":"https:\/\/wp.me\/P4mLP7-3xE","jetpack-related-posts":[{"id":3997,"url":"https:\/\/kotrla.com\/pmpro\/klenov\/","url_meta":{"origin":13618,"position":0},"title":"Nakladatelstv\u00ed Klenov","author":"Pavel Kotrla","date":"1.12.2018","format":false,"excerpt":"Klenov \u2013 jednomu\u017en\u00e9 nakladatelstv\u00ed Pavla Kotrly. Knihy jsou v distribuci Kosmas a Pemic, m\u016f\u017eete zakoupit nap\u0159\u00edklad v s\u00edti prodejen\u00a0Martinus,\u00a0Dobrovsk\u00fd nebo jin\u00fdch.\u00a0Bibliofilie Synonymum krajina, Pot\u00ed\u017ee se \u017eenami, Hedvika a Jak Urzon obelstil Kojota nejsou v b\u011b\u017en\u00e9 distribuci, pro objedn\u00e1vku pou\u017eijte pros\u00edm tento formul\u00e1\u0159. Ten m\u016f\u017eete vyu\u017e\u00edt i pro objedn\u00e1vku dal\u0161\u00edch knih\u2026","rel":"","context":"Podobn\u00fd p\u0159\u00edsp\u011bvek","block_context":{"text":"Podobn\u00fd p\u0159\u00edsp\u011bvek","link":""},"img":{"alt_text":"","src":"https:\/\/i0.wp.com\/kotrla.com\/pmpro\/wp-content\/uploads\/2023\/03\/nakladatelstvi_klenov_logo_bw_small.png?resize=350%2C200&ssl=1","width":350,"height":200},"classes":[]},{"id":11520,"url":"https:\/\/kotrla.com\/pmpro\/objednavka-knih\/","url_meta":{"origin":13618,"position":1},"title":"Objedn\u00e1vka","author":"Pavel Kotrla","date":"25.4.2024","format":false,"excerpt":"Zde si m\u016f\u017eete objednat bibliofilie nakladatelstv\u00ed Klenov (Synonymum krajina, Pot\u00ed\u017ee se \u017eenami, Hedvika nebo Jak Urzon p\u0159elstil Kojota), kter\u00e9 nejsou v b\u011b\u017en\u00e9 distribuci, ale i dal\u0161\u00ed tituly. Cena knihy Synonymum krajina je 300 K\u010d Cena knihy Pot\u00ed\u017ee se \u017eenami je 600 K\u010d Cena knihy Hedvika je 250 K\u010d. Cena knihy\u2026","rel":"","context":"Podobn\u00fd p\u0159\u00edsp\u011bvek","block_context":{"text":"Podobn\u00fd p\u0159\u00edsp\u011bvek","link":""},"img":{"alt_text":"","src":"https:\/\/i0.wp.com\/kotrla.com\/pmpro\/wp-content\/uploads\/2025\/12\/qr_ucet.png?resize=350%2C200&ssl=1","width":350,"height":200},"classes":[]},{"id":12809,"url":"https:\/\/kotrla.com\/pmpro\/klenov\/pavel-kotrla-potize-se-zenami-2025\/","url_meta":{"origin":13618,"position":2},"title":"Pavel Kotrla: Pot\u00ed\u017ee se \u017eenami (2025)","author":"Pavel Kotrla","date":"1.6.2025","format":false,"excerpt":"ISBN 978-80-909228-3-9 P\u016fvodn\u00edmi linoryty doprovodila\u00a0Janazapa Cena ti\u0161t\u011bn\u00e9 knihy v\u010detn\u011b t\u0159\u00ed vlo\u017een\u00fdch origin\u00e1ln\u00edch linoryt\u016f je 600 K\u010d + 100 K\u010d po\u0161tovn\u00e9. Kniha nen\u00ed v b\u011b\u017en\u00e9 distribu\u010dn\u00ed s\u00edti, lze si ji v\u0161ak\u00a0OBJEDNAT. P\u0159i objedn\u00e1n\u00ed dvou knih z produkce je po\u0161tovn\u00e9 zdarma. Pot\u00ed\u017ee se \u017eenami p\u0159edstavuj\u00ed pov\u00eddky, kter\u00e9 s\u00a0absurdn\u00edm podt\u00f3nem, \u010dern\u00fdm humorem a\u2026","rel":"","context":"Podobn\u00fd p\u0159\u00edsp\u011bvek","block_context":{"text":"Podobn\u00fd p\u0159\u00edsp\u011bvek","link":""},"img":{"alt_text":"","src":"https:\/\/i0.wp.com\/kotrla.com\/pmpro\/wp-content\/uploads\/2025\/06\/potize_se_zenami_20250213-150x150.jpg?resize=350%2C200&ssl=1","width":350,"height":200,"srcset":"https:\/\/i0.wp.com\/kotrla.com\/pmpro\/wp-content\/uploads\/2025\/06\/potize_se_zenami_20250213-150x150.jpg?resize=350%2C200&ssl=1 1x, https:\/\/i0.wp.com\/kotrla.com\/pmpro\/wp-content\/uploads\/2025\/06\/potize_se_zenami_20250213-150x150.jpg?resize=525%2C300&ssl=1 1.5x, https:\/\/i0.wp.com\/kotrla.com\/pmpro\/wp-content\/uploads\/2025\/06\/potize_se_zenami_20250213-150x150.jpg?resize=700%2C400&ssl=1 2x, https:\/\/i0.wp.com\/kotrla.com\/pmpro\/wp-content\/uploads\/2025\/06\/potize_se_zenami_20250213-150x150.jpg?resize=1050%2C600&ssl=1 3x, https:\/\/i0.wp.com\/kotrla.com\/pmpro\/wp-content\/uploads\/2025\/06\/potize_se_zenami_20250213-150x150.jpg?resize=1400%2C800&ssl=1 4x"},"classes":[]},{"id":6609,"url":"https:\/\/kotrla.com\/pmpro\/klenov\/mirkovi\/","url_meta":{"origin":13618,"position":3},"title":"Mirkovi.","author":"Pavel Kotrla","date":"10.5.2020","format":false,"excerpt":"Sborn\u00edk p\u0159\u00edsp\u011bvk\u016f k\u00a0sedmdes\u00e1tin\u00e1m Miroslava Machaly ISBN 978-80-905649-7-8 Kniha byly vyd\u00e1na u p\u0159\u00edle\u017eitosti \u017eivotn\u00edho jubilea socha\u0159e Miroslava Machaly. Fotograf Robert Gol\u00e1\u0148 mnohokr\u00e1t prov\u00e1zel socha\u0159e p\u0159i nejr\u016fzn\u011bj\u0161\u00edch p\u0159\u00edle\u017eitostech \u2013 p\u0159i pr\u00e1ci, na cest\u00e1ch nebo p\u0159i odpo\u010dinku. Vznikl tak unik\u00e1tn\u00ed soubor fotografi\u00ed, kter\u00e9 dokumentuj\u00ed pestr\u00e9 fasety Mirkova \u017eivota. V\u00fdb\u011br pro tuto publikaci doplnil\u2026","rel":"","context":"Podobn\u00fd p\u0159\u00edsp\u011bvek","block_context":{"text":"Podobn\u00fd p\u0159\u00edsp\u011bvek","link":""},"img":{"alt_text":"","src":"https:\/\/i0.wp.com\/kotrla.com\/pmpro\/wp-content\/uploads\/2020\/05\/mm_70_vnitrek39-scaled.jpg?resize=350%2C200&ssl=1","width":350,"height":200,"srcset":"https:\/\/i0.wp.com\/kotrla.com\/pmpro\/wp-content\/uploads\/2020\/05\/mm_70_vnitrek39-scaled.jpg?resize=350%2C200&ssl=1 1x, https:\/\/i0.wp.com\/kotrla.com\/pmpro\/wp-content\/uploads\/2020\/05\/mm_70_vnitrek39-scaled.jpg?resize=525%2C300&ssl=1 1.5x, https:\/\/i0.wp.com\/kotrla.com\/pmpro\/wp-content\/uploads\/2020\/05\/mm_70_vnitrek39-scaled.jpg?resize=700%2C400&ssl=1 2x, https:\/\/i0.wp.com\/kotrla.com\/pmpro\/wp-content\/uploads\/2020\/05\/mm_70_vnitrek39-scaled.jpg?resize=1050%2C600&ssl=1 3x, https:\/\/i0.wp.com\/kotrla.com\/pmpro\/wp-content\/uploads\/2020\/05\/mm_70_vnitrek39-scaled.jpg?resize=1400%2C800&ssl=1 4x"},"classes":[]},{"id":10951,"url":"https:\/\/kotrla.com\/pmpro\/klenov\/rajko-grlic-neodvypravene-pribehy-2023\/","url_meta":{"origin":13618,"position":4},"title":"Rajko Grli\u0107: Neodvypr\u00e1v\u011bn\u00e9 p\u0159\u00edb\u011bhy (2023)","author":"Pavel Kotrla","date":"9.11.2023","format":false,"excerpt":"ISBN 978-80-908127-8-9 Rajko Grli\u0107 (1947) \u2013 chorvatsk\u00fd filmov\u00fd re\u017eis\u00e9r, producent a scen\u00e1rista, profesor filmov\u00e9 teorie na univerzit\u011b v Ohiu, um\u011bleck\u00fd \u0159editel Motovunsk\u00e9ho filmov\u00e9ho festivalu v chorvatsk\u00e9m Motovunu.\u00a0 Jeden z nejv\u00fdznamn\u011bj\u0161\u00edch chorvatsk\u00fdch filmov\u00fdch re\u017eis\u00e9r\u016f. V roce 1971 ukon\u010dil studia re\u017eie na pra\u017esk\u00e9 FAMU. Spole\u010dn\u011b s n\u00edm v tom \u010dase absolvovala pra\u017esk\u00e1\u2026","rel":"","context":"Podobn\u00fd p\u0159\u00edsp\u011bvek","block_context":{"text":"Podobn\u00fd p\u0159\u00edsp\u011bvek","link":""},"img":{"alt_text":"Rajko Grli\u0107","src":"https:\/\/i0.wp.com\/kotrla.com\/pmpro\/wp-content\/uploads\/2023\/11\/grlic_uvedeni_IMGP0703.jpg?resize=350%2C200&ssl=1","width":350,"height":200,"srcset":"https:\/\/i0.wp.com\/kotrla.com\/pmpro\/wp-content\/uploads\/2023\/11\/grlic_uvedeni_IMGP0703.jpg?resize=350%2C200&ssl=1 1x, https:\/\/i0.wp.com\/kotrla.com\/pmpro\/wp-content\/uploads\/2023\/11\/grlic_uvedeni_IMGP0703.jpg?resize=525%2C300&ssl=1 1.5x, https:\/\/i0.wp.com\/kotrla.com\/pmpro\/wp-content\/uploads\/2023\/11\/grlic_uvedeni_IMGP0703.jpg?resize=700%2C400&ssl=1 2x, https:\/\/i0.wp.com\/kotrla.com\/pmpro\/wp-content\/uploads\/2023\/11\/grlic_uvedeni_IMGP0703.jpg?resize=1050%2C600&ssl=1 3x, https:\/\/i0.wp.com\/kotrla.com\/pmpro\/wp-content\/uploads\/2023\/11\/grlic_uvedeni_IMGP0703.jpg?resize=1400%2C800&ssl=1 4x"},"classes":[]},{"id":12139,"url":"https:\/\/kotrla.com\/pmpro\/klenov\/miroslav-cerny-moudrost-stezky-2024\/","url_meta":{"origin":13618,"position":5},"title":"Miroslav \u010cern\u00fd: Moudrost stezky (2024)","author":"Pavel Kotrla","date":"19.10.2024","format":false,"excerpt":"ISBN 978-80-909228-1-5 Doporu\u010den\u00e1 cena knihy je 180 K\u010d Doslov Moudrost stezky je logick\u00fdm vy\u00fast\u011bn\u00edm dosavadn\u00edho liter\u00e1rn\u00edho v\u00fdvoje Miroslava \u010cern\u00e9ho. Dalo se p\u0159edpokl\u00e1dat, \u017ee autora, kter\u00fd se vedle knih odborn\u00fdch a\u00a0popul\u00e1rn\u011b\u00ad\u2011nau\u010dn\u00fdch prosadil p\u0159edev\u0161\u00edm jako cestopisec a\u00a0b\u00e1sn\u00edk, d\u0159\u00edve \u010di pozd\u011bji zl\u00e1k\u00e1 nov\u00e1 tv\u016fr\u010d\u00ed perspektiva a\u00a0bude si cht\u00edt vyzkou\u0161et mo\u017enosti na poli pr\u00f3zy.\u2026","rel":"","context":"Podobn\u00fd p\u0159\u00edsp\u011bvek","block_context":{"text":"Podobn\u00fd p\u0159\u00edsp\u011bvek","link":""},"img":{"alt_text":"","src":"https:\/\/i0.wp.com\/kotrla.com\/pmpro\/wp-content\/uploads\/2024\/10\/sazba_cerny11-150x150.png?resize=350%2C200&ssl=1","width":350,"height":200,"srcset":"https:\/\/i0.wp.com\/kotrla.com\/pmpro\/wp-content\/uploads\/2024\/10\/sazba_cerny11-150x150.png?resize=350%2C200&ssl=1 1x, https:\/\/i0.wp.com\/kotrla.com\/pmpro\/wp-content\/uploads\/2024\/10\/sazba_cerny11-150x150.png?resize=525%2C300&ssl=1 1.5x, https:\/\/i0.wp.com\/kotrla.com\/pmpro\/wp-content\/uploads\/2024\/10\/sazba_cerny11-150x150.png?resize=700%2C400&ssl=1 2x"},"classes":[]}],"jetpack_sharing_enabled":true,"_links":{"self":[{"href":"https:\/\/kotrla.com\/pmpro\/wp-json\/wp\/v2\/pages\/13618","targetHints":{"allow":["GET"]}}],"collection":[{"href":"https:\/\/kotrla.com\/pmpro\/wp-json\/wp\/v2\/pages"}],"about":[{"href":"https:\/\/kotrla.com\/pmpro\/wp-json\/wp\/v2\/types\/page"}],"author":[{"embeddable":true,"href":"https:\/\/kotrla.com\/pmpro\/wp-json\/wp\/v2\/users\/1"}],"replies":[{"embeddable":true,"href":"https:\/\/kotrla.com\/pmpro\/wp-json\/wp\/v2\/comments?post=13618"}],"version-history":[{"count":15,"href":"https:\/\/kotrla.com\/pmpro\/wp-json\/wp\/v2\/pages\/13618\/revisions"}],"predecessor-version":[{"id":13818,"href":"https:\/\/kotrla.com\/pmpro\/wp-json\/wp\/v2\/pages\/13618\/revisions\/13818"}],"up":[{"embeddable":true,"href":"https:\/\/kotrla.com\/pmpro\/wp-json\/wp\/v2\/pages\/3997"}],"wp:attachment":[{"href":"https:\/\/kotrla.com\/pmpro\/wp-json\/wp\/v2\/media?parent=13618"}],"curies":[{"name":"wp","href":"https:\/\/api.w.org\/{rel}","templated":true}]}}