{"id":13834,"date":"2025-12-25T21:42:09","date_gmt":"2025-12-25T20:42:09","guid":{"rendered":"https:\/\/kotrla.com\/pmpro\/?page_id=13834"},"modified":"2026-02-01T11:53:57","modified_gmt":"2026-02-01T10:53:57","slug":"bibliofilie-rozcestnik","status":"publish","type":"page","link":"https:\/\/kotrla.com\/pmpro\/bibliofilie\/bibliofilie-rozcestnik\/","title":{"rendered":"Bibliofilie \u2013 rozcestn\u00edk"},"content":{"rendered":"<p>Spolky<\/p>\n<ul>\n<li>Spolek \u010desk\u00fdch bibliofil\u016f <a href=\"https:\/\/spolekceskychbibliofilu.cz\">https:\/\/spolekceskychbibliofilu.cz<\/a><\/li>\n<\/ul>\n<p>Nakladatelstv\u00ed<\/p>\n<ul>\n<li>Adolescent <a href=\"http:\/\/www.adolescent.cz\">http:\/\/www.adolescent.cz<\/a><\/li>\n<li>Antikvari\u00e1t Fiducia <a href=\"https:\/\/klubfiducia.cz\/kategorie-produktu\/knihy\/\">https:\/\/klubfiducia.cz\/kategorie-produktu\/knihy\/<\/a><\/li>\n<li>Arbor Vitae <a href=\"http:\/\/www.arborvitae.cz\">http:\/\/www.arborvitae.cz<\/a><\/li>\n<li>Argo <a href=\"http:\/\/www.argo-bibliofilie.cz\">http:\/\/www.argo-bibliofilie.cz<\/a><\/li>\n<li>Art Space NOV <a href=\"https:\/\/artspacenov.cz\/category\/publikace\/\">https:\/\/artspacenov.cz\/category\/publikace\/<\/a><\/li>\n<li>Ateli\u00e9r Krupka &#8211; nakladatelstv\u00ed Ve str\u00e1ni <a href=\"https:\/\/atelierkrupka.cz\">https:\/\/atelierkrupka.cz<\/a><\/li>\n<li>Aulos <a href=\"https:\/\/aulos.cz\">https:\/\/aulos.cz<\/a><\/li>\n<li>Avart <a href=\"https:\/\/www.avart.cz\/bibliofilie\">https:\/\/www.avart.cz\/bibliofilie<\/a><\/li>\n<li>Balbineum <a href=\"https:\/\/www.balbineum.cz\">https:\/\/www.balbineum.cz<\/a><\/li>\n<li>Bylo nebylo <a href=\"https:\/\/www.bylonebylo.com\">https:\/\/www.bylonebylo.com<\/a><\/li>\n<li>Drtina Lubo\u0161 <a href=\"http:\/\/www.lubosdrtina.cz\/index.php?\/autorske\/19862010\/\">http:\/\/www.lubosdrtina.cz\/index.php?\/autorske\/19862010\/<\/a><\/li>\n<li>Edice 33, Franti\u0161ek Jan\u00e1s <a href=\"https:\/\/www.edice33.eu\/\">https:\/\/www.edice33.eu<\/a> + <a href=\"https:\/\/www.bibliofilie-edice33.cz\">https:\/\/www.bibliofilie-edice33.cz<\/a><\/li>\n<li>Galerie Zden\u011bk Sklen\u00e1\u0159 <a href=\"https:\/\/www.zdeneksklenar.cz\/bibliofilie\">https:\/\/www.zdeneksklenar.cz\/bibliofilie<\/a><\/li>\n<li>Kavka <a href=\"https:\/\/www.kavkabook.cz\">https:\/\/www.kavkabook.cz\/<\/a><\/li>\n<li>Klenov (n\u011bkter\u00e9 svazky m\u00e9ho nakladatelstv\u00ed) <a href=\"https:\/\/kotrla.com\/pmpro\/klenov\/\">https:\/\/kotrla.com\/pmpro\/klenov\/<\/a><\/li>\n<li>Kodudek <a href=\"https:\/\/www.kodudek.cz\">https:\/\/www.kodudek.cz<\/a><\/li>\n<li>Lege Artis, MUDr. Jan H\u00fdsek <a href=\"https:\/\/lege.cz\">https:\/\/lege.cz<\/a><\/li>\n<li>Meander <a href=\"https:\/\/www.meander.cz\/sberatelska-kolekce--tento-vytisk-ma-cislo\/\">https:\/\/www.meander.cz\/sberatelska-kolekce&#8211;tento-vytisk-ma-cislo\/<\/a><\/li>\n<li>Oficina Praga <a href=\"https:\/\/officinapraga.cz\">https:\/\/officinapraga.cz<\/a><\/li>\n<li>Projekt Moribundus <a href=\"https:\/\/www.facebook.com\/projektmoribundus\/\">https:\/\/www.facebook.com\/projektmoribundus\/<\/a><\/li>\n<li>Ru\u010dn\u00ed pap\u00edrna Velk\u00e9 Losiny <a href=\"https:\/\/artgallery.rpvl.cz\/bibliofilie\">https:\/\/artgallery.rpvl.cz\/bibliofilie<\/a><\/li>\n<li>Take take take <a href=\"https:\/\/www.taketaketake.cz\">https:\/\/www.taketaketake.cz<\/a><\/li>\n<li>Teapot <a href=\"https:\/\/teapot.cz\">https:\/\/teapot.cz<\/a><\/li>\n<li>Trigon <a href=\"https:\/\/www.trigon-knihy.cz\/bibliofilie2\/\">https:\/\/www.trigon-knihy.cz\/<\/a><\/li>\n<\/ul>\n<p>Jedinci<\/p>\n<ul>\n<li>\u010capkov\u00e1 Eva <a href=\"https:\/\/www.evacapkova.eu\/index.php\/ilustrace\/\">https:\/\/www.evacapkova.eu\/index.php\/ilustrace\/<\/a><\/li>\n<li>Baruch Jo\u017eka <a href=\"https:\/\/jozkabaruch.cz\">https:\/\/jozkabaruch.cz<\/a><\/li>\n<li>Emanuel Rann\u00fd <a href=\"https:\/\/www.emanuelranny.com\/bibliofilie-prehled\/prehled-bibliofilie\/\">https:\/\/www.emanuelranny.com\/bibliofilie-prehled\/prehled-bibliofilie\/<\/a><\/li>\n<li>Sl\u00e1ma Milo\u0161 <a href=\"https:\/\/www.milosslama.cz\/bibliofilie\">https:\/\/www.milosslama.cz\/bibliofilie<\/a><\/li>\n<li>V\u00e1chal Josef <a href=\"http:\/\/www.vachal.cz\/\">http:\/\/www.vachal.cz<\/a><\/li>\n<li>Vav\u0159inec Marek J. <a href=\"https:\/\/www.facebook.com\/profile.php?id=100007467546363\">https:\/\/www.facebook.com\/profile.php?id=100007467546363<\/a><\/li>\n<\/ul>\n<p>Dal\u0161\u00ed instituce a spolky<\/p>\n<ul>\n<li>Knihovna Galerie v\u00fdtvarn\u00e9ho um\u011bn\u00ed v Ostrav\u011b <a href=\"https:\/\/www.gvuo.cz\">https:\/\/www.gvuo.cz<\/a><\/li>\n<li>M\u011bstsk\u00e1 knihovna Loket (expozice kni\u017en\u00ed vazby) <a href=\"https:\/\/www.mkloket.cz\">https:\/\/www.mkloket.cz<\/a><\/li>\n<li>Moravsk\u00e1 galerie v Brn\u011b (bibliofilie a um\u011bleck\u00e1 kni\u017en\u00ed vazba) <a href=\"https:\/\/moravska-galerie.cz\">https:\/\/moravska-galerie.cz<\/a><\/li>\n<li>Muzeum klasick\u00e9ho kniha\u0159stv\u00ed (Ro\u017e\u010falovice) <a href=\"https:\/\/rajman.cz\">https:\/\/rajman.cz<\/a><\/li>\n<li>Pam\u00e1tn\u00edk n\u00e1rodn\u00edho p\u00edsemnictv\u00ed \u2013 Muzeum literatury <a href=\"http:\/\/www.muzeumliteratury.cz\/\">https:\/\/www.muzeumliteratury.cz\/<\/a><\/li>\n<li>Portmoneum \u2013 muzeum Josefa V\u00e1chala, d\u0159\u00edve d\u016fm vydavatele a bibliofila Josefa Portmana <a href=\"https:\/\/portmoneum.cz\/\">https:\/\/portmoneum.cz\/<\/a><\/li>\n<li>Port\u00e1l liter\u00e1rn\u00edch muze\u00ed <a href=\"https:\/\/www.literarnimuzea.cz\">https:\/\/www.literarnimuzea.cz<\/a><\/li>\n<li>Spole\u010denstvo \u010desk\u00fdch kniha\u0159\u016f <a href=\"https:\/\/www.knihari.cz\">https:\/\/www.knihari.cz<\/a><\/li>\n<li>Spolek sb\u011bratel\u016f a\u00a0p\u0159\u00e1tel exlibris:\u00a0<a href=\"https:\/\/www.sspe.cz\/\">https:\/\/www.sspe.cz\/<\/a><\/li>\n<\/ul>\n<p>Pap\u00edrny<\/p>\n<ul>\n<li>Ru\u010dn\u00ed pap\u00edrna Velk\u00e9 Losiny <a href=\"https:\/\/www.rpvl.cz\">https:\/\/www.rpvl.cz<\/a><\/li>\n<li>Papyrea, Zdislava <a href=\"http:\/\/www.rucni-papirna.cz\">http:\/\/www.rucni-papirna.cz<\/a><\/li>\n<li>Samurai Paper Mill, Kostelec na Han\u00e9 <a href=\"https:\/\/www.grandart.cz\">https:\/\/www.grandart.cz<\/a><\/li>\n<li>Muzeum pap\u00edrnictv\u00ed a pap\u00edrna v Dusznik\u00e1ch <a href=\"https:\/\/muzeumpapiernictwa.pl\/cz\/papirna\/\">https:\/\/muzeumpapiernictwa.pl\/cz\/papirna\/<\/a><\/li>\n<\/ul>\n<p>Jin\u00e9<\/p>\n<ul>\n<li>Knihovny.cz <a href=\"https:\/\/www.knihovny.cz\">https:\/\/www.knihovny.cz<\/a><\/li>\n<li>Lexikon \u010desk\u00e9 literatury <a href=\"https:\/\/edicee.ucl.cas.cz\/lexikon\/40-lexikon\">https:\/\/edicee.ucl.cas.cz\/lexikon\/40-lexikon<\/a><\/li>\n<li>Slovn\u00edk \u010desk\u00fdch nakladatelstv\u00ed 1849-1949 Ale\u0161e Zacha <a href=\"https:\/\/www.slovnik-nakladatelstvi.cz\">https:\/\/www.slovnik-nakladatelstvi.cz<\/a><\/li>\n<\/ul>\n","protected":false},"excerpt":{"rendered":"<p>Spolky Spolek \u010desk\u00fdch bibliofil\u016f https:\/\/spolekceskychbibliofilu.cz Nakladatelstv\u00ed Adolescent http:\/\/www.adolescent.cz Antikvari\u00e1t Fiducia https:\/\/klubfiducia.cz\/kategorie-produktu\/knihy\/ Arbor Vitae http:\/\/www.arborvitae.cz Argo http:\/\/www.argo-bibliofilie.cz Art Space NOV https:\/\/artspacenov.cz\/category\/publikace\/ Ateli\u00e9r Krupka &#8211; nakladatelstv\u00ed Ve str\u00e1ni https:\/\/atelierkrupka.cz Aulos https:\/\/aulos.cz Avart https:\/\/www.avart.cz\/bibliofilie Balbineum https:\/\/www.balbineum.cz Bylo nebylo https:\/\/www.bylonebylo.com Drtina Lubo\u0161 http:\/\/www.lubosdrtina.cz\/index.php?\/autorske\/19862010\/ Edice 33, Franti\u0161ek Jan\u00e1s https:\/\/www.edice33.eu + https:\/\/www.bibliofilie-edice33.cz Galerie Zden\u011bk Sklen\u00e1\u0159 https:\/\/www.zdeneksklenar.cz\/bibliofilie Kavka https:\/\/www.kavkabook.cz\/ Klenov (n\u011bkter\u00e9 svazky [&hellip;]<\/p>\n","protected":false},"author":1,"featured_media":0,"parent":12511,"menu_order":0,"comment_status":"closed","ping_status":"closed","template":"","meta":{"site-sidebar-layout":"default","site-content-layout":"","ast-site-content-layout":"default","site-content-style":"default","site-sidebar-style":"default","ast-global-header-display":"","ast-banner-title-visibility":"","ast-main-header-display":"","ast-hfb-above-header-display":"","ast-hfb-below-header-display":"","ast-hfb-mobile-header-display":"","site-post-title":"","ast-breadcrumbs-content":"","ast-featured-img":"","footer-sml-layout":"","ast-disable-related-posts":"","theme-transparent-header-meta":"default","adv-header-id-meta":"","stick-header-meta":"","header-above-stick-meta":"","header-main-stick-meta":"","header-below-stick-meta":"","astra-migrate-meta-layouts":"set","ast-page-background-enabled":"default","ast-page-background-meta":{"desktop":{"background-color":"var(--ast-global-color-5)","background-image":"","background-repeat":"repeat","background-position":"center center","background-size":"auto","background-attachment":"scroll","background-type":"","background-media":"","overlay-type":"","overlay-color":"","overlay-opacity":"","overlay-gradient":""},"tablet":{"background-color":"","background-image":"","background-repeat":"repeat","background-position":"center center","background-size":"auto","background-attachment":"scroll","background-type":"","background-media":"","overlay-type":"","overlay-color":"","overlay-opacity":"","overlay-gradient":""},"mobile":{"background-color":"","background-image":"","background-repeat":"repeat","background-position":"center center","background-size":"auto","background-attachment":"scroll","background-type":"","background-media":"","overlay-type":"","overlay-color":"","overlay-opacity":"","overlay-gradient":""}},"ast-content-background-meta":{"desktop":{"background-color":"var(--ast-global-color-4)","background-image":"","background-repeat":"repeat","background-position":"center center","background-size":"auto","background-attachment":"scroll","background-type":"","background-media":"","overlay-type":"","overlay-color":"","overlay-opacity":"","overlay-gradient":""},"tablet":{"background-color":"var(--ast-global-color-4)","background-image":"","background-repeat":"repeat","background-position":"center center","background-size":"auto","background-attachment":"scroll","background-type":"","background-media":"","overlay-type":"","overlay-color":"","overlay-opacity":"","overlay-gradient":""},"mobile":{"background-color":"var(--ast-global-color-4)","background-image":"","background-repeat":"repeat","background-position":"center center","background-size":"auto","background-attachment":"scroll","background-type":"","background-media":"","overlay-type":"","overlay-color":"","overlay-opacity":"","overlay-gradient":""}},"footnotes":""},"class_list":["post-13834","page","type-page","status-publish","hentry"],"jetpack_shortlink":"https:\/\/wp.me\/P4mLP7-3B8","jetpack-related-posts":[{"id":11520,"url":"https:\/\/kotrla.com\/pmpro\/objednavka-knih\/","url_meta":{"origin":13834,"position":0},"title":"Objedn\u00e1vka","author":"Pavel Kotrla","date":"25.4.2024","format":false,"excerpt":"Zde si m\u016f\u017eete objednat bibliofilie nakladatelstv\u00ed Klenov (Synonymum krajina, Pot\u00ed\u017ee se \u017eenami, Hedvika nebo Jak Urzon p\u0159elstil Kojota), kter\u00e9 nejsou v b\u011b\u017en\u00e9 distribuci, ale i dal\u0161\u00ed tituly. Cena knihy Synonymum krajina je 300 K\u010d Cena knihy Pot\u00ed\u017ee se \u017eenami je 600 K\u010d Cena knihy Hedvika je 250 K\u010d. Cena knihy\u2026","rel":"","context":"Podobn\u00fd p\u0159\u00edsp\u011bvek","block_context":{"text":"Podobn\u00fd p\u0159\u00edsp\u011bvek","link":""},"img":{"alt_text":"","src":"https:\/\/i0.wp.com\/kotrla.com\/pmpro\/wp-content\/uploads\/2025\/12\/qr_ucet.png?resize=350%2C200&ssl=1","width":350,"height":200},"classes":[]},{"id":12511,"url":"https:\/\/kotrla.com\/pmpro\/bibliofilie\/","url_meta":{"origin":13834,"position":1},"title":"Bibliofilie","author":"Pavel Kotrla","date":"26.2.2025","format":false,"excerpt":"P\u0159ipravuje se. Jedna z v\u00e1\u0161n\u00ed. Postupn\u011b si to tu budu odkl\u00e1dat. Rozcestn\u00edk Rozcestn\u00edk bibliofilie https:\/\/kotrla.com\/pmpro\/bibliofilie\/bibliofilie-rozcestnik\/ P\u0159\u00edsp\u011bvky o bibliofilii na m\u00e9m blogu \u00a0 V\u00fdpis v\u0161ech p\u0159\u00edsp\u011bvk\u016f v t\u00e9to kategorii","rel":"","context":"Podobn\u00fd p\u0159\u00edsp\u011bvek","block_context":{"text":"Podobn\u00fd p\u0159\u00edsp\u011bvek","link":""},"img":{"alt_text":"","src":"","width":0,"height":0},"classes":[]},{"id":2843,"url":"https:\/\/kotrla.com\/pmpro\/autor\/","url_meta":{"origin":13834,"position":2},"title":"Autor","author":"Pavel Kotrla","date":"3.9.2016","format":false,"excerpt":"Kdopak to tu m\u00e1 na sv\u011bdom\u00ed? Pavel Kotrla Narodil jsem se 5. 5. 1974 ve Vset\u00edn\u011b. V letech 1992-1997 jsem vystudoval na Filozofick\u00e9 fakult\u011b Ostravsk\u00e9 univerzity liter\u00e1rn\u00ed v\u011bdu a \u010de\u0161tinu. Od roku 1996 jsem \u0161\u00e9fredaktorem liter\u00e1rn\u00edho \u010dtvrtletn\u00edku Texty, kter\u00fd jsme v roce 1996 zalo\u017eili s Ji\u0159\u00edm Hrabalem, Jakubem Chrob\u00e1kem, Ren\u00e9\u2026","rel":"","context":"Podobn\u00fd p\u0159\u00edsp\u011bvek","block_context":{"text":"Podobn\u00fd p\u0159\u00edsp\u011bvek","link":""},"img":{"alt_text":"Pavel Kotrla","src":"https:\/\/i0.wp.com\/kotrla.com\/pmpro\/wp-content\/uploads\/2022\/06\/pavel_kotrla_IMGP0259.jpg?resize=350%2C200&ssl=1","width":350,"height":200,"srcset":"https:\/\/i0.wp.com\/kotrla.com\/pmpro\/wp-content\/uploads\/2022\/06\/pavel_kotrla_IMGP0259.jpg?resize=350%2C200&ssl=1 1x, https:\/\/i0.wp.com\/kotrla.com\/pmpro\/wp-content\/uploads\/2022\/06\/pavel_kotrla_IMGP0259.jpg?resize=525%2C300&ssl=1 1.5x, https:\/\/i0.wp.com\/kotrla.com\/pmpro\/wp-content\/uploads\/2022\/06\/pavel_kotrla_IMGP0259.jpg?resize=700%2C400&ssl=1 2x, https:\/\/i0.wp.com\/kotrla.com\/pmpro\/wp-content\/uploads\/2022\/06\/pavel_kotrla_IMGP0259.jpg?resize=1050%2C600&ssl=1 3x, https:\/\/i0.wp.com\/kotrla.com\/pmpro\/wp-content\/uploads\/2022\/06\/pavel_kotrla_IMGP0259.jpg?resize=1400%2C800&ssl=1 4x"},"classes":[]},{"id":10395,"url":"https:\/\/kotrla.com\/pmpro\/klenov\/jan-dadak-bozi-mlat-2023\/","url_meta":{"origin":13834,"position":3},"title":"Jan Dad\u00e1k: Bo\u017e\u00ed mlat (2023)","author":"Pavel Kotrla","date":"14.4.2023","format":false,"excerpt":"ISBN 978-80-908127-6-5 \u010cek\u00e1n\u00ed na d\u00e9\u0161\u0165 \u2014 Ost\u0159e prolamovanou mezerou v mraku Se stopami dl\u00e1ta je\u0161t\u011b na hran\u00e1ch Proch\u00e1z\u00ed zlato \u017eiln\u011bn\u00ed Srpek po\u0161tolky pod n\u00edm Ve vid\u011bn\u00ed vichrn\u00e9ho\u00a0\u2014 Ta jen nepohnut\u00e1 \u010deln\u011b Odol\u00e1v\u00e1 proud\u011bn\u00ed v\u00a0jeho bran\u00e1ch Ne\u017e spadne z\u00a0v\u00fd\u0161ky jako p\u0159esn\u00fd k\u00e1men Ne\u017e spadne ze stolu A k nepot\u0159eb\u011b kamsi odl\u00e9t\u00e1\u2026","rel":"","context":"Podobn\u00fd p\u0159\u00edsp\u011bvek","block_context":{"text":"Podobn\u00fd p\u0159\u00edsp\u011bvek","link":""},"img":{"alt_text":"","src":"https:\/\/i0.wp.com\/kotrla.com\/pmpro\/wp-content\/uploads\/2023\/04\/jan_dadak_bozi_mlat.jpg?resize=350%2C200&ssl=1","width":350,"height":200,"srcset":"https:\/\/i0.wp.com\/kotrla.com\/pmpro\/wp-content\/uploads\/2023\/04\/jan_dadak_bozi_mlat.jpg?resize=350%2C200&ssl=1 1x, https:\/\/i0.wp.com\/kotrla.com\/pmpro\/wp-content\/uploads\/2023\/04\/jan_dadak_bozi_mlat.jpg?resize=525%2C300&ssl=1 1.5x, https:\/\/i0.wp.com\/kotrla.com\/pmpro\/wp-content\/uploads\/2023\/04\/jan_dadak_bozi_mlat.jpg?resize=700%2C400&ssl=1 2x"},"classes":[]},{"id":3997,"url":"https:\/\/kotrla.com\/pmpro\/klenov\/","url_meta":{"origin":13834,"position":4},"title":"Nakladatelstv\u00ed Klenov","author":"Pavel Kotrla","date":"1.12.2018","format":false,"excerpt":"Klenov \u2013 jednomu\u017en\u00e9 nakladatelstv\u00ed Pavla Kotrly. Knihy jsou v distribuci Kosmas a Pemic, m\u016f\u017eete zakoupit nap\u0159\u00edklad v s\u00edti prodejen\u00a0Martinus,\u00a0Dobrovsk\u00fd nebo jin\u00fdch.\u00a0Bibliofilie Synonymum krajina, Pot\u00ed\u017ee se \u017eenami, Hedvika a Jak Urzon obelstil Kojota nejsou v b\u011b\u017en\u00e9 distribuci, pro objedn\u00e1vku pou\u017eijte pros\u00edm tento formul\u00e1\u0159. Ten m\u016f\u017eete vyu\u017e\u00edt i pro objedn\u00e1vku dal\u0161\u00edch knih\u2026","rel":"","context":"Podobn\u00fd p\u0159\u00edsp\u011bvek","block_context":{"text":"Podobn\u00fd p\u0159\u00edsp\u011bvek","link":""},"img":{"alt_text":"","src":"https:\/\/i0.wp.com\/kotrla.com\/pmpro\/wp-content\/uploads\/2023\/03\/nakladatelstvi_klenov_logo_bw_small.png?resize=350%2C200&ssl=1","width":350,"height":200},"classes":[]},{"id":12809,"url":"https:\/\/kotrla.com\/pmpro\/klenov\/pavel-kotrla-potize-se-zenami-2025\/","url_meta":{"origin":13834,"position":5},"title":"Pavel Kotrla: Pot\u00ed\u017ee se \u017eenami (2025)","author":"Pavel Kotrla","date":"1.6.2025","format":false,"excerpt":"ISBN 978-80-909228-3-9 P\u016fvodn\u00edmi linoryty doprovodila\u00a0Janazapa Cena ti\u0161t\u011bn\u00e9 knihy v\u010detn\u011b t\u0159\u00ed vlo\u017een\u00fdch origin\u00e1ln\u00edch linoryt\u016f je 600 K\u010d + 100 K\u010d po\u0161tovn\u00e9. Kniha nen\u00ed v b\u011b\u017en\u00e9 distribu\u010dn\u00ed s\u00edti, lze si ji v\u0161ak\u00a0OBJEDNAT. P\u0159i objedn\u00e1n\u00ed dvou knih z produkce je po\u0161tovn\u00e9 zdarma. Pot\u00ed\u017ee se \u017eenami p\u0159edstavuj\u00ed pov\u00eddky, kter\u00e9 s\u00a0absurdn\u00edm podt\u00f3nem, \u010dern\u00fdm humorem a\u2026","rel":"","context":"Podobn\u00fd p\u0159\u00edsp\u011bvek","block_context":{"text":"Podobn\u00fd p\u0159\u00edsp\u011bvek","link":""},"img":{"alt_text":"","src":"https:\/\/i0.wp.com\/kotrla.com\/pmpro\/wp-content\/uploads\/2025\/06\/potize_se_zenami_20250213-150x150.jpg?resize=350%2C200&ssl=1","width":350,"height":200,"srcset":"https:\/\/i0.wp.com\/kotrla.com\/pmpro\/wp-content\/uploads\/2025\/06\/potize_se_zenami_20250213-150x150.jpg?resize=350%2C200&ssl=1 1x, https:\/\/i0.wp.com\/kotrla.com\/pmpro\/wp-content\/uploads\/2025\/06\/potize_se_zenami_20250213-150x150.jpg?resize=525%2C300&ssl=1 1.5x, https:\/\/i0.wp.com\/kotrla.com\/pmpro\/wp-content\/uploads\/2025\/06\/potize_se_zenami_20250213-150x150.jpg?resize=700%2C400&ssl=1 2x, https:\/\/i0.wp.com\/kotrla.com\/pmpro\/wp-content\/uploads\/2025\/06\/potize_se_zenami_20250213-150x150.jpg?resize=1050%2C600&ssl=1 3x, https:\/\/i0.wp.com\/kotrla.com\/pmpro\/wp-content\/uploads\/2025\/06\/potize_se_zenami_20250213-150x150.jpg?resize=1400%2C800&ssl=1 4x"},"classes":[]}],"jetpack_sharing_enabled":true,"_links":{"self":[{"href":"https:\/\/kotrla.com\/pmpro\/wp-json\/wp\/v2\/pages\/13834","targetHints":{"allow":["GET"]}}],"collection":[{"href":"https:\/\/kotrla.com\/pmpro\/wp-json\/wp\/v2\/pages"}],"about":[{"href":"https:\/\/kotrla.com\/pmpro\/wp-json\/wp\/v2\/types\/page"}],"author":[{"embeddable":true,"href":"https:\/\/kotrla.com\/pmpro\/wp-json\/wp\/v2\/users\/1"}],"replies":[{"embeddable":true,"href":"https:\/\/kotrla.com\/pmpro\/wp-json\/wp\/v2\/comments?post=13834"}],"version-history":[{"count":16,"href":"https:\/\/kotrla.com\/pmpro\/wp-json\/wp\/v2\/pages\/13834\/revisions"}],"predecessor-version":[{"id":14035,"href":"https:\/\/kotrla.com\/pmpro\/wp-json\/wp\/v2\/pages\/13834\/revisions\/14035"}],"up":[{"embeddable":true,"href":"https:\/\/kotrla.com\/pmpro\/wp-json\/wp\/v2\/pages\/12511"}],"wp:attachment":[{"href":"https:\/\/kotrla.com\/pmpro\/wp-json\/wp\/v2\/media?parent=13834"}],"curies":[{"name":"wp","href":"https:\/\/api.w.org\/{rel}","templated":true}]}}