{"id":13897,"date":"2026-02-20T07:45:54","date_gmt":"2026-02-20T06:45:54","guid":{"rendered":"https:\/\/kotrla.com\/pmpro\/?page_id=13897"},"modified":"2026-02-22T10:47:35","modified_gmt":"2026-02-22T09:47:35","slug":"filip-hrazdil-reka-odnasi-stiny-stromu-2026","status":"publish","type":"page","link":"https:\/\/kotrla.com\/pmpro\/klenov\/filip-hrazdil-reka-odnasi-stiny-stromu-2026\/","title":{"rendered":"Filip Hrazdil: \u0158eka odn\u00e1\u0161\u00ed st\u00edny strom\u016f (2026)"},"content":{"rendered":"<p>ISBN 978-80-88531-00-5<\/p>\n<p>Doporu\u010den\u00e1 cena knihy je 220 K\u010d<\/p>\n<figure id=\"attachment_14099\" aria-describedby=\"caption-attachment-14099\" style=\"width: 1600px\" class=\"wp-caption alignnone\"><a href=\"https:\/\/kotrla.com\/pmpro\/wp-content\/uploads\/2026\/02\/filip_hrazdil_reka_odnasi_stiny_stromu_klenov_2026.jpg\"><img loading=\"lazy\" decoding=\"async\" class=\"size-full wp-image-14099\" src=\"https:\/\/kotrla.com\/pmpro\/wp-content\/uploads\/2026\/02\/filip_hrazdil_reka_odnasi_stiny_stromu_klenov_2026.jpg\" alt=\"\" width=\"1600\" height=\"1600\" srcset=\"https:\/\/kotrla.com\/pmpro\/wp-content\/uploads\/2026\/02\/filip_hrazdil_reka_odnasi_stiny_stromu_klenov_2026.jpg 1600w, https:\/\/kotrla.com\/pmpro\/wp-content\/uploads\/2026\/02\/filip_hrazdil_reka_odnasi_stiny_stromu_klenov_2026-300x300.jpg 300w, https:\/\/kotrla.com\/pmpro\/wp-content\/uploads\/2026\/02\/filip_hrazdil_reka_odnasi_stiny_stromu_klenov_2026-1024x1024.jpg 1024w, https:\/\/kotrla.com\/pmpro\/wp-content\/uploads\/2026\/02\/filip_hrazdil_reka_odnasi_stiny_stromu_klenov_2026-150x150.jpg 150w, https:\/\/kotrla.com\/pmpro\/wp-content\/uploads\/2026\/02\/filip_hrazdil_reka_odnasi_stiny_stromu_klenov_2026-1536x1536.jpg 1536w, https:\/\/kotrla.com\/pmpro\/wp-content\/uploads\/2026\/02\/filip_hrazdil_reka_odnasi_stiny_stromu_klenov_2026-50x50.jpg 50w\" sizes=\"auto, (max-width: 1600px) 100vw, 1600px\" \/><\/a><figcaption id=\"caption-attachment-14099\" class=\"wp-caption-text\">Filip Hrazdil: \u0158eka odn\u00e1\u0161\u00ed st\u00edny strom\u016f (Byst\u0159i\u010dka: Klenov 2026, ISBN 978-80-88531-00-5)<\/figcaption><\/figure>\n<div id='gallery-1' class='gallery galleryid-13897 gallery-columns-3 gallery-size-thumbnail'><figure class='gallery-item'>\n\t\t\t<div class='gallery-icon landscape'>\n\t\t\t\t<a href='https:\/\/kotrla.com\/pmpro\/klenov\/filip-hrazdil-reka-odnasi-stiny-stromu-2026\/filip_hrazdil_reka_odnasi_stiny_stromu_72\/'><img loading=\"lazy\" decoding=\"async\" width=\"150\" height=\"150\" src=\"https:\/\/kotrla.com\/pmpro\/wp-content\/uploads\/2026\/02\/filip_hrazdil_reka_odnasi_stiny_stromu_72-150x150.jpg\" class=\"attachment-thumbnail size-thumbnail\" alt=\"\" srcset=\"https:\/\/kotrla.com\/pmpro\/wp-content\/uploads\/2026\/02\/filip_hrazdil_reka_odnasi_stiny_stromu_72-150x150.jpg 150w, https:\/\/kotrla.com\/pmpro\/wp-content\/uploads\/2026\/02\/filip_hrazdil_reka_odnasi_stiny_stromu_72-300x300.jpg 300w, https:\/\/kotrla.com\/pmpro\/wp-content\/uploads\/2026\/02\/filip_hrazdil_reka_odnasi_stiny_stromu_72-1024x1024.jpg 1024w, https:\/\/kotrla.com\/pmpro\/wp-content\/uploads\/2026\/02\/filip_hrazdil_reka_odnasi_stiny_stromu_72-1536x1536.jpg 1536w, https:\/\/kotrla.com\/pmpro\/wp-content\/uploads\/2026\/02\/filip_hrazdil_reka_odnasi_stiny_stromu_72-50x50.jpg 50w, https:\/\/kotrla.com\/pmpro\/wp-content\/uploads\/2026\/02\/filip_hrazdil_reka_odnasi_stiny_stromu_72.jpg 1949w\" sizes=\"auto, (max-width: 150px) 100vw, 150px\" \/><\/a>\n\t\t\t<\/div><\/figure><figure class='gallery-item'>\n\t\t\t<div class='gallery-icon landscape'>\n\t\t\t\t<a href='https:\/\/kotrla.com\/pmpro\/klenov\/filip-hrazdil-reka-odnasi-stiny-stromu-2026\/filip_hrazdil_reka_odnasi_stiny_stromu_63\/'><img loading=\"lazy\" decoding=\"async\" width=\"150\" height=\"150\" src=\"https:\/\/kotrla.com\/pmpro\/wp-content\/uploads\/2026\/02\/filip_hrazdil_reka_odnasi_stiny_stromu_63-150x150.jpg\" class=\"attachment-thumbnail size-thumbnail\" alt=\"\" srcset=\"https:\/\/kotrla.com\/pmpro\/wp-content\/uploads\/2026\/02\/filip_hrazdil_reka_odnasi_stiny_stromu_63-150x150.jpg 150w, https:\/\/kotrla.com\/pmpro\/wp-content\/uploads\/2026\/02\/filip_hrazdil_reka_odnasi_stiny_stromu_63-300x300.jpg 300w, https:\/\/kotrla.com\/pmpro\/wp-content\/uploads\/2026\/02\/filip_hrazdil_reka_odnasi_stiny_stromu_63-1024x1024.jpg 1024w, https:\/\/kotrla.com\/pmpro\/wp-content\/uploads\/2026\/02\/filip_hrazdil_reka_odnasi_stiny_stromu_63-1536x1536.jpg 1536w, https:\/\/kotrla.com\/pmpro\/wp-content\/uploads\/2026\/02\/filip_hrazdil_reka_odnasi_stiny_stromu_63-50x50.jpg 50w, https:\/\/kotrla.com\/pmpro\/wp-content\/uploads\/2026\/02\/filip_hrazdil_reka_odnasi_stiny_stromu_63.jpg 1949w\" sizes=\"auto, (max-width: 150px) 100vw, 150px\" \/><\/a>\n\t\t\t<\/div><\/figure><figure class='gallery-item'>\n\t\t\t<div class='gallery-icon landscape'>\n\t\t\t\t<a href='https:\/\/kotrla.com\/pmpro\/klenov\/filip-hrazdil-reka-odnasi-stiny-stromu-2026\/filip_hrazdil_reka_odnasi_stiny_stromu_31\/'><img loading=\"lazy\" decoding=\"async\" width=\"150\" height=\"150\" src=\"https:\/\/kotrla.com\/pmpro\/wp-content\/uploads\/2026\/02\/filip_hrazdil_reka_odnasi_stiny_stromu_31-150x150.jpg\" class=\"attachment-thumbnail size-thumbnail\" alt=\"\" srcset=\"https:\/\/kotrla.com\/pmpro\/wp-content\/uploads\/2026\/02\/filip_hrazdil_reka_odnasi_stiny_stromu_31-150x150.jpg 150w, https:\/\/kotrla.com\/pmpro\/wp-content\/uploads\/2026\/02\/filip_hrazdil_reka_odnasi_stiny_stromu_31-300x300.jpg 300w, https:\/\/kotrla.com\/pmpro\/wp-content\/uploads\/2026\/02\/filip_hrazdil_reka_odnasi_stiny_stromu_31-1024x1024.jpg 1024w, https:\/\/kotrla.com\/pmpro\/wp-content\/uploads\/2026\/02\/filip_hrazdil_reka_odnasi_stiny_stromu_31-1536x1536.jpg 1536w, https:\/\/kotrla.com\/pmpro\/wp-content\/uploads\/2026\/02\/filip_hrazdil_reka_odnasi_stiny_stromu_31-50x50.jpg 50w, https:\/\/kotrla.com\/pmpro\/wp-content\/uploads\/2026\/02\/filip_hrazdil_reka_odnasi_stiny_stromu_31.jpg 1949w\" sizes=\"auto, (max-width: 150px) 100vw, 150px\" \/><\/a>\n\t\t\t<\/div><\/figure>\n\t\t<\/div>\n\n<p>\u0158eka odn\u00e1\u0161\u00ed st\u00edny strom\u016f je sb\u00edrkou tich\u00e9, v\u0161\u00edmav\u00e9 poezie, kter\u00e1 vyr\u016fst\u00e1 z ka\u017edodenn\u00edho okouzlen\u00ed krajinou a m\u011bstskou perif\u00e9ri\u00ed. Filip Hrazdil v kr\u00e1tk\u00fdch, p\u0159esn\u00fdch b\u00e1sn\u00edch, voln\u011b inspirovan\u00fdch poetikou haiku, zachycuje pom\u00edjivost okam\u017eik\u016f, ro\u010dn\u00edch dob i lidsk\u00e9 bl\u00edzkosti. Minimalistick\u00fd jazyk a zdr\u017eenliv\u00e1 obraznost d\u00e1vaj\u00ed vyniknout tomu, co obvykle z\u016fst\u00e1v\u00e1 nepov\u0161imnuto \u2013 tichu, pam\u011bti a k\u0159ehk\u00e9 p\u0159\u00edtomnosti.<\/p>\n<figure id=\"attachment_13902\" aria-describedby=\"caption-attachment-13902\" style=\"width: 234px\" class=\"wp-caption alignnone\"><a href=\"https:\/\/kotrla.com\/pmpro\/wp-content\/uploads\/2026\/01\/filip_hrazdil.jpg\"><img loading=\"lazy\" decoding=\"async\" class=\"size-full wp-image-13902\" src=\"https:\/\/kotrla.com\/pmpro\/wp-content\/uploads\/2026\/01\/filip_hrazdil.jpg\" alt=\"\" width=\"234\" height=\"300\" \/><\/a><figcaption id=\"caption-attachment-13902\" class=\"wp-caption-text\">Filip Hrazdil<\/figcaption><\/figure>\n<p><strong>Filip Hrazdil (*\u20081977)<\/strong><br \/>\nVystudoval Slezskou univerzitu v Opav\u011b. Pracuje jako vedouc\u00ed Centra vzd\u011bl\u00e1v\u00e1n\u00ed Knihovny m\u011bsta Ostravy. Publikoval mj. v \u010dasopisech Tvar, Protimluv nebo na webu Ned\u011bln\u00ed chvilky poezie. M\u00e1 r\u00e1d v\u00fdchodn\u00ed filozofii, poetiku i dobr\u00fd \u010daj.<\/p>\n<ul>\n<li><a href=\"https:\/\/www.nedelnichvilkapoezie.cz\/2025\/07\/filip-hrazdil-v-rozpadle-chemicce.html\">V\u00edce uk\u00e1zek autorovy poezie najdete na webu Ned\u011bln\u00ed chvilka poezie.<\/a><\/li>\n<\/ul>\n<p><strong>Filip Hrazdil\u2002\/\/\u2002\u0158eka odn\u00e1\u0161\u00ed st\u00edny strom\u016f<\/strong><\/p>\n<p>Vydalo nakladatelstv\u00ed Pavel Kotrla \u2014 Klenov, Byst\u0159i\u010dka,<br \/>\nroku 2026 jako svou 31. publikaci<br \/>\nRedakce Petr Ligock\u00fd<br \/>\nJazykov\u00e1 korektura \u0160\u00e1rka Kuligov\u00e1<br \/>\nFoto autora a kresba na ob\u00e1lce Dana Hrazdilov\u00e1<br \/>\nSazba p\u00edsmem Permian Serif a grafick\u00e1 \u00faprava Pavel Kotrla<br \/>\nVyd\u00e1n\u00ed prvn\u00ed, n\u00e1klad 200 kus\u016f<br \/>\nTisk Tisk\u00e1rna Protisk s.\u2009r.\u2009o., \u010cesk\u00e9 Bud\u011bjovice<br \/>\n80 stran<br \/>\nRozm\u011br publikace: 165\u00d7165 mm<\/p>\n<p>Ob\u00e1lka knihy je vyti\u0161t\u011bna na pap\u00edru Favini Twill Grey, vnit\u0159n\u00ed blok na pap\u00edru Holmen Book.<\/p>\n","protected":false},"excerpt":{"rendered":"<p>ISBN 978-80-88531-00-5 Doporu\u010den\u00e1 cena knihy je 220 K\u010d \u0158eka odn\u00e1\u0161\u00ed st\u00edny strom\u016f je sb\u00edrkou tich\u00e9, v\u0161\u00edmav\u00e9 poezie, kter\u00e1 vyr\u016fst\u00e1 z ka\u017edodenn\u00edho okouzlen\u00ed krajinou a m\u011bstskou perif\u00e9ri\u00ed. Filip Hrazdil v kr\u00e1tk\u00fdch, p\u0159esn\u00fdch b\u00e1sn\u00edch, voln\u011b inspirovan\u00fdch poetikou haiku, zachycuje pom\u00edjivost okam\u017eik\u016f, ro\u010dn\u00edch dob i lidsk\u00e9 bl\u00edzkosti. Minimalistick\u00fd jazyk a zdr\u017eenliv\u00e1 obraznost d\u00e1vaj\u00ed vyniknout tomu, co obvykle z\u016fst\u00e1v\u00e1 [&hellip;]<\/p>\n","protected":false},"author":1,"featured_media":0,"parent":3997,"menu_order":0,"comment_status":"closed","ping_status":"closed","template":"","meta":{"site-sidebar-layout":"default","site-content-layout":"","ast-site-content-layout":"default","site-content-style":"default","site-sidebar-style":"default","ast-global-header-display":"","ast-banner-title-visibility":"","ast-main-header-display":"","ast-hfb-above-header-display":"","ast-hfb-below-header-display":"","ast-hfb-mobile-header-display":"","site-post-title":"","ast-breadcrumbs-content":"","ast-featured-img":"","footer-sml-layout":"","ast-disable-related-posts":"","theme-transparent-header-meta":"default","adv-header-id-meta":"","stick-header-meta":"","header-above-stick-meta":"","header-main-stick-meta":"","header-below-stick-meta":"","astra-migrate-meta-layouts":"set","ast-page-background-enabled":"default","ast-page-background-meta":{"desktop":{"background-color":"var(--ast-global-color-5)","background-image":"","background-repeat":"repeat","background-position":"center center","background-size":"auto","background-attachment":"scroll","background-type":"","background-media":"","overlay-type":"","overlay-color":"","overlay-opacity":"","overlay-gradient":""},"tablet":{"background-color":"","background-image":"","background-repeat":"repeat","background-position":"center center","background-size":"auto","background-attachment":"scroll","background-type":"","background-media":"","overlay-type":"","overlay-color":"","overlay-opacity":"","overlay-gradient":""},"mobile":{"background-color":"","background-image":"","background-repeat":"repeat","background-position":"center center","background-size":"auto","background-attachment":"scroll","background-type":"","background-media":"","overlay-type":"","overlay-color":"","overlay-opacity":"","overlay-gradient":""}},"ast-content-background-meta":{"desktop":{"background-color":"var(--ast-global-color-4)","background-image":"","background-repeat":"repeat","background-position":"center center","background-size":"auto","background-attachment":"scroll","background-type":"","background-media":"","overlay-type":"","overlay-color":"","overlay-opacity":"","overlay-gradient":""},"tablet":{"background-color":"var(--ast-global-color-4)","background-image":"","background-repeat":"repeat","background-position":"center center","background-size":"auto","background-attachment":"scroll","background-type":"","background-media":"","overlay-type":"","overlay-color":"","overlay-opacity":"","overlay-gradient":""},"mobile":{"background-color":"var(--ast-global-color-4)","background-image":"","background-repeat":"repeat","background-position":"center center","background-size":"auto","background-attachment":"scroll","background-type":"","background-media":"","overlay-type":"","overlay-color":"","overlay-opacity":"","overlay-gradient":""}},"jetpack_post_was_ever_published":false,"footnotes":""},"class_list":["post-13897","page","type-page","status-publish","hentry"],"jetpack_shortlink":"https:\/\/wp.me\/P4mLP7-3C9","jetpack-related-posts":[{"id":3997,"url":"https:\/\/kotrla.com\/pmpro\/klenov\/","url_meta":{"origin":13897,"position":0},"title":"Nakladatelstv\u00ed Klenov","author":"Pavel Kotrla","date":"1.12.2018","format":false,"excerpt":"Klenov \u2013 jednomu\u017en\u00e9 nakladatelstv\u00ed Pavla Kotrly. Knihy jsou v distribuci Kosmas a Pemic, m\u016f\u017eete zakoupit nap\u0159\u00edklad v s\u00edti prodejen\u00a0Martinus,\u00a0Dobrovsk\u00fd nebo jin\u00fdch.\u00a0Bibliofilie Synonymum krajina, Pot\u00ed\u017ee se \u017eenami, Hedvika a Jak Urzon obelstil Kojota nejsou v b\u011b\u017en\u00e9 distribuci, pro objedn\u00e1vku pou\u017eijte pros\u00edm tento formul\u00e1\u0159. Ten m\u016f\u017eete vyu\u017e\u00edt i pro objedn\u00e1vku dal\u0161\u00edch knih\u2026","rel":"","context":"Similar post","block_context":{"text":"Similar post","link":""},"img":{"alt_text":"","src":"https:\/\/i0.wp.com\/kotrla.com\/pmpro\/wp-content\/uploads\/2023\/03\/nakladatelstvi_klenov_logo_bw_small.png?resize=350%2C200&ssl=1","width":350,"height":200},"classes":[]},{"id":11801,"url":"https:\/\/kotrla.com\/pmpro\/klenov\/zdenek-volf-z-osrdceni-2024\/","url_meta":{"origin":13897,"position":1},"title":"Zden\u011bk Volf: Z osrdcen\u00ed (2024)","author":"Pavel Kotrla","date":"3.7.2024","format":false,"excerpt":"ISBN 978-80-909228-0-8 Doporu\u010den\u00e1 cena knihy je 220 K\u010d B\u00e1snick\u00e1 sb\u00edrka Zde\u0148ka Volfa Z osrdcen\u00ed p\u0159edstavuje zral\u00e9ho a nep\u0159edv\u00e1div\u00e9ho tv\u016frce. Ka\u017ed\u00e9 ze slov za\u0159azen\u00fdch do ver\u0161\u016f sb\u00edrky se dot\u00fdk\u00e1 hodnot sou\u010dasn\u00e9ho \u017eivota, kter\u00e9 vymezuje meziprostorem a mezi\u010dasem, tichem a povahou viny a mo\u017enostmi odpu\u0161t\u011bn\u00ed. Mluv\u010d\u00ed b\u00e1sn\u00ed v\u011bdom\u011b a s pokorou sleduje\u2026","rel":"","context":"Similar post","block_context":{"text":"Similar post","link":""},"img":{"alt_text":"","src":"https:\/\/i0.wp.com\/kotrla.com\/pmpro\/wp-content\/uploads\/2024\/07\/volf_25-150x150.jpg?resize=350%2C200&ssl=1","width":350,"height":200,"srcset":"https:\/\/i0.wp.com\/kotrla.com\/pmpro\/wp-content\/uploads\/2024\/07\/volf_25-150x150.jpg?resize=350%2C200&ssl=1 1x, https:\/\/i0.wp.com\/kotrla.com\/pmpro\/wp-content\/uploads\/2024\/07\/volf_25-150x150.jpg?resize=525%2C300&ssl=1 1.5x, https:\/\/i0.wp.com\/kotrla.com\/pmpro\/wp-content\/uploads\/2024\/07\/volf_25-150x150.jpg?resize=700%2C400&ssl=1 2x, https:\/\/i0.wp.com\/kotrla.com\/pmpro\/wp-content\/uploads\/2024\/07\/volf_25-150x150.jpg?resize=1050%2C600&ssl=1 3x, https:\/\/i0.wp.com\/kotrla.com\/pmpro\/wp-content\/uploads\/2024\/07\/volf_25-150x150.jpg?resize=1400%2C800&ssl=1 4x"},"classes":[]},{"id":13043,"url":"https:\/\/kotrla.com\/pmpro\/klenov\/petr-ligocky-predtim-nez-se-setmi-2025\/","url_meta":{"origin":13897,"position":2},"title":"Petr Ligock\u00fd: P\u0159edt\u00edm ne\u017e se setm\u00ed (2025)","author":"Pavel Kotrla","date":"25.9.2025","format":false,"excerpt":"ISBN\u00a0978-80-909228-5-3 Doporu\u010den\u00e1 cena knihy je 220 K\u010d Sb\u00edrka Petra Ligock\u00e9ho P\u0159edt\u00edm ne\u017e se setm\u00ed\u00a0je tich\u00fdm a hlubok\u00fdm ponorem do sv\u011bta ka\u017edodennosti, p\u0159\u00edrody a vnit\u0159n\u00edho pro\u017e\u00edv\u00e1n\u00ed. Autor zde navazuje na tradici japonsk\u00e9ho haiku a korejsk\u00e9 zenov\u00e9 poezie, z\u00e1rove\u0148 v\u0161ak tyto formy obohacuje o evropskou citlivost a osobn\u00ed pro\u017eitky. V\u00fdsledkem je kniha,\u2026","rel":"","context":"Similar post","block_context":{"text":"Similar post","link":""},"img":{"alt_text":"","src":"https:\/\/i0.wp.com\/kotrla.com\/pmpro\/wp-content\/uploads\/2025\/09\/sipos_01-150x150.jpg?resize=350%2C200&ssl=1","width":350,"height":200,"srcset":"https:\/\/i0.wp.com\/kotrla.com\/pmpro\/wp-content\/uploads\/2025\/09\/sipos_01-150x150.jpg?resize=350%2C200&ssl=1 1x, https:\/\/i0.wp.com\/kotrla.com\/pmpro\/wp-content\/uploads\/2025\/09\/sipos_01-150x150.jpg?resize=525%2C300&ssl=1 1.5x, https:\/\/i0.wp.com\/kotrla.com\/pmpro\/wp-content\/uploads\/2025\/09\/sipos_01-150x150.jpg?resize=700%2C400&ssl=1 2x, https:\/\/i0.wp.com\/kotrla.com\/pmpro\/wp-content\/uploads\/2025\/09\/sipos_01-150x150.jpg?resize=1050%2C600&ssl=1 3x, https:\/\/i0.wp.com\/kotrla.com\/pmpro\/wp-content\/uploads\/2025\/09\/sipos_01-150x150.jpg?resize=1400%2C800&ssl=1 4x"},"classes":[]},{"id":4152,"url":"https:\/\/kotrla.com\/pmpro\/klenov\/libor-sostak-parizsky-skicak\/","url_meta":{"origin":13897,"position":3},"title":"Libor So\u0161\u0165\u00e1k &#8211; Pa\u0159\u00ed\u017esk\u00fd skic\u00e1k (2019)","author":"Pavel Kotrla","date":"29.3.2019","format":false,"excerpt":"ISBN 978-80-905649-5-4 Pa\u0159\u00ed\u017esk\u00fd skic\u00e1k v\u00a0podob\u011b v\u00fdstavn\u00edho projektu m\u011bl svou premi\u00e9ru 13.\u00a03. 1988, v\u00edce jak p\u0159ed 30 lety, v\u00a0Mal\u00e9 galerii Okresn\u00ed knihovny ve\u00a0Vset\u00edn\u011b. Od\u00a0t\u00e9 doby byl fragment\u00e1rn\u011b vystavov\u00e1n v\u00a0r\u00e1mci n\u011bkolika autorov\u00fdch mal\u00ed\u0159sk\u00fdch v\u00fdstav. P\u0159edstaven\u00fd soubor prac\u00ed na\u00a0pap\u00ed\u0159e\u00a0\u2013 kreseb, kol\u00e1\u017e\u00ed a\u00a0maleb mal\u00e9ho form\u00e1tu ze\u00a0studijn\u00edho pobytu v\u00a0Pa\u0159\u00ed\u017ei p\u0159elomu let 1985\/86 je v\u00fdb\u011brem ze\u00a0skic\u00e1k\u016f,\u2026","rel":"","context":"In &quot;Knihy&quot;","block_context":{"text":"Knihy","link":"https:\/\/kotrla.com\/pmpro\/category\/knihy\/"},"img":{"alt_text":"Libor So\u0161\u0165\u00e1k","src":"https:\/\/i0.wp.com\/kotrla.com\/pmpro\/wp-content\/uploads\/2019\/03\/libor_sostak_IMGP9391.jpg?resize=350%2C200&ssl=1","width":350,"height":200,"srcset":"https:\/\/i0.wp.com\/kotrla.com\/pmpro\/wp-content\/uploads\/2019\/03\/libor_sostak_IMGP9391.jpg?resize=350%2C200&ssl=1 1x, https:\/\/i0.wp.com\/kotrla.com\/pmpro\/wp-content\/uploads\/2019\/03\/libor_sostak_IMGP9391.jpg?resize=525%2C300&ssl=1 1.5x, https:\/\/i0.wp.com\/kotrla.com\/pmpro\/wp-content\/uploads\/2019\/03\/libor_sostak_IMGP9391.jpg?resize=700%2C400&ssl=1 2x, https:\/\/i0.wp.com\/kotrla.com\/pmpro\/wp-content\/uploads\/2019\/03\/libor_sostak_IMGP9391.jpg?resize=1050%2C600&ssl=1 3x, https:\/\/i0.wp.com\/kotrla.com\/pmpro\/wp-content\/uploads\/2019\/03\/libor_sostak_IMGP9391.jpg?resize=1400%2C800&ssl=1 4x"},"classes":[]},{"id":6738,"url":"https:\/\/kotrla.com\/pmpro\/klenov\/ondrej-hlozek-zlatenka-2020\/","url_meta":{"origin":13897,"position":4},"title":"Ond\u0159ej Hlo\u017eek: Zlat\u00e9nka (2020)","author":"Pavel Kotrla","date":"14.8.2020","format":false,"excerpt":"ISBN 978-80-905649-8-5 Ond\u0159ej Hlo\u017eek (* 1986) je b\u00e1sn\u00edk, liter\u00e1rn\u00ed kritik, po\u0159adatel kulturn\u00edch akc\u00ed. Poch\u00e1z\u00ed z Opavy, kde vystudoval \u010deskou literaturu na Slezsk\u00e9 univerzit\u011b. Vydal p\u011bt b\u00e1snick\u00fdch knih: T\u00ed\u017einy (2011), Dom\u016f (2013), Ulic\u00ed Dolorosa (2017), Te\u010f (2017), \u0158ez kamenem (2019). Jeho texty byly p\u0159elo\u017eeny a publikov\u00e1ny do n\u011bkolika evropsk\u00fdch jazyk\u016f. Je\u2026","rel":"","context":"Similar post","block_context":{"text":"Similar post","link":""},"img":{"alt_text":"Ond\u0159ej Hlo\u017eek: Zlat\u00e9nka","src":"https:\/\/i0.wp.com\/kotrla.com\/pmpro\/wp-content\/uploads\/2020\/08\/obalka_hlozek_zlatenka_obalka.jpg?resize=350%2C200&ssl=1","width":350,"height":200,"srcset":"https:\/\/i0.wp.com\/kotrla.com\/pmpro\/wp-content\/uploads\/2020\/08\/obalka_hlozek_zlatenka_obalka.jpg?resize=350%2C200&ssl=1 1x, https:\/\/i0.wp.com\/kotrla.com\/pmpro\/wp-content\/uploads\/2020\/08\/obalka_hlozek_zlatenka_obalka.jpg?resize=525%2C300&ssl=1 1.5x, https:\/\/i0.wp.com\/kotrla.com\/pmpro\/wp-content\/uploads\/2020\/08\/obalka_hlozek_zlatenka_obalka.jpg?resize=700%2C400&ssl=1 2x, https:\/\/i0.wp.com\/kotrla.com\/pmpro\/wp-content\/uploads\/2020\/08\/obalka_hlozek_zlatenka_obalka.jpg?resize=1050%2C600&ssl=1 3x"},"classes":[]},{"id":12809,"url":"https:\/\/kotrla.com\/pmpro\/klenov\/pavel-kotrla-potize-se-zenami-2025\/","url_meta":{"origin":13897,"position":5},"title":"Pavel Kotrla: Pot\u00ed\u017ee se \u017eenami (2025)","author":"Pavel Kotrla","date":"1.6.2025","format":false,"excerpt":"ISBN 978-80-909228-3-9 P\u016fvodn\u00edmi linoryty doprovodila\u00a0Janazapa Cena ti\u0161t\u011bn\u00e9 knihy v\u010detn\u011b t\u0159\u00ed vlo\u017een\u00fdch origin\u00e1ln\u00edch linoryt\u016f je 600 K\u010d + 100 K\u010d po\u0161tovn\u00e9. Kniha nen\u00ed v b\u011b\u017en\u00e9 distribu\u010dn\u00ed s\u00edti, lze si ji v\u0161ak\u00a0OBJEDNAT. P\u0159i objedn\u00e1n\u00ed dvou knih z produkce je po\u0161tovn\u00e9 zdarma. Pot\u00ed\u017ee se \u017eenami p\u0159edstavuj\u00ed pov\u00eddky, kter\u00e9 s\u00a0absurdn\u00edm podt\u00f3nem, \u010dern\u00fdm humorem a\u2026","rel":"","context":"Similar post","block_context":{"text":"Similar post","link":""},"img":{"alt_text":"","src":"https:\/\/i0.wp.com\/kotrla.com\/pmpro\/wp-content\/uploads\/2025\/06\/potize_se_zenami_20250213-150x150.jpg?resize=350%2C200&ssl=1","width":350,"height":200,"srcset":"https:\/\/i0.wp.com\/kotrla.com\/pmpro\/wp-content\/uploads\/2025\/06\/potize_se_zenami_20250213-150x150.jpg?resize=350%2C200&ssl=1 1x, https:\/\/i0.wp.com\/kotrla.com\/pmpro\/wp-content\/uploads\/2025\/06\/potize_se_zenami_20250213-150x150.jpg?resize=525%2C300&ssl=1 1.5x, https:\/\/i0.wp.com\/kotrla.com\/pmpro\/wp-content\/uploads\/2025\/06\/potize_se_zenami_20250213-150x150.jpg?resize=700%2C400&ssl=1 2x, https:\/\/i0.wp.com\/kotrla.com\/pmpro\/wp-content\/uploads\/2025\/06\/potize_se_zenami_20250213-150x150.jpg?resize=1050%2C600&ssl=1 3x, https:\/\/i0.wp.com\/kotrla.com\/pmpro\/wp-content\/uploads\/2025\/06\/potize_se_zenami_20250213-150x150.jpg?resize=1400%2C800&ssl=1 4x"},"classes":[]}],"jetpack_sharing_enabled":true,"_links":{"self":[{"href":"https:\/\/kotrla.com\/pmpro\/wp-json\/wp\/v2\/pages\/13897","targetHints":{"allow":["GET"]}}],"collection":[{"href":"https:\/\/kotrla.com\/pmpro\/wp-json\/wp\/v2\/pages"}],"about":[{"href":"https:\/\/kotrla.com\/pmpro\/wp-json\/wp\/v2\/types\/page"}],"author":[{"embeddable":true,"href":"https:\/\/kotrla.com\/pmpro\/wp-json\/wp\/v2\/users\/1"}],"replies":[{"embeddable":true,"href":"https:\/\/kotrla.com\/pmpro\/wp-json\/wp\/v2\/comments?post=13897"}],"version-history":[{"count":8,"href":"https:\/\/kotrla.com\/pmpro\/wp-json\/wp\/v2\/pages\/13897\/revisions"}],"predecessor-version":[{"id":14147,"href":"https:\/\/kotrla.com\/pmpro\/wp-json\/wp\/v2\/pages\/13897\/revisions\/14147"}],"up":[{"embeddable":true,"href":"https:\/\/kotrla.com\/pmpro\/wp-json\/wp\/v2\/pages\/3997"}],"wp:attachment":[{"href":"https:\/\/kotrla.com\/pmpro\/wp-json\/wp\/v2\/media?parent=13897"}],"curies":[{"name":"wp","href":"https:\/\/api.w.org\/{rel}","templated":true}]}}