{"id":2843,"date":"2016-09-03T19:24:45","date_gmt":"2016-09-03T18:24:45","guid":{"rendered":"http:\/\/kotrla.com\/pmpro\/?page_id=2843"},"modified":"2026-01-25T10:26:14","modified_gmt":"2026-01-25T09:26:14","slug":"autor","status":"publish","type":"page","link":"https:\/\/kotrla.com\/pmpro\/autor\/","title":{"rendered":"Autor"},"content":{"rendered":"<p>Kdopak to tu m\u00e1 na sv\u011bdom\u00ed?<\/p>\n<figure id=\"attachment_9707\" aria-describedby=\"caption-attachment-9707\" style=\"width: 1600px\" class=\"wp-caption alignnone\"><a href=\"https:\/\/kotrla.com\/pmpro\/wp-content\/uploads\/2022\/06\/pavel_kotrla_IMGP0259.jpg\"><img loading=\"lazy\" decoding=\"async\" class=\"size-full wp-image-9707\" src=\"https:\/\/kotrla.com\/pmpro\/wp-content\/uploads\/2022\/06\/pavel_kotrla_IMGP0259.jpg\" alt=\"Pavel Kotrla\" width=\"1600\" height=\"1067\" srcset=\"https:\/\/kotrla.com\/pmpro\/wp-content\/uploads\/2022\/06\/pavel_kotrla_IMGP0259.jpg 1600w, https:\/\/kotrla.com\/pmpro\/wp-content\/uploads\/2022\/06\/pavel_kotrla_IMGP0259-300x200.jpg 300w, https:\/\/kotrla.com\/pmpro\/wp-content\/uploads\/2022\/06\/pavel_kotrla_IMGP0259-1024x683.jpg 1024w, https:\/\/kotrla.com\/pmpro\/wp-content\/uploads\/2022\/06\/pavel_kotrla_IMGP0259-1536x1024.jpg 1536w\" sizes=\"auto, (max-width: 1600px) 100vw, 1600px\" \/><\/a><figcaption id=\"caption-attachment-9707\" class=\"wp-caption-text\">Pavel Kotrla<\/figcaption><\/figure>\n<h3>Pavel Kotrla<\/h3>\n<p>Narodil jsem se 5. 5. 1974 ve Vset\u00edn\u011b. V letech 1992-1997 jsem vystudoval na Filozofick\u00e9 fakult\u011b Ostravsk\u00e9 univerzity liter\u00e1rn\u00ed v\u011bdu a \u010de\u0161tinu. Od roku 1996 jsem \u0161\u00e9fredaktorem liter\u00e1rn\u00edho \u010dtvrtletn\u00edku <a href=\"http:\/\/casopis-texty.cz\">Texty<\/a>, kter\u00fd jsme v roce 1996 zalo\u017eili s Ji\u0159\u00edm Hrabalem, Jakubem Chrob\u00e1kem, Ren\u00e9 Ko\u010d\u00edkem a Daliborem Malinou ve Vset\u00edn\u011b. Del\u0161\u00ed dobu v chodu jsem udr\u017eoval internetovou knihovni\u010dku rukopis\u016f Scriptorium a liter\u00e1rn\u00ed katalog Pot\u00e1p\u011b\u010d. <a href=\"http:\/\/recenze.kotrla.com\/\">Recenze<\/a>, p\u0159eklady a vlastn\u00ed tvorbu publikuji od roku 1995 v \u0159ad\u011b periodik. V letech 2007-2013 byl redaktorem Aluze, revue pro literaturu, filozofii a jin\u00e9. Pravideln\u011b jsem ps\u00e1val sloupky pro Tvar a Host. Jako spoluautor jsem se pod\u00edlel na dvou vyd\u00e1n\u00edch <em>Slovn\u00edku osobnost\u00ed kulturn\u00edho a spole\u010densk\u00e9ho \u017eivota Vala\u0161ska,<\/em> hesly p\u0159isp\u011bl do <em>Liter\u00e1rn\u00edho slovn\u00edku severn\u00ed Moravy a Slezska<\/em>, studiemi do dvou svazk\u016f <em>Vala\u0161sko &#8211; historie a kultura <\/em>(2014, 2019). Vydal jsem knihy z historie <a href=\"http:\/\/bystricka.kotrla.com\">Byst\u0159i\u010dky<\/a>,\u00a0 b\u00e1snick\u00e9 sb\u00edrky <a href=\"https:\/\/kotrla.com\/pmpro\/prstem-na-sklo-rybam-2013\/\"><em>Prstem na sklo ryb\u00e1m<\/em><\/a>\u00a0(2013), <a href=\"https:\/\/kotrla.com\/pmpro\/klenov\/pavel-kotrla-mirny-severni-2019\/\"><em>M\u00edrn\u00fd severn\u00ed<\/em><\/a> (2019), <a href=\"https:\/\/kotrla.com\/pmpro\/klenov\/pavel-kotrla-stinovy-profil-2023\/\"><em>St\u00ednov\u00fd profil<\/em><\/a> (2023) a bibliofilie <a href=\"https:\/\/kotrla.com\/pmpro\/klenov\/pavel-kotrla-libor-sostak-synonymum-krajina-2024\/\"><em>Synonymum krajina<\/em><\/a> (2024) a <a href=\"https:\/\/kotrla.com\/pmpro\/klenov\/pavel-kotrla-potize-se-zenami-2025\/\"><em>Pot\u00ed\u017ee se \u017eenami<\/em><\/a> (2025). B\u00e1sn\u011bmi jsem zastoupen v ro\u010denk\u00e1ch <a href=\"https:\/\/www.hostbrno.cz\/knihy\/poezie\/nejlepsi-ceske-basne\/\"><em>Nejlep\u0161\u00ed \u010desk\u00e9 b\u00e1sn\u011b 2014<\/em> a <em>2020<\/em><\/a>, antologi\u00edch <a href=\"https:\/\/protimluv.net\/zdenek-volf-ed-kratka-basen-pokus-o-domenu-cz\/\"><em>Kr\u00e1tk\u00e1 b\u00e1se\u0148 <\/em><\/a>(2020) a <a href=\"https:\/\/www.vetrnemlyny.cz\/snyt\/p1191\"><em>\u0160nyt<\/em><\/a> (2024)<em>, <\/em>n\u011bkolika sborn\u00edc\u00edch. A nerad bych opomenul sv\u00e9 jednomu\u017en\u00e9 nakladatelstv\u00ed <a href=\"https:\/\/kotrla.com\/pmpro\/klenov\/\">Klenov<\/a>. V roce 2025 jsem se stal \u010dlenem redak\u010dn\u00ed rady vlastiv\u011bdn\u00e9 revue <a href=\"https:\/\/www.muzeumvalassko.cz\/valassko-vlastivedna-revue\">Vala\u0161sko<\/a>.<\/p>\n<p>N\u011bco o mn\u011b nab\u00edz\u00ed\u00a0<a href=\"https:\/\/cs.wikipedia.org\/wiki\/Pavel_Kotrla\">Wikipedie<\/a>, <a href=\"https:\/\/www.databazeknih.cz\/zivotopis\/pavel-kotrla-62085\">Datab\u00e1ze knih<\/a>, region\u00e1ln\u00ed datab\u00e1ze <a href=\"https:\/\/www.osobnostivalasska.cz\/osobnost\/pavel-kotrla\/\">Osobnosti Vala\u0161ska<\/a>, p\u0159\u00edpadn\u011b m\u016fj profil na <a href=\"https:\/\/www.linkedin.com\/in\/pavelkotrla\/\">LinkedIn<\/a>.<\/p>\n","protected":false},"excerpt":{"rendered":"<p>Kdopak to tu m\u00e1 na sv\u011bdom\u00ed? Pavel Kotrla Narodil jsem se 5. 5. 1974 ve Vset\u00edn\u011b. V letech 1992-1997 jsem vystudoval na Filozofick\u00e9 fakult\u011b Ostravsk\u00e9 univerzity liter\u00e1rn\u00ed v\u011bdu a \u010de\u0161tinu. Od roku 1996 jsem \u0161\u00e9fredaktorem liter\u00e1rn\u00edho \u010dtvrtletn\u00edku Texty, kter\u00fd jsme v roce 1996 zalo\u017eili s Ji\u0159\u00edm Hrabalem, Jakubem Chrob\u00e1kem, Ren\u00e9 Ko\u010d\u00edkem a Daliborem Malinou ve [&hellip;]<\/p>\n","protected":false},"author":1,"featured_media":0,"parent":0,"menu_order":0,"comment_status":"closed","ping_status":"closed","template":"","meta":{"site-sidebar-layout":"default","site-content-layout":"default","ast-site-content-layout":"default","site-content-style":"default","site-sidebar-style":"default","ast-global-header-display":"","ast-banner-title-visibility":"","ast-main-header-display":"","ast-hfb-above-header-display":"","ast-hfb-below-header-display":"","ast-hfb-mobile-header-display":"","site-post-title":"","ast-breadcrumbs-content":"","ast-featured-img":"","footer-sml-layout":"","ast-disable-related-posts":"","theme-transparent-header-meta":"default","adv-header-id-meta":"","stick-header-meta":"","header-above-stick-meta":"","header-main-stick-meta":"","header-below-stick-meta":"","astra-migrate-meta-layouts":"set","ast-page-background-enabled":"default","ast-page-background-meta":{"desktop":{"background-color":"var(--ast-global-color-5)","background-image":"","background-repeat":"repeat","background-position":"center center","background-size":"auto","background-attachment":"scroll","background-type":"","background-media":"","overlay-type":"","overlay-color":"","overlay-opacity":"","overlay-gradient":""},"tablet":{"background-color":"","background-image":"","background-repeat":"repeat","background-position":"center center","background-size":"auto","background-attachment":"scroll","background-type":"","background-media":"","overlay-type":"","overlay-color":"","overlay-opacity":"","overlay-gradient":""},"mobile":{"background-color":"","background-image":"","background-repeat":"repeat","background-position":"center center","background-size":"auto","background-attachment":"scroll","background-type":"","background-media":"","overlay-type":"","overlay-color":"","overlay-opacity":"","overlay-gradient":""}},"ast-content-background-meta":{"desktop":{"background-color":"var(--ast-global-color-4)","background-image":"","background-repeat":"repeat","background-position":"center center","background-size":"auto","background-attachment":"scroll","background-type":"","background-media":"","overlay-type":"","overlay-color":"","overlay-opacity":"","overlay-gradient":""},"tablet":{"background-color":"var(--ast-global-color-4)","background-image":"","background-repeat":"repeat","background-position":"center center","background-size":"auto","background-attachment":"scroll","background-type":"","background-media":"","overlay-type":"","overlay-color":"","overlay-opacity":"","overlay-gradient":""},"mobile":{"background-color":"var(--ast-global-color-4)","background-image":"","background-repeat":"repeat","background-position":"center center","background-size":"auto","background-attachment":"scroll","background-type":"","background-media":"","overlay-type":"","overlay-color":"","overlay-opacity":"","overlay-gradient":""}},"jetpack_post_was_ever_published":false,"footnotes":""},"class_list":["post-2843","page","type-page","status-publish","hentry"],"jetpack_shortlink":"https:\/\/wp.me\/P4mLP7-JR","jetpack-related-posts":[{"id":4152,"url":"https:\/\/kotrla.com\/pmpro\/klenov\/libor-sostak-parizsky-skicak\/","url_meta":{"origin":2843,"position":0},"title":"Libor So\u0161\u0165\u00e1k &#8211; Pa\u0159\u00ed\u017esk\u00fd skic\u00e1k (2019)","author":"Pavel Kotrla","date":"29.3.2019","format":false,"excerpt":"ISBN 978-80-905649-5-4 Pa\u0159\u00ed\u017esk\u00fd skic\u00e1k v\u00a0podob\u011b v\u00fdstavn\u00edho projektu m\u011bl svou premi\u00e9ru 13.\u00a03. 1988, v\u00edce jak p\u0159ed 30 lety, v\u00a0Mal\u00e9 galerii Okresn\u00ed knihovny ve\u00a0Vset\u00edn\u011b. Od\u00a0t\u00e9 doby byl fragment\u00e1rn\u011b vystavov\u00e1n v\u00a0r\u00e1mci n\u011bkolika autorov\u00fdch mal\u00ed\u0159sk\u00fdch v\u00fdstav. P\u0159edstaven\u00fd soubor prac\u00ed na\u00a0pap\u00ed\u0159e\u00a0\u2013 kreseb, kol\u00e1\u017e\u00ed a\u00a0maleb mal\u00e9ho form\u00e1tu ze\u00a0studijn\u00edho pobytu v\u00a0Pa\u0159\u00ed\u017ei p\u0159elomu let 1985\/86 je v\u00fdb\u011brem ze\u00a0skic\u00e1k\u016f,\u2026","rel":"","context":"V \u201eKnihy\u201c","block_context":{"text":"Knihy","link":"https:\/\/kotrla.com\/pmpro\/category\/knihy\/"},"img":{"alt_text":"Libor So\u0161\u0165\u00e1k","src":"https:\/\/i0.wp.com\/kotrla.com\/pmpro\/wp-content\/uploads\/2019\/03\/libor_sostak_IMGP9391.jpg?resize=350%2C200&ssl=1","width":350,"height":200,"srcset":"https:\/\/i0.wp.com\/kotrla.com\/pmpro\/wp-content\/uploads\/2019\/03\/libor_sostak_IMGP9391.jpg?resize=350%2C200&ssl=1 1x, https:\/\/i0.wp.com\/kotrla.com\/pmpro\/wp-content\/uploads\/2019\/03\/libor_sostak_IMGP9391.jpg?resize=525%2C300&ssl=1 1.5x, https:\/\/i0.wp.com\/kotrla.com\/pmpro\/wp-content\/uploads\/2019\/03\/libor_sostak_IMGP9391.jpg?resize=700%2C400&ssl=1 2x, https:\/\/i0.wp.com\/kotrla.com\/pmpro\/wp-content\/uploads\/2019\/03\/libor_sostak_IMGP9391.jpg?resize=1050%2C600&ssl=1 3x, https:\/\/i0.wp.com\/kotrla.com\/pmpro\/wp-content\/uploads\/2019\/03\/libor_sostak_IMGP9391.jpg?resize=1400%2C800&ssl=1 4x"},"classes":[]},{"id":11396,"url":"https:\/\/kotrla.com\/pmpro\/klenov\/pavel-kotrla-libor-sostak-synonymum-krajina-2024\/","url_meta":{"origin":2843,"position":1},"title":"Pavel Kotrla \u2013 Libor So\u0161\u0165\u00e1k: Synonymum krajina (2024)","author":"Pavel Kotrla","date":"28.4.2024","format":false,"excerpt":"ISBN 978-80-908127-9-6 Cena ti\u0161t\u011bn\u00e9 knihy v\u010detn\u011b vlepen\u00e9 origin\u00e1ln\u00ed kresby je 300 K\u010d + 100 K\u010d po\u0161tovn\u00e9. Kniha nen\u00ed v b\u011b\u017en\u00e9 distribu\u010dn\u00ed s\u00edti, lze si ji v\u0161ak\u00a0OBJEDNAT. P\u0159i objedn\u00e1n\u00ed dvou knih z produkce je po\u0161tovn\u00e9 zdarma. \u00a0 Ilustrace Libor So\u0161\u0165\u00e1k Vydalo nakladatelstv\u00ed Pavel Kotrla \u2014 Klenov, Byst\u0159i\u010dka, roku 2024 jako svou\u2026","rel":"","context":"Podobn\u00fd p\u0159\u00edsp\u011bvek","block_context":{"text":"Podobn\u00fd p\u0159\u00edsp\u011bvek","link":""},"img":{"alt_text":"","src":"https:\/\/i0.wp.com\/kotrla.com\/pmpro\/wp-content\/uploads\/2024\/04\/synonymum_krajina_IMGP1922-150x150.jpg?resize=350%2C200&ssl=1","width":350,"height":200,"srcset":"https:\/\/i0.wp.com\/kotrla.com\/pmpro\/wp-content\/uploads\/2024\/04\/synonymum_krajina_IMGP1922-150x150.jpg?resize=350%2C200&ssl=1 1x, https:\/\/i0.wp.com\/kotrla.com\/pmpro\/wp-content\/uploads\/2024\/04\/synonymum_krajina_IMGP1922-150x150.jpg?resize=525%2C300&ssl=1 1.5x, https:\/\/i0.wp.com\/kotrla.com\/pmpro\/wp-content\/uploads\/2024\/04\/synonymum_krajina_IMGP1922-150x150.jpg?resize=700%2C400&ssl=1 2x, https:\/\/i0.wp.com\/kotrla.com\/pmpro\/wp-content\/uploads\/2024\/04\/synonymum_krajina_IMGP1922-150x150.jpg?resize=1050%2C600&ssl=1 3x, https:\/\/i0.wp.com\/kotrla.com\/pmpro\/wp-content\/uploads\/2024\/04\/synonymum_krajina_IMGP1922-150x150.jpg?resize=1400%2C800&ssl=1 4x"},"classes":[]},{"id":11801,"url":"https:\/\/kotrla.com\/pmpro\/klenov\/zdenek-volf-z-osrdceni-2024\/","url_meta":{"origin":2843,"position":2},"title":"Zden\u011bk Volf: Z osrdcen\u00ed (2024)","author":"Pavel Kotrla","date":"3.7.2024","format":false,"excerpt":"ISBN 978-80-909228-0-8 Doporu\u010den\u00e1 cena knihy je 220 K\u010d B\u00e1snick\u00e1 sb\u00edrka Zde\u0148ka Volfa Z osrdcen\u00ed p\u0159edstavuje zral\u00e9ho a nep\u0159edv\u00e1div\u00e9ho tv\u016frce. Ka\u017ed\u00e9 ze slov za\u0159azen\u00fdch do ver\u0161\u016f sb\u00edrky se dot\u00fdk\u00e1 hodnot sou\u010dasn\u00e9ho \u017eivota, kter\u00e9 vymezuje meziprostorem a mezi\u010dasem, tichem a povahou viny a mo\u017enostmi odpu\u0161t\u011bn\u00ed. Mluv\u010d\u00ed b\u00e1sn\u00ed v\u011bdom\u011b a s pokorou sleduje\u2026","rel":"","context":"Podobn\u00fd p\u0159\u00edsp\u011bvek","block_context":{"text":"Podobn\u00fd p\u0159\u00edsp\u011bvek","link":""},"img":{"alt_text":"","src":"https:\/\/i0.wp.com\/kotrla.com\/pmpro\/wp-content\/uploads\/2024\/07\/volf_25-150x150.jpg?resize=350%2C200&ssl=1","width":350,"height":200,"srcset":"https:\/\/i0.wp.com\/kotrla.com\/pmpro\/wp-content\/uploads\/2024\/07\/volf_25-150x150.jpg?resize=350%2C200&ssl=1 1x, https:\/\/i0.wp.com\/kotrla.com\/pmpro\/wp-content\/uploads\/2024\/07\/volf_25-150x150.jpg?resize=525%2C300&ssl=1 1.5x, https:\/\/i0.wp.com\/kotrla.com\/pmpro\/wp-content\/uploads\/2024\/07\/volf_25-150x150.jpg?resize=700%2C400&ssl=1 2x, https:\/\/i0.wp.com\/kotrla.com\/pmpro\/wp-content\/uploads\/2024\/07\/volf_25-150x150.jpg?resize=1050%2C600&ssl=1 3x, https:\/\/i0.wp.com\/kotrla.com\/pmpro\/wp-content\/uploads\/2024\/07\/volf_25-150x150.jpg?resize=1400%2C800&ssl=1 4x"},"classes":[]},{"id":12426,"url":"https:\/\/kotrla.com\/pmpro\/klenov\/zdenek-lysy-nejen-mezi-nomady-2025\/","url_meta":{"origin":2843,"position":3},"title":"Zden\u011bk Lys\u00fd: Nejen mezi nom\u00e1dy (2025)","author":"Pavel Kotrla","date":"23.2.2025","format":false,"excerpt":"ISBN 978-80-909228-2-2 Doporu\u010den\u00e1 cena knihy je 200 K\u010d Nejen humorn\u00e9 vzpom\u00ednky na kari\u00e9ru zv\u011brol\u00e9ka\u0159e na mal\u00e9m m\u011bst\u011b a \u0161estilet\u00fd pobyt v Al\u017e\u00edrsku, kde autor pracoval jako ter\u00e9nn\u00ed veterin\u00e1\u0159. Druh\u00e9 vyd\u00e1n\u00ed bylo roz\u0161\u00ed\u0159eno o t\u0159i nov\u00e9 pov\u00eddky. Zden\u011bk Lys\u00fd Narodil se 18. 5. 1945 ve Fren\u0161t\u00e1t\u011b pod Radho\u0161t\u011bm. Vystudoval Vysokou \u0161kolu\u2026","rel":"","context":"Podobn\u00fd p\u0159\u00edsp\u011bvek","block_context":{"text":"Podobn\u00fd p\u0159\u00edsp\u011bvek","link":""},"img":{"alt_text":"","src":"https:\/\/i0.wp.com\/kotrla.com\/pmpro\/wp-content\/uploads\/2025\/02\/zl_004_allah_tomu_chtel-150x150.jpg?resize=350%2C200&ssl=1","width":350,"height":200,"srcset":"https:\/\/i0.wp.com\/kotrla.com\/pmpro\/wp-content\/uploads\/2025\/02\/zl_004_allah_tomu_chtel-150x150.jpg?resize=350%2C200&ssl=1 1x, https:\/\/i0.wp.com\/kotrla.com\/pmpro\/wp-content\/uploads\/2025\/02\/zl_004_allah_tomu_chtel-150x150.jpg?resize=525%2C300&ssl=1 1.5x, https:\/\/i0.wp.com\/kotrla.com\/pmpro\/wp-content\/uploads\/2025\/02\/zl_004_allah_tomu_chtel-150x150.jpg?resize=700%2C400&ssl=1 2x"},"classes":[]},{"id":4817,"url":"https:\/\/kotrla.com\/pmpro\/klenov\/pavel-kotrla-mirny-severni-2019\/","url_meta":{"origin":2843,"position":4},"title":"Pavel Kotrla: M\u00edrn\u00fd severn\u00ed (2019)","author":"Pavel Kotrla","date":"21.10.2019","format":false,"excerpt":"ISBN 978-80-905649-6-1 Druh\u00e1 b\u00e1snick\u00e1 sb\u00edrka Pavla Kotrly (5. kv\u011btna 1974). Autor vystudoval literaturu na Ostravsk\u00e9 univerzit\u011b. Od roku 1996 \u0161\u00e9fredaktor \u010dasopisu Texty, d\u0159\u00edve redaktor revue Aluze. V roce 2013 vydal b\u00e1snickou sb\u00edrku Prstem na sklo ryb\u00e1m. B\u00e1sn\u011bmi zastoupen v n\u011bkolika sborn\u00edc\u00edch (nap\u0159. Nejlep\u0161\u00ed \u010desk\u00e9 b\u00e1sn\u011b 2014). Autorsky, editorsky, fotografiemi nebo\u2026","rel":"","context":"Podobn\u00fd p\u0159\u00edsp\u011bvek","block_context":{"text":"Podobn\u00fd p\u0159\u00edsp\u011bvek","link":""},"img":{"alt_text":"","src":"https:\/\/i0.wp.com\/kotrla.com\/pmpro\/wp-content\/uploads\/2019\/11\/libor_sostak_na_ostrove-150x150.jpg?resize=350%2C200&ssl=1","width":350,"height":200,"srcset":"https:\/\/i0.wp.com\/kotrla.com\/pmpro\/wp-content\/uploads\/2019\/11\/libor_sostak_na_ostrove-150x150.jpg?resize=350%2C200&ssl=1 1x, https:\/\/i0.wp.com\/kotrla.com\/pmpro\/wp-content\/uploads\/2019\/11\/libor_sostak_na_ostrove-150x150.jpg?resize=525%2C300&ssl=1 1.5x, https:\/\/i0.wp.com\/kotrla.com\/pmpro\/wp-content\/uploads\/2019\/11\/libor_sostak_na_ostrove-150x150.jpg?resize=700%2C400&ssl=1 2x, https:\/\/i0.wp.com\/kotrla.com\/pmpro\/wp-content\/uploads\/2019\/11\/libor_sostak_na_ostrove-150x150.jpg?resize=1050%2C600&ssl=1 3x, https:\/\/i0.wp.com\/kotrla.com\/pmpro\/wp-content\/uploads\/2019\/11\/libor_sostak_na_ostrove-150x150.jpg?resize=1400%2C800&ssl=1 4x"},"classes":[]},{"id":4825,"url":"https:\/\/kotrla.com\/pmpro\/klenov\/robert-golan-romske-cesty-2013\/","url_meta":{"origin":2843,"position":5},"title":"Robert Gol\u00e1\u0148: Romsk\u00e9 cesty (2013)","author":"Pavel Kotrla","date":"24.10.2019","format":false,"excerpt":"ISBN 978-80-905649-0-9 \u00a0 Ve\u00a0fotografick\u00e9 publikaci Romsk\u00e9 cesty vypr\u00e1v\u00ed fotograf Robert Gol\u00e1\u0148 obrazem o\u00a0osudu vset\u00ednsk\u00fdch Rom\u016f, konkr\u00e9tn\u00edm fragmentu osudov\u00e9 cesty cel\u00e9ho etnika, kter\u00e1 vede ze stalet\u00ed do stalet\u00ed napl\u0148uj\u00edc velkou metaforu romsk\u00e9ho exodu. Nav\u0161t\u011bvuje p\u016fvodn\u00ed osady, v\u00a0nich\u017e se vset\u00edn\u0161t\u00ed Romov\u00e9 v\u011bt\u0161inou narodili a\u00a0n\u011bjak\u00fd \u010das \u017eili \u2013 Bystrany a\u00a0Rud\u0148any. Zaznamen\u00e1v\u00e1 \u00fazkost\u00ed napln\u011bn\u00e1\u2026","rel":"","context":"Podobn\u00fd p\u0159\u00edsp\u011bvek","block_context":{"text":"Podobn\u00fd p\u0159\u00edsp\u011bvek","link":""},"img":{"alt_text":"","src":"https:\/\/i0.wp.com\/kotrla.com\/pmpro\/wp-content\/uploads\/2024\/04\/romske_cesty_3-150x150.jpg?resize=350%2C200&ssl=1","width":350,"height":200,"srcset":"https:\/\/i0.wp.com\/kotrla.com\/pmpro\/wp-content\/uploads\/2024\/04\/romske_cesty_3-150x150.jpg?resize=350%2C200&ssl=1 1x, https:\/\/i0.wp.com\/kotrla.com\/pmpro\/wp-content\/uploads\/2024\/04\/romske_cesty_3-150x150.jpg?resize=525%2C300&ssl=1 1.5x, https:\/\/i0.wp.com\/kotrla.com\/pmpro\/wp-content\/uploads\/2024\/04\/romske_cesty_3-150x150.jpg?resize=700%2C400&ssl=1 2x"},"classes":[]}],"jetpack_sharing_enabled":true,"_links":{"self":[{"href":"https:\/\/kotrla.com\/pmpro\/wp-json\/wp\/v2\/pages\/2843","targetHints":{"allow":["GET"]}}],"collection":[{"href":"https:\/\/kotrla.com\/pmpro\/wp-json\/wp\/v2\/pages"}],"about":[{"href":"https:\/\/kotrla.com\/pmpro\/wp-json\/wp\/v2\/types\/page"}],"author":[{"embeddable":true,"href":"https:\/\/kotrla.com\/pmpro\/wp-json\/wp\/v2\/users\/1"}],"replies":[{"embeddable":true,"href":"https:\/\/kotrla.com\/pmpro\/wp-json\/wp\/v2\/comments?post=2843"}],"version-history":[{"count":11,"href":"https:\/\/kotrla.com\/pmpro\/wp-json\/wp\/v2\/pages\/2843\/revisions"}],"predecessor-version":[{"id":14021,"href":"https:\/\/kotrla.com\/pmpro\/wp-json\/wp\/v2\/pages\/2843\/revisions\/14021"}],"wp:attachment":[{"href":"https:\/\/kotrla.com\/pmpro\/wp-json\/wp\/v2\/media?parent=2843"}],"curies":[{"name":"wp","href":"https:\/\/api.w.org\/{rel}","templated":true}]}}