{"id":3103,"date":"2017-03-12T14:23:24","date_gmt":"2017-03-12T13:23:24","guid":{"rendered":"http:\/\/kotrla.com\/pmpro\/?page_id=3103"},"modified":"2017-03-12T14:26:04","modified_gmt":"2017-03-12T13:26:04","slug":"foto","status":"publish","type":"page","link":"https:\/\/kotrla.com\/pmpro\/foto\/","title":{"rendered":"Foto"},"content":{"rendered":"<ul>\n<li><a href=\"https:\/\/kotrla.com\/pmpro\/spisovatele-literati\/\">Spisovatel\u00e9, liter\u00e1ti &amp; spol.<\/a><\/li>\n<li><a href=\"https:\/\/kotrla.com\/pmpro\/mista\/\">M\u00edsta<\/a><\/li>\n<\/ul>\n<ul>\n<li><a href=\"http:\/\/foto.kotrla.com\">Star\u00e1 fotogalerie<\/a><\/li>\n<\/ul>\n","protected":false},"excerpt":{"rendered":"<p>Spisovatel\u00e9, liter\u00e1ti &amp; spol. M\u00edsta Star\u00e1 fotogalerie<\/p>\n","protected":false},"author":1,"featured_media":0,"parent":0,"menu_order":0,"comment_status":"closed","ping_status":"closed","template":"","meta":{"site-sidebar-layout":"default","site-content-layout":"","ast-site-content-layout":"default","site-content-style":"default","site-sidebar-style":"default","ast-global-header-display":"","ast-banner-title-visibility":"","ast-main-header-display":"","ast-hfb-above-header-display":"","ast-hfb-below-header-display":"","ast-hfb-mobile-header-display":"","site-post-title":"","ast-breadcrumbs-content":"","ast-featured-img":"","footer-sml-layout":"","ast-disable-related-posts":"","theme-transparent-header-meta":"","adv-header-id-meta":"","stick-header-meta":"","header-above-stick-meta":"","header-main-stick-meta":"","header-below-stick-meta":"","astra-migrate-meta-layouts":"default","ast-page-background-enabled":"default","ast-page-background-meta":{"desktop":{"background-color":"var(--ast-global-color-5)","background-image":"","background-repeat":"repeat","background-position":"center center","background-size":"auto","background-attachment":"scroll","background-type":"","background-media":"","overlay-type":"","overlay-color":"","overlay-opacity":"","overlay-gradient":""},"tablet":{"background-color":"","background-image":"","background-repeat":"repeat","background-position":"center center","background-size":"auto","background-attachment":"scroll","background-type":"","background-media":"","overlay-type":"","overlay-color":"","overlay-opacity":"","overlay-gradient":""},"mobile":{"background-color":"","background-image":"","background-repeat":"repeat","background-position":"center center","background-size":"auto","background-attachment":"scroll","background-type":"","background-media":"","overlay-type":"","overlay-color":"","overlay-opacity":"","overlay-gradient":""}},"ast-content-background-meta":{"desktop":{"background-color":"var(--ast-global-color-4)","background-image":"","background-repeat":"repeat","background-position":"center center","background-size":"auto","background-attachment":"scroll","background-type":"","background-media":"","overlay-type":"","overlay-color":"","overlay-opacity":"","overlay-gradient":""},"tablet":{"background-color":"var(--ast-global-color-4)","background-image":"","background-repeat":"repeat","background-position":"center center","background-size":"auto","background-attachment":"scroll","background-type":"","background-media":"","overlay-type":"","overlay-color":"","overlay-opacity":"","overlay-gradient":""},"mobile":{"background-color":"var(--ast-global-color-4)","background-image":"","background-repeat":"repeat","background-position":"center center","background-size":"auto","background-attachment":"scroll","background-type":"","background-media":"","overlay-type":"","overlay-color":"","overlay-opacity":"","overlay-gradient":""}},"footnotes":""},"class_list":["post-3103","page","type-page","status-publish","hentry"],"jetpack_shortlink":"https:\/\/wp.me\/P4mLP7-O3","jetpack-related-posts":[{"id":1536,"url":"https:\/\/kotrla.com\/pmpro\/foto\/spisovatele-literati\/","url_meta":{"origin":3103,"position":0},"title":"Spisovatel\u00e9, liter\u00e1ti &#038; spol.","author":"Pavel Kotrla","date":"15.3.2014","format":false,"excerpt":"Fotografie spisovatel\u016f, b\u00e1sn\u00edk\u016f, p\u0159ekladatel\u016f, nakladatel\u016f a dal\u0161\u00edch lid\u00ed okolo literatury a knih. Pokud pot\u0159ebujete fotografii v tiskov\u00e9 kvalit\u011b nebo barevn\u00e9 verzi, tak mne pros\u00edm kontaktujte.","rel":"","context":"Podobn\u00fd p\u0159\u00edsp\u011bvek","block_context":{"text":"Podobn\u00fd p\u0159\u00edsp\u011bvek","link":""},"img":{"alt_text":"","src":"https:\/\/i0.wp.com\/kotrla.com\/pmpro\/wp-content\/uploads\/2014\/03\/eva_hauserova-150x150.jpg?resize=350%2C200&ssl=1","width":350,"height":200,"srcset":"https:\/\/i0.wp.com\/kotrla.com\/pmpro\/wp-content\/uploads\/2014\/03\/eva_hauserova-150x150.jpg?resize=350%2C200&ssl=1 1x, https:\/\/i0.wp.com\/kotrla.com\/pmpro\/wp-content\/uploads\/2014\/03\/eva_hauserova-150x150.jpg?resize=525%2C300&ssl=1 1.5x, https:\/\/i0.wp.com\/kotrla.com\/pmpro\/wp-content\/uploads\/2014\/03\/eva_hauserova-150x150.jpg?resize=700%2C400&ssl=1 2x, https:\/\/i0.wp.com\/kotrla.com\/pmpro\/wp-content\/uploads\/2014\/03\/eva_hauserova-150x150.jpg?resize=1050%2C600&ssl=1 3x"},"classes":[]},{"id":2850,"url":"https:\/\/kotrla.com\/pmpro\/foto\/mista\/","url_meta":{"origin":3103,"position":1},"title":"M\u00edsta","author":"Pavel Kotrla","date":"3.9.2016","format":false,"excerpt":"Pokud pot\u0159ebujete fotografii v tiskov\u00e9 kvalit\u011b, tak mne pros\u00edm kontaktujte.","rel":"","context":"Podobn\u00fd p\u0159\u00edsp\u011bvek","block_context":{"text":"Podobn\u00fd p\u0159\u00edsp\u011bvek","link":""},"img":{"alt_text":"","src":"https:\/\/i0.wp.com\/kotrla.com\/pmpro\/wp-content\/uploads\/2016\/09\/Z%C3%A1mek-Kel%C4%8D-IMGP4110-150x150.jpg?resize=350%2C200&ssl=1","width":350,"height":200,"srcset":"https:\/\/i0.wp.com\/kotrla.com\/pmpro\/wp-content\/uploads\/2016\/09\/Z%C3%A1mek-Kel%C4%8D-IMGP4110-150x150.jpg?resize=350%2C200&ssl=1 1x, https:\/\/i0.wp.com\/kotrla.com\/pmpro\/wp-content\/uploads\/2016\/09\/Z%C3%A1mek-Kel%C4%8D-IMGP4110-150x150.jpg?resize=525%2C300&ssl=1 1.5x, https:\/\/i0.wp.com\/kotrla.com\/pmpro\/wp-content\/uploads\/2016\/09\/Z%C3%A1mek-Kel%C4%8D-IMGP4110-150x150.jpg?resize=700%2C400&ssl=1 2x, https:\/\/i0.wp.com\/kotrla.com\/pmpro\/wp-content\/uploads\/2016\/09\/Z%C3%A1mek-Kel%C4%8D-IMGP4110-150x150.jpg?resize=1050%2C600&ssl=1 3x"},"classes":[]},{"id":12864,"url":"https:\/\/kotrla.com\/pmpro\/klenov\/jiri-dynka-zdrhnout-cz-2025\/","url_meta":{"origin":3103,"position":2},"title":"Ji\u0159\u00ed Dynka: Zdrhnout CZ (2025)","author":"Pavel Kotrla","date":"20.6.2025","format":false,"excerpt":"ISBN 978-80-909228-4-6 Doporu\u010den\u00e1 cena knihy je 220 K\u010d Ji\u0159\u00ed Dynka se ji\u017e d\u00e1vno stal neodmyslitelnou sou\u010d\u00e1st\u00ed \u010desk\u00e9 poezie p\u0159elomu dvac\u00e1t\u00e9ho a jednadvac\u00e1t\u00e9ho stolet\u00ed. Osudem prav\u00e9ho b\u00e1sn\u00edka b\u00fdv\u00e1 absolutn\u00ed b\u00e1se\u0148. Tu se nyn\u00ed Dynka, s\u00a0doprovodem man\u017eelky, vyd\u00e1v\u00e1 hledat skrze n\u00e1v\u0161t\u011bvy \u010desk\u00fdch a moravsk\u00fdch m\u011bst, kde dosud nehostoval. Takto se sb\u00edrka Zdrhnout\u2026","rel":"","context":"Podobn\u00fd p\u0159\u00edsp\u011bvek","block_context":{"text":"Podobn\u00fd p\u0159\u00edsp\u011bvek","link":""},"img":{"alt_text":"","src":"https:\/\/i0.wp.com\/kotrla.com\/pmpro\/wp-content\/uploads\/2025\/06\/jiri_dynka_1.jpg?resize=350%2C200&ssl=1","width":350,"height":200,"srcset":"https:\/\/i0.wp.com\/kotrla.com\/pmpro\/wp-content\/uploads\/2025\/06\/jiri_dynka_1.jpg?resize=350%2C200&ssl=1 1x, https:\/\/i0.wp.com\/kotrla.com\/pmpro\/wp-content\/uploads\/2025\/06\/jiri_dynka_1.jpg?resize=525%2C300&ssl=1 1.5x, https:\/\/i0.wp.com\/kotrla.com\/pmpro\/wp-content\/uploads\/2025\/06\/jiri_dynka_1.jpg?resize=700%2C400&ssl=1 2x, https:\/\/i0.wp.com\/kotrla.com\/pmpro\/wp-content\/uploads\/2025\/06\/jiri_dynka_1.jpg?resize=1050%2C600&ssl=1 3x, https:\/\/i0.wp.com\/kotrla.com\/pmpro\/wp-content\/uploads\/2025\/06\/jiri_dynka_1.jpg?resize=1400%2C800&ssl=1 4x"},"classes":[]},{"id":9562,"url":"https:\/\/kotrla.com\/pmpro\/klenov\/ondrej-hlozek-slezsky-nonstop-2022\/","url_meta":{"origin":3103,"position":3},"title":"Ond\u0159ej Hlo\u017eek: Slezsk\u00fd nonstop (2022)","author":"Pavel Kotrla","date":"16.5.2022","format":false,"excerpt":"ISBN: 978-80-908127-4-1 MASARYKOVA T\u0158\u00cdDA 334\/20 J\u00edcen chodby rozdrolen\u00fd jako kus j\u00edlu V d\u00ed\u0159e po hasi\u010d\u00e1ku se ka\u017ed\u00fd den zelen\u00e1 um\u011bl\u00fd filodendron V teracov\u00e9m schodu zatlu\u010den\u00fd h\u0159eb\u00edk Roky n\u011bm\u00e9 st\u011bny roz\u0161t\u011bkal pes Naho\u0159e tu\u0161en\u00ed nebe ot\u0159\u00edskan\u00fdm sv\u011btl\u00edkem hrne se de\u0161\u0165ov\u00e1 voda Senzory cvakaj\u00ed a nachyt\u00e1vaj\u00ed n\u00e1s p\u0159i pohybu Nikdo nezamet\u00e1 \u00a0\u2026","rel":"","context":"Podobn\u00fd p\u0159\u00edsp\u011bvek","block_context":{"text":"Podobn\u00fd p\u0159\u00edsp\u011bvek","link":""},"img":{"alt_text":"Ond\u0159ej Hlo\u017eek (foto Al\u017eb\u011bta Lu\u0148\u00e1\u010dkov\u00e1)","src":"https:\/\/i0.wp.com\/kotrla.com\/pmpro\/wp-content\/uploads\/2022\/04\/oh.jpg?resize=350%2C200&ssl=1","width":350,"height":200,"srcset":"https:\/\/i0.wp.com\/kotrla.com\/pmpro\/wp-content\/uploads\/2022\/04\/oh.jpg?resize=350%2C200&ssl=1 1x, https:\/\/i0.wp.com\/kotrla.com\/pmpro\/wp-content\/uploads\/2022\/04\/oh.jpg?resize=525%2C300&ssl=1 1.5x, https:\/\/i0.wp.com\/kotrla.com\/pmpro\/wp-content\/uploads\/2022\/04\/oh.jpg?resize=700%2C400&ssl=1 2x, https:\/\/i0.wp.com\/kotrla.com\/pmpro\/wp-content\/uploads\/2022\/04\/oh.jpg?resize=1050%2C600&ssl=1 3x"},"classes":[]},{"id":4825,"url":"https:\/\/kotrla.com\/pmpro\/klenov\/robert-golan-romske-cesty-2013\/","url_meta":{"origin":3103,"position":4},"title":"Robert Gol\u00e1\u0148: Romsk\u00e9 cesty (2013)","author":"Pavel Kotrla","date":"24.10.2019","format":false,"excerpt":"ISBN 978-80-905649-0-9 \u00a0 Ve\u00a0fotografick\u00e9 publikaci Romsk\u00e9 cesty vypr\u00e1v\u00ed fotograf Robert Gol\u00e1\u0148 obrazem o\u00a0osudu vset\u00ednsk\u00fdch Rom\u016f, konkr\u00e9tn\u00edm fragmentu osudov\u00e9 cesty cel\u00e9ho etnika, kter\u00e1 vede ze stalet\u00ed do stalet\u00ed napl\u0148uj\u00edc velkou metaforu romsk\u00e9ho exodu. Nav\u0161t\u011bvuje p\u016fvodn\u00ed osady, v\u00a0nich\u017e se vset\u00edn\u0161t\u00ed Romov\u00e9 v\u011bt\u0161inou narodili a\u00a0n\u011bjak\u00fd \u010das \u017eili \u2013 Bystrany a\u00a0Rud\u0148any. Zaznamen\u00e1v\u00e1 \u00fazkost\u00ed napln\u011bn\u00e1\u2026","rel":"","context":"Podobn\u00fd p\u0159\u00edsp\u011bvek","block_context":{"text":"Podobn\u00fd p\u0159\u00edsp\u011bvek","link":""},"img":{"alt_text":"","src":"https:\/\/i0.wp.com\/kotrla.com\/pmpro\/wp-content\/uploads\/2024\/04\/romske_cesty_3-150x150.jpg?resize=350%2C200&ssl=1","width":350,"height":200,"srcset":"https:\/\/i0.wp.com\/kotrla.com\/pmpro\/wp-content\/uploads\/2024\/04\/romske_cesty_3-150x150.jpg?resize=350%2C200&ssl=1 1x, https:\/\/i0.wp.com\/kotrla.com\/pmpro\/wp-content\/uploads\/2024\/04\/romske_cesty_3-150x150.jpg?resize=525%2C300&ssl=1 1.5x, https:\/\/i0.wp.com\/kotrla.com\/pmpro\/wp-content\/uploads\/2024\/04\/romske_cesty_3-150x150.jpg?resize=700%2C400&ssl=1 2x"},"classes":[]},{"id":10443,"url":"https:\/\/kotrla.com\/pmpro\/prstem-na-sklo-rybam-2013\/","url_meta":{"origin":3103,"position":5},"title":"Prstem na sklo ryb\u00e1m (2013)","author":"Pavel Kotrla","date":"23.4.2013","format":false,"excerpt":"ISBN 978-80-904983-5-8 B\u00e1snick\u00e1 prvotina zku\u0161en\u00e9ho moravsk\u00e9ho liter\u00e1ta a publicisty evokuj\u00edc\u00ed barvitost, p\u0159ita\u017elivost, z\u00e1hadnost \u017eivota a lidsk\u00e9ho osudu, je\u017e se osobit\u011b odr\u00e1\u017eej\u00ed v symbolech mo\u0159e a nekone\u010dn\u00fdch prom\u011bn\u00e1ch monument\u00e1ln\u011b p\u016fsob\u00edc\u00edho a bohat\u011b inspiruj\u00edc\u00edho, v\u011b\u010dn\u011b neklidn\u00e9ho p\u0159\u00edrodn\u00edho \u017eivlu. * * * Kdy\u017e jsem byl mal\u00fd Nahl\u00e9dal jsem Do rozlehl\u00fdch zahrad pln\u00fdch mlh\u2026","rel":"","context":"Podobn\u00fd p\u0159\u00edsp\u011bvek","block_context":{"text":"Podobn\u00fd p\u0159\u00edsp\u011bvek","link":""},"img":{"alt_text":"","src":"https:\/\/i0.wp.com\/kotrla.com\/pmpro\/wp-content\/uploads\/2023\/04\/prstem_na_sklo_rybam_il2.jpg?resize=350%2C200&ssl=1","width":350,"height":200,"srcset":"https:\/\/i0.wp.com\/kotrla.com\/pmpro\/wp-content\/uploads\/2023\/04\/prstem_na_sklo_rybam_il2.jpg?resize=350%2C200&ssl=1 1x, https:\/\/i0.wp.com\/kotrla.com\/pmpro\/wp-content\/uploads\/2023\/04\/prstem_na_sklo_rybam_il2.jpg?resize=525%2C300&ssl=1 1.5x, https:\/\/i0.wp.com\/kotrla.com\/pmpro\/wp-content\/uploads\/2023\/04\/prstem_na_sklo_rybam_il2.jpg?resize=700%2C400&ssl=1 2x"},"classes":[]}],"jetpack_sharing_enabled":true,"_links":{"self":[{"href":"https:\/\/kotrla.com\/pmpro\/wp-json\/wp\/v2\/pages\/3103","targetHints":{"allow":["GET"]}}],"collection":[{"href":"https:\/\/kotrla.com\/pmpro\/wp-json\/wp\/v2\/pages"}],"about":[{"href":"https:\/\/kotrla.com\/pmpro\/wp-json\/wp\/v2\/types\/page"}],"author":[{"embeddable":true,"href":"https:\/\/kotrla.com\/pmpro\/wp-json\/wp\/v2\/users\/1"}],"replies":[{"embeddable":true,"href":"https:\/\/kotrla.com\/pmpro\/wp-json\/wp\/v2\/comments?post=3103"}],"version-history":[{"count":0,"href":"https:\/\/kotrla.com\/pmpro\/wp-json\/wp\/v2\/pages\/3103\/revisions"}],"wp:attachment":[{"href":"https:\/\/kotrla.com\/pmpro\/wp-json\/wp\/v2\/media?parent=3103"}],"curies":[{"name":"wp","href":"https:\/\/api.w.org\/{rel}","templated":true}]}}