{"id":4152,"date":"2019-03-29T09:52:05","date_gmt":"2019-03-29T08:52:05","guid":{"rendered":"http:\/\/kotrla.com\/pmpro\/?p=4152"},"modified":"2025-11-14T09:05:49","modified_gmt":"2025-11-14T08:05:49","slug":"libor-sostak-parizsky-skicak","status":"publish","type":"page","link":"https:\/\/kotrla.com\/pmpro\/klenov\/libor-sostak-parizsky-skicak\/","title":{"rendered":"Libor So\u0161\u0165\u00e1k &#8211; Pa\u0159\u00ed\u017esk\u00fd skic\u00e1k (2019)"},"content":{"rendered":"<p>ISBN 978-80-905649-5-4<\/p>\n<figure id=\"attachment_4154\" aria-describedby=\"caption-attachment-4154\" style=\"width: 980px\" class=\"wp-caption alignnone\"><a href=\"https:\/\/kotrla.com\/pmpro\/wp-content\/uploads\/2019\/03\/libor_sostak_parizsky_skicak_obalka.jpg\"><img loading=\"lazy\" decoding=\"async\" class=\"size-full wp-image-4154\" src=\"https:\/\/kotrla.com\/pmpro\/wp-content\/uploads\/2019\/03\/libor_sostak_parizsky_skicak_obalka.jpg\" alt=\"Libor So\u0161\u0165\u00e1k - Pa\u0159\u00ed\u017esk\u00fd skic\u00e1k (ISBN 978-80-905649-5-4)\" width=\"980\" height=\"890\" srcset=\"https:\/\/kotrla.com\/pmpro\/wp-content\/uploads\/2019\/03\/libor_sostak_parizsky_skicak_obalka.jpg 980w, https:\/\/kotrla.com\/pmpro\/wp-content\/uploads\/2019\/03\/libor_sostak_parizsky_skicak_obalka-300x272.jpg 300w\" sizes=\"auto, (max-width: 980px) 100vw, 980px\" \/><\/a><figcaption id=\"caption-attachment-4154\" class=\"wp-caption-text\">Libor So\u0161\u0165\u00e1k &#8211; Pa\u0159\u00ed\u017esk\u00fd skic\u00e1k (ISBN 978-80-905649-5-4)<\/figcaption><\/figure>\n<p><em>Pa\u0159\u00ed\u017esk\u00fd skic\u00e1k<\/em> v\u00a0podob\u011b v\u00fdstavn\u00edho projektu m\u011bl svou premi\u00e9ru 13.\u00a03. 1988, v\u00edce jak p\u0159ed 30 lety, v\u00a0Mal\u00e9 galerii Okresn\u00ed knihovny ve\u00a0Vset\u00edn\u011b. Od\u00a0t\u00e9 doby byl fragment\u00e1rn\u011b vystavov\u00e1n v\u00a0r\u00e1mci n\u011bkolika autorov\u00fdch mal\u00ed\u0159sk\u00fdch v\u00fdstav. P\u0159edstaven\u00fd soubor prac\u00ed na\u00a0pap\u00ed\u0159e\u00a0\u2013 kreseb, kol\u00e1\u017e\u00ed a\u00a0maleb mal\u00e9ho form\u00e1tu ze\u00a0studijn\u00edho pobytu v\u00a0Pa\u0159\u00ed\u017ei p\u0159elomu let 1985\/86 je v\u00fdb\u011brem ze\u00a0skic\u00e1k\u016f, kter\u00e9 obsahuj\u00ed celkem asi 130 polo\u017eek, a\u00a0je vyd\u00e1n u\u00a0p\u0159\u00edle\u017eitosti autorova \u017eivotn\u00edho jubilea.<\/p>\n<div id='gallery-1' class='gallery galleryid-4152 gallery-columns-4 gallery-size-thumbnail'><figure class='gallery-item'>\n\t\t\t<div class='gallery-icon landscape'>\n\t\t\t\t<a href='https:\/\/kotrla.com\/pmpro\/libor-sostak-eifelovka-a-pont-de-lalma\/'><img loading=\"lazy\" decoding=\"async\" width=\"150\" height=\"150\" src=\"https:\/\/kotrla.com\/pmpro\/wp-content\/uploads\/2019\/03\/Libor-So\u0161\u0165\u00e1k-1-Eifelovka-a-Pont-de-l\u00b4Alma-150x150.jpg\" class=\"attachment-thumbnail size-thumbnail\" alt=\"\" aria-describedby=\"gallery-1-4160\" \/><\/a>\n\t\t\t<\/div>\n\t\t\t\t<figcaption class='wp-caption-text gallery-caption' id='gallery-1-4160'>\n\t\t\t\tLibor So\u0161\u0165\u00e1k &#8211; Eifelovka a Pont de l\u00b4Alma\n\t\t\t\t<\/figcaption><\/figure><figure class='gallery-item'>\n\t\t\t<div class='gallery-icon landscape'>\n\t\t\t\t<a href='https:\/\/kotrla.com\/pmpro\/libor-sostak-lode-u-pont-de-sully\/'><img loading=\"lazy\" decoding=\"async\" width=\"150\" height=\"150\" src=\"https:\/\/kotrla.com\/pmpro\/wp-content\/uploads\/2019\/03\/Libor-So\u0161\u0165\u00e1k-10-Lod\u011b-u-Pont-de-Sully-150x150.jpg\" class=\"attachment-thumbnail size-thumbnail\" alt=\"\" aria-describedby=\"gallery-1-4161\" \/><\/a>\n\t\t\t<\/div>\n\t\t\t\t<figcaption class='wp-caption-text gallery-caption' id='gallery-1-4161'>\n\t\t\t\tLibor So\u0161\u0165\u00e1k &#8211; Lod\u011b u Pont de Sully\n\t\t\t\t<\/figcaption><\/figure><figure class='gallery-item'>\n\t\t\t<div class='gallery-icon portrait'>\n\t\t\t\t<a href='https:\/\/kotrla.com\/pmpro\/libor-sostak-pul-roku-ve-francii\/'><img loading=\"lazy\" decoding=\"async\" width=\"150\" height=\"150\" src=\"https:\/\/kotrla.com\/pmpro\/wp-content\/uploads\/2019\/03\/Libor-So\u0161\u0165\u00e1k-59-P\u016fl-roku-ve-Francii-150x150.jpg\" class=\"attachment-thumbnail size-thumbnail\" alt=\"\" aria-describedby=\"gallery-1-4163\" \/><\/a>\n\t\t\t<\/div>\n\t\t\t\t<figcaption class='wp-caption-text gallery-caption' id='gallery-1-4163'>\n\t\t\t\tLibor So\u0161\u0165\u00e1k &#8211; P\u016fl roku ve Francii\n\t\t\t\t<\/figcaption><\/figure><figure class='gallery-item'>\n\t\t\t<div class='gallery-icon portrait'>\n\t\t\t\t<a href='https:\/\/kotrla.com\/pmpro\/libor-sostak-neco-se-deje\/'><img loading=\"lazy\" decoding=\"async\" width=\"150\" height=\"150\" src=\"https:\/\/kotrla.com\/pmpro\/wp-content\/uploads\/2019\/03\/Libor-So\u0161\u0165\u00e1k-51B-N\u011bco-se-d\u011bje-150x150.jpg\" class=\"attachment-thumbnail size-thumbnail\" alt=\"\" aria-describedby=\"gallery-1-4162\" \/><\/a>\n\t\t\t<\/div>\n\t\t\t\t<figcaption class='wp-caption-text gallery-caption' id='gallery-1-4162'>\n\t\t\t\tLibor So\u0161\u0165\u00e1k &#8211; N\u011bco se d\u011bje!\n\t\t\t\t<\/figcaption><\/figure>\n\t\t<\/div>\n\n<figure id=\"attachment_4158\" aria-describedby=\"caption-attachment-4158\" style=\"width: 1600px\" class=\"wp-caption alignnone\"><a href=\"https:\/\/kotrla.com\/pmpro\/wp-content\/uploads\/2019\/03\/libor_sostak_IMGP9391.jpg\"><img loading=\"lazy\" decoding=\"async\" class=\"size-full wp-image-4158\" src=\"https:\/\/kotrla.com\/pmpro\/wp-content\/uploads\/2019\/03\/libor_sostak_IMGP9391.jpg\" alt=\"Libor So\u0161\u0165\u00e1k\" width=\"1600\" height=\"1064\" srcset=\"https:\/\/kotrla.com\/pmpro\/wp-content\/uploads\/2019\/03\/libor_sostak_IMGP9391.jpg 1600w, https:\/\/kotrla.com\/pmpro\/wp-content\/uploads\/2019\/03\/libor_sostak_IMGP9391-300x200.jpg 300w, https:\/\/kotrla.com\/pmpro\/wp-content\/uploads\/2019\/03\/libor_sostak_IMGP9391-1024x681.jpg 1024w\" sizes=\"auto, (max-width: 1600px) 100vw, 1600px\" \/><\/a><figcaption id=\"caption-attachment-4158\" class=\"wp-caption-text\">Libor So\u0161\u0165\u00e1k<\/figcaption><\/figure>\n<p><strong>Libor So\u0161\u0165\u00e1k,<\/strong> narozen 27.\u00a02. 1959 ve\u00a0Vset\u00edn\u011b.<br \/>\nStudoval St\u0159edn\u00ed um\u011bleckopr\u016fmyslovou \u0161kolu v\u00a0Brn\u011b 1974\u20131978, VUT FA v\u00a0Brn\u011b 1978\u20131982 a\u00a0\u0160kolu architektury na\u00a0Akademii v\u00fdtvarn\u00fdch um\u011bn\u00ed v\u00a0Praze 1982\u20131986. Na\u00a0p\u0159elomu let 1985\u20131986 absolvoval p\u016flro\u010dn\u00ed st\u00e1\u017e na\u00a0Unit\u00e9 pedagogique architecture 2 v\u00a0Pa\u0159\u00ed\u017ei\u2011Nanterre.<\/p>\n<p>Od\u00a0roku 1987 se ve\u00a0svobodn\u00e9m povol\u00e1n\u00ed v\u011bnuje architektu\u0159e, navrhov\u00e1n\u00ed interi\u00e9r\u016f a\u00a0n\u00e1bytkov\u00e9mu designu, v\u00a0letech 1991\u20132005 \u010dlen autorsk\u00e9ho t\u00fdmu architektonick\u00e9 kancel\u00e1\u0159e BLOCK Studio Vset\u00edn. Od\u00a0roku 2005 <a href=\"http:\/\/www.sostakarchitekt.cz\">Architektonick\u00fd ateli\u00e9r ak. arch. Libor So\u0161\u0165\u00e1k<\/a>.<\/p>\n<p>\u017dije a\u00a0pracuje v\u00a0Ratibo\u0159i u\u00a0Vset\u00edna, navrhl a\u00a0realizoval \u0159adu ve\u0159ejn\u00fdch a\u00a0pr\u016fmyslov\u00fdch staveb, ale tak\u00e9 hodn\u011b staveb pro individu\u00e1ln\u00ed bydlen\u00ed. V\u00a0roce 1996 z\u00edskal za\u00a0administrativn\u00ed budovu ICEC Ostrava cenu D\u016fm roku, jako spoluautor v\u00a0roce 2003 \u010cestn\u00e9 uzn\u00e1n\u00ed v\u00a0Grand Prix OA za\u00a0rekonstrukci Doln\u00edho n\u00e1m\u011bst\u00ed ve\u00a0Vset\u00edn\u011b, v\u00a0roce 2008 Stavba roku Zl\u00ednsk\u00e9ho kraje za\u00a0Radni\u010dn\u00ed n\u00e1m\u011bst\u00ed v\u00a0Karolince a\u00a0v\u00a0roce 2016 za\u00a0hotel a\u00a0restauraci U\u00a0Stava\u0159e ve\u00a0Vset\u00edn\u011b.<\/p>\n<p>Soub\u011b\u017en\u011b se od\u00a0d\u011btstv\u00ed v\u011bnuje mal\u00ed\u0159stv\u00ed a\u00a0v\u00a0posledn\u00ed dob\u011b tak\u00e9 vytv\u00e1\u0159en\u00ed asambl\u00e1\u017e\u00ed a\u00a0objekt\u016f, pravideln\u011b vystavuje doma i\u00a0v\u00a0zahrani\u010d\u00ed.<\/p>\n<p>&nbsp;<\/p>\n<p><strong>Ohlasy<\/strong><\/p>\n<ul>\n<li><a href=\"https:\/\/kotrla.com\/pmpro\/wp-content\/uploads\/2019\/03\/o_mehesova_libor-sostak-se-skicarem-v-parizi_denik-10-6-2019.pdf\">Olga Meh\u00e9\u0161ov\u00e1: Libor So\u0161\u0165\u00e1k se skic\u00e1\u0159em v Pa\u0159\u00ed\u017ei. Vala\u0161sk\u00fd den\u00edk. 2019, \u010d. 133 (10.6.2019), s. 10 p\u0159\u00edl. Na\u0161e Vala\u0161sko.<\/a><\/li>\n<li><a href=\"https:\/\/kotrla.com\/pmpro\/wp-content\/uploads\/2019\/03\/m_baros_parizsky_skicak_libora_sostaka_ne_vkus_2019.pdf\">Marek Baro\u0161: Pa\u0159\u00ed\u017esk\u00fd skic\u00e1k Libora So\u0161\u0165\u00e1ka, Ne vkus, prosinec 2019, s. 35<\/a><\/li>\n<\/ul>\n","protected":false},"excerpt":{"rendered":"<p>ISBN 978-80-905649-5-4 Pa\u0159\u00ed\u017esk\u00fd skic\u00e1k v\u00a0podob\u011b v\u00fdstavn\u00edho projektu m\u011bl svou premi\u00e9ru 13.\u00a03. 1988, v\u00edce jak p\u0159ed 30 lety, v\u00a0Mal\u00e9 galerii Okresn\u00ed knihovny ve\u00a0Vset\u00edn\u011b. Od\u00a0t\u00e9 doby byl fragment\u00e1rn\u011b vystavov\u00e1n v\u00a0r\u00e1mci n\u011bkolika autorov\u00fdch mal\u00ed\u0159sk\u00fdch v\u00fdstav. P\u0159edstaven\u00fd soubor prac\u00ed na\u00a0pap\u00ed\u0159e\u00a0\u2013 kreseb, kol\u00e1\u017e\u00ed a\u00a0maleb mal\u00e9ho form\u00e1tu ze\u00a0studijn\u00edho pobytu v\u00a0Pa\u0159\u00ed\u017ei p\u0159elomu let 1985\/86 je v\u00fdb\u011brem ze\u00a0skic\u00e1k\u016f, kter\u00e9 obsahuj\u00ed celkem asi 130 [&hellip;]<\/p>\n","protected":false},"author":1,"featured_media":0,"parent":3997,"menu_order":0,"comment_status":"open","ping_status":"open","template":"","meta":{"site-sidebar-layout":"default","site-content-layout":"default","ast-site-content-layout":"default","site-content-style":"default","site-sidebar-style":"default","ast-global-header-display":"","ast-banner-title-visibility":"","ast-main-header-display":"","ast-hfb-above-header-display":"","ast-hfb-below-header-display":"","ast-hfb-mobile-header-display":"","site-post-title":"","ast-breadcrumbs-content":"","ast-featured-img":"","footer-sml-layout":"","ast-disable-related-posts":"","theme-transparent-header-meta":"default","adv-header-id-meta":"","stick-header-meta":"","header-above-stick-meta":"","header-main-stick-meta":"","header-below-stick-meta":"","astra-migrate-meta-layouts":"set","ast-page-background-enabled":"default","ast-page-background-meta":{"desktop":{"background-color":"var(--ast-global-color-5)","background-image":"","background-repeat":"repeat","background-position":"center center","background-size":"auto","background-attachment":"scroll","background-type":"","background-media":"","overlay-type":"","overlay-color":"","overlay-opacity":"","overlay-gradient":""},"tablet":{"background-color":"","background-image":"","background-repeat":"repeat","background-position":"center center","background-size":"auto","background-attachment":"scroll","background-type":"","background-media":"","overlay-type":"","overlay-color":"","overlay-opacity":"","overlay-gradient":""},"mobile":{"background-color":"","background-image":"","background-repeat":"repeat","background-position":"center center","background-size":"auto","background-attachment":"scroll","background-type":"","background-media":"","overlay-type":"","overlay-color":"","overlay-opacity":"","overlay-gradient":""}},"ast-content-background-meta":{"desktop":{"background-color":"var(--ast-global-color-4)","background-image":"","background-repeat":"repeat","background-position":"center center","background-size":"auto","background-attachment":"scroll","background-type":"","background-media":"","overlay-type":"","overlay-color":"","overlay-opacity":"","overlay-gradient":""},"tablet":{"background-color":"var(--ast-global-color-4)","background-image":"","background-repeat":"repeat","background-position":"center center","background-size":"auto","background-attachment":"scroll","background-type":"","background-media":"","overlay-type":"","overlay-color":"","overlay-opacity":"","overlay-gradient":""},"mobile":{"background-color":"var(--ast-global-color-4)","background-image":"","background-repeat":"repeat","background-position":"center center","background-size":"auto","background-attachment":"scroll","background-type":"","background-media":"","overlay-type":"","overlay-color":"","overlay-opacity":"","overlay-gradient":""}},"footnotes":""},"class_list":["post-4152","page","type-page","status-publish","hentry"],"jetpack_shortlink":"https:\/\/wp.me\/P4mLP7-14Y","jetpack-related-posts":[{"id":3997,"url":"https:\/\/kotrla.com\/pmpro\/klenov\/","url_meta":{"origin":4152,"position":0},"title":"Nakladatelstv\u00ed Klenov","author":"Pavel Kotrla","date":"1.12.2018","format":false,"excerpt":"Klenov \u2013 jednomu\u017en\u00e9 nakladatelstv\u00ed Pavla Kotrly. Knihy jsou v distribuci Kosmas a Pemic, m\u016f\u017eete zakoupit nap\u0159\u00edklad v s\u00edti prodejen\u00a0Martinus,\u00a0Dobrovsk\u00fd nebo jin\u00fdch.\u00a0Bibliofilie Synonymum krajina, Pot\u00ed\u017ee se \u017eenami, Hedvika a Jak Urzon obelstil Kojota nejsou v b\u011b\u017en\u00e9 distribuci, pro objedn\u00e1vku pou\u017eijte pros\u00edm tento formul\u00e1\u0159. Ten m\u016f\u017eete vyu\u017e\u00edt i pro objedn\u00e1vku dal\u0161\u00edch knih\u2026","rel":"","context":"Podobn\u00fd p\u0159\u00edsp\u011bvek","block_context":{"text":"Podobn\u00fd p\u0159\u00edsp\u011bvek","link":""},"img":{"alt_text":"","src":"https:\/\/i0.wp.com\/kotrla.com\/pmpro\/wp-content\/uploads\/2023\/03\/nakladatelstvi_klenov_logo_bw_small.png?resize=350%2C200&ssl=1","width":350,"height":200},"classes":[]},{"id":4817,"url":"https:\/\/kotrla.com\/pmpro\/klenov\/pavel-kotrla-mirny-severni-2019\/","url_meta":{"origin":4152,"position":1},"title":"Pavel Kotrla: M\u00edrn\u00fd severn\u00ed (2019)","author":"Pavel Kotrla","date":"21.10.2019","format":false,"excerpt":"ISBN 978-80-905649-6-1 Druh\u00e1 b\u00e1snick\u00e1 sb\u00edrka Pavla Kotrly (5. kv\u011btna 1974). Autor vystudoval literaturu na Ostravsk\u00e9 univerzit\u011b. Od roku 1996 \u0161\u00e9fredaktor \u010dasopisu Texty, d\u0159\u00edve redaktor revue Aluze. V roce 2013 vydal b\u00e1snickou sb\u00edrku Prstem na sklo ryb\u00e1m. B\u00e1sn\u011bmi zastoupen v n\u011bkolika sborn\u00edc\u00edch (nap\u0159. Nejlep\u0161\u00ed \u010desk\u00e9 b\u00e1sn\u011b 2014). Autorsky, editorsky, fotografiemi nebo\u2026","rel":"","context":"Podobn\u00fd p\u0159\u00edsp\u011bvek","block_context":{"text":"Podobn\u00fd p\u0159\u00edsp\u011bvek","link":""},"img":{"alt_text":"","src":"https:\/\/i0.wp.com\/kotrla.com\/pmpro\/wp-content\/uploads\/2019\/11\/libor_sostak_na_ostrove-150x150.jpg?resize=350%2C200&ssl=1","width":350,"height":200,"srcset":"https:\/\/i0.wp.com\/kotrla.com\/pmpro\/wp-content\/uploads\/2019\/11\/libor_sostak_na_ostrove-150x150.jpg?resize=350%2C200&ssl=1 1x, https:\/\/i0.wp.com\/kotrla.com\/pmpro\/wp-content\/uploads\/2019\/11\/libor_sostak_na_ostrove-150x150.jpg?resize=525%2C300&ssl=1 1.5x, https:\/\/i0.wp.com\/kotrla.com\/pmpro\/wp-content\/uploads\/2019\/11\/libor_sostak_na_ostrove-150x150.jpg?resize=700%2C400&ssl=1 2x, https:\/\/i0.wp.com\/kotrla.com\/pmpro\/wp-content\/uploads\/2019\/11\/libor_sostak_na_ostrove-150x150.jpg?resize=1050%2C600&ssl=1 3x, https:\/\/i0.wp.com\/kotrla.com\/pmpro\/wp-content\/uploads\/2019\/11\/libor_sostak_na_ostrove-150x150.jpg?resize=1400%2C800&ssl=1 4x"},"classes":[]},{"id":11396,"url":"https:\/\/kotrla.com\/pmpro\/klenov\/pavel-kotrla-libor-sostak-synonymum-krajina-2024\/","url_meta":{"origin":4152,"position":2},"title":"Pavel Kotrla \u2013 Libor So\u0161\u0165\u00e1k: Synonymum krajina (2024)","author":"Pavel Kotrla","date":"28.4.2024","format":false,"excerpt":"ISBN 978-80-908127-9-6 Cena ti\u0161t\u011bn\u00e9 knihy v\u010detn\u011b vlepen\u00e9 origin\u00e1ln\u00ed kresby je 300 K\u010d + 100 K\u010d po\u0161tovn\u00e9. Kniha nen\u00ed v b\u011b\u017en\u00e9 distribu\u010dn\u00ed s\u00edti, lze si ji v\u0161ak\u00a0OBJEDNAT. P\u0159i objedn\u00e1n\u00ed dvou knih z produkce je po\u0161tovn\u00e9 zdarma. \u00a0 Ilustrace Libor So\u0161\u0165\u00e1k Vydalo nakladatelstv\u00ed Pavel Kotrla \u2014 Klenov, Byst\u0159i\u010dka, roku 2024 jako svou\u2026","rel":"","context":"Podobn\u00fd p\u0159\u00edsp\u011bvek","block_context":{"text":"Podobn\u00fd p\u0159\u00edsp\u011bvek","link":""},"img":{"alt_text":"","src":"https:\/\/i0.wp.com\/kotrla.com\/pmpro\/wp-content\/uploads\/2024\/04\/synonymum_krajina_IMGP1922-150x150.jpg?resize=350%2C200&ssl=1","width":350,"height":200,"srcset":"https:\/\/i0.wp.com\/kotrla.com\/pmpro\/wp-content\/uploads\/2024\/04\/synonymum_krajina_IMGP1922-150x150.jpg?resize=350%2C200&ssl=1 1x, https:\/\/i0.wp.com\/kotrla.com\/pmpro\/wp-content\/uploads\/2024\/04\/synonymum_krajina_IMGP1922-150x150.jpg?resize=525%2C300&ssl=1 1.5x, https:\/\/i0.wp.com\/kotrla.com\/pmpro\/wp-content\/uploads\/2024\/04\/synonymum_krajina_IMGP1922-150x150.jpg?resize=700%2C400&ssl=1 2x, https:\/\/i0.wp.com\/kotrla.com\/pmpro\/wp-content\/uploads\/2024\/04\/synonymum_krajina_IMGP1922-150x150.jpg?resize=1050%2C600&ssl=1 3x, https:\/\/i0.wp.com\/kotrla.com\/pmpro\/wp-content\/uploads\/2024\/04\/synonymum_krajina_IMGP1922-150x150.jpg?resize=1400%2C800&ssl=1 4x"},"classes":[]},{"id":13618,"url":"https:\/\/kotrla.com\/pmpro\/klenov\/jak-urzon-obelstil-kojota-pribeh-indianu-juteu-2025\/","url_meta":{"origin":4152,"position":3},"title":"Jak Urzon obelstil Kojota (P\u0159\u00edb\u011bh indi\u00e1n\u016f Jute\u016f) (2025)","author":"Pavel Kotrla","date":"4.12.2025","format":false,"excerpt":"ISBN 978-80-909228-9-1 Doporu\u010den\u00e1 cena knihy je 400 K\u010d. Kniha nen\u00ed v b\u011b\u017en\u00e9 distribuci, lze si ji v\u0161ak objednat u nakladatele. Tradi\u010dn\u00ed m\u00fdtus indi\u00e1n\u016f Jute\u016f vypr\u00e1v\u00ed o d\u016fvtipn\u00e9m Urzonovi, kter\u00fd na sv\u00e9 cest\u011b za dobrodru\u017estv\u00edm p\u0159elst\u00ed nejen mohutn\u00e9ho bizona, ale i vychytral\u00e9ho a chamtiv\u00e9ho Kojota. S\u00e9rie lst\u00ed, klam\u016f a zvrat\u016f postupn\u011b\u2026","rel":"","context":"Podobn\u00fd p\u0159\u00edsp\u011bvek","block_context":{"text":"Podobn\u00fd p\u0159\u00edsp\u011bvek","link":""},"img":{"alt_text":"","src":"https:\/\/i0.wp.com\/kotrla.com\/pmpro\/wp-content\/uploads\/2025\/12\/urzon_IMGP0700-150x150.jpg?resize=350%2C200&ssl=1","width":350,"height":200,"srcset":"https:\/\/i0.wp.com\/kotrla.com\/pmpro\/wp-content\/uploads\/2025\/12\/urzon_IMGP0700-150x150.jpg?resize=350%2C200&ssl=1 1x, https:\/\/i0.wp.com\/kotrla.com\/pmpro\/wp-content\/uploads\/2025\/12\/urzon_IMGP0700-150x150.jpg?resize=525%2C300&ssl=1 1.5x, https:\/\/i0.wp.com\/kotrla.com\/pmpro\/wp-content\/uploads\/2025\/12\/urzon_IMGP0700-150x150.jpg?resize=700%2C400&ssl=1 2x, https:\/\/i0.wp.com\/kotrla.com\/pmpro\/wp-content\/uploads\/2025\/12\/urzon_IMGP0700-150x150.jpg?resize=1050%2C600&ssl=1 3x, https:\/\/i0.wp.com\/kotrla.com\/pmpro\/wp-content\/uploads\/2025\/12\/urzon_IMGP0700-150x150.jpg?resize=1400%2C800&ssl=1 4x"},"classes":[]},{"id":7059,"url":"https:\/\/kotrla.com\/pmpro\/klenov\/alzbeta-johanka-petrova-a-katerina-sysova-zastaveni-2021\/","url_meta":{"origin":4152,"position":4},"title":"Al\u017eb\u011bta Johanka Petrov\u00e1 a Kate\u0159ina S\u00fdsov\u00e1: Zastaveni (2021)","author":"Pavel Kotrla","date":"9.2.2021","format":false,"excerpt":"ISBN 978-80-905649-9-2 B\u00e1snicko-fotografick\u00e1 skladba Zastaveni je kni\u017en\u00ed debut autorek Al\u017eb\u011bty Johanky Petrov\u00e9 a Kate\u0159iny S\u00fdsov\u00e9, kter\u00fd p\u0159edstavuje um\u011bleckou reflexi sou\u010dasnosti. Al\u017eb\u011bta Johanka Petrov\u00e1 (1993) se narodila ve\u00a0Vla\u0161imi. Vystudovala divadeln\u00ed dramaturgii a\u00a0audiovizu\u00e1ln\u00ed tvorbu v\u00a0Opav\u011b. Pracovala jako re\u017eis\u00e9rka, dramaturgyn\u011b a\u00a0pedago\u017eka. Autorka dramatick\u00fdch text\u016f a\u00a0b\u00e1sn\u00ed. Nov\u011b je pr\u016fvodkyn\u00ed mal\u00e9 Odety. Instagram: @alzbeta.johanka Kate\u0159ina\u2026","rel":"","context":"Podobn\u00fd p\u0159\u00edsp\u011bvek","block_context":{"text":"Podobn\u00fd p\u0159\u00edsp\u011bvek","link":""},"img":{"alt_text":"Al\u017eb\u011bta Johanka Petrov\u00e1\u2002\/\u2002Kate\u0159ina S\u00fdsov\u00e1: Zastaveni (s. 28-29)","src":"https:\/\/i0.wp.com\/kotrla.com\/pmpro\/wp-content\/uploads\/2021\/02\/zastaveni_28_29.jpg?resize=350%2C200&ssl=1","width":350,"height":200,"srcset":"https:\/\/i0.wp.com\/kotrla.com\/pmpro\/wp-content\/uploads\/2021\/02\/zastaveni_28_29.jpg?resize=350%2C200&ssl=1 1x, https:\/\/i0.wp.com\/kotrla.com\/pmpro\/wp-content\/uploads\/2021\/02\/zastaveni_28_29.jpg?resize=525%2C300&ssl=1 1.5x, https:\/\/i0.wp.com\/kotrla.com\/pmpro\/wp-content\/uploads\/2021\/02\/zastaveni_28_29.jpg?resize=700%2C400&ssl=1 2x, https:\/\/i0.wp.com\/kotrla.com\/pmpro\/wp-content\/uploads\/2021\/02\/zastaveni_28_29.jpg?resize=1050%2C600&ssl=1 3x, https:\/\/i0.wp.com\/kotrla.com\/pmpro\/wp-content\/uploads\/2021\/02\/zastaveni_28_29.jpg?resize=1400%2C800&ssl=1 4x"},"classes":[]},{"id":4825,"url":"https:\/\/kotrla.com\/pmpro\/klenov\/robert-golan-romske-cesty-2013\/","url_meta":{"origin":4152,"position":5},"title":"Robert Gol\u00e1\u0148: Romsk\u00e9 cesty (2013)","author":"Pavel Kotrla","date":"24.10.2019","format":false,"excerpt":"ISBN 978-80-905649-0-9 \u00a0 Ve\u00a0fotografick\u00e9 publikaci Romsk\u00e9 cesty vypr\u00e1v\u00ed fotograf Robert Gol\u00e1\u0148 obrazem o\u00a0osudu vset\u00ednsk\u00fdch Rom\u016f, konkr\u00e9tn\u00edm fragmentu osudov\u00e9 cesty cel\u00e9ho etnika, kter\u00e1 vede ze stalet\u00ed do stalet\u00ed napl\u0148uj\u00edc velkou metaforu romsk\u00e9ho exodu. Nav\u0161t\u011bvuje p\u016fvodn\u00ed osady, v\u00a0nich\u017e se vset\u00edn\u0161t\u00ed Romov\u00e9 v\u011bt\u0161inou narodili a\u00a0n\u011bjak\u00fd \u010das \u017eili \u2013 Bystrany a\u00a0Rud\u0148any. Zaznamen\u00e1v\u00e1 \u00fazkost\u00ed napln\u011bn\u00e1\u2026","rel":"","context":"Podobn\u00fd p\u0159\u00edsp\u011bvek","block_context":{"text":"Podobn\u00fd p\u0159\u00edsp\u011bvek","link":""},"img":{"alt_text":"","src":"https:\/\/i0.wp.com\/kotrla.com\/pmpro\/wp-content\/uploads\/2024\/04\/romske_cesty_3-150x150.jpg?resize=350%2C200&ssl=1","width":350,"height":200,"srcset":"https:\/\/i0.wp.com\/kotrla.com\/pmpro\/wp-content\/uploads\/2024\/04\/romske_cesty_3-150x150.jpg?resize=350%2C200&ssl=1 1x, https:\/\/i0.wp.com\/kotrla.com\/pmpro\/wp-content\/uploads\/2024\/04\/romske_cesty_3-150x150.jpg?resize=525%2C300&ssl=1 1.5x, https:\/\/i0.wp.com\/kotrla.com\/pmpro\/wp-content\/uploads\/2024\/04\/romske_cesty_3-150x150.jpg?resize=700%2C400&ssl=1 2x"},"classes":[]}],"jetpack_sharing_enabled":true,"_links":{"self":[{"href":"https:\/\/kotrla.com\/pmpro\/wp-json\/wp\/v2\/pages\/4152","targetHints":{"allow":["GET"]}}],"collection":[{"href":"https:\/\/kotrla.com\/pmpro\/wp-json\/wp\/v2\/pages"}],"about":[{"href":"https:\/\/kotrla.com\/pmpro\/wp-json\/wp\/v2\/types\/page"}],"author":[{"embeddable":true,"href":"https:\/\/kotrla.com\/pmpro\/wp-json\/wp\/v2\/users\/1"}],"replies":[{"embeddable":true,"href":"https:\/\/kotrla.com\/pmpro\/wp-json\/wp\/v2\/comments?post=4152"}],"version-history":[{"count":1,"href":"https:\/\/kotrla.com\/pmpro\/wp-json\/wp\/v2\/pages\/4152\/revisions"}],"predecessor-version":[{"id":13563,"href":"https:\/\/kotrla.com\/pmpro\/wp-json\/wp\/v2\/pages\/4152\/revisions\/13563"}],"up":[{"embeddable":true,"href":"https:\/\/kotrla.com\/pmpro\/wp-json\/wp\/v2\/pages\/3997"}],"wp:attachment":[{"href":"https:\/\/kotrla.com\/pmpro\/wp-json\/wp\/v2\/media?parent=4152"}],"curies":[{"name":"wp","href":"https:\/\/api.w.org\/{rel}","templated":true}]}}