{"id":4817,"date":"2019-10-21T18:12:12","date_gmt":"2019-10-21T17:12:12","guid":{"rendered":"http:\/\/kotrla.com\/pmpro\/?page_id=4817"},"modified":"2025-11-14T09:08:13","modified_gmt":"2025-11-14T08:08:13","slug":"pavel-kotrla-mirny-severni-2019","status":"publish","type":"page","link":"https:\/\/kotrla.com\/pmpro\/klenov\/pavel-kotrla-mirny-severni-2019\/","title":{"rendered":"Pavel Kotrla: M\u00edrn\u00fd severn\u00ed (2019)"},"content":{"rendered":"<p>ISBN 978-80-905649-6-1<\/p>\n<p>Druh\u00e1 b\u00e1snick\u00e1 sb\u00edrka Pavla Kotrly (5. kv\u011btna 1974).<br \/>\nAutor vystudoval literaturu na Ostravsk\u00e9 univerzit\u011b. Od roku 1996 \u0161\u00e9fredaktor \u010dasopisu<a href=\"http:\/\/casopis-texty.cz\"> Texty<\/a>, d\u0159\u00edve redaktor revue Aluze. V roce 2013 vydal b\u00e1snickou sb\u00edrku <a href=\"https:\/\/kotrla.com\/pmpro\/prstem-na-sklo-rybam-2013\/\"><em>Prstem na sklo ryb\u00e1m<\/em><\/a>. B\u00e1sn\u011bmi zastoupen v n\u011bkolika sborn\u00edc\u00edch (nap\u0159. Nejlep\u0161\u00ed \u010desk\u00e9 b\u00e1sn\u011b 2014). Autorsky, editorsky, fotografiemi nebo redak\u010dn\u011b se pod\u00edlel na n\u011bkolika publikac\u00edch, publikuje v liter\u00e1rn\u00edch \u010dasopisech. Cht\u011bl b\u00fdt a\u00a0nen\u00ed archeologem, kosmonautem a\u00a0n\u00e1mo\u0159n\u00edkem.<br \/>\n\u017dije na Byst\u0159i\u010dce.<\/p>\n<figure id=\"attachment_4816\" aria-describedby=\"caption-attachment-4816\" style=\"width: 1010px\" class=\"wp-caption alignnone\"><a href=\"https:\/\/kotrla.com\/pmpro\/wp-content\/uploads\/2019\/10\/pavel_kotrla_mirny_severni.jpg\"><img loading=\"lazy\" decoding=\"async\" class=\"wp-image-4816 size-full\" src=\"https:\/\/kotrla.com\/pmpro\/wp-content\/uploads\/2019\/10\/pavel_kotrla_mirny_severni.jpg\" alt=\"\" width=\"1010\" height=\"1600\" srcset=\"https:\/\/kotrla.com\/pmpro\/wp-content\/uploads\/2019\/10\/pavel_kotrla_mirny_severni.jpg 1010w, https:\/\/kotrla.com\/pmpro\/wp-content\/uploads\/2019\/10\/pavel_kotrla_mirny_severni-189x300.jpg 189w, https:\/\/kotrla.com\/pmpro\/wp-content\/uploads\/2019\/10\/pavel_kotrla_mirny_severni-646x1024.jpg 646w\" sizes=\"auto, (max-width: 1010px) 100vw, 1010px\" \/><\/a><figcaption id=\"caption-attachment-4816\" class=\"wp-caption-text\">Pavel Kotrla &#8211; M\u00edrn\u00fd severn\u00ed (2019), ISNB 978-80-905649-6-1<\/figcaption><\/figure>\n<figure id=\"attachment_4812\" aria-describedby=\"caption-attachment-4812\" style=\"width: 1600px\" class=\"wp-caption alignnone\"><a href=\"https:\/\/kotrla.com\/pmpro\/wp-content\/uploads\/2019\/10\/pavel_kotrla_IMGP4186s.jpg\"><img loading=\"lazy\" decoding=\"async\" class=\"wp-image-4812 size-full\" src=\"https:\/\/kotrla.com\/pmpro\/wp-content\/uploads\/2019\/10\/pavel_kotrla_IMGP4186s.jpg\" alt=\"\" width=\"1600\" height=\"1064\" srcset=\"https:\/\/kotrla.com\/pmpro\/wp-content\/uploads\/2019\/10\/pavel_kotrla_IMGP4186s.jpg 1600w, https:\/\/kotrla.com\/pmpro\/wp-content\/uploads\/2019\/10\/pavel_kotrla_IMGP4186s-300x200.jpg 300w, https:\/\/kotrla.com\/pmpro\/wp-content\/uploads\/2019\/10\/pavel_kotrla_IMGP4186s-1024x681.jpg 1024w\" sizes=\"auto, (max-width: 1600px) 100vw, 1600px\" \/><\/a><figcaption id=\"caption-attachment-4812\" class=\"wp-caption-text\">Pavel Kotrla &#8211; M\u00edrn\u00fd severn\u00ed (2019)<\/figcaption><\/figure>\n<figure id=\"attachment_4813\" aria-describedby=\"caption-attachment-4813\" style=\"width: 1600px\" class=\"wp-caption alignnone\"><a href=\"https:\/\/kotrla.com\/pmpro\/wp-content\/uploads\/2019\/10\/pavel_kotrla_mirny_severni_IMGP4183s.jpg\"><img loading=\"lazy\" decoding=\"async\" class=\"wp-image-4813 size-full\" src=\"https:\/\/kotrla.com\/pmpro\/wp-content\/uploads\/2019\/10\/pavel_kotrla_mirny_severni_IMGP4183s.jpg\" alt=\"\" width=\"1600\" height=\"1064\" srcset=\"https:\/\/kotrla.com\/pmpro\/wp-content\/uploads\/2019\/10\/pavel_kotrla_mirny_severni_IMGP4183s.jpg 1600w, https:\/\/kotrla.com\/pmpro\/wp-content\/uploads\/2019\/10\/pavel_kotrla_mirny_severni_IMGP4183s-300x200.jpg 300w, https:\/\/kotrla.com\/pmpro\/wp-content\/uploads\/2019\/10\/pavel_kotrla_mirny_severni_IMGP4183s-1024x681.jpg 1024w\" sizes=\"auto, (max-width: 1600px) 100vw, 1600px\" \/><\/a><figcaption id=\"caption-attachment-4813\" class=\"wp-caption-text\">Pavel Kotrla &#8211; M\u00edrn\u00fd severn\u00ed (2019)<\/figcaption><\/figure>\n<p><strong>Ilustrace Libora So\u0161\u0165\u00e1ka<\/strong><\/p>\n<p>Nezapome\u0148te si prohl\u00e9dnout tak\u00e9 jeho knihu <a href=\"https:\/\/kotrla.com\/pmpro\/2019\/03\/libor-sostak-parizsky-skicak\/\">Pa\u0159\u00ed\u017esk\u00fd skic\u00e1k<\/a><\/p>\n<div id='gallery-1' class='gallery galleryid-4817 gallery-columns-3 gallery-size-thumbnail'><figure class='gallery-item'>\n\t\t\t<div class='gallery-icon landscape'>\n\t\t\t\t<a href='https:\/\/kotrla.com\/pmpro\/klenov\/pavel-kotrla-mirny-severni-2019\/libor_sostak_na_ostrove-2\/'><img loading=\"lazy\" decoding=\"async\" width=\"150\" height=\"150\" src=\"https:\/\/kotrla.com\/pmpro\/wp-content\/uploads\/2019\/11\/libor_sostak_na_ostrove-150x150.jpg\" class=\"attachment-thumbnail size-thumbnail\" alt=\"\" srcset=\"https:\/\/kotrla.com\/pmpro\/wp-content\/uploads\/2019\/11\/libor_sostak_na_ostrove-150x150.jpg 150w, https:\/\/kotrla.com\/pmpro\/wp-content\/uploads\/2019\/11\/libor_sostak_na_ostrove-300x300.jpg 300w, https:\/\/kotrla.com\/pmpro\/wp-content\/uploads\/2019\/11\/libor_sostak_na_ostrove-1024x1024.jpg 1024w, https:\/\/kotrla.com\/pmpro\/wp-content\/uploads\/2019\/11\/libor_sostak_na_ostrove.jpg 1600w\" sizes=\"auto, (max-width: 150px) 100vw, 150px\" \/><\/a>\n\t\t\t<\/div><\/figure><figure class='gallery-item'>\n\t\t\t<div class='gallery-icon landscape'>\n\t\t\t\t<a href='https:\/\/kotrla.com\/pmpro\/klenov\/pavel-kotrla-mirny-severni-2019\/libor_sostak_urezana_torza-2\/'><img loading=\"lazy\" decoding=\"async\" width=\"150\" height=\"150\" src=\"https:\/\/kotrla.com\/pmpro\/wp-content\/uploads\/2019\/11\/libor_sostak_urezana_torza-150x150.jpg\" class=\"attachment-thumbnail size-thumbnail\" alt=\"\" srcset=\"https:\/\/kotrla.com\/pmpro\/wp-content\/uploads\/2019\/11\/libor_sostak_urezana_torza-150x150.jpg 150w, https:\/\/kotrla.com\/pmpro\/wp-content\/uploads\/2019\/11\/libor_sostak_urezana_torza-300x300.jpg 300w, https:\/\/kotrla.com\/pmpro\/wp-content\/uploads\/2019\/11\/libor_sostak_urezana_torza-1024x1024.jpg 1024w, https:\/\/kotrla.com\/pmpro\/wp-content\/uploads\/2019\/11\/libor_sostak_urezana_torza.jpg 1600w\" sizes=\"auto, (max-width: 150px) 100vw, 150px\" \/><\/a>\n\t\t\t<\/div><\/figure><figure class='gallery-item'>\n\t\t\t<div class='gallery-icon landscape'>\n\t\t\t\t<a href='https:\/\/kotrla.com\/pmpro\/klenov\/pavel-kotrla-mirny-severni-2019\/libor_sostak_jen_jeho_obrysy-2\/'><img loading=\"lazy\" decoding=\"async\" width=\"150\" height=\"150\" src=\"https:\/\/kotrla.com\/pmpro\/wp-content\/uploads\/2019\/11\/libor_sostak_jen_jeho_obrysy-150x150.jpg\" class=\"attachment-thumbnail size-thumbnail\" alt=\"\" srcset=\"https:\/\/kotrla.com\/pmpro\/wp-content\/uploads\/2019\/11\/libor_sostak_jen_jeho_obrysy-150x150.jpg 150w, https:\/\/kotrla.com\/pmpro\/wp-content\/uploads\/2019\/11\/libor_sostak_jen_jeho_obrysy-300x300.jpg 300w, https:\/\/kotrla.com\/pmpro\/wp-content\/uploads\/2019\/11\/libor_sostak_jen_jeho_obrysy-1024x1024.jpg 1024w, https:\/\/kotrla.com\/pmpro\/wp-content\/uploads\/2019\/11\/libor_sostak_jen_jeho_obrysy.jpg 1600w\" sizes=\"auto, (max-width: 150px) 100vw, 150px\" \/><\/a>\n\t\t\t<\/div><\/figure><figure class='gallery-item'>\n\t\t\t<div class='gallery-icon landscape'>\n\t\t\t\t<a href='https:\/\/kotrla.com\/pmpro\/klenov\/pavel-kotrla-mirny-severni-2019\/libor_sostak_ty_oci-2\/'><img loading=\"lazy\" decoding=\"async\" width=\"150\" height=\"150\" src=\"https:\/\/kotrla.com\/pmpro\/wp-content\/uploads\/2019\/11\/libor_sostak_ty_oci-150x150.jpg\" class=\"attachment-thumbnail size-thumbnail\" alt=\"\" srcset=\"https:\/\/kotrla.com\/pmpro\/wp-content\/uploads\/2019\/11\/libor_sostak_ty_oci-150x150.jpg 150w, https:\/\/kotrla.com\/pmpro\/wp-content\/uploads\/2019\/11\/libor_sostak_ty_oci-300x300.jpg 300w, https:\/\/kotrla.com\/pmpro\/wp-content\/uploads\/2019\/11\/libor_sostak_ty_oci-1024x1024.jpg 1024w, https:\/\/kotrla.com\/pmpro\/wp-content\/uploads\/2019\/11\/libor_sostak_ty_oci.jpg 1600w\" sizes=\"auto, (max-width: 150px) 100vw, 150px\" \/><\/a>\n\t\t\t<\/div><\/figure><figure class='gallery-item'>\n\t\t\t<div class='gallery-icon landscape'>\n\t\t\t\t<a href='https:\/\/kotrla.com\/pmpro\/klenov\/pavel-kotrla-mirny-severni-2019\/libor_sostak_stresnim_oknem-2\/'><img loading=\"lazy\" decoding=\"async\" width=\"150\" height=\"150\" src=\"https:\/\/kotrla.com\/pmpro\/wp-content\/uploads\/2019\/11\/libor_sostak_stresnim_oknem-150x150.jpg\" class=\"attachment-thumbnail size-thumbnail\" alt=\"\" srcset=\"https:\/\/kotrla.com\/pmpro\/wp-content\/uploads\/2019\/11\/libor_sostak_stresnim_oknem-150x150.jpg 150w, https:\/\/kotrla.com\/pmpro\/wp-content\/uploads\/2019\/11\/libor_sostak_stresnim_oknem-300x300.jpg 300w, https:\/\/kotrla.com\/pmpro\/wp-content\/uploads\/2019\/11\/libor_sostak_stresnim_oknem-1024x1024.jpg 1024w, https:\/\/kotrla.com\/pmpro\/wp-content\/uploads\/2019\/11\/libor_sostak_stresnim_oknem.jpg 1600w\" sizes=\"auto, (max-width: 150px) 100vw, 150px\" \/><\/a>\n\t\t\t<\/div><\/figure>\n\t\t<\/div>\n\n<p><strong>Ohlasy<\/strong><\/p>\n<ul>\n<li><a href=\"https:\/\/kotrla.com\/pmpro\/2019\/11\/michal-jares-kotrlova-druha\/\">Michal Jare\u0161: Kotrlova druh\u00e1, T\u00fdneck\u00e9 listy 2019, \u010d. 11, listopad, s. 34\u201335.<\/a><\/li>\n<li><a href=\"https:\/\/kotrla.com\/pmpro\/wp-content\/uploads\/2020\/02\/petr_bilek_mirny_severni_literarky.png\">U knihovny s Petrem B\u00edlkem: O sociologii, minimalismu a st\u00e1l\u00e9m o\u010dek\u00e1v\u00e1n\u00ed apokalypsy, Liter\u00e1rn\u00ed noviny [online]. 30. 12. 2019 nebo M\u011bs\u00edc u knihovny. Liter\u00e1rn\u00ed noviny. Ro\u010d. 31, 2020, \u010d. 2, \u00fanor, p\u0159\u00edl. Biblio, s. 13.<\/a><\/li>\n<li><a href=\"https:\/\/kotrla.com\/pmpro\/2020\/02\/je-v-poradku-ze-fouka\/\">Andrea Chrob\u00e1kov\u00e1-Ln\u011bni\u010dkov\u00e1: Je v po\u0159\u00e1dku, \u017ee fouk\u00e1, Tvar \u010d. 4\/2020, s. 22\u00a0<\/a><\/li>\n<li><a href=\"https:\/\/kotrla.com\/pmpro\/wp-content\/uploads\/2020\/05\/jakub_soucek_smutok_z_vitazstva_vertigo_2020_1.pdf\">Jakub Sou\u010dek: Sm\u00fatok z v\u00ed\u0165azstva (PDF), Vertigo 2020\/1<\/a><\/li>\n<li><a href=\"https:\/\/kotrla.com\/pmpro\/wp-content\/uploads\/2020\/05\/host_2020_05_s_78_79.pdf\">Andrea Popelov\u00e1: Nepost\u0159ehnuteln\u00e9 chv\u011bn\u00ed (PDF), Host 2020, \u010d. 5, s. 78-79<\/a><\/li>\n<li><a href=\"https:\/\/kotrla.com\/pmpro\/wp-content\/uploads\/2020\/06\/petr_odehnal_mirny_severni_uz_ohlodava_dum.jpg\">Petr Odehnal: M\u00edrn\u00fd severn\u00ed u\u017e ohlod\u00e1v\u00e1 d\u016fm, Vala\u0161sko 43, kv\u011bten 2020<\/a><\/li>\n<li><a href=\"https:\/\/kotrla.com\/pmpro\/wp-content\/uploads\/2023\/02\/adam_el_chaar_princ_ktery_procita.pdf\">Adam El Chaar: Princ, kter\u00fd procit\u00e1. Zvuk Zl\u00ednsk\u00e9ho kraje. R. 2020, \u010d. 1, jaro\/l\u00e9to, s. 112-113<\/a><\/li>\n<\/ul>\n","protected":false},"excerpt":{"rendered":"<p>ISBN 978-80-905649-6-1 Druh\u00e1 b\u00e1snick\u00e1 sb\u00edrka Pavla Kotrly (5. kv\u011btna 1974). Autor vystudoval literaturu na Ostravsk\u00e9 univerzit\u011b. Od roku 1996 \u0161\u00e9fredaktor \u010dasopisu Texty, d\u0159\u00edve redaktor revue Aluze. V roce 2013 vydal b\u00e1snickou sb\u00edrku Prstem na sklo ryb\u00e1m. B\u00e1sn\u011bmi zastoupen v n\u011bkolika sborn\u00edc\u00edch (nap\u0159. Nejlep\u0161\u00ed \u010desk\u00e9 b\u00e1sn\u011b 2014). Autorsky, editorsky, fotografiemi nebo redak\u010dn\u011b se pod\u00edlel na n\u011bkolika [&hellip;]<\/p>\n","protected":false},"author":1,"featured_media":0,"parent":3997,"menu_order":0,"comment_status":"closed","ping_status":"closed","template":"","meta":{"site-sidebar-layout":"default","site-content-layout":"default","ast-site-content-layout":"default","site-content-style":"default","site-sidebar-style":"default","ast-global-header-display":"","ast-banner-title-visibility":"","ast-main-header-display":"","ast-hfb-above-header-display":"","ast-hfb-below-header-display":"","ast-hfb-mobile-header-display":"","site-post-title":"","ast-breadcrumbs-content":"","ast-featured-img":"","footer-sml-layout":"","ast-disable-related-posts":"","theme-transparent-header-meta":"default","adv-header-id-meta":"","stick-header-meta":"","header-above-stick-meta":"","header-main-stick-meta":"","header-below-stick-meta":"","astra-migrate-meta-layouts":"set","ast-page-background-enabled":"default","ast-page-background-meta":{"desktop":{"background-color":"var(--ast-global-color-5)","background-image":"","background-repeat":"repeat","background-position":"center center","background-size":"auto","background-attachment":"scroll","background-type":"","background-media":"","overlay-type":"","overlay-color":"","overlay-opacity":"","overlay-gradient":""},"tablet":{"background-color":"","background-image":"","background-repeat":"repeat","background-position":"center center","background-size":"auto","background-attachment":"scroll","background-type":"","background-media":"","overlay-type":"","overlay-color":"","overlay-opacity":"","overlay-gradient":""},"mobile":{"background-color":"","background-image":"","background-repeat":"repeat","background-position":"center center","background-size":"auto","background-attachment":"scroll","background-type":"","background-media":"","overlay-type":"","overlay-color":"","overlay-opacity":"","overlay-gradient":""}},"ast-content-background-meta":{"desktop":{"background-color":"var(--ast-global-color-4)","background-image":"","background-repeat":"repeat","background-position":"center center","background-size":"auto","background-attachment":"scroll","background-type":"","background-media":"","overlay-type":"","overlay-color":"","overlay-opacity":"","overlay-gradient":""},"tablet":{"background-color":"var(--ast-global-color-4)","background-image":"","background-repeat":"repeat","background-position":"center center","background-size":"auto","background-attachment":"scroll","background-type":"","background-media":"","overlay-type":"","overlay-color":"","overlay-opacity":"","overlay-gradient":""},"mobile":{"background-color":"var(--ast-global-color-4)","background-image":"","background-repeat":"repeat","background-position":"center center","background-size":"auto","background-attachment":"scroll","background-type":"","background-media":"","overlay-type":"","overlay-color":"","overlay-opacity":"","overlay-gradient":""}},"jetpack_post_was_ever_published":false,"footnotes":""},"class_list":["post-4817","page","type-page","status-publish","hentry"],"jetpack_shortlink":"https:\/\/wp.me\/P4mLP7-1fH","jetpack-related-posts":[{"id":3997,"url":"https:\/\/kotrla.com\/pmpro\/klenov\/","url_meta":{"origin":4817,"position":0},"title":"Nakladatelstv\u00ed Klenov","author":"Pavel Kotrla","date":"1.12.2018","format":false,"excerpt":"Klenov \u2013 jednomu\u017en\u00e9 nakladatelstv\u00ed Pavla Kotrly. Knihy jsou v distribuci Kosmas a Pemic, m\u016f\u017eete zakoupit nap\u0159\u00edklad v s\u00edti prodejen\u00a0Martinus,\u00a0Dobrovsk\u00fd nebo jin\u00fdch.\u00a0Bibliofilie Synonymum krajina, Pot\u00ed\u017ee se \u017eenami, Hedvika a Jak Urzon obelstil Kojota nejsou v b\u011b\u017en\u00e9 distribuci, pro objedn\u00e1vku pou\u017eijte pros\u00edm tento formul\u00e1\u0159. Ten m\u016f\u017eete vyu\u017e\u00edt i pro objedn\u00e1vku dal\u0161\u00edch knih\u2026","rel":"","context":"Similar post","block_context":{"text":"Similar post","link":""},"img":{"alt_text":"","src":"https:\/\/i0.wp.com\/kotrla.com\/pmpro\/wp-content\/uploads\/2023\/03\/nakladatelstvi_klenov_logo_bw_small.png?resize=350%2C200&ssl=1","width":350,"height":200},"classes":[]},{"id":2843,"url":"https:\/\/kotrla.com\/pmpro\/autor\/","url_meta":{"origin":4817,"position":1},"title":"Autor","author":"Pavel Kotrla","date":"3.9.2016","format":false,"excerpt":"Kdopak to tu m\u00e1 na sv\u011bdom\u00ed? Pavel Kotrla Narodil jsem se 5. 5. 1974 ve Vset\u00edn\u011b. V letech 1992-1997 jsem vystudoval na Filozofick\u00e9 fakult\u011b Ostravsk\u00e9 univerzity liter\u00e1rn\u00ed v\u011bdu a \u010de\u0161tinu. Od roku 1996 jsem \u0161\u00e9fredaktorem liter\u00e1rn\u00edho \u010dtvrtletn\u00edku Texty, kter\u00fd jsme v roce 1996 zalo\u017eili s Ji\u0159\u00edm Hrabalem, Jakubem Chrob\u00e1kem, Ren\u00e9\u2026","rel":"","context":"Similar post","block_context":{"text":"Similar post","link":""},"img":{"alt_text":"Pavel Kotrla","src":"https:\/\/i0.wp.com\/kotrla.com\/pmpro\/wp-content\/uploads\/2022\/06\/pavel_kotrla_IMGP0259.jpg?resize=350%2C200&ssl=1","width":350,"height":200,"srcset":"https:\/\/i0.wp.com\/kotrla.com\/pmpro\/wp-content\/uploads\/2022\/06\/pavel_kotrla_IMGP0259.jpg?resize=350%2C200&ssl=1 1x, https:\/\/i0.wp.com\/kotrla.com\/pmpro\/wp-content\/uploads\/2022\/06\/pavel_kotrla_IMGP0259.jpg?resize=525%2C300&ssl=1 1.5x, https:\/\/i0.wp.com\/kotrla.com\/pmpro\/wp-content\/uploads\/2022\/06\/pavel_kotrla_IMGP0259.jpg?resize=700%2C400&ssl=1 2x, https:\/\/i0.wp.com\/kotrla.com\/pmpro\/wp-content\/uploads\/2022\/06\/pavel_kotrla_IMGP0259.jpg?resize=1050%2C600&ssl=1 3x, https:\/\/i0.wp.com\/kotrla.com\/pmpro\/wp-content\/uploads\/2022\/06\/pavel_kotrla_IMGP0259.jpg?resize=1400%2C800&ssl=1 4x"},"classes":[]},{"id":10397,"url":"https:\/\/kotrla.com\/pmpro\/klenov\/pavel-kotrla-stinovy-profil-2023\/","url_meta":{"origin":4817,"position":2},"title":"Pavel Kotrla: St\u00ednov\u00fd profil (2023)","author":"Pavel Kotrla","date":"14.4.2023","format":false,"excerpt":"ISBN 978-80-908127-7-2 T\u0159et\u00ed sb\u00edrka b\u00e1sn\u00ed Pavla Kotrly\u00a0St\u00ednov\u00fd profil\u00a0je synt\u00e9zou sb\u00edrek p\u0159edchoz\u00edch. Pl\u00e1tno jit\u0159iv\u00fdch p\u0159edstav, kter\u00e9 bezohledn\u011b pop\u00edraly p\u0159\u00edtomnost, b\u00e1sn\u00edk nyn\u00ed bez l\u00edtosti vypnul do r\u00e1mu pokro\u010dilej\u0161\u00ed zku\u0161enosti, kter\u00e1 ze dne na den neut\u011b\u0161en\u011b p\u0159ib\u00fdv\u00e1. Z\u00e1pas veden\u00fd s\u00a0vlastn\u00edm v\u011bdom\u00edm tv\u00e1\u0159\u00ed v\u00a0tv\u00e1\u0159 odkouzlen\u00e9mu sv\u011btu nen\u00ed rozhodnut\u00fd. Ve\u0161ker\u00e9 obavy z\u00a0budoucnosti dosud klidn\u011b, t\u00e9m\u011b\u0159\u2026","rel":"","context":"Similar post","block_context":{"text":"Similar post","link":""},"img":{"alt_text":"","src":"https:\/\/i0.wp.com\/kotrla.com\/pmpro\/wp-content\/uploads\/2023\/04\/klenov_IMGP5683-150x150.jpg?resize=350%2C200&ssl=1","width":350,"height":200,"srcset":"https:\/\/i0.wp.com\/kotrla.com\/pmpro\/wp-content\/uploads\/2023\/04\/klenov_IMGP5683-150x150.jpg?resize=350%2C200&ssl=1 1x, https:\/\/i0.wp.com\/kotrla.com\/pmpro\/wp-content\/uploads\/2023\/04\/klenov_IMGP5683-150x150.jpg?resize=525%2C300&ssl=1 1.5x, https:\/\/i0.wp.com\/kotrla.com\/pmpro\/wp-content\/uploads\/2023\/04\/klenov_IMGP5683-150x150.jpg?resize=700%2C400&ssl=1 2x, https:\/\/i0.wp.com\/kotrla.com\/pmpro\/wp-content\/uploads\/2023\/04\/klenov_IMGP5683-150x150.jpg?resize=1050%2C600&ssl=1 3x, https:\/\/i0.wp.com\/kotrla.com\/pmpro\/wp-content\/uploads\/2023\/04\/klenov_IMGP5683-150x150.jpg?resize=1400%2C800&ssl=1 4x"},"classes":[]},{"id":4152,"url":"https:\/\/kotrla.com\/pmpro\/klenov\/libor-sostak-parizsky-skicak\/","url_meta":{"origin":4817,"position":3},"title":"Libor So\u0161\u0165\u00e1k &#8211; Pa\u0159\u00ed\u017esk\u00fd skic\u00e1k (2019)","author":"Pavel Kotrla","date":"29.3.2019","format":false,"excerpt":"ISBN 978-80-905649-5-4 Pa\u0159\u00ed\u017esk\u00fd skic\u00e1k v\u00a0podob\u011b v\u00fdstavn\u00edho projektu m\u011bl svou premi\u00e9ru 13.\u00a03. 1988, v\u00edce jak p\u0159ed 30 lety, v\u00a0Mal\u00e9 galerii Okresn\u00ed knihovny ve\u00a0Vset\u00edn\u011b. Od\u00a0t\u00e9 doby byl fragment\u00e1rn\u011b vystavov\u00e1n v\u00a0r\u00e1mci n\u011bkolika autorov\u00fdch mal\u00ed\u0159sk\u00fdch v\u00fdstav. P\u0159edstaven\u00fd soubor prac\u00ed na\u00a0pap\u00ed\u0159e\u00a0\u2013 kreseb, kol\u00e1\u017e\u00ed a\u00a0maleb mal\u00e9ho form\u00e1tu ze\u00a0studijn\u00edho pobytu v\u00a0Pa\u0159\u00ed\u017ei p\u0159elomu let 1985\/86 je v\u00fdb\u011brem ze\u00a0skic\u00e1k\u016f,\u2026","rel":"","context":"In &quot;Knihy&quot;","block_context":{"text":"Knihy","link":"https:\/\/kotrla.com\/pmpro\/category\/knihy\/"},"img":{"alt_text":"Libor So\u0161\u0165\u00e1k","src":"https:\/\/i0.wp.com\/kotrla.com\/pmpro\/wp-content\/uploads\/2019\/03\/libor_sostak_IMGP9391.jpg?resize=350%2C200&ssl=1","width":350,"height":200,"srcset":"https:\/\/i0.wp.com\/kotrla.com\/pmpro\/wp-content\/uploads\/2019\/03\/libor_sostak_IMGP9391.jpg?resize=350%2C200&ssl=1 1x, https:\/\/i0.wp.com\/kotrla.com\/pmpro\/wp-content\/uploads\/2019\/03\/libor_sostak_IMGP9391.jpg?resize=525%2C300&ssl=1 1.5x, https:\/\/i0.wp.com\/kotrla.com\/pmpro\/wp-content\/uploads\/2019\/03\/libor_sostak_IMGP9391.jpg?resize=700%2C400&ssl=1 2x, https:\/\/i0.wp.com\/kotrla.com\/pmpro\/wp-content\/uploads\/2019\/03\/libor_sostak_IMGP9391.jpg?resize=1050%2C600&ssl=1 3x, https:\/\/i0.wp.com\/kotrla.com\/pmpro\/wp-content\/uploads\/2019\/03\/libor_sostak_IMGP9391.jpg?resize=1400%2C800&ssl=1 4x"},"classes":[]},{"id":12809,"url":"https:\/\/kotrla.com\/pmpro\/klenov\/pavel-kotrla-potize-se-zenami-2025\/","url_meta":{"origin":4817,"position":4},"title":"Pavel Kotrla: Pot\u00ed\u017ee se \u017eenami (2025)","author":"Pavel Kotrla","date":"1.6.2025","format":false,"excerpt":"ISBN 978-80-909228-3-9 P\u016fvodn\u00edmi linoryty doprovodila\u00a0Janazapa Cena ti\u0161t\u011bn\u00e9 knihy v\u010detn\u011b t\u0159\u00ed vlo\u017een\u00fdch origin\u00e1ln\u00edch linoryt\u016f je 600 K\u010d + 100 K\u010d po\u0161tovn\u00e9. Kniha nen\u00ed v b\u011b\u017en\u00e9 distribu\u010dn\u00ed s\u00edti, lze si ji v\u0161ak\u00a0OBJEDNAT. P\u0159i objedn\u00e1n\u00ed dvou knih z produkce je po\u0161tovn\u00e9 zdarma. Pot\u00ed\u017ee se \u017eenami p\u0159edstavuj\u00ed pov\u00eddky, kter\u00e9 s\u00a0absurdn\u00edm podt\u00f3nem, \u010dern\u00fdm humorem a\u2026","rel":"","context":"Similar post","block_context":{"text":"Similar post","link":""},"img":{"alt_text":"","src":"https:\/\/i0.wp.com\/kotrla.com\/pmpro\/wp-content\/uploads\/2025\/06\/potize_se_zenami_20250213-150x150.jpg?resize=350%2C200&ssl=1","width":350,"height":200,"srcset":"https:\/\/i0.wp.com\/kotrla.com\/pmpro\/wp-content\/uploads\/2025\/06\/potize_se_zenami_20250213-150x150.jpg?resize=350%2C200&ssl=1 1x, https:\/\/i0.wp.com\/kotrla.com\/pmpro\/wp-content\/uploads\/2025\/06\/potize_se_zenami_20250213-150x150.jpg?resize=525%2C300&ssl=1 1.5x, https:\/\/i0.wp.com\/kotrla.com\/pmpro\/wp-content\/uploads\/2025\/06\/potize_se_zenami_20250213-150x150.jpg?resize=700%2C400&ssl=1 2x, https:\/\/i0.wp.com\/kotrla.com\/pmpro\/wp-content\/uploads\/2025\/06\/potize_se_zenami_20250213-150x150.jpg?resize=1050%2C600&ssl=1 3x, https:\/\/i0.wp.com\/kotrla.com\/pmpro\/wp-content\/uploads\/2025\/06\/potize_se_zenami_20250213-150x150.jpg?resize=1400%2C800&ssl=1 4x"},"classes":[]},{"id":6738,"url":"https:\/\/kotrla.com\/pmpro\/klenov\/ondrej-hlozek-zlatenka-2020\/","url_meta":{"origin":4817,"position":5},"title":"Ond\u0159ej Hlo\u017eek: Zlat\u00e9nka (2020)","author":"Pavel Kotrla","date":"14.8.2020","format":false,"excerpt":"ISBN 978-80-905649-8-5 Ond\u0159ej Hlo\u017eek (* 1986) je b\u00e1sn\u00edk, liter\u00e1rn\u00ed kritik, po\u0159adatel kulturn\u00edch akc\u00ed. Poch\u00e1z\u00ed z Opavy, kde vystudoval \u010deskou literaturu na Slezsk\u00e9 univerzit\u011b. Vydal p\u011bt b\u00e1snick\u00fdch knih: T\u00ed\u017einy (2011), Dom\u016f (2013), Ulic\u00ed Dolorosa (2017), Te\u010f (2017), \u0158ez kamenem (2019). Jeho texty byly p\u0159elo\u017eeny a publikov\u00e1ny do n\u011bkolika evropsk\u00fdch jazyk\u016f. Je\u2026","rel":"","context":"Similar post","block_context":{"text":"Similar post","link":""},"img":{"alt_text":"Ond\u0159ej Hlo\u017eek: Zlat\u00e9nka","src":"https:\/\/i0.wp.com\/kotrla.com\/pmpro\/wp-content\/uploads\/2020\/08\/obalka_hlozek_zlatenka_obalka.jpg?resize=350%2C200&ssl=1","width":350,"height":200,"srcset":"https:\/\/i0.wp.com\/kotrla.com\/pmpro\/wp-content\/uploads\/2020\/08\/obalka_hlozek_zlatenka_obalka.jpg?resize=350%2C200&ssl=1 1x, https:\/\/i0.wp.com\/kotrla.com\/pmpro\/wp-content\/uploads\/2020\/08\/obalka_hlozek_zlatenka_obalka.jpg?resize=525%2C300&ssl=1 1.5x, https:\/\/i0.wp.com\/kotrla.com\/pmpro\/wp-content\/uploads\/2020\/08\/obalka_hlozek_zlatenka_obalka.jpg?resize=700%2C400&ssl=1 2x, https:\/\/i0.wp.com\/kotrla.com\/pmpro\/wp-content\/uploads\/2020\/08\/obalka_hlozek_zlatenka_obalka.jpg?resize=1050%2C600&ssl=1 3x"},"classes":[]}],"jetpack_sharing_enabled":true,"_links":{"self":[{"href":"https:\/\/kotrla.com\/pmpro\/wp-json\/wp\/v2\/pages\/4817","targetHints":{"allow":["GET"]}}],"collection":[{"href":"https:\/\/kotrla.com\/pmpro\/wp-json\/wp\/v2\/pages"}],"about":[{"href":"https:\/\/kotrla.com\/pmpro\/wp-json\/wp\/v2\/types\/page"}],"author":[{"embeddable":true,"href":"https:\/\/kotrla.com\/pmpro\/wp-json\/wp\/v2\/users\/1"}],"replies":[{"embeddable":true,"href":"https:\/\/kotrla.com\/pmpro\/wp-json\/wp\/v2\/comments?post=4817"}],"version-history":[{"count":2,"href":"https:\/\/kotrla.com\/pmpro\/wp-json\/wp\/v2\/pages\/4817\/revisions"}],"predecessor-version":[{"id":13571,"href":"https:\/\/kotrla.com\/pmpro\/wp-json\/wp\/v2\/pages\/4817\/revisions\/13571"}],"up":[{"embeddable":true,"href":"https:\/\/kotrla.com\/pmpro\/wp-json\/wp\/v2\/pages\/3997"}],"wp:attachment":[{"href":"https:\/\/kotrla.com\/pmpro\/wp-json\/wp\/v2\/media?parent=4817"}],"curies":[{"name":"wp","href":"https:\/\/api.w.org\/{rel}","templated":true}]}}