{"id":4825,"date":"2019-10-24T08:55:12","date_gmt":"2019-10-24T07:55:12","guid":{"rendered":"http:\/\/kotrla.com\/pmpro\/?page_id=4825"},"modified":"2024-04-09T09:18:36","modified_gmt":"2024-04-09T08:18:36","slug":"robert-golan-romske-cesty-2013","status":"publish","type":"page","link":"https:\/\/kotrla.com\/pmpro\/klenov\/robert-golan-romske-cesty-2013\/","title":{"rendered":"Robert Gol\u00e1\u0148: Romsk\u00e9 cesty (2013)"},"content":{"rendered":"<p>ISBN 978-80-905649-0-9<\/p>\n<p>&nbsp;<\/p>\n<figure id=\"attachment_4824\" aria-describedby=\"caption-attachment-4824\" style=\"width: 656px\" class=\"wp-caption alignnone\"><a href=\"https:\/\/kotrla.com\/pmpro\/wp-content\/uploads\/2019\/10\/robert_golan_romske_cesty.jpg\"><img loading=\"lazy\" decoding=\"async\" class=\"size-full wp-image-4824\" src=\"https:\/\/kotrla.com\/pmpro\/wp-content\/uploads\/2019\/10\/robert_golan_romske_cesty.jpg\" alt=\"Robert Gol\u00e1\u0148: Romsk\u00e9 cesty\" width=\"656\" height=\"600\" srcset=\"https:\/\/kotrla.com\/pmpro\/wp-content\/uploads\/2019\/10\/robert_golan_romske_cesty.jpg 656w, https:\/\/kotrla.com\/pmpro\/wp-content\/uploads\/2019\/10\/robert_golan_romske_cesty-300x274.jpg 300w\" sizes=\"auto, (max-width: 656px) 100vw, 656px\" \/><\/a><figcaption id=\"caption-attachment-4824\" class=\"wp-caption-text\">Robert Gol\u00e1\u0148: Romsk\u00e9 cesty (ISBN\u00a0978-80-905649-0-9)<\/figcaption><\/figure>\n<p><span class=\"start_text\">Ve\u00a0fotografick\u00e9 publikaci <em>Romsk\u00e9 cesty<\/em> vypr\u00e1v\u00ed fotograf Robert Gol\u00e1\u0148 obrazem o\u00a0osudu vset\u00ednsk\u00fdch Rom\u016f, konkr\u00e9tn\u00edm fragmentu osudov\u00e9 cesty cel\u00e9ho etnika, kter\u00e1 vede ze stalet\u00ed do stalet\u00ed napl\u0148uj\u00edc velkou metaforu romsk\u00e9ho exodu. Nav\u0161t\u011bvuje p\u016fvodn\u00ed osady, v\u00a0nich\u017e se vset\u00edn\u0161t\u00ed Romov\u00e9 v\u011bt\u0161inou narodili a\u00a0n\u011bjak\u00fd \u010das \u017eili \u2013 Bystr<\/span><span class=\"end_text et_396420\">any a\u00a0Rud\u0148any. Zaznamen\u00e1v\u00e1 \u00fazkost\u00ed napln\u011bn\u00e1 a\u00a0st\u0159edov\u011bkou syrovost\u00ed prostoupen\u00e1 m\u00edsta zch\u00e1tral\u00fdch osad a\u00a0samostatn\u00fdch objekt\u016f, dokresluj\u00edc\u00ed tot\u00e1ln\u00ed neefektivnost dosavadn\u00edch snah st\u00e1tn\u00edch org\u00e1n\u016f, n\u00e1rodn\u00edch i\u00a0mezin\u00e1rodn\u00edch instituc\u00ed, tragikou poznamenan\u00fd stav \u017eivotn\u00edch podm\u00ednek Rom\u016f alespo\u0148 n\u011bjak zm\u011bnit. Opakovan\u011b se do t\u011bchto m\u00edst vrac\u00ed a\u00a0sb\u00edr\u00e1 dokumenty potvrzuj\u00edc\u00ed trvalou nep\u0159\u00edtomnost element\u00e1rn\u00edho vz\u00e1jemn\u00e9ho pochopen\u00ed a\u00a0porozum\u011bn\u00ed mezi Romy a\u00a0ostatn\u00edmi obyvateli slovensk\u00fdch, pozd\u011bji pak i\u00a0moravsk\u00fdch a\u00a0\u010desk\u00fdch \u00fazem\u00ed. Na cest\u011b ze Slovenska na Moravu a\u00a0k\u00a0sou\u010dasn\u00fdm m\u00edst\u016fm pobytu Rom\u016f ve Vset\u00edn\u011b stoj\u00ed i\u00a0dramatick\u00e1 ud\u00e1lost spojen\u00e1 s\u00a0osudem vset\u00ednsk\u00e9ho pavla\u010dov\u00e9ho domu, asanovan\u00e9ho p\u0159es protesty jeho romsk\u00fdch obyvatel, kte\u0159\u00ed byli p\u0159est\u011bhov\u00e1ni za obrovsk\u00e9ho celost\u00e1tn\u00edho medi\u00e1ln\u00edho humbuku do nov\u00fdch obytn\u00fdch kontejner\u016f na vset\u00ednsk\u00e9 Poschle. Autor \u00favodu Dalibor Malina.<\/span><\/p>\n<p>&nbsp;<\/p>\n<div id='gallery-1' class='gallery galleryid-4825 gallery-columns-3 gallery-size-thumbnail'><figure class='gallery-item'>\n\t\t\t<div class='gallery-icon landscape'>\n\t\t\t\t<a href='https:\/\/kotrla.com\/pmpro\/klenov\/robert-golan-romske-cesty-2013\/romske_cesty_3\/'><img loading=\"lazy\" decoding=\"async\" width=\"150\" height=\"150\" src=\"https:\/\/kotrla.com\/pmpro\/wp-content\/uploads\/2024\/04\/romske_cesty_3-150x150.jpg\" class=\"attachment-thumbnail size-thumbnail\" alt=\"\" \/><\/a>\n\t\t\t<\/div><\/figure><figure class='gallery-item'>\n\t\t\t<div class='gallery-icon landscape'>\n\t\t\t\t<a href='https:\/\/kotrla.com\/pmpro\/klenov\/robert-golan-romske-cesty-2013\/romske_cesty_2\/'><img loading=\"lazy\" decoding=\"async\" width=\"150\" height=\"150\" src=\"https:\/\/kotrla.com\/pmpro\/wp-content\/uploads\/2024\/04\/romske_cesty_2-150x150.jpg\" class=\"attachment-thumbnail size-thumbnail\" alt=\"\" \/><\/a>\n\t\t\t<\/div><\/figure><figure class='gallery-item'>\n\t\t\t<div class='gallery-icon landscape'>\n\t\t\t\t<a href='https:\/\/kotrla.com\/pmpro\/klenov\/robert-golan-romske-cesty-2013\/romske_cesty_1jpg\/'><img loading=\"lazy\" decoding=\"async\" width=\"150\" height=\"150\" src=\"https:\/\/kotrla.com\/pmpro\/wp-content\/uploads\/2024\/04\/romske_cesty_1jpg-150x150.jpg\" class=\"attachment-thumbnail size-thumbnail\" alt=\"\" \/><\/a>\n\t\t\t<\/div><\/figure>\n\t\t<\/div>\n\n<p>&nbsp;<\/p>\n<figure id=\"attachment_4869\" aria-describedby=\"caption-attachment-4869\" style=\"width: 1600px\" class=\"wp-caption alignnone\"><a href=\"https:\/\/kotrla.com\/pmpro\/wp-content\/uploads\/2019\/10\/robert_golan_2011_IGP7095.jpg\"><img loading=\"lazy\" decoding=\"async\" class=\"wp-image-4869 size-full\" src=\"https:\/\/kotrla.com\/pmpro\/wp-content\/uploads\/2019\/10\/robert_golan_2011_IGP7095.jpg\" alt=\"Robert Gol\u00e1\u0148\" width=\"1600\" height=\"1071\" srcset=\"https:\/\/kotrla.com\/pmpro\/wp-content\/uploads\/2019\/10\/robert_golan_2011_IGP7095.jpg 1600w, https:\/\/kotrla.com\/pmpro\/wp-content\/uploads\/2019\/10\/robert_golan_2011_IGP7095-300x201.jpg 300w, https:\/\/kotrla.com\/pmpro\/wp-content\/uploads\/2019\/10\/robert_golan_2011_IGP7095-1024x685.jpg 1024w\" sizes=\"auto, (max-width: 1600px) 100vw, 1600px\" \/><\/a><figcaption id=\"caption-attachment-4869\" class=\"wp-caption-text\">Robert Gol\u00e1\u0148<\/figcaption><\/figure>\n<p>&nbsp;<\/p>\n<p><a href=\"http:\/\/www.robertgolan.cz\"><strong>Robert Gol\u00e1\u0148<\/strong><\/a> se v\u011bnuje fotodokumentaci \u010desk\u00e9 spole\u010dnosti. Fotografuje od roku 1993, od roku 1999 publikuje v \u010dasopisech a jeho fotografie doprovodily \u0159adu v\u00fdtvarn\u00fdch katalog\u016f. Uspo\u0159\u00e1dal v\u00edce ne\u017e pades\u00e1t samostatn\u00fdch v\u00fdstav. Pro jeho tvorbu jsou charakteristick\u00e9 cykly \u010dasosb\u011brn\u00e9ho charakteru. V roce 2011 vydalo nakladatelstv\u00ed Dalibor Malina monografii, kter\u00e1 p\u0159edstavuje pr\u016f\u0159ez jeho tvorbou. V t\u00e9m\u017ee roce o n\u011bm \u010cesk\u00e1 televize nato\u010dila dokument. V roce 2013 vydalo nakladatelstv\u00ed Pavel Kotrla \u2013 Klenov knihu Romsk\u00e9 cesty. V roce 2014 doprovodil fotografiemi knihu Jana Davida Slov\u00ed\u010dko nakonec. V t\u00e9m\u017ee roce vych\u00e1z\u00ed kniha Sami na samot\u00e1ch, kdy jeho fotografie textem doprov\u00e1z\u00ed Dalibor Malina. \u017dije a pracuje ve Vset\u00edn\u011b.<\/p>\n<p>&nbsp;<\/p>\n<div id='gallery-2' class='gallery galleryid-4825 gallery-columns-3 gallery-size-thumbnail'><figure class='gallery-item'>\n\t\t\t<div class='gallery-icon landscape'>\n\t\t\t\t<a href='https:\/\/kotrla.com\/pmpro\/klenov\/robert-golan-romske-cesty-2013\/robert-golan-5\/'><img loading=\"lazy\" decoding=\"async\" width=\"150\" height=\"150\" src=\"https:\/\/kotrla.com\/pmpro\/wp-content\/uploads\/2019\/10\/robert_golan_2017_IMGP0220-150x150.jpg\" class=\"attachment-thumbnail size-thumbnail\" alt=\"\" aria-describedby=\"gallery-2-4872\" \/><\/a>\n\t\t\t<\/div>\n\t\t\t\t<figcaption class='wp-caption-text gallery-caption' id='gallery-2-4872'>\n\t\t\t\tRobert Gol\u00e1\u0148\n\t\t\t\t<\/figcaption><\/figure><figure class='gallery-item'>\n\t\t\t<div class='gallery-icon landscape'>\n\t\t\t\t<a href='https:\/\/kotrla.com\/pmpro\/klenov\/robert-golan-romske-cesty-2013\/robert-golan-6\/'><img loading=\"lazy\" decoding=\"async\" width=\"150\" height=\"150\" src=\"https:\/\/kotrla.com\/pmpro\/wp-content\/uploads\/2019\/10\/robert_golan_2019_IMGP9869-150x150.jpg\" class=\"attachment-thumbnail size-thumbnail\" alt=\"\" aria-describedby=\"gallery-2-4873\" \/><\/a>\n\t\t\t<\/div>\n\t\t\t\t<figcaption class='wp-caption-text gallery-caption' id='gallery-2-4873'>\n\t\t\t\tRobert Gol\u00e1\u0148\n\t\t\t\t<\/figcaption><\/figure><figure class='gallery-item'>\n\t\t\t<div class='gallery-icon landscape'>\n\t\t\t\t<a href='https:\/\/kotrla.com\/pmpro\/klenov\/robert-golan-romske-cesty-2013\/robert-golan-7\/'><img loading=\"lazy\" decoding=\"async\" width=\"150\" height=\"150\" src=\"https:\/\/kotrla.com\/pmpro\/wp-content\/uploads\/2019\/10\/robert_golan_IMGP9979-150x150.jpg\" class=\"attachment-thumbnail size-thumbnail\" alt=\"\" aria-describedby=\"gallery-2-4874\" \/><\/a>\n\t\t\t<\/div>\n\t\t\t\t<figcaption class='wp-caption-text gallery-caption' id='gallery-2-4874'>\n\t\t\t\tRobert Gol\u00e1\u0148\n\t\t\t\t<\/figcaption><\/figure>\n\t\t<\/div>\n\n<p><strong>Ohlasy<\/strong><\/p>\n<ul>\n<li><a href=\"https:\/\/kotrla.com\/pmpro\/wp-content\/uploads\/2024\/04\/martin_lukas_romske_cesty_valassko-32.pdf\">LUK\u00c1\u0160, Martin.\u00a0<span class=\"\">Obraz, t\u00e9ma, konvence a Romov\u00e9: (nad knihou fotografi\u00ed Roberta Gol\u00e1n\u011b Romsk\u00e9 cesty): Gol\u00e1\u0148, Robert. Romsk\u00e9 cesty.<\/span>\u00a0<span class=\"sourceDocument\">Vala\u0161sko: vlastiv\u011bdn\u00e1 revue<\/span>, 2014,\u00a017,\u00a0(32), s. 22-23.<\/a><\/li>\n<li><a href=\"https:\/\/kotrla.com\/pmpro\/wp-content\/uploads\/2024\/04\/ivana_ostranska_romske_cesty_valassko-32.pdf\">SPITZER OST\u0158ANSK\u00c1, Ivana.\u00a0<span class=\"\">Romsk\u00e9 cesty fotografa Roberta Gol\u00e1n\u011b.<\/span>\u00a0<span class=\"sourceDocument\">Vala\u0161sko: vlastiv\u011bdn\u00e1 revue<\/span>, 2014,\u00a017,\u00a0(32), s. 26-27.<\/a><\/li>\n<li><a href=\"https:\/\/kotrla.com\/pmpro\/wp-content\/uploads\/2024\/04\/golan_bulletin_mrk_24_2015.pdf\">GROSMANNOV\u00c1, Lenka. Robert Gol\u00e1\u0148: Romsk\u00e9 cesty. Bulletin Muzea romsk\u00e9 kultury \u010d. 24\/2015, s. 105<\/a><\/li>\n<\/ul>\n","protected":false},"excerpt":{"rendered":"<p>ISBN 978-80-905649-0-9 &nbsp; Ve\u00a0fotografick\u00e9 publikaci Romsk\u00e9 cesty vypr\u00e1v\u00ed fotograf Robert Gol\u00e1\u0148 obrazem o\u00a0osudu vset\u00ednsk\u00fdch Rom\u016f, konkr\u00e9tn\u00edm fragmentu osudov\u00e9 cesty cel\u00e9ho etnika, kter\u00e1 vede ze stalet\u00ed do stalet\u00ed napl\u0148uj\u00edc velkou metaforu romsk\u00e9ho exodu. Nav\u0161t\u011bvuje p\u016fvodn\u00ed osady, v\u00a0nich\u017e se vset\u00edn\u0161t\u00ed Romov\u00e9 v\u011bt\u0161inou narodili a\u00a0n\u011bjak\u00fd \u010das \u017eili \u2013 Bystrany a\u00a0Rud\u0148any. Zaznamen\u00e1v\u00e1 \u00fazkost\u00ed napln\u011bn\u00e1 a\u00a0st\u0159edov\u011bkou syrovost\u00ed prostoupen\u00e1 m\u00edsta zch\u00e1tral\u00fdch [&hellip;]<\/p>\n","protected":false},"author":1,"featured_media":0,"parent":3997,"menu_order":0,"comment_status":"closed","ping_status":"closed","template":"","meta":{"site-sidebar-layout":"default","site-content-layout":"","ast-site-content-layout":"default","site-content-style":"default","site-sidebar-style":"default","ast-global-header-display":"","ast-banner-title-visibility":"","ast-main-header-display":"","ast-hfb-above-header-display":"","ast-hfb-below-header-display":"","ast-hfb-mobile-header-display":"","site-post-title":"","ast-breadcrumbs-content":"","ast-featured-img":"","footer-sml-layout":"","ast-disable-related-posts":"","theme-transparent-header-meta":"default","adv-header-id-meta":"","stick-header-meta":"","header-above-stick-meta":"","header-main-stick-meta":"","header-below-stick-meta":"","astra-migrate-meta-layouts":"set","ast-page-background-enabled":"default","ast-page-background-meta":{"desktop":{"background-color":"var(--ast-global-color-5)","background-image":"","background-repeat":"repeat","background-position":"center center","background-size":"auto","background-attachment":"scroll","background-type":"","background-media":"","overlay-type":"","overlay-color":"","overlay-opacity":"","overlay-gradient":""},"tablet":{"background-color":"","background-image":"","background-repeat":"repeat","background-position":"center center","background-size":"auto","background-attachment":"scroll","background-type":"","background-media":"","overlay-type":"","overlay-color":"","overlay-opacity":"","overlay-gradient":""},"mobile":{"background-color":"","background-image":"","background-repeat":"repeat","background-position":"center center","background-size":"auto","background-attachment":"scroll","background-type":"","background-media":"","overlay-type":"","overlay-color":"","overlay-opacity":"","overlay-gradient":""}},"ast-content-background-meta":{"desktop":{"background-color":"var(--ast-global-color-4)","background-image":"","background-repeat":"repeat","background-position":"center center","background-size":"auto","background-attachment":"scroll","background-type":"","background-media":"","overlay-type":"","overlay-color":"","overlay-opacity":"","overlay-gradient":""},"tablet":{"background-color":"var(--ast-global-color-4)","background-image":"","background-repeat":"repeat","background-position":"center center","background-size":"auto","background-attachment":"scroll","background-type":"","background-media":"","overlay-type":"","overlay-color":"","overlay-opacity":"","overlay-gradient":""},"mobile":{"background-color":"var(--ast-global-color-4)","background-image":"","background-repeat":"repeat","background-position":"center center","background-size":"auto","background-attachment":"scroll","background-type":"","background-media":"","overlay-type":"","overlay-color":"","overlay-opacity":"","overlay-gradient":""}},"jetpack_post_was_ever_published":false,"footnotes":""},"class_list":["post-4825","page","type-page","status-publish","hentry"],"jetpack_shortlink":"https:\/\/wp.me\/P4mLP7-1fP","jetpack-related-posts":[{"id":3997,"url":"https:\/\/kotrla.com\/pmpro\/klenov\/","url_meta":{"origin":4825,"position":0},"title":"Nakladatelstv\u00ed Klenov","author":"Pavel Kotrla","date":"1.12.2018","format":false,"excerpt":"Klenov \u2013 jednomu\u017en\u00e9 nakladatelstv\u00ed Pavla Kotrly. Knihy jsou v distribuci Kosmas a Pemic, m\u016f\u017eete zakoupit nap\u0159\u00edklad v s\u00edti prodejen\u00a0Martinus,\u00a0Dobrovsk\u00fd nebo jin\u00fdch.\u00a0Bibliofilie Synonymum krajina, Pot\u00ed\u017ee se \u017eenami, Hedvika a Jak Urzon obelstil Kojota nejsou v b\u011b\u017en\u00e9 distribuci, pro objedn\u00e1vku pou\u017eijte pros\u00edm tento formul\u00e1\u0159. Ten m\u016f\u017eete vyu\u017e\u00edt i pro objedn\u00e1vku dal\u0161\u00edch knih\u2026","rel":"","context":"Podobn\u00fd p\u0159\u00edsp\u011bvek","block_context":{"text":"Podobn\u00fd p\u0159\u00edsp\u011bvek","link":""},"img":{"alt_text":"","src":"https:\/\/i0.wp.com\/kotrla.com\/pmpro\/wp-content\/uploads\/2023\/03\/nakladatelstvi_klenov_logo_bw_small.png?resize=350%2C200&ssl=1","width":350,"height":200},"classes":[]},{"id":6609,"url":"https:\/\/kotrla.com\/pmpro\/klenov\/mirkovi\/","url_meta":{"origin":4825,"position":1},"title":"Mirkovi.","author":"Pavel Kotrla","date":"10.5.2020","format":false,"excerpt":"Sborn\u00edk p\u0159\u00edsp\u011bvk\u016f k\u00a0sedmdes\u00e1tin\u00e1m Miroslava Machaly ISBN 978-80-905649-7-8 Kniha byly vyd\u00e1na u p\u0159\u00edle\u017eitosti \u017eivotn\u00edho jubilea socha\u0159e Miroslava Machaly. Fotograf Robert Gol\u00e1\u0148 mnohokr\u00e1t prov\u00e1zel socha\u0159e p\u0159i nejr\u016fzn\u011bj\u0161\u00edch p\u0159\u00edle\u017eitostech \u2013 p\u0159i pr\u00e1ci, na cest\u00e1ch nebo p\u0159i odpo\u010dinku. Vznikl tak unik\u00e1tn\u00ed soubor fotografi\u00ed, kter\u00e9 dokumentuj\u00ed pestr\u00e9 fasety Mirkova \u017eivota. V\u00fdb\u011br pro tuto publikaci doplnil\u2026","rel":"","context":"Podobn\u00fd p\u0159\u00edsp\u011bvek","block_context":{"text":"Podobn\u00fd p\u0159\u00edsp\u011bvek","link":""},"img":{"alt_text":"","src":"https:\/\/i0.wp.com\/kotrla.com\/pmpro\/wp-content\/uploads\/2020\/05\/mm_70_vnitrek39-scaled.jpg?resize=350%2C200&ssl=1","width":350,"height":200,"srcset":"https:\/\/i0.wp.com\/kotrla.com\/pmpro\/wp-content\/uploads\/2020\/05\/mm_70_vnitrek39-scaled.jpg?resize=350%2C200&ssl=1 1x, https:\/\/i0.wp.com\/kotrla.com\/pmpro\/wp-content\/uploads\/2020\/05\/mm_70_vnitrek39-scaled.jpg?resize=525%2C300&ssl=1 1.5x, https:\/\/i0.wp.com\/kotrla.com\/pmpro\/wp-content\/uploads\/2020\/05\/mm_70_vnitrek39-scaled.jpg?resize=700%2C400&ssl=1 2x, https:\/\/i0.wp.com\/kotrla.com\/pmpro\/wp-content\/uploads\/2020\/05\/mm_70_vnitrek39-scaled.jpg?resize=1050%2C600&ssl=1 3x, https:\/\/i0.wp.com\/kotrla.com\/pmpro\/wp-content\/uploads\/2020\/05\/mm_70_vnitrek39-scaled.jpg?resize=1400%2C800&ssl=1 4x"},"classes":[]},{"id":4152,"url":"https:\/\/kotrla.com\/pmpro\/klenov\/libor-sostak-parizsky-skicak\/","url_meta":{"origin":4825,"position":2},"title":"Libor So\u0161\u0165\u00e1k &#8211; Pa\u0159\u00ed\u017esk\u00fd skic\u00e1k (2019)","author":"Pavel Kotrla","date":"29.3.2019","format":false,"excerpt":"ISBN 978-80-905649-5-4 Pa\u0159\u00ed\u017esk\u00fd skic\u00e1k v\u00a0podob\u011b v\u00fdstavn\u00edho projektu m\u011bl svou premi\u00e9ru 13.\u00a03. 1988, v\u00edce jak p\u0159ed 30 lety, v\u00a0Mal\u00e9 galerii Okresn\u00ed knihovny ve\u00a0Vset\u00edn\u011b. Od\u00a0t\u00e9 doby byl fragment\u00e1rn\u011b vystavov\u00e1n v\u00a0r\u00e1mci n\u011bkolika autorov\u00fdch mal\u00ed\u0159sk\u00fdch v\u00fdstav. P\u0159edstaven\u00fd soubor prac\u00ed na\u00a0pap\u00ed\u0159e\u00a0\u2013 kreseb, kol\u00e1\u017e\u00ed a\u00a0maleb mal\u00e9ho form\u00e1tu ze\u00a0studijn\u00edho pobytu v\u00a0Pa\u0159\u00ed\u017ei p\u0159elomu let 1985\/86 je v\u00fdb\u011brem ze\u00a0skic\u00e1k\u016f,\u2026","rel":"","context":"V \u201eKnihy\u201c","block_context":{"text":"Knihy","link":"https:\/\/kotrla.com\/pmpro\/category\/knihy\/"},"img":{"alt_text":"Libor So\u0161\u0165\u00e1k","src":"https:\/\/i0.wp.com\/kotrla.com\/pmpro\/wp-content\/uploads\/2019\/03\/libor_sostak_IMGP9391.jpg?resize=350%2C200&ssl=1","width":350,"height":200,"srcset":"https:\/\/i0.wp.com\/kotrla.com\/pmpro\/wp-content\/uploads\/2019\/03\/libor_sostak_IMGP9391.jpg?resize=350%2C200&ssl=1 1x, https:\/\/i0.wp.com\/kotrla.com\/pmpro\/wp-content\/uploads\/2019\/03\/libor_sostak_IMGP9391.jpg?resize=525%2C300&ssl=1 1.5x, https:\/\/i0.wp.com\/kotrla.com\/pmpro\/wp-content\/uploads\/2019\/03\/libor_sostak_IMGP9391.jpg?resize=700%2C400&ssl=1 2x, https:\/\/i0.wp.com\/kotrla.com\/pmpro\/wp-content\/uploads\/2019\/03\/libor_sostak_IMGP9391.jpg?resize=1050%2C600&ssl=1 3x, https:\/\/i0.wp.com\/kotrla.com\/pmpro\/wp-content\/uploads\/2019\/03\/libor_sostak_IMGP9391.jpg?resize=1400%2C800&ssl=1 4x"},"classes":[]},{"id":7059,"url":"https:\/\/kotrla.com\/pmpro\/klenov\/alzbeta-johanka-petrova-a-katerina-sysova-zastaveni-2021\/","url_meta":{"origin":4825,"position":3},"title":"Al\u017eb\u011bta Johanka Petrov\u00e1 a Kate\u0159ina S\u00fdsov\u00e1: Zastaveni (2021)","author":"Pavel Kotrla","date":"9.2.2021","format":false,"excerpt":"ISBN 978-80-905649-9-2 B\u00e1snicko-fotografick\u00e1 skladba Zastaveni je kni\u017en\u00ed debut autorek Al\u017eb\u011bty Johanky Petrov\u00e9 a Kate\u0159iny S\u00fdsov\u00e9, kter\u00fd p\u0159edstavuje um\u011bleckou reflexi sou\u010dasnosti. Al\u017eb\u011bta Johanka Petrov\u00e1 (1993) se narodila ve\u00a0Vla\u0161imi. Vystudovala divadeln\u00ed dramaturgii a\u00a0audiovizu\u00e1ln\u00ed tvorbu v\u00a0Opav\u011b. Pracovala jako re\u017eis\u00e9rka, dramaturgyn\u011b a\u00a0pedago\u017eka. Autorka dramatick\u00fdch text\u016f a\u00a0b\u00e1sn\u00ed. Nov\u011b je pr\u016fvodkyn\u00ed mal\u00e9 Odety. Instagram: @alzbeta.johanka Kate\u0159ina\u2026","rel":"","context":"Podobn\u00fd p\u0159\u00edsp\u011bvek","block_context":{"text":"Podobn\u00fd p\u0159\u00edsp\u011bvek","link":""},"img":{"alt_text":"Al\u017eb\u011bta Johanka Petrov\u00e1\u2002\/\u2002Kate\u0159ina S\u00fdsov\u00e1: Zastaveni (s. 28-29)","src":"https:\/\/i0.wp.com\/kotrla.com\/pmpro\/wp-content\/uploads\/2021\/02\/zastaveni_28_29.jpg?resize=350%2C200&ssl=1","width":350,"height":200,"srcset":"https:\/\/i0.wp.com\/kotrla.com\/pmpro\/wp-content\/uploads\/2021\/02\/zastaveni_28_29.jpg?resize=350%2C200&ssl=1 1x, https:\/\/i0.wp.com\/kotrla.com\/pmpro\/wp-content\/uploads\/2021\/02\/zastaveni_28_29.jpg?resize=525%2C300&ssl=1 1.5x, https:\/\/i0.wp.com\/kotrla.com\/pmpro\/wp-content\/uploads\/2021\/02\/zastaveni_28_29.jpg?resize=700%2C400&ssl=1 2x, https:\/\/i0.wp.com\/kotrla.com\/pmpro\/wp-content\/uploads\/2021\/02\/zastaveni_28_29.jpg?resize=1050%2C600&ssl=1 3x, https:\/\/i0.wp.com\/kotrla.com\/pmpro\/wp-content\/uploads\/2021\/02\/zastaveni_28_29.jpg?resize=1400%2C800&ssl=1 4x"},"classes":[]},{"id":4817,"url":"https:\/\/kotrla.com\/pmpro\/klenov\/pavel-kotrla-mirny-severni-2019\/","url_meta":{"origin":4825,"position":4},"title":"Pavel Kotrla: M\u00edrn\u00fd severn\u00ed (2019)","author":"Pavel Kotrla","date":"21.10.2019","format":false,"excerpt":"ISBN 978-80-905649-6-1 Druh\u00e1 b\u00e1snick\u00e1 sb\u00edrka Pavla Kotrly (5. kv\u011btna 1974). Autor vystudoval literaturu na Ostravsk\u00e9 univerzit\u011b. Od roku 1996 \u0161\u00e9fredaktor \u010dasopisu Texty, d\u0159\u00edve redaktor revue Aluze. V roce 2013 vydal b\u00e1snickou sb\u00edrku Prstem na sklo ryb\u00e1m. B\u00e1sn\u011bmi zastoupen v n\u011bkolika sborn\u00edc\u00edch (nap\u0159. Nejlep\u0161\u00ed \u010desk\u00e9 b\u00e1sn\u011b 2014). Autorsky, editorsky, fotografiemi nebo\u2026","rel":"","context":"Podobn\u00fd p\u0159\u00edsp\u011bvek","block_context":{"text":"Podobn\u00fd p\u0159\u00edsp\u011bvek","link":""},"img":{"alt_text":"","src":"https:\/\/i0.wp.com\/kotrla.com\/pmpro\/wp-content\/uploads\/2019\/11\/libor_sostak_na_ostrove-150x150.jpg?resize=350%2C200&ssl=1","width":350,"height":200,"srcset":"https:\/\/i0.wp.com\/kotrla.com\/pmpro\/wp-content\/uploads\/2019\/11\/libor_sostak_na_ostrove-150x150.jpg?resize=350%2C200&ssl=1 1x, https:\/\/i0.wp.com\/kotrla.com\/pmpro\/wp-content\/uploads\/2019\/11\/libor_sostak_na_ostrove-150x150.jpg?resize=525%2C300&ssl=1 1.5x, https:\/\/i0.wp.com\/kotrla.com\/pmpro\/wp-content\/uploads\/2019\/11\/libor_sostak_na_ostrove-150x150.jpg?resize=700%2C400&ssl=1 2x, https:\/\/i0.wp.com\/kotrla.com\/pmpro\/wp-content\/uploads\/2019\/11\/libor_sostak_na_ostrove-150x150.jpg?resize=1050%2C600&ssl=1 3x, https:\/\/i0.wp.com\/kotrla.com\/pmpro\/wp-content\/uploads\/2019\/11\/libor_sostak_na_ostrove-150x150.jpg?resize=1400%2C800&ssl=1 4x"},"classes":[]},{"id":6738,"url":"https:\/\/kotrla.com\/pmpro\/klenov\/ondrej-hlozek-zlatenka-2020\/","url_meta":{"origin":4825,"position":5},"title":"Ond\u0159ej Hlo\u017eek: Zlat\u00e9nka (2020)","author":"Pavel Kotrla","date":"14.8.2020","format":false,"excerpt":"ISBN 978-80-905649-8-5 Ond\u0159ej Hlo\u017eek (* 1986) je b\u00e1sn\u00edk, liter\u00e1rn\u00ed kritik, po\u0159adatel kulturn\u00edch akc\u00ed. Poch\u00e1z\u00ed z Opavy, kde vystudoval \u010deskou literaturu na Slezsk\u00e9 univerzit\u011b. Vydal p\u011bt b\u00e1snick\u00fdch knih: T\u00ed\u017einy (2011), Dom\u016f (2013), Ulic\u00ed Dolorosa (2017), Te\u010f (2017), \u0158ez kamenem (2019). Jeho texty byly p\u0159elo\u017eeny a publikov\u00e1ny do n\u011bkolika evropsk\u00fdch jazyk\u016f. Je\u2026","rel":"","context":"Podobn\u00fd p\u0159\u00edsp\u011bvek","block_context":{"text":"Podobn\u00fd p\u0159\u00edsp\u011bvek","link":""},"img":{"alt_text":"Ond\u0159ej Hlo\u017eek: Zlat\u00e9nka","src":"https:\/\/i0.wp.com\/kotrla.com\/pmpro\/wp-content\/uploads\/2020\/08\/obalka_hlozek_zlatenka_obalka.jpg?resize=350%2C200&ssl=1","width":350,"height":200,"srcset":"https:\/\/i0.wp.com\/kotrla.com\/pmpro\/wp-content\/uploads\/2020\/08\/obalka_hlozek_zlatenka_obalka.jpg?resize=350%2C200&ssl=1 1x, https:\/\/i0.wp.com\/kotrla.com\/pmpro\/wp-content\/uploads\/2020\/08\/obalka_hlozek_zlatenka_obalka.jpg?resize=525%2C300&ssl=1 1.5x, https:\/\/i0.wp.com\/kotrla.com\/pmpro\/wp-content\/uploads\/2020\/08\/obalka_hlozek_zlatenka_obalka.jpg?resize=700%2C400&ssl=1 2x, https:\/\/i0.wp.com\/kotrla.com\/pmpro\/wp-content\/uploads\/2020\/08\/obalka_hlozek_zlatenka_obalka.jpg?resize=1050%2C600&ssl=1 3x"},"classes":[]}],"jetpack_sharing_enabled":true,"_links":{"self":[{"href":"https:\/\/kotrla.com\/pmpro\/wp-json\/wp\/v2\/pages\/4825","targetHints":{"allow":["GET"]}}],"collection":[{"href":"https:\/\/kotrla.com\/pmpro\/wp-json\/wp\/v2\/pages"}],"about":[{"href":"https:\/\/kotrla.com\/pmpro\/wp-json\/wp\/v2\/types\/page"}],"author":[{"embeddable":true,"href":"https:\/\/kotrla.com\/pmpro\/wp-json\/wp\/v2\/users\/1"}],"replies":[{"embeddable":true,"href":"https:\/\/kotrla.com\/pmpro\/wp-json\/wp\/v2\/comments?post=4825"}],"version-history":[{"count":0,"href":"https:\/\/kotrla.com\/pmpro\/wp-json\/wp\/v2\/pages\/4825\/revisions"}],"up":[{"embeddable":true,"href":"https:\/\/kotrla.com\/pmpro\/wp-json\/wp\/v2\/pages\/3997"}],"wp:attachment":[{"href":"https:\/\/kotrla.com\/pmpro\/wp-json\/wp\/v2\/media?parent=4825"}],"curies":[{"name":"wp","href":"https:\/\/api.w.org\/{rel}","templated":true}]}}