{"id":6738,"date":"2020-08-14T09:57:47","date_gmt":"2020-08-14T08:57:47","guid":{"rendered":"http:\/\/kotrla.com\/pmpro\/?page_id=6738"},"modified":"2025-11-14T09:07:41","modified_gmt":"2025-11-14T08:07:41","slug":"ondrej-hlozek-zlatenka-2020","status":"publish","type":"page","link":"https:\/\/kotrla.com\/pmpro\/klenov\/ondrej-hlozek-zlatenka-2020\/","title":{"rendered":"Ond\u0159ej Hlo\u017eek: Zlat\u00e9nka (2020)"},"content":{"rendered":"<p>ISBN 978-80-905649-8-5<\/p>\n<p><a href=\"https:\/\/kotrla.com\/pmpro\/wp-content\/uploads\/2020\/08\/obalka_hlozek_zlatenka_obalka.jpg\"><img loading=\"lazy\" decoding=\"async\" class=\"alignnone size-full wp-image-6745\" src=\"https:\/\/kotrla.com\/pmpro\/wp-content\/uploads\/2020\/08\/obalka_hlozek_zlatenka_obalka.jpg\" alt=\"Ond\u0159ej Hlo\u017eek: Zlat\u00e9nka\" width=\"1132\" height=\"1600\" srcset=\"https:\/\/kotrla.com\/pmpro\/wp-content\/uploads\/2020\/08\/obalka_hlozek_zlatenka_obalka.jpg 1132w, https:\/\/kotrla.com\/pmpro\/wp-content\/uploads\/2020\/08\/obalka_hlozek_zlatenka_obalka-212x300.jpg 212w, https:\/\/kotrla.com\/pmpro\/wp-content\/uploads\/2020\/08\/obalka_hlozek_zlatenka_obalka-724x1024.jpg 724w, https:\/\/kotrla.com\/pmpro\/wp-content\/uploads\/2020\/08\/obalka_hlozek_zlatenka_obalka-1087x1536.jpg 1087w\" sizes=\"auto, (max-width: 1132px) 100vw, 1132px\" \/><\/a><\/p>\n<p><strong>Ond\u0159ej Hlo\u017eek<\/strong> (* 1986) je b\u00e1sn\u00edk, liter\u00e1rn\u00ed kritik, po\u0159adatel kulturn\u00edch akc\u00ed. Poch\u00e1z\u00ed z Opavy, kde vystudoval \u010deskou literaturu na Slezsk\u00e9 univerzit\u011b. Vydal p\u011bt b\u00e1snick\u00fdch knih: T\u00ed\u017einy (2011), Dom\u016f (2013), Ulic\u00ed Dolorosa (2017), Te\u010f (2017), \u0158ez kamenem (2019). Jeho texty byly p\u0159elo\u017eeny a publikov\u00e1ny do n\u011bkolika evropsk\u00fdch jazyk\u016f. Je zastoupen ve sborn\u00edc\u00edch Nejlep\u0161\u00ed \u010desk\u00e9 b\u00e1sn\u011b 2017 a 2018 (Host). V nakladatelstv\u00ed Klenov vydal krom\u011b b\u00e1snick\u00e9 sb\u00edrky Ulic\u00ed Dolorosa tak\u00e9 knihu pro d\u011bti D\u011bde\u010dkova almara (2018).<\/p>\n<p><strong>Leny V\u00edtkov\u00e1<\/strong> je kni\u017en\u00ed ilustr\u00e1torka, grafi\u010dka a produktov\u00e1 design\u00e9rka poch\u00e1zej\u00edc\u00ed z Opavy, kde vystudovala st\u0159edn\u00ed \u0161kolu um\u011bleckou a pr\u016fmyslovou, a Audiovizu\u00e1ln\u00ed tvorbu na Slezsk\u00e9 univerzit\u011b.<\/p>\n<figure id=\"attachment_6741\" aria-describedby=\"caption-attachment-6741\" style=\"width: 1749px\" class=\"wp-caption alignnone\"><a href=\"https:\/\/kotrla.com\/pmpro\/wp-content\/uploads\/2020\/08\/hlozek_zlatenka_ukazka_0.jpg\"><img loading=\"lazy\" decoding=\"async\" class=\"size-full wp-image-6741\" src=\"https:\/\/kotrla.com\/pmpro\/wp-content\/uploads\/2020\/08\/hlozek_zlatenka_ukazka_0.jpg\" alt=\"Ond\u0159ej Hlo\u017eek: Zlat\u00e9nka\" width=\"1749\" height=\"1196\" srcset=\"https:\/\/kotrla.com\/pmpro\/wp-content\/uploads\/2020\/08\/hlozek_zlatenka_ukazka_0.jpg 1749w, https:\/\/kotrla.com\/pmpro\/wp-content\/uploads\/2020\/08\/hlozek_zlatenka_ukazka_0-300x205.jpg 300w, https:\/\/kotrla.com\/pmpro\/wp-content\/uploads\/2020\/08\/hlozek_zlatenka_ukazka_0-1024x700.jpg 1024w, https:\/\/kotrla.com\/pmpro\/wp-content\/uploads\/2020\/08\/hlozek_zlatenka_ukazka_0-1536x1050.jpg 1536w\" sizes=\"auto, (max-width: 1749px) 100vw, 1749px\" \/><\/a><figcaption id=\"caption-attachment-6741\" class=\"wp-caption-text\">Ond\u0159ej Hlo\u017eek: Zlat\u00e9nka<\/figcaption><\/figure>\n<figure id=\"attachment_6742\" aria-describedby=\"caption-attachment-6742\" style=\"width: 1749px\" class=\"wp-caption alignnone\"><a href=\"https:\/\/kotrla.com\/pmpro\/wp-content\/uploads\/2020\/08\/hlozek_zlatenka_ukazka_1.jpg\"><img loading=\"lazy\" decoding=\"async\" class=\"size-full wp-image-6742\" src=\"https:\/\/kotrla.com\/pmpro\/wp-content\/uploads\/2020\/08\/hlozek_zlatenka_ukazka_1.jpg\" alt=\"Ond\u0159ej Hlo\u017eek: Zlat\u00e9nka\" width=\"1749\" height=\"1241\" srcset=\"https:\/\/kotrla.com\/pmpro\/wp-content\/uploads\/2020\/08\/hlozek_zlatenka_ukazka_1.jpg 1749w, https:\/\/kotrla.com\/pmpro\/wp-content\/uploads\/2020\/08\/hlozek_zlatenka_ukazka_1-300x213.jpg 300w, https:\/\/kotrla.com\/pmpro\/wp-content\/uploads\/2020\/08\/hlozek_zlatenka_ukazka_1-1024x727.jpg 1024w, https:\/\/kotrla.com\/pmpro\/wp-content\/uploads\/2020\/08\/hlozek_zlatenka_ukazka_1-1536x1090.jpg 1536w\" sizes=\"auto, (max-width: 1749px) 100vw, 1749px\" \/><\/a><figcaption id=\"caption-attachment-6742\" class=\"wp-caption-text\">Ond\u0159ej Hlo\u017eek: Zlat\u00e9nka<\/figcaption><\/figure>\n<figure id=\"attachment_6743\" aria-describedby=\"caption-attachment-6743\" style=\"width: 1749px\" class=\"wp-caption alignnone\"><a href=\"https:\/\/kotrla.com\/pmpro\/wp-content\/uploads\/2020\/08\/hlozek_zlatenka_ukazka_2.jpg\"><img loading=\"lazy\" decoding=\"async\" class=\"size-full wp-image-6743\" src=\"https:\/\/kotrla.com\/pmpro\/wp-content\/uploads\/2020\/08\/hlozek_zlatenka_ukazka_2.jpg\" alt=\"Ond\u0159ej Hlo\u017eek: Zlat\u00e9nka\" width=\"1749\" height=\"1241\" srcset=\"https:\/\/kotrla.com\/pmpro\/wp-content\/uploads\/2020\/08\/hlozek_zlatenka_ukazka_2.jpg 1749w, https:\/\/kotrla.com\/pmpro\/wp-content\/uploads\/2020\/08\/hlozek_zlatenka_ukazka_2-300x213.jpg 300w, https:\/\/kotrla.com\/pmpro\/wp-content\/uploads\/2020\/08\/hlozek_zlatenka_ukazka_2-1024x727.jpg 1024w, https:\/\/kotrla.com\/pmpro\/wp-content\/uploads\/2020\/08\/hlozek_zlatenka_ukazka_2-1536x1090.jpg 1536w\" sizes=\"auto, (max-width: 1749px) 100vw, 1749px\" \/><\/a><figcaption id=\"caption-attachment-6743\" class=\"wp-caption-text\">Ond\u0159ej Hlo\u017eek: Zlat\u00e9nka<\/figcaption><\/figure>\n<figure id=\"attachment_6744\" aria-describedby=\"caption-attachment-6744\" style=\"width: 1749px\" class=\"wp-caption alignnone\"><a href=\"https:\/\/kotrla.com\/pmpro\/wp-content\/uploads\/2020\/08\/hlozek_zlatenka_ukazka_3.jpg\"><img loading=\"lazy\" decoding=\"async\" class=\"size-full wp-image-6744\" src=\"https:\/\/kotrla.com\/pmpro\/wp-content\/uploads\/2020\/08\/hlozek_zlatenka_ukazka_3.jpg\" alt=\"Ond\u0159ej Hlo\u017eek: Zlat\u00e9nka\" width=\"1749\" height=\"1241\" srcset=\"https:\/\/kotrla.com\/pmpro\/wp-content\/uploads\/2020\/08\/hlozek_zlatenka_ukazka_3.jpg 1749w, https:\/\/kotrla.com\/pmpro\/wp-content\/uploads\/2020\/08\/hlozek_zlatenka_ukazka_3-300x213.jpg 300w, https:\/\/kotrla.com\/pmpro\/wp-content\/uploads\/2020\/08\/hlozek_zlatenka_ukazka_3-1024x727.jpg 1024w, https:\/\/kotrla.com\/pmpro\/wp-content\/uploads\/2020\/08\/hlozek_zlatenka_ukazka_3-1536x1090.jpg 1536w\" sizes=\"auto, (max-width: 1749px) 100vw, 1749px\" \/><\/a><figcaption id=\"caption-attachment-6744\" class=\"wp-caption-text\">Ond\u0159ej Hlo\u017eek: Zlat\u00e9nka<\/figcaption><\/figure>\n","protected":false},"excerpt":{"rendered":"<p>ISBN 978-80-905649-8-5 Ond\u0159ej Hlo\u017eek (* 1986) je b\u00e1sn\u00edk, liter\u00e1rn\u00ed kritik, po\u0159adatel kulturn\u00edch akc\u00ed. Poch\u00e1z\u00ed z Opavy, kde vystudoval \u010deskou literaturu na Slezsk\u00e9 univerzit\u011b. Vydal p\u011bt b\u00e1snick\u00fdch knih: T\u00ed\u017einy (2011), Dom\u016f (2013), Ulic\u00ed Dolorosa (2017), Te\u010f (2017), \u0158ez kamenem (2019). Jeho texty byly p\u0159elo\u017eeny a publikov\u00e1ny do n\u011bkolika evropsk\u00fdch jazyk\u016f. Je zastoupen ve sborn\u00edc\u00edch Nejlep\u0161\u00ed \u010desk\u00e9 [&hellip;]<\/p>\n","protected":false},"author":1,"featured_media":0,"parent":3997,"menu_order":0,"comment_status":"closed","ping_status":"closed","template":"","meta":{"site-sidebar-layout":"default","site-content-layout":"default","ast-site-content-layout":"default","site-content-style":"default","site-sidebar-style":"default","ast-global-header-display":"","ast-banner-title-visibility":"","ast-main-header-display":"","ast-hfb-above-header-display":"","ast-hfb-below-header-display":"","ast-hfb-mobile-header-display":"","site-post-title":"","ast-breadcrumbs-content":"","ast-featured-img":"","footer-sml-layout":"","ast-disable-related-posts":"","theme-transparent-header-meta":"default","adv-header-id-meta":"","stick-header-meta":"","header-above-stick-meta":"","header-main-stick-meta":"","header-below-stick-meta":"","astra-migrate-meta-layouts":"set","ast-page-background-enabled":"default","ast-page-background-meta":{"desktop":{"background-color":"var(--ast-global-color-5)","background-image":"","background-repeat":"repeat","background-position":"center center","background-size":"auto","background-attachment":"scroll","background-type":"","background-media":"","overlay-type":"","overlay-color":"","overlay-opacity":"","overlay-gradient":""},"tablet":{"background-color":"","background-image":"","background-repeat":"repeat","background-position":"center center","background-size":"auto","background-attachment":"scroll","background-type":"","background-media":"","overlay-type":"","overlay-color":"","overlay-opacity":"","overlay-gradient":""},"mobile":{"background-color":"","background-image":"","background-repeat":"repeat","background-position":"center center","background-size":"auto","background-attachment":"scroll","background-type":"","background-media":"","overlay-type":"","overlay-color":"","overlay-opacity":"","overlay-gradient":""}},"ast-content-background-meta":{"desktop":{"background-color":"var(--ast-global-color-4)","background-image":"","background-repeat":"repeat","background-position":"center center","background-size":"auto","background-attachment":"scroll","background-type":"","background-media":"","overlay-type":"","overlay-color":"","overlay-opacity":"","overlay-gradient":""},"tablet":{"background-color":"var(--ast-global-color-4)","background-image":"","background-repeat":"repeat","background-position":"center center","background-size":"auto","background-attachment":"scroll","background-type":"","background-media":"","overlay-type":"","overlay-color":"","overlay-opacity":"","overlay-gradient":""},"mobile":{"background-color":"var(--ast-global-color-4)","background-image":"","background-repeat":"repeat","background-position":"center center","background-size":"auto","background-attachment":"scroll","background-type":"","background-media":"","overlay-type":"","overlay-color":"","overlay-opacity":"","overlay-gradient":""}},"jetpack_post_was_ever_published":false,"footnotes":""},"class_list":["post-6738","page","type-page","status-publish","hentry"],"jetpack_shortlink":"https:\/\/wp.me\/P4mLP7-1KG","jetpack-related-posts":[{"id":8740,"url":"https:\/\/kotrla.com\/pmpro\/klenov\/ondrej-hlozek-mircevovy-oci-2021\/","url_meta":{"origin":6738,"position":0},"title":"Ond\u0159ej Hlo\u017eek: Mir\u010devovy o\u010di (2021)","author":"Pavel Kotrla","date":"7.6.2021","format":false,"excerpt":"ISBN 978-80-908127-0-3 B\u00e1snick\u00e1 skladba Ond\u0159eje Hlo\u017eka doprov\u00e1zen\u00e1 ilustracemi Mat\u011bje Lipavsk\u00e9ho. Patn\u00e1ct voln\u00fdch list\u016f v ob\u00e1lce. Ond\u0159ej Hlo\u017eek (17. b\u0159ezna 1986, Opava) B\u00e1sn\u00edk, po\u0159adatel kulturn\u00edch akc\u00ed a liter\u00e1rn\u00ed kritik. Poch\u00e1z\u00ed z Opavy, kde vystudoval \u010deskou literaturu na Slezsk\u00e9 univerzit\u011b. Vydal \u0161est b\u00e1snick\u00fdch knih: T\u00ed\u017einy (2011), Dom\u016f (2013), Ulic\u00ed Dolorosa (2017), Te\u010f\u2026","rel":"","context":"Similar post","block_context":{"text":"Similar post","link":""},"img":{"alt_text":"Ond\u0159ej Hlo\u017eek: Mir\u010devovy o\u010di (2021)","src":"https:\/\/i0.wp.com\/kotrla.com\/pmpro\/wp-content\/uploads\/2021\/06\/ondrej_hlozek_mircevovy_oci_obalka.jpg?resize=350%2C200&ssl=1","width":350,"height":200,"srcset":"https:\/\/i0.wp.com\/kotrla.com\/pmpro\/wp-content\/uploads\/2021\/06\/ondrej_hlozek_mircevovy_oci_obalka.jpg?resize=350%2C200&ssl=1 1x, https:\/\/i0.wp.com\/kotrla.com\/pmpro\/wp-content\/uploads\/2021\/06\/ondrej_hlozek_mircevovy_oci_obalka.jpg?resize=525%2C300&ssl=1 1.5x, https:\/\/i0.wp.com\/kotrla.com\/pmpro\/wp-content\/uploads\/2021\/06\/ondrej_hlozek_mircevovy_oci_obalka.jpg?resize=700%2C400&ssl=1 2x"},"classes":[]},{"id":13376,"url":"https:\/\/kotrla.com\/pmpro\/klenov\/ondrej-hlozek-hedvika-2025\/","url_meta":{"origin":6738,"position":1},"title":"Ond\u0159ej Hlo\u017eek: Hedvika (2025)","author":"Pavel Kotrla","date":"9.11.2025","format":false,"excerpt":"ISBN 978-80-909228-7-7 Doporu\u010den\u00e1 cena knihy je 250 K\u010d. Kniha nen\u00ed v b\u011b\u017en\u00e9 distribu\u010dn\u00ed s\u00edti, lze si ji v\u0161ak\u00a0OBJEDNAT zde nebo u autora. B\u00e1snick\u00fd soubor Hedvika Ond\u0159eje Hlo\u017eka je nitern\u00fdm putov\u00e1n\u00edm slezskou krajinou, v n\u00ed\u017e se prol\u00edn\u00e1 duchovn\u00ed obraz svat\u00e9 Hedviky, kter\u00e1 stoj\u00ed bos\u00e1 nad opevn\u011bn\u00fdm m\u011bstem, s osobn\u00ed zku\u0161enost\u00ed, tichou\u2026","rel":"","context":"Similar post","block_context":{"text":"Similar post","link":""},"img":{"alt_text":"","src":"https:\/\/i0.wp.com\/kotrla.com\/pmpro\/wp-content\/uploads\/2025\/11\/hedvika_04-150x150.jpg?resize=350%2C200&ssl=1","width":350,"height":200,"srcset":"https:\/\/i0.wp.com\/kotrla.com\/pmpro\/wp-content\/uploads\/2025\/11\/hedvika_04-150x150.jpg?resize=350%2C200&ssl=1 1x, https:\/\/i0.wp.com\/kotrla.com\/pmpro\/wp-content\/uploads\/2025\/11\/hedvika_04-150x150.jpg?resize=525%2C300&ssl=1 1.5x, https:\/\/i0.wp.com\/kotrla.com\/pmpro\/wp-content\/uploads\/2025\/11\/hedvika_04-150x150.jpg?resize=700%2C400&ssl=1 2x, https:\/\/i0.wp.com\/kotrla.com\/pmpro\/wp-content\/uploads\/2025\/11\/hedvika_04-150x150.jpg?resize=1050%2C600&ssl=1 3x"},"classes":[]},{"id":9562,"url":"https:\/\/kotrla.com\/pmpro\/klenov\/ondrej-hlozek-slezsky-nonstop-2022\/","url_meta":{"origin":6738,"position":2},"title":"Ond\u0159ej Hlo\u017eek: Slezsk\u00fd nonstop (2022)","author":"Pavel Kotrla","date":"16.5.2022","format":false,"excerpt":"ISBN: 978-80-908127-4-1 MASARYKOVA T\u0158\u00cdDA 334\/20 J\u00edcen chodby rozdrolen\u00fd jako kus j\u00edlu V d\u00ed\u0159e po hasi\u010d\u00e1ku se ka\u017ed\u00fd den zelen\u00e1 um\u011bl\u00fd filodendron V teracov\u00e9m schodu zatlu\u010den\u00fd h\u0159eb\u00edk Roky n\u011bm\u00e9 st\u011bny roz\u0161t\u011bkal pes Naho\u0159e tu\u0161en\u00ed nebe ot\u0159\u00edskan\u00fdm sv\u011btl\u00edkem hrne se de\u0161\u0165ov\u00e1 voda Senzory cvakaj\u00ed a nachyt\u00e1vaj\u00ed n\u00e1s p\u0159i pohybu Nikdo nezamet\u00e1 \u00a0\u2026","rel":"","context":"Similar post","block_context":{"text":"Similar post","link":""},"img":{"alt_text":"Ond\u0159ej Hlo\u017eek (foto Al\u017eb\u011bta Lu\u0148\u00e1\u010dkov\u00e1)","src":"https:\/\/i0.wp.com\/kotrla.com\/pmpro\/wp-content\/uploads\/2022\/04\/oh.jpg?resize=350%2C200&ssl=1","width":350,"height":200,"srcset":"https:\/\/i0.wp.com\/kotrla.com\/pmpro\/wp-content\/uploads\/2022\/04\/oh.jpg?resize=350%2C200&ssl=1 1x, https:\/\/i0.wp.com\/kotrla.com\/pmpro\/wp-content\/uploads\/2022\/04\/oh.jpg?resize=525%2C300&ssl=1 1.5x, https:\/\/i0.wp.com\/kotrla.com\/pmpro\/wp-content\/uploads\/2022\/04\/oh.jpg?resize=700%2C400&ssl=1 2x, https:\/\/i0.wp.com\/kotrla.com\/pmpro\/wp-content\/uploads\/2022\/04\/oh.jpg?resize=1050%2C600&ssl=1 3x"},"classes":[]},{"id":9151,"url":"https:\/\/kotrla.com\/pmpro\/klenov\/jakub-chrobak-v-krvavinach-2021\/","url_meta":{"origin":6738,"position":3},"title":"Jakub Chrob\u00e1k: V krvavin\u00e1ch (2021)","author":"Pavel Kotrla","date":"12.11.2021","format":false,"excerpt":"ISBN 9978-80-908127-2-7 P\u00e1t\u00e1 b\u00e1snick\u00e1 sb\u00edrka Jakuba Chrob\u00e1ka je v mnoh\u00e9m bilan\u010dn\u00ed: na jedn\u00e9 stran\u011b, zejm\u00e9na v \u00favodn\u00ed \u010d\u00e1sti, reflektuje to, co pro autora poezie a jej\u00ed psan\u00ed znamen\u00e1, na stran\u011b druh\u00e9 je i geografick\u00fdm kotven\u00edm. Od Ostravy a jej\u00edho \u0161rumu, p\u0159es cesty a azyly zejm\u00e9na v prost\u0159ed\u00ed st\u00e1le nehostinn\u011bj\u0161\u00edch hospod,\u2026","rel":"","context":"Similar post","block_context":{"text":"Similar post","link":""},"img":{"alt_text":"Jakub Chrob\u00e1k: V krvavin\u00e1ch (2021)","src":"https:\/\/i0.wp.com\/kotrla.com\/pmpro\/wp-content\/uploads\/2021\/11\/jakub_chrobak_v_krvavinach.jpg?resize=350%2C200&ssl=1","width":350,"height":200,"srcset":"https:\/\/i0.wp.com\/kotrla.com\/pmpro\/wp-content\/uploads\/2021\/11\/jakub_chrobak_v_krvavinach.jpg?resize=350%2C200&ssl=1 1x, https:\/\/i0.wp.com\/kotrla.com\/pmpro\/wp-content\/uploads\/2021\/11\/jakub_chrobak_v_krvavinach.jpg?resize=525%2C300&ssl=1 1.5x, https:\/\/i0.wp.com\/kotrla.com\/pmpro\/wp-content\/uploads\/2021\/11\/jakub_chrobak_v_krvavinach.jpg?resize=700%2C400&ssl=1 2x"},"classes":[]},{"id":3997,"url":"https:\/\/kotrla.com\/pmpro\/klenov\/","url_meta":{"origin":6738,"position":4},"title":"Nakladatelstv\u00ed Klenov","author":"Pavel Kotrla","date":"1.12.2018","format":false,"excerpt":"Klenov \u2013 jednomu\u017en\u00e9 nakladatelstv\u00ed Pavla Kotrly. Knihy jsou v distribuci Kosmas a Pemic, m\u016f\u017eete zakoupit nap\u0159\u00edklad v s\u00edti prodejen\u00a0Martinus,\u00a0Dobrovsk\u00fd nebo jin\u00fdch.\u00a0Bibliofilie Synonymum krajina, Pot\u00ed\u017ee se \u017eenami, Hedvika a Jak Urzon obelstil Kojota nejsou v b\u011b\u017en\u00e9 distribuci, pro objedn\u00e1vku pou\u017eijte pros\u00edm tento formul\u00e1\u0159. Ten m\u016f\u017eete vyu\u017e\u00edt i pro objedn\u00e1vku dal\u0161\u00edch knih\u2026","rel":"","context":"Similar post","block_context":{"text":"Similar post","link":""},"img":{"alt_text":"","src":"https:\/\/i0.wp.com\/kotrla.com\/pmpro\/wp-content\/uploads\/2023\/03\/nakladatelstvi_klenov_logo_bw_small.png?resize=350%2C200&ssl=1","width":350,"height":200},"classes":[]},{"id":4817,"url":"https:\/\/kotrla.com\/pmpro\/klenov\/pavel-kotrla-mirny-severni-2019\/","url_meta":{"origin":6738,"position":5},"title":"Pavel Kotrla: M\u00edrn\u00fd severn\u00ed (2019)","author":"Pavel Kotrla","date":"21.10.2019","format":false,"excerpt":"ISBN 978-80-905649-6-1 Druh\u00e1 b\u00e1snick\u00e1 sb\u00edrka Pavla Kotrly (5. kv\u011btna 1974). Autor vystudoval literaturu na Ostravsk\u00e9 univerzit\u011b. Od roku 1996 \u0161\u00e9fredaktor \u010dasopisu Texty, d\u0159\u00edve redaktor revue Aluze. V roce 2013 vydal b\u00e1snickou sb\u00edrku Prstem na sklo ryb\u00e1m. B\u00e1sn\u011bmi zastoupen v n\u011bkolika sborn\u00edc\u00edch (nap\u0159. Nejlep\u0161\u00ed \u010desk\u00e9 b\u00e1sn\u011b 2014). Autorsky, editorsky, fotografiemi nebo\u2026","rel":"","context":"Similar post","block_context":{"text":"Similar post","link":""},"img":{"alt_text":"","src":"https:\/\/i0.wp.com\/kotrla.com\/pmpro\/wp-content\/uploads\/2019\/11\/libor_sostak_na_ostrove-150x150.jpg?resize=350%2C200&ssl=1","width":350,"height":200,"srcset":"https:\/\/i0.wp.com\/kotrla.com\/pmpro\/wp-content\/uploads\/2019\/11\/libor_sostak_na_ostrove-150x150.jpg?resize=350%2C200&ssl=1 1x, https:\/\/i0.wp.com\/kotrla.com\/pmpro\/wp-content\/uploads\/2019\/11\/libor_sostak_na_ostrove-150x150.jpg?resize=525%2C300&ssl=1 1.5x, https:\/\/i0.wp.com\/kotrla.com\/pmpro\/wp-content\/uploads\/2019\/11\/libor_sostak_na_ostrove-150x150.jpg?resize=700%2C400&ssl=1 2x, https:\/\/i0.wp.com\/kotrla.com\/pmpro\/wp-content\/uploads\/2019\/11\/libor_sostak_na_ostrove-150x150.jpg?resize=1050%2C600&ssl=1 3x, https:\/\/i0.wp.com\/kotrla.com\/pmpro\/wp-content\/uploads\/2019\/11\/libor_sostak_na_ostrove-150x150.jpg?resize=1400%2C800&ssl=1 4x"},"classes":[]}],"jetpack_sharing_enabled":true,"_links":{"self":[{"href":"https:\/\/kotrla.com\/pmpro\/wp-json\/wp\/v2\/pages\/6738","targetHints":{"allow":["GET"]}}],"collection":[{"href":"https:\/\/kotrla.com\/pmpro\/wp-json\/wp\/v2\/pages"}],"about":[{"href":"https:\/\/kotrla.com\/pmpro\/wp-json\/wp\/v2\/types\/page"}],"author":[{"embeddable":true,"href":"https:\/\/kotrla.com\/pmpro\/wp-json\/wp\/v2\/users\/1"}],"replies":[{"embeddable":true,"href":"https:\/\/kotrla.com\/pmpro\/wp-json\/wp\/v2\/comments?post=6738"}],"version-history":[{"count":1,"href":"https:\/\/kotrla.com\/pmpro\/wp-json\/wp\/v2\/pages\/6738\/revisions"}],"predecessor-version":[{"id":13568,"href":"https:\/\/kotrla.com\/pmpro\/wp-json\/wp\/v2\/pages\/6738\/revisions\/13568"}],"up":[{"embeddable":true,"href":"https:\/\/kotrla.com\/pmpro\/wp-json\/wp\/v2\/pages\/3997"}],"wp:attachment":[{"href":"https:\/\/kotrla.com\/pmpro\/wp-json\/wp\/v2\/media?parent=6738"}],"curies":[{"name":"wp","href":"https:\/\/api.w.org\/{rel}","templated":true}]}}