{"id":8752,"date":"2021-06-14T12:22:04","date_gmt":"2021-06-14T11:22:04","guid":{"rendered":"http:\/\/kotrla.com\/pmpro\/?page_id=8752"},"modified":"2023-11-21T07:33:25","modified_gmt":"2023-11-21T06:33:25","slug":"portret-charlotty-garrigue-masarykove-2021","status":"publish","type":"page","link":"https:\/\/kotrla.com\/pmpro\/klenov\/portret-charlotty-garrigue-masarykove-2021\/","title":{"rendered":"Portr\u00e9t Charlotty Garrigue Masarykov\u00e9 v korespondenci Vset\u00ed\u0148an\u016fm a ve vzpom\u00ednk\u00e1ch (2021)"},"content":{"rendered":"<p>ISBN 978-80-908127-1-0<\/p>\n<p>Korespondence Masarykov\u00fdch\u00a0\u2013 p\u0159edev\u0161\u00edm Charlotty Garrigue Masarykov\u00e9\u00a0\u2013 rodin\u011b Jaro\u0161k\u016f do\u00a0Vset\u00edna a\u00a0vzpom\u00ednky \u010dlen\u016f rodiny Jaro\u0161k\u016f.<\/p>\n<p><a href=\"https:\/\/kotrla.com\/pmpro\/wp-content\/uploads\/2021\/06\/portret_obalka.jpg\"><img loading=\"lazy\" decoding=\"async\" class=\"alignnone size-full wp-image-8753\" src=\"https:\/\/kotrla.com\/pmpro\/wp-content\/uploads\/2021\/06\/portret_obalka.jpg\" alt=\"\" width=\"1600\" height=\"1600\" srcset=\"https:\/\/kotrla.com\/pmpro\/wp-content\/uploads\/2021\/06\/portret_obalka.jpg 1600w, https:\/\/kotrla.com\/pmpro\/wp-content\/uploads\/2021\/06\/portret_obalka-300x300.jpg 300w, https:\/\/kotrla.com\/pmpro\/wp-content\/uploads\/2021\/06\/portret_obalka-1024x1024.jpg 1024w, https:\/\/kotrla.com\/pmpro\/wp-content\/uploads\/2021\/06\/portret_obalka-150x150.jpg 150w, https:\/\/kotrla.com\/pmpro\/wp-content\/uploads\/2021\/06\/portret_obalka-1536x1536.jpg 1536w\" sizes=\"auto, (max-width: 1600px) 100vw, 1600px\" \/><\/a><\/p>\n<p>Ohlasy:<\/p>\n<ul>\n<li><a href=\"https:\/\/www.youtube.com\/watch?v=dTCwwQ10yVA\">Z\u00e1znam z uveden\u00ed knihy na st\u0159e\u0161e Masarykovy knihovny Vset\u00edn (23. 6. 2021)<\/a><\/li>\n<li>Radovan Lov\u010d\u00ed: Kni\u017en\u00ed novinka o Charlott\u011b Masarykov\u00e9, V\u011bstn\u00edk Muzejn\u00edho spolku v Rakovn\u00edku, 2022<\/li>\n<\/ul>\n","protected":false},"excerpt":{"rendered":"<p>ISBN 978-80-908127-1-0 Korespondence Masarykov\u00fdch\u00a0\u2013 p\u0159edev\u0161\u00edm Charlotty Garrigue Masarykov\u00e9\u00a0\u2013 rodin\u011b Jaro\u0161k\u016f do\u00a0Vset\u00edna a\u00a0vzpom\u00ednky \u010dlen\u016f rodiny Jaro\u0161k\u016f. Ohlasy: Z\u00e1znam z uveden\u00ed knihy na st\u0159e\u0161e Masarykovy knihovny Vset\u00edn (23. 6. 2021) Radovan Lov\u010d\u00ed: Kni\u017en\u00ed novinka o Charlott\u011b Masarykov\u00e9, V\u011bstn\u00edk Muzejn\u00edho spolku v Rakovn\u00edku, 2022<\/p>\n","protected":false},"author":1,"featured_media":0,"parent":3997,"menu_order":0,"comment_status":"closed","ping_status":"closed","template":"","meta":{"site-sidebar-layout":"default","site-content-layout":"","ast-site-content-layout":"default","site-content-style":"default","site-sidebar-style":"default","ast-global-header-display":"","ast-banner-title-visibility":"","ast-main-header-display":"","ast-hfb-above-header-display":"","ast-hfb-below-header-display":"","ast-hfb-mobile-header-display":"","site-post-title":"","ast-breadcrumbs-content":"","ast-featured-img":"","footer-sml-layout":"","ast-disable-related-posts":"","theme-transparent-header-meta":"default","adv-header-id-meta":"","stick-header-meta":"","header-above-stick-meta":"","header-main-stick-meta":"","header-below-stick-meta":"","astra-migrate-meta-layouts":"set","ast-page-background-enabled":"default","ast-page-background-meta":{"desktop":{"background-color":"var(--ast-global-color-5)","background-image":"","background-repeat":"repeat","background-position":"center center","background-size":"auto","background-attachment":"scroll","background-type":"","background-media":"","overlay-type":"","overlay-color":"","overlay-opacity":"","overlay-gradient":""},"tablet":{"background-color":"","background-image":"","background-repeat":"repeat","background-position":"center center","background-size":"auto","background-attachment":"scroll","background-type":"","background-media":"","overlay-type":"","overlay-color":"","overlay-opacity":"","overlay-gradient":""},"mobile":{"background-color":"","background-image":"","background-repeat":"repeat","background-position":"center center","background-size":"auto","background-attachment":"scroll","background-type":"","background-media":"","overlay-type":"","overlay-color":"","overlay-opacity":"","overlay-gradient":""}},"ast-content-background-meta":{"desktop":{"background-color":"var(--ast-global-color-4)","background-image":"","background-repeat":"repeat","background-position":"center center","background-size":"auto","background-attachment":"scroll","background-type":"","background-media":"","overlay-type":"","overlay-color":"","overlay-opacity":"","overlay-gradient":""},"tablet":{"background-color":"var(--ast-global-color-4)","background-image":"","background-repeat":"repeat","background-position":"center center","background-size":"auto","background-attachment":"scroll","background-type":"","background-media":"","overlay-type":"","overlay-color":"","overlay-opacity":"","overlay-gradient":""},"mobile":{"background-color":"var(--ast-global-color-4)","background-image":"","background-repeat":"repeat","background-position":"center center","background-size":"auto","background-attachment":"scroll","background-type":"","background-media":"","overlay-type":"","overlay-color":"","overlay-opacity":"","overlay-gradient":""}},"jetpack_post_was_ever_published":false,"footnotes":""},"class_list":["post-8752","page","type-page","status-publish","hentry"],"jetpack_shortlink":"https:\/\/wp.me\/P4mLP7-2ha","jetpack-related-posts":[{"id":3997,"url":"https:\/\/kotrla.com\/pmpro\/klenov\/","url_meta":{"origin":8752,"position":0},"title":"Nakladatelstv\u00ed Klenov","author":"Pavel Kotrla","date":"1.12.2018","format":false,"excerpt":"Klenov \u2013 jednomu\u017en\u00e9 nakladatelstv\u00ed Pavla Kotrly. Knihy jsou v distribuci Kosmas a Pemic, m\u016f\u017eete zakoupit nap\u0159\u00edklad v s\u00edti prodejen\u00a0Martinus,\u00a0Dobrovsk\u00fd nebo jin\u00fdch.\u00a0Bibliofilie Synonymum krajina, Pot\u00ed\u017ee se \u017eenami, Hedvika a Jak Urzon obelstil Kojota nejsou v b\u011b\u017en\u00e9 distribuci, pro objedn\u00e1vku pou\u017eijte pros\u00edm tento formul\u00e1\u0159. Ten m\u016f\u017eete vyu\u017e\u00edt i pro objedn\u00e1vku dal\u0161\u00edch knih\u2026","rel":"","context":"Podobn\u00fd p\u0159\u00edsp\u011bvek","block_context":{"text":"Podobn\u00fd p\u0159\u00edsp\u011bvek","link":""},"img":{"alt_text":"","src":"https:\/\/i0.wp.com\/kotrla.com\/pmpro\/wp-content\/uploads\/2023\/03\/nakladatelstvi_klenov_logo_bw_small.png?resize=350%2C200&ssl=1","width":350,"height":200},"classes":[]},{"id":9151,"url":"https:\/\/kotrla.com\/pmpro\/klenov\/jakub-chrobak-v-krvavinach-2021\/","url_meta":{"origin":8752,"position":1},"title":"Jakub Chrob\u00e1k: V krvavin\u00e1ch (2021)","author":"Pavel Kotrla","date":"12.11.2021","format":false,"excerpt":"ISBN 9978-80-908127-2-7 P\u00e1t\u00e1 b\u00e1snick\u00e1 sb\u00edrka Jakuba Chrob\u00e1ka je v mnoh\u00e9m bilan\u010dn\u00ed: na jedn\u00e9 stran\u011b, zejm\u00e9na v \u00favodn\u00ed \u010d\u00e1sti, reflektuje to, co pro autora poezie a jej\u00ed psan\u00ed znamen\u00e1, na stran\u011b druh\u00e9 je i geografick\u00fdm kotven\u00edm. Od Ostravy a jej\u00edho \u0161rumu, p\u0159es cesty a azyly zejm\u00e9na v prost\u0159ed\u00ed st\u00e1le nehostinn\u011bj\u0161\u00edch hospod,\u2026","rel":"","context":"Podobn\u00fd p\u0159\u00edsp\u011bvek","block_context":{"text":"Podobn\u00fd p\u0159\u00edsp\u011bvek","link":""},"img":{"alt_text":"Jakub Chrob\u00e1k: V krvavin\u00e1ch (2021)","src":"https:\/\/i0.wp.com\/kotrla.com\/pmpro\/wp-content\/uploads\/2021\/11\/jakub_chrobak_v_krvavinach.jpg?resize=350%2C200&ssl=1","width":350,"height":200,"srcset":"https:\/\/i0.wp.com\/kotrla.com\/pmpro\/wp-content\/uploads\/2021\/11\/jakub_chrobak_v_krvavinach.jpg?resize=350%2C200&ssl=1 1x, https:\/\/i0.wp.com\/kotrla.com\/pmpro\/wp-content\/uploads\/2021\/11\/jakub_chrobak_v_krvavinach.jpg?resize=525%2C300&ssl=1 1.5x, https:\/\/i0.wp.com\/kotrla.com\/pmpro\/wp-content\/uploads\/2021\/11\/jakub_chrobak_v_krvavinach.jpg?resize=700%2C400&ssl=1 2x"},"classes":[]},{"id":8740,"url":"https:\/\/kotrla.com\/pmpro\/klenov\/ondrej-hlozek-mircevovy-oci-2021\/","url_meta":{"origin":8752,"position":2},"title":"Ond\u0159ej Hlo\u017eek: Mir\u010devovy o\u010di (2021)","author":"Pavel Kotrla","date":"7.6.2021","format":false,"excerpt":"ISBN 978-80-908127-0-3 B\u00e1snick\u00e1 skladba Ond\u0159eje Hlo\u017eka doprov\u00e1zen\u00e1 ilustracemi Mat\u011bje Lipavsk\u00e9ho. Patn\u00e1ct voln\u00fdch list\u016f v ob\u00e1lce. Ond\u0159ej Hlo\u017eek (17. b\u0159ezna 1986, Opava) B\u00e1sn\u00edk, po\u0159adatel kulturn\u00edch akc\u00ed a liter\u00e1rn\u00ed kritik. Poch\u00e1z\u00ed z Opavy, kde vystudoval \u010deskou literaturu na Slezsk\u00e9 univerzit\u011b. Vydal \u0161est b\u00e1snick\u00fdch knih: T\u00ed\u017einy (2011), Dom\u016f (2013), Ulic\u00ed Dolorosa (2017), Te\u010f\u2026","rel":"","context":"Podobn\u00fd p\u0159\u00edsp\u011bvek","block_context":{"text":"Podobn\u00fd p\u0159\u00edsp\u011bvek","link":""},"img":{"alt_text":"Ond\u0159ej Hlo\u017eek: Mir\u010devovy o\u010di (2021)","src":"https:\/\/i0.wp.com\/kotrla.com\/pmpro\/wp-content\/uploads\/2021\/06\/ondrej_hlozek_mircevovy_oci_obalka.jpg?resize=350%2C200&ssl=1","width":350,"height":200,"srcset":"https:\/\/i0.wp.com\/kotrla.com\/pmpro\/wp-content\/uploads\/2021\/06\/ondrej_hlozek_mircevovy_oci_obalka.jpg?resize=350%2C200&ssl=1 1x, https:\/\/i0.wp.com\/kotrla.com\/pmpro\/wp-content\/uploads\/2021\/06\/ondrej_hlozek_mircevovy_oci_obalka.jpg?resize=525%2C300&ssl=1 1.5x, https:\/\/i0.wp.com\/kotrla.com\/pmpro\/wp-content\/uploads\/2021\/06\/ondrej_hlozek_mircevovy_oci_obalka.jpg?resize=700%2C400&ssl=1 2x"},"classes":[]},{"id":7059,"url":"https:\/\/kotrla.com\/pmpro\/klenov\/alzbeta-johanka-petrova-a-katerina-sysova-zastaveni-2021\/","url_meta":{"origin":8752,"position":3},"title":"Al\u017eb\u011bta Johanka Petrov\u00e1 a Kate\u0159ina S\u00fdsov\u00e1: Zastaveni (2021)","author":"Pavel Kotrla","date":"9.2.2021","format":false,"excerpt":"ISBN 978-80-905649-9-2 B\u00e1snicko-fotografick\u00e1 skladba Zastaveni je kni\u017en\u00ed debut autorek Al\u017eb\u011bty Johanky Petrov\u00e9 a Kate\u0159iny S\u00fdsov\u00e9, kter\u00fd p\u0159edstavuje um\u011bleckou reflexi sou\u010dasnosti. Al\u017eb\u011bta Johanka Petrov\u00e1 (1993) se narodila ve\u00a0Vla\u0161imi. Vystudovala divadeln\u00ed dramaturgii a\u00a0audiovizu\u00e1ln\u00ed tvorbu v\u00a0Opav\u011b. Pracovala jako re\u017eis\u00e9rka, dramaturgyn\u011b a\u00a0pedago\u017eka. Autorka dramatick\u00fdch text\u016f a\u00a0b\u00e1sn\u00ed. Nov\u011b je pr\u016fvodkyn\u00ed mal\u00e9 Odety. Instagram: @alzbeta.johanka Kate\u0159ina\u2026","rel":"","context":"Podobn\u00fd p\u0159\u00edsp\u011bvek","block_context":{"text":"Podobn\u00fd p\u0159\u00edsp\u011bvek","link":""},"img":{"alt_text":"Al\u017eb\u011bta Johanka Petrov\u00e1\u2002\/\u2002Kate\u0159ina S\u00fdsov\u00e1: Zastaveni (s. 28-29)","src":"https:\/\/i0.wp.com\/kotrla.com\/pmpro\/wp-content\/uploads\/2021\/02\/zastaveni_28_29.jpg?resize=350%2C200&ssl=1","width":350,"height":200,"srcset":"https:\/\/i0.wp.com\/kotrla.com\/pmpro\/wp-content\/uploads\/2021\/02\/zastaveni_28_29.jpg?resize=350%2C200&ssl=1 1x, https:\/\/i0.wp.com\/kotrla.com\/pmpro\/wp-content\/uploads\/2021\/02\/zastaveni_28_29.jpg?resize=525%2C300&ssl=1 1.5x, https:\/\/i0.wp.com\/kotrla.com\/pmpro\/wp-content\/uploads\/2021\/02\/zastaveni_28_29.jpg?resize=700%2C400&ssl=1 2x, https:\/\/i0.wp.com\/kotrla.com\/pmpro\/wp-content\/uploads\/2021\/02\/zastaveni_28_29.jpg?resize=1050%2C600&ssl=1 3x, https:\/\/i0.wp.com\/kotrla.com\/pmpro\/wp-content\/uploads\/2021\/02\/zastaveni_28_29.jpg?resize=1400%2C800&ssl=1 4x"},"classes":[]},{"id":9562,"url":"https:\/\/kotrla.com\/pmpro\/klenov\/ondrej-hlozek-slezsky-nonstop-2022\/","url_meta":{"origin":8752,"position":4},"title":"Ond\u0159ej Hlo\u017eek: Slezsk\u00fd nonstop (2022)","author":"Pavel Kotrla","date":"16.5.2022","format":false,"excerpt":"ISBN: 978-80-908127-4-1 MASARYKOVA T\u0158\u00cdDA 334\/20 J\u00edcen chodby rozdrolen\u00fd jako kus j\u00edlu V d\u00ed\u0159e po hasi\u010d\u00e1ku se ka\u017ed\u00fd den zelen\u00e1 um\u011bl\u00fd filodendron V teracov\u00e9m schodu zatlu\u010den\u00fd h\u0159eb\u00edk Roky n\u011bm\u00e9 st\u011bny roz\u0161t\u011bkal pes Naho\u0159e tu\u0161en\u00ed nebe ot\u0159\u00edskan\u00fdm sv\u011btl\u00edkem hrne se de\u0161\u0165ov\u00e1 voda Senzory cvakaj\u00ed a nachyt\u00e1vaj\u00ed n\u00e1s p\u0159i pohybu Nikdo nezamet\u00e1 \u00a0\u2026","rel":"","context":"Podobn\u00fd p\u0159\u00edsp\u011bvek","block_context":{"text":"Podobn\u00fd p\u0159\u00edsp\u011bvek","link":""},"img":{"alt_text":"Ond\u0159ej Hlo\u017eek (foto Al\u017eb\u011bta Lu\u0148\u00e1\u010dkov\u00e1)","src":"https:\/\/i0.wp.com\/kotrla.com\/pmpro\/wp-content\/uploads\/2022\/04\/oh.jpg?resize=350%2C200&ssl=1","width":350,"height":200,"srcset":"https:\/\/i0.wp.com\/kotrla.com\/pmpro\/wp-content\/uploads\/2022\/04\/oh.jpg?resize=350%2C200&ssl=1 1x, https:\/\/i0.wp.com\/kotrla.com\/pmpro\/wp-content\/uploads\/2022\/04\/oh.jpg?resize=525%2C300&ssl=1 1.5x, https:\/\/i0.wp.com\/kotrla.com\/pmpro\/wp-content\/uploads\/2022\/04\/oh.jpg?resize=700%2C400&ssl=1 2x, https:\/\/i0.wp.com\/kotrla.com\/pmpro\/wp-content\/uploads\/2022\/04\/oh.jpg?resize=1050%2C600&ssl=1 3x"},"classes":[]},{"id":11801,"url":"https:\/\/kotrla.com\/pmpro\/klenov\/zdenek-volf-z-osrdceni-2024\/","url_meta":{"origin":8752,"position":5},"title":"Zden\u011bk Volf: Z osrdcen\u00ed (2024)","author":"Pavel Kotrla","date":"3.7.2024","format":false,"excerpt":"ISBN 978-80-909228-0-8 Doporu\u010den\u00e1 cena knihy je 220 K\u010d B\u00e1snick\u00e1 sb\u00edrka Zde\u0148ka Volfa Z osrdcen\u00ed p\u0159edstavuje zral\u00e9ho a nep\u0159edv\u00e1div\u00e9ho tv\u016frce. Ka\u017ed\u00e9 ze slov za\u0159azen\u00fdch do ver\u0161\u016f sb\u00edrky se dot\u00fdk\u00e1 hodnot sou\u010dasn\u00e9ho \u017eivota, kter\u00e9 vymezuje meziprostorem a mezi\u010dasem, tichem a povahou viny a mo\u017enostmi odpu\u0161t\u011bn\u00ed. Mluv\u010d\u00ed b\u00e1sn\u00ed v\u011bdom\u011b a s pokorou sleduje\u2026","rel":"","context":"Podobn\u00fd p\u0159\u00edsp\u011bvek","block_context":{"text":"Podobn\u00fd p\u0159\u00edsp\u011bvek","link":""},"img":{"alt_text":"","src":"https:\/\/i0.wp.com\/kotrla.com\/pmpro\/wp-content\/uploads\/2024\/07\/volf_25-150x150.jpg?resize=350%2C200&ssl=1","width":350,"height":200,"srcset":"https:\/\/i0.wp.com\/kotrla.com\/pmpro\/wp-content\/uploads\/2024\/07\/volf_25-150x150.jpg?resize=350%2C200&ssl=1 1x, https:\/\/i0.wp.com\/kotrla.com\/pmpro\/wp-content\/uploads\/2024\/07\/volf_25-150x150.jpg?resize=525%2C300&ssl=1 1.5x, https:\/\/i0.wp.com\/kotrla.com\/pmpro\/wp-content\/uploads\/2024\/07\/volf_25-150x150.jpg?resize=700%2C400&ssl=1 2x, https:\/\/i0.wp.com\/kotrla.com\/pmpro\/wp-content\/uploads\/2024\/07\/volf_25-150x150.jpg?resize=1050%2C600&ssl=1 3x, https:\/\/i0.wp.com\/kotrla.com\/pmpro\/wp-content\/uploads\/2024\/07\/volf_25-150x150.jpg?resize=1400%2C800&ssl=1 4x"},"classes":[]}],"jetpack_sharing_enabled":true,"_links":{"self":[{"href":"https:\/\/kotrla.com\/pmpro\/wp-json\/wp\/v2\/pages\/8752","targetHints":{"allow":["GET"]}}],"collection":[{"href":"https:\/\/kotrla.com\/pmpro\/wp-json\/wp\/v2\/pages"}],"about":[{"href":"https:\/\/kotrla.com\/pmpro\/wp-json\/wp\/v2\/types\/page"}],"author":[{"embeddable":true,"href":"https:\/\/kotrla.com\/pmpro\/wp-json\/wp\/v2\/users\/1"}],"replies":[{"embeddable":true,"href":"https:\/\/kotrla.com\/pmpro\/wp-json\/wp\/v2\/comments?post=8752"}],"version-history":[{"count":0,"href":"https:\/\/kotrla.com\/pmpro\/wp-json\/wp\/v2\/pages\/8752\/revisions"}],"up":[{"embeddable":true,"href":"https:\/\/kotrla.com\/pmpro\/wp-json\/wp\/v2\/pages\/3997"}],"wp:attachment":[{"href":"https:\/\/kotrla.com\/pmpro\/wp-json\/wp\/v2\/media?parent=8752"}],"curies":[{"name":"wp","href":"https:\/\/api.w.org\/{rel}","templated":true}]}}