{"id":9151,"date":"2021-11-12T14:22:03","date_gmt":"2021-11-12T13:22:03","guid":{"rendered":"http:\/\/kotrla.com\/pmpro\/?page_id=9151"},"modified":"2025-11-14T09:06:22","modified_gmt":"2025-11-14T08:06:22","slug":"jakub-chrobak-v-krvavinach-2021","status":"publish","type":"page","link":"https:\/\/kotrla.com\/pmpro\/klenov\/jakub-chrobak-v-krvavinach-2021\/","title":{"rendered":"Jakub Chrob\u00e1k: V krvavin\u00e1ch (2021)"},"content":{"rendered":"<p>ISBN 9978-80-908127-2-7<\/p>\n<p>P\u00e1t\u00e1 b\u00e1snick\u00e1 sb\u00edrka Jakuba Chrob\u00e1ka je v mnoh\u00e9m bilan\u010dn\u00ed: na jedn\u00e9 stran\u011b, zejm\u00e9na v \u00favodn\u00ed \u010d\u00e1sti, reflektuje to, co pro autora poezie a jej\u00ed psan\u00ed znamen\u00e1, na stran\u011b druh\u00e9 je i geografick\u00fdm kotven\u00edm. Od Ostravy a jej\u00edho \u0161rumu, p\u0159es cesty a azyly zejm\u00e9na v prost\u0159ed\u00ed st\u00e1le nehostinn\u011bj\u0161\u00edch hospod, a \u017e po spo\u010dinut\u00ed ve vala\u0161sk\u00e9 krajin\u011b. Jak u\u017e je pro autora charakteristick\u00e9, v\u0161echny tyto polohy maj\u00ed svoji konkretizovanou tv\u00e1\u0159, tak\u017ee vedle Ostravy najdeme Vset\u00edn, ale i obec Lu\u017en\u00e1, a stejn\u011b tak ot\u00e1zka otcovstv\u00ed je \u0159e\u0161ena na konkr\u00e9tn\u00edch p\u0159\u00edpadech d\u011bt\u00ed Metod\u011bje a Ani\u010dky.<\/p>\n<p>Form\u00e1ln\u011b je rozd\u011blena na \u010dty\u0159i \u010d\u00e1sti a dr\u017e\u00ed se sp\u00ed\u0161e krat\u0161\u00edch b\u00e1snick\u00fdch \u00fatvar\u016f, v\u00a0\u0159ad\u011b p\u0159\u00edpad\u016f psan\u00fdch pravideln\u00fdm ver\u0161em i r\u00fdmovan\u00fdch. \u010cast\u00e9 jsou ale pouh\u00e9 epizodn\u00ed asonance \u010di p\u0159\u00edklon k\u00a0hospodsk\u00e9mu, \u010di obecn\u011b lidsk\u00e9mu zaslechnut\u00e9mu hovoru. Ve sb\u00edrce <em>V\u00a0krvavin\u00e1ch<\/em> se tak\u00e9 st\u00e1le z\u0159eteln\u011bji oz\u00fdv\u00e1 i autorova v\u00edra, p\u0159esn\u011bji \u0159\u00edmsk\u00e9 katolictv\u00ed.<\/p>\n<figure id=\"attachment_9155\" aria-describedby=\"caption-attachment-9155\" style=\"width: 1006px\" class=\"wp-caption alignnone\"><a href=\"https:\/\/kotrla.com\/pmpro\/wp-content\/uploads\/2021\/11\/jakub_chrobak_v_krvavinach.jpg\"><img loading=\"lazy\" decoding=\"async\" class=\"size-full wp-image-9155\" src=\"https:\/\/kotrla.com\/pmpro\/wp-content\/uploads\/2021\/11\/jakub_chrobak_v_krvavinach.jpg\" alt=\"Jakub Chrob\u00e1k: V krvavin\u00e1ch (2021)\" width=\"1006\" height=\"1600\" srcset=\"https:\/\/kotrla.com\/pmpro\/wp-content\/uploads\/2021\/11\/jakub_chrobak_v_krvavinach.jpg 1006w, https:\/\/kotrla.com\/pmpro\/wp-content\/uploads\/2021\/11\/jakub_chrobak_v_krvavinach-189x300.jpg 189w, https:\/\/kotrla.com\/pmpro\/wp-content\/uploads\/2021\/11\/jakub_chrobak_v_krvavinach-644x1024.jpg 644w, https:\/\/kotrla.com\/pmpro\/wp-content\/uploads\/2021\/11\/jakub_chrobak_v_krvavinach-966x1536.jpg 966w\" sizes=\"auto, (max-width: 1006px) 100vw, 1006px\" \/><\/a><figcaption id=\"caption-attachment-9155\" class=\"wp-caption-text\">Jakub Chrob\u00e1k: V krvavin\u00e1ch (2021)<\/figcaption><\/figure>\n<p>&nbsp;<\/p>\n<figure id=\"attachment_9156\" aria-describedby=\"caption-attachment-9156\" style=\"width: 225px\" class=\"wp-caption alignnone\"><a href=\"https:\/\/kotrla.com\/pmpro\/wp-content\/uploads\/2021\/11\/jakub_chrobak_IMGP3271_foto_pavel_kotrla.jpg\"><img loading=\"lazy\" decoding=\"async\" class=\"wp-image-9156 size-medium\" src=\"https:\/\/kotrla.com\/pmpro\/wp-content\/uploads\/2021\/11\/jakub_chrobak_IMGP3271_foto_pavel_kotrla-225x300.jpg\" alt=\"Jakub Chrob\u00e1k\" width=\"225\" height=\"300\" srcset=\"https:\/\/kotrla.com\/pmpro\/wp-content\/uploads\/2021\/11\/jakub_chrobak_IMGP3271_foto_pavel_kotrla-225x300.jpg 225w, https:\/\/kotrla.com\/pmpro\/wp-content\/uploads\/2021\/11\/jakub_chrobak_IMGP3271_foto_pavel_kotrla-768x1024.jpg 768w, https:\/\/kotrla.com\/pmpro\/wp-content\/uploads\/2021\/11\/jakub_chrobak_IMGP3271_foto_pavel_kotrla-1152x1536.jpg 1152w, https:\/\/kotrla.com\/pmpro\/wp-content\/uploads\/2021\/11\/jakub_chrobak_IMGP3271_foto_pavel_kotrla.jpg 1200w\" sizes=\"auto, (max-width: 225px) 100vw, 225px\" \/><\/a><figcaption id=\"caption-attachment-9156\" class=\"wp-caption-text\">Jakub Chrob\u00e1k<\/figcaption><\/figure>\n<p><strong>Jakub Chrob\u00e1k <\/strong>(16. z\u00e1\u0159\u00ed 1974) vyu\u010duje literaturu na Slezsk\u00e9 univerzit\u011b v\u00a0Opav\u011b. \u017dije v\u00a0Lu\u017en\u00e9. Autor b\u00e1snick\u00fdch sb\u00edrek A\u017e dopiju, tak zaplat\u00edm\u00a0(2003), Adresy (2010), Jak pr\u00e1zdn\u00e9 kolo, po r\u00e1fku (2014), Imrv\u00e9re&#8230;. (2017).<\/p>\n<p><strong>Ohlasy<\/strong><\/p>\n<ul>\n<li>Michal Jare\u0161: Up\u0159\u00edmn\u00fd, t\u011bkaj\u00edc\u00ed a st\u00e1rnouc\u00ed : V krvavin\u00e1ch Jakuba Chrob\u00e1ka. A2. Ro\u010d. 18, 2022, \u010d. 6, 16. 3., s. 5.<\/li>\n<li>Adam El Chaar: Hru\u0161ka nad Klenovem. Tvar. Ro\u010d. 33, 2022, \u010d. 16, 6. 10., s. 20.<\/li>\n<li><a href=\"https:\/\/www.ostravan.cz\/72927\/startuje-vyhlasovani-kandidatu-na-ceny-jantar-za-literaturu-jsou-nominovani-chlupova-chrobak-polach-a-stastna\/\">Startuje vyhla\u0161ov\u00e1n\u00ed kandid\u00e1t\u016f na Ceny Jantar : za literaturu jsou nominov\u00e1ni Chlupov\u00e1, Chrob\u00e1k, Pol\u00e1ch a \u0160\u0165astn\u00e1. Ostravan.cz [online]. 4. 2. 2022.<\/a><\/li>\n<li>Ond\u0159ej Hlo\u017eek: Tak dlouho budem dr\u017eet. Protimluv. Ro\u010d. 21, 2022, \u010d. 3, s. 63\u201364.<\/li>\n<li>Petr Odehnal: Nah\u00fd b\u00e1sn\u00edk v trnit\u00fdch krvavin\u00e1ch, Vala\u0161sko. 2022, \u010d. 49, s. 53-54<\/li>\n<\/ul>\n","protected":false},"excerpt":{"rendered":"<p>ISBN 9978-80-908127-2-7 P\u00e1t\u00e1 b\u00e1snick\u00e1 sb\u00edrka Jakuba Chrob\u00e1ka je v mnoh\u00e9m bilan\u010dn\u00ed: na jedn\u00e9 stran\u011b, zejm\u00e9na v \u00favodn\u00ed \u010d\u00e1sti, reflektuje to, co pro autora poezie a jej\u00ed psan\u00ed znamen\u00e1, na stran\u011b druh\u00e9 je i geografick\u00fdm kotven\u00edm. Od Ostravy a jej\u00edho \u0161rumu, p\u0159es cesty a azyly zejm\u00e9na v prost\u0159ed\u00ed st\u00e1le nehostinn\u011bj\u0161\u00edch hospod, a \u017e po spo\u010dinut\u00ed ve [&hellip;]<\/p>\n","protected":false},"author":1,"featured_media":0,"parent":3997,"menu_order":0,"comment_status":"closed","ping_status":"closed","template":"","meta":{"site-sidebar-layout":"default","site-content-layout":"default","ast-site-content-layout":"default","site-content-style":"default","site-sidebar-style":"default","ast-global-header-display":"","ast-banner-title-visibility":"","ast-main-header-display":"","ast-hfb-above-header-display":"","ast-hfb-below-header-display":"","ast-hfb-mobile-header-display":"","site-post-title":"","ast-breadcrumbs-content":"","ast-featured-img":"","footer-sml-layout":"","ast-disable-related-posts":"","theme-transparent-header-meta":"default","adv-header-id-meta":"","stick-header-meta":"","header-above-stick-meta":"","header-main-stick-meta":"","header-below-stick-meta":"","astra-migrate-meta-layouts":"set","ast-page-background-enabled":"default","ast-page-background-meta":{"desktop":{"background-color":"var(--ast-global-color-5)","background-image":"","background-repeat":"repeat","background-position":"center center","background-size":"auto","background-attachment":"scroll","background-type":"","background-media":"","overlay-type":"","overlay-color":"","overlay-opacity":"","overlay-gradient":""},"tablet":{"background-color":"","background-image":"","background-repeat":"repeat","background-position":"center center","background-size":"auto","background-attachment":"scroll","background-type":"","background-media":"","overlay-type":"","overlay-color":"","overlay-opacity":"","overlay-gradient":""},"mobile":{"background-color":"","background-image":"","background-repeat":"repeat","background-position":"center center","background-size":"auto","background-attachment":"scroll","background-type":"","background-media":"","overlay-type":"","overlay-color":"","overlay-opacity":"","overlay-gradient":""}},"ast-content-background-meta":{"desktop":{"background-color":"var(--ast-global-color-4)","background-image":"","background-repeat":"repeat","background-position":"center center","background-size":"auto","background-attachment":"scroll","background-type":"","background-media":"","overlay-type":"","overlay-color":"","overlay-opacity":"","overlay-gradient":""},"tablet":{"background-color":"var(--ast-global-color-4)","background-image":"","background-repeat":"repeat","background-position":"center center","background-size":"auto","background-attachment":"scroll","background-type":"","background-media":"","overlay-type":"","overlay-color":"","overlay-opacity":"","overlay-gradient":""},"mobile":{"background-color":"var(--ast-global-color-4)","background-image":"","background-repeat":"repeat","background-position":"center center","background-size":"auto","background-attachment":"scroll","background-type":"","background-media":"","overlay-type":"","overlay-color":"","overlay-opacity":"","overlay-gradient":""}},"jetpack_post_was_ever_published":false,"footnotes":""},"class_list":["post-9151","page","type-page","status-publish","hentry"],"jetpack_shortlink":"https:\/\/wp.me\/P4mLP7-2nB","jetpack-related-posts":[{"id":12139,"url":"https:\/\/kotrla.com\/pmpro\/klenov\/miroslav-cerny-moudrost-stezky-2024\/","url_meta":{"origin":9151,"position":0},"title":"Miroslav \u010cern\u00fd: Moudrost stezky (2024)","author":"Pavel Kotrla","date":"19.10.2024","format":false,"excerpt":"ISBN 978-80-909228-1-5 Doporu\u010den\u00e1 cena knihy je 180 K\u010d Doslov Moudrost stezky je logick\u00fdm vy\u00fast\u011bn\u00edm dosavadn\u00edho liter\u00e1rn\u00edho v\u00fdvoje Miroslava \u010cern\u00e9ho. Dalo se p\u0159edpokl\u00e1dat, \u017ee autora, kter\u00fd se vedle knih odborn\u00fdch a\u00a0popul\u00e1rn\u011b\u00ad\u2011nau\u010dn\u00fdch prosadil p\u0159edev\u0161\u00edm jako cestopisec a\u00a0b\u00e1sn\u00edk, d\u0159\u00edve \u010di pozd\u011bji zl\u00e1k\u00e1 nov\u00e1 tv\u016fr\u010d\u00ed perspektiva a\u00a0bude si cht\u00edt vyzkou\u0161et mo\u017enosti na poli pr\u00f3zy.\u2026","rel":"","context":"Podobn\u00fd p\u0159\u00edsp\u011bvek","block_context":{"text":"Podobn\u00fd p\u0159\u00edsp\u011bvek","link":""},"img":{"alt_text":"","src":"https:\/\/i0.wp.com\/kotrla.com\/pmpro\/wp-content\/uploads\/2024\/10\/sazba_cerny11-150x150.png?resize=350%2C200&ssl=1","width":350,"height":200,"srcset":"https:\/\/i0.wp.com\/kotrla.com\/pmpro\/wp-content\/uploads\/2024\/10\/sazba_cerny11-150x150.png?resize=350%2C200&ssl=1 1x, https:\/\/i0.wp.com\/kotrla.com\/pmpro\/wp-content\/uploads\/2024\/10\/sazba_cerny11-150x150.png?resize=525%2C300&ssl=1 1.5x, https:\/\/i0.wp.com\/kotrla.com\/pmpro\/wp-content\/uploads\/2024\/10\/sazba_cerny11-150x150.png?resize=700%2C400&ssl=1 2x"},"classes":[]},{"id":13897,"url":"https:\/\/kotrla.com\/pmpro\/klenov\/filip-hrazdil-reka-odnasi-stiny-stromu-2026\/","url_meta":{"origin":9151,"position":1},"title":"Filip Hrazdil: \u0158eka odn\u00e1\u0161\u00ed st\u00edny strom\u016f (2026)","author":"Pavel Kotrla","date":"20.2.2026","format":false,"excerpt":"ISBN 978-80-88531-00-5 Doporu\u010den\u00e1 cena knihy je 220 K\u010d \u0158eka odn\u00e1\u0161\u00ed st\u00edny strom\u016f je sb\u00edrkou tich\u00e9, v\u0161\u00edmav\u00e9 poezie, kter\u00e1 vyr\u016fst\u00e1 z ka\u017edodenn\u00edho okouzlen\u00ed krajinou a m\u011bstskou perif\u00e9ri\u00ed. Filip Hrazdil v kr\u00e1tk\u00fdch, p\u0159esn\u00fdch b\u00e1sn\u00edch, voln\u011b inspirovan\u00fdch poetikou haiku, zachycuje pom\u00edjivost okam\u017eik\u016f, ro\u010dn\u00edch dob i lidsk\u00e9 bl\u00edzkosti. Minimalistick\u00fd jazyk a zdr\u017eenliv\u00e1 obraznost d\u00e1vaj\u00ed\u2026","rel":"","context":"Podobn\u00fd p\u0159\u00edsp\u011bvek","block_context":{"text":"Podobn\u00fd p\u0159\u00edsp\u011bvek","link":""},"img":{"alt_text":"","src":"https:\/\/i0.wp.com\/kotrla.com\/pmpro\/wp-content\/uploads\/2026\/02\/filip_hrazdil_reka_odnasi_stiny_stromu_72-150x150.jpg?resize=350%2C200&ssl=1","width":350,"height":200,"srcset":"https:\/\/i0.wp.com\/kotrla.com\/pmpro\/wp-content\/uploads\/2026\/02\/filip_hrazdil_reka_odnasi_stiny_stromu_72-150x150.jpg?resize=350%2C200&ssl=1 1x, https:\/\/i0.wp.com\/kotrla.com\/pmpro\/wp-content\/uploads\/2026\/02\/filip_hrazdil_reka_odnasi_stiny_stromu_72-150x150.jpg?resize=525%2C300&ssl=1 1.5x, https:\/\/i0.wp.com\/kotrla.com\/pmpro\/wp-content\/uploads\/2026\/02\/filip_hrazdil_reka_odnasi_stiny_stromu_72-150x150.jpg?resize=700%2C400&ssl=1 2x, https:\/\/i0.wp.com\/kotrla.com\/pmpro\/wp-content\/uploads\/2026\/02\/filip_hrazdil_reka_odnasi_stiny_stromu_72-150x150.jpg?resize=1050%2C600&ssl=1 3x, https:\/\/i0.wp.com\/kotrla.com\/pmpro\/wp-content\/uploads\/2026\/02\/filip_hrazdil_reka_odnasi_stiny_stromu_72-150x150.jpg?resize=1400%2C800&ssl=1 4x"},"classes":[]},{"id":11396,"url":"https:\/\/kotrla.com\/pmpro\/klenov\/pavel-kotrla-libor-sostak-synonymum-krajina-2024\/","url_meta":{"origin":9151,"position":2},"title":"Pavel Kotrla \u2013 Libor So\u0161\u0165\u00e1k: Synonymum krajina (2024)","author":"Pavel Kotrla","date":"28.4.2024","format":false,"excerpt":"ISBN 978-80-908127-9-6 Cena ti\u0161t\u011bn\u00e9 knihy v\u010detn\u011b vlepen\u00e9 origin\u00e1ln\u00ed kresby je 300 K\u010d + 100 K\u010d po\u0161tovn\u00e9. Kniha nen\u00ed v b\u011b\u017en\u00e9 distribu\u010dn\u00ed s\u00edti, lze si ji v\u0161ak\u00a0OBJEDNAT. P\u0159i objedn\u00e1n\u00ed dvou knih z produkce je po\u0161tovn\u00e9 zdarma. \u00a0 Ilustrace Libor So\u0161\u0165\u00e1k Vydalo nakladatelstv\u00ed Pavel Kotrla \u2014 Klenov, Byst\u0159i\u010dka, roku 2024 jako svou\u2026","rel":"","context":"Podobn\u00fd p\u0159\u00edsp\u011bvek","block_context":{"text":"Podobn\u00fd p\u0159\u00edsp\u011bvek","link":""},"img":{"alt_text":"","src":"https:\/\/i0.wp.com\/kotrla.com\/pmpro\/wp-content\/uploads\/2024\/04\/synonymum_krajina_IMGP1922-150x150.jpg?resize=350%2C200&ssl=1","width":350,"height":200,"srcset":"https:\/\/i0.wp.com\/kotrla.com\/pmpro\/wp-content\/uploads\/2024\/04\/synonymum_krajina_IMGP1922-150x150.jpg?resize=350%2C200&ssl=1 1x, https:\/\/i0.wp.com\/kotrla.com\/pmpro\/wp-content\/uploads\/2024\/04\/synonymum_krajina_IMGP1922-150x150.jpg?resize=525%2C300&ssl=1 1.5x, https:\/\/i0.wp.com\/kotrla.com\/pmpro\/wp-content\/uploads\/2024\/04\/synonymum_krajina_IMGP1922-150x150.jpg?resize=700%2C400&ssl=1 2x, https:\/\/i0.wp.com\/kotrla.com\/pmpro\/wp-content\/uploads\/2024\/04\/synonymum_krajina_IMGP1922-150x150.jpg?resize=1050%2C600&ssl=1 3x, https:\/\/i0.wp.com\/kotrla.com\/pmpro\/wp-content\/uploads\/2024\/04\/synonymum_krajina_IMGP1922-150x150.jpg?resize=1400%2C800&ssl=1 4x"},"classes":[]},{"id":13043,"url":"https:\/\/kotrla.com\/pmpro\/klenov\/petr-ligocky-predtim-nez-se-setmi-2025\/","url_meta":{"origin":9151,"position":3},"title":"Petr Ligock\u00fd: P\u0159edt\u00edm ne\u017e se setm\u00ed (2025)","author":"Pavel Kotrla","date":"25.9.2025","format":false,"excerpt":"ISBN\u00a0978-80-909228-5-3 Doporu\u010den\u00e1 cena knihy je 220 K\u010d Sb\u00edrka Petra Ligock\u00e9ho P\u0159edt\u00edm ne\u017e se setm\u00ed\u00a0je tich\u00fdm a hlubok\u00fdm ponorem do sv\u011bta ka\u017edodennosti, p\u0159\u00edrody a vnit\u0159n\u00edho pro\u017e\u00edv\u00e1n\u00ed. Autor zde navazuje na tradici japonsk\u00e9ho haiku a korejsk\u00e9 zenov\u00e9 poezie, z\u00e1rove\u0148 v\u0161ak tyto formy obohacuje o evropskou citlivost a osobn\u00ed pro\u017eitky. V\u00fdsledkem je kniha,\u2026","rel":"","context":"Podobn\u00fd p\u0159\u00edsp\u011bvek","block_context":{"text":"Podobn\u00fd p\u0159\u00edsp\u011bvek","link":""},"img":{"alt_text":"","src":"https:\/\/i0.wp.com\/kotrla.com\/pmpro\/wp-content\/uploads\/2025\/09\/sipos_01-150x150.jpg?resize=350%2C200&ssl=1","width":350,"height":200,"srcset":"https:\/\/i0.wp.com\/kotrla.com\/pmpro\/wp-content\/uploads\/2025\/09\/sipos_01-150x150.jpg?resize=350%2C200&ssl=1 1x, https:\/\/i0.wp.com\/kotrla.com\/pmpro\/wp-content\/uploads\/2025\/09\/sipos_01-150x150.jpg?resize=525%2C300&ssl=1 1.5x, https:\/\/i0.wp.com\/kotrla.com\/pmpro\/wp-content\/uploads\/2025\/09\/sipos_01-150x150.jpg?resize=700%2C400&ssl=1 2x, https:\/\/i0.wp.com\/kotrla.com\/pmpro\/wp-content\/uploads\/2025\/09\/sipos_01-150x150.jpg?resize=1050%2C600&ssl=1 3x, https:\/\/i0.wp.com\/kotrla.com\/pmpro\/wp-content\/uploads\/2025\/09\/sipos_01-150x150.jpg?resize=1400%2C800&ssl=1 4x"},"classes":[]},{"id":13384,"url":"https:\/\/kotrla.com\/pmpro\/klenov\/miroslav-cerny-sentimentalni-pijaci-2025\/","url_meta":{"origin":9151,"position":4},"title":"Miroslav \u010cern\u00fd: Sentiment\u00e1ln\u00ed pij\u00e1ci (2025)","author":"Pavel Kotrla","date":"5.11.2025","format":false,"excerpt":"ISBN 978-80-909228-6-0 Doporu\u010den\u00e1 cena knihy je 180 K\u010d Doslov Kdo \u010detl p\u0159edchoz\u00ed sb\u00edrku pov\u00eddek a b\u00e1sn\u00ed Miroslava \u010cern\u00e9ho Moudrost stezky (2024), snadno pozn\u00e1, \u017ee jeho nov\u00e1 kniha Sentiment\u00e1ln\u00ed pij\u00e1ci na ni zjevn\u011b navazuje. Dalo by se \u0159\u00edct, \u017ee je vlastn\u011b jej\u00edm dvojn\u00edkem. Op\u011bt se potk\u00e1v\u00e1me se souborem r\u016fznorod\u00fdch text\u016f, jejich\u017e\u2026","rel":"","context":"Podobn\u00fd p\u0159\u00edsp\u011bvek","block_context":{"text":"Podobn\u00fd p\u0159\u00edsp\u011bvek","link":""},"img":{"alt_text":"","src":"https:\/\/i0.wp.com\/kotrla.com\/pmpro\/wp-content\/uploads\/2025\/11\/cerny_sentimentalni_pijaci_57-150x150.jpg?resize=350%2C200&ssl=1","width":350,"height":200,"srcset":"https:\/\/i0.wp.com\/kotrla.com\/pmpro\/wp-content\/uploads\/2025\/11\/cerny_sentimentalni_pijaci_57-150x150.jpg?resize=350%2C200&ssl=1 1x, https:\/\/i0.wp.com\/kotrla.com\/pmpro\/wp-content\/uploads\/2025\/11\/cerny_sentimentalni_pijaci_57-150x150.jpg?resize=525%2C300&ssl=1 1.5x, https:\/\/i0.wp.com\/kotrla.com\/pmpro\/wp-content\/uploads\/2025\/11\/cerny_sentimentalni_pijaci_57-150x150.jpg?resize=700%2C400&ssl=1 2x"},"classes":[]},{"id":10951,"url":"https:\/\/kotrla.com\/pmpro\/klenov\/rajko-grlic-neodvypravene-pribehy-2023\/","url_meta":{"origin":9151,"position":5},"title":"Rajko Grli\u0107: Neodvypr\u00e1v\u011bn\u00e9 p\u0159\u00edb\u011bhy (2023)","author":"Pavel Kotrla","date":"9.11.2023","format":false,"excerpt":"ISBN 978-80-908127-8-9 Rajko Grli\u0107 (1947) \u2013 chorvatsk\u00fd filmov\u00fd re\u017eis\u00e9r, producent a scen\u00e1rista, profesor filmov\u00e9 teorie na univerzit\u011b v Ohiu, um\u011bleck\u00fd \u0159editel Motovunsk\u00e9ho filmov\u00e9ho festivalu v chorvatsk\u00e9m Motovunu.\u00a0 Jeden z nejv\u00fdznamn\u011bj\u0161\u00edch chorvatsk\u00fdch filmov\u00fdch re\u017eis\u00e9r\u016f. V roce 1971 ukon\u010dil studia re\u017eie na pra\u017esk\u00e9 FAMU. Spole\u010dn\u011b s n\u00edm v tom \u010dase absolvovala pra\u017esk\u00e1\u2026","rel":"","context":"Podobn\u00fd p\u0159\u00edsp\u011bvek","block_context":{"text":"Podobn\u00fd p\u0159\u00edsp\u011bvek","link":""},"img":{"alt_text":"Rajko Grli\u0107","src":"https:\/\/i0.wp.com\/kotrla.com\/pmpro\/wp-content\/uploads\/2023\/11\/grlic_uvedeni_IMGP0703.jpg?resize=350%2C200&ssl=1","width":350,"height":200,"srcset":"https:\/\/i0.wp.com\/kotrla.com\/pmpro\/wp-content\/uploads\/2023\/11\/grlic_uvedeni_IMGP0703.jpg?resize=350%2C200&ssl=1 1x, https:\/\/i0.wp.com\/kotrla.com\/pmpro\/wp-content\/uploads\/2023\/11\/grlic_uvedeni_IMGP0703.jpg?resize=525%2C300&ssl=1 1.5x, https:\/\/i0.wp.com\/kotrla.com\/pmpro\/wp-content\/uploads\/2023\/11\/grlic_uvedeni_IMGP0703.jpg?resize=700%2C400&ssl=1 2x, https:\/\/i0.wp.com\/kotrla.com\/pmpro\/wp-content\/uploads\/2023\/11\/grlic_uvedeni_IMGP0703.jpg?resize=1050%2C600&ssl=1 3x, https:\/\/i0.wp.com\/kotrla.com\/pmpro\/wp-content\/uploads\/2023\/11\/grlic_uvedeni_IMGP0703.jpg?resize=1400%2C800&ssl=1 4x"},"classes":[]}],"jetpack_sharing_enabled":true,"_links":{"self":[{"href":"https:\/\/kotrla.com\/pmpro\/wp-json\/wp\/v2\/pages\/9151","targetHints":{"allow":["GET"]}}],"collection":[{"href":"https:\/\/kotrla.com\/pmpro\/wp-json\/wp\/v2\/pages"}],"about":[{"href":"https:\/\/kotrla.com\/pmpro\/wp-json\/wp\/v2\/types\/page"}],"author":[{"embeddable":true,"href":"https:\/\/kotrla.com\/pmpro\/wp-json\/wp\/v2\/users\/1"}],"replies":[{"embeddable":true,"href":"https:\/\/kotrla.com\/pmpro\/wp-json\/wp\/v2\/comments?post=9151"}],"version-history":[{"count":1,"href":"https:\/\/kotrla.com\/pmpro\/wp-json\/wp\/v2\/pages\/9151\/revisions"}],"predecessor-version":[{"id":13565,"href":"https:\/\/kotrla.com\/pmpro\/wp-json\/wp\/v2\/pages\/9151\/revisions\/13565"}],"up":[{"embeddable":true,"href":"https:\/\/kotrla.com\/pmpro\/wp-json\/wp\/v2\/pages\/3997"}],"wp:attachment":[{"href":"https:\/\/kotrla.com\/pmpro\/wp-json\/wp\/v2\/media?parent=9151"}],"curies":[{"name":"wp","href":"https:\/\/api.w.org\/{rel}","templated":true}]}}