{"id":9316,"date":"2022-01-18T14:25:40","date_gmt":"2022-01-18T13:25:40","guid":{"rendered":"http:\/\/kotrla.com\/pmpro\/?page_id=9316"},"modified":"2025-11-14T09:05:43","modified_gmt":"2025-11-14T08:05:43","slug":"lenka-halova-letajici-jelen-2022","status":"publish","type":"page","link":"https:\/\/kotrla.com\/pmpro\/klenov\/lenka-halova-letajici-jelen-2022\/","title":{"rendered":"Lenka Halov\u00e1: L\u00e9taj\u00edc\u00ed jelen (2022)"},"content":{"rendered":"<p>ISBN 978-80-908127-3-4<\/p>\n<figure id=\"attachment_9318\" aria-describedby=\"caption-attachment-9318\" style=\"width: 1011px\" class=\"wp-caption alignnone\"><a href=\"https:\/\/kotrla.com\/pmpro\/wp-content\/uploads\/2022\/01\/lenka_halova_letajici_jelen_obalka.jpg\"><img loading=\"lazy\" decoding=\"async\" class=\"size-full wp-image-9318\" src=\"https:\/\/kotrla.com\/pmpro\/wp-content\/uploads\/2022\/01\/lenka_halova_letajici_jelen_obalka.jpg\" alt=\"Lenka Halov\u00e1: L\u00e9taj\u00edc\u00ed jelen\" width=\"1011\" height=\"1600\" srcset=\"https:\/\/kotrla.com\/pmpro\/wp-content\/uploads\/2022\/01\/lenka_halova_letajici_jelen_obalka.jpg 1011w, https:\/\/kotrla.com\/pmpro\/wp-content\/uploads\/2022\/01\/lenka_halova_letajici_jelen_obalka-190x300.jpg 190w, https:\/\/kotrla.com\/pmpro\/wp-content\/uploads\/2022\/01\/lenka_halova_letajici_jelen_obalka-647x1024.jpg 647w, https:\/\/kotrla.com\/pmpro\/wp-content\/uploads\/2022\/01\/lenka_halova_letajici_jelen_obalka-971x1536.jpg 971w\" sizes=\"auto, (max-width: 1011px) 100vw, 1011px\" \/><\/a><figcaption id=\"caption-attachment-9318\" class=\"wp-caption-text\">Lenka Halov\u00e1: L\u00e9taj\u00edc\u00ed jelen<\/figcaption><\/figure>\n<p>Kni\u017en\u00ed debut vala\u0161komezi\u0159\u00ed\u010dsk\u00e9 autorky.<\/p>\n<figure id=\"attachment_9039\" aria-describedby=\"caption-attachment-9039\" style=\"width: 300px\" class=\"wp-caption alignnone\"><a href=\"https:\/\/kotrla.com\/pmpro\/wp-content\/uploads\/2021\/09\/envirofest_IMGP2808.jpg\"><img loading=\"lazy\" decoding=\"async\" class=\"wp-image-9039 size-medium\" src=\"https:\/\/kotrla.com\/pmpro\/wp-content\/uploads\/2021\/09\/envirofest_IMGP2808-300x200.jpg\" alt=\"\" width=\"300\" height=\"200\" srcset=\"https:\/\/kotrla.com\/pmpro\/wp-content\/uploads\/2021\/09\/envirofest_IMGP2808-300x200.jpg 300w, https:\/\/kotrla.com\/pmpro\/wp-content\/uploads\/2021\/09\/envirofest_IMGP2808-1024x681.jpg 1024w, https:\/\/kotrla.com\/pmpro\/wp-content\/uploads\/2021\/09\/envirofest_IMGP2808-1536x1021.jpg 1536w, https:\/\/kotrla.com\/pmpro\/wp-content\/uploads\/2021\/09\/envirofest_IMGP2808.jpg 1600w\" sizes=\"auto, (max-width: 300px) 100vw, 300px\" \/><\/a><figcaption id=\"caption-attachment-9039\" class=\"wp-caption-text\">Lenka Halov\u00e1<\/figcaption><\/figure>\n<p><strong>Lenka Halov\u00e1<\/strong><br \/>\n(*\u00a01986)<br \/>\n\u017dije a\u00a0pracuje ve\u00a0Vala\u0161sk\u00e9m Mezi\u0159\u00ed\u010d\u00ed jako prodava\u010dka dom\u00e1c\u00edch pot\u0159eb a\u00a0ekologick\u00fdch v\u00fdrobk\u016f. L\u00e1sku k\u00a0literatu\u0159e se sna\u017eila ne\u00fasp\u011b\u0161n\u011b prohloubit studiem \u010desk\u00e9ho jazyka a\u00a0literatury na\u00a0FF Ostravsk\u00e9 univerzity. Ve\u00a0voln\u00e9m \u010dase zp\u011bva\u010dka a\u00a0kl\u00e1vesistka alternativn\u00ed kapely <a href=\"http:\/\/www.bumbumsatori.org\/artists\/kone-a-prase\/\">Ko\u0148e a\u00a0Prase<\/a>. V\u00a0n\u00e1hl\u00fdch z\u00e1chvatech tvo\u0159ivosti se v\u011bnuje tak\u00e9 osobn\u00edmu hudebn\u00edmu projektu LELEIA, kde skl\u00e1d\u00e1 hudbu, p\u00ed\u0161e texty, zp\u00edv\u00e1 a\u00a0nat\u00e1\u010d\u00ed videoklipy. Spravuje str\u00e1nku Be\u010dva bez jed\u016f a\u00a0je\u00a0\u010dlenkou spolku Zdrav\u00e1 Be\u010dva. Texty publikovala v\u00a0liter\u00e1rn\u00edm \u010dasopise Host a\u00a0v\u00a0undergroundov\u00e9m \u010dasopise Zmn\u011bna. M\u00e1 r\u00e1da ko\u010dky a\u00a0jej\u00ed obl\u00edben\u00e9 latinsk\u00e9 p\u0159\u00edslov\u00ed je\u00a0Omnia mea mecum porto.<\/p>\n<p><strong>ReZ!<\/strong><br \/>\n(*\u00a01993)<br \/>\nKresl\u00ed\u0159ka poch\u00e1zej\u00edc\u00ed ze\u00a0srdce Vala\u0161ska.<br \/>\nUm\u011bleck\u00e9ho vzd\u011bl\u00e1n\u00ed se ji dostalo st\u0159edn\u00edho, a\u00a0to na\u00a0umprumce v\u00a0Uhersk\u00e9m Hradi\u0161ti, kde z\u00a03D objekt\u016f p\u0159esedlala na\u00a02D tvorbu v\u0161eho druhu. Inspirac\u00ed jsou j\u00ed\u00a0p\u0159edev\u0161\u00edm sny a\u00a0p\u0159\u00edroda. Kresbu pova\u017euje za\u00a0p\u0159irozen\u00fd sd\u011blovac\u00ed prost\u0159edek \u201evnit\u0159n\u00edch z\u00e1le\u017eitost\u00ed\u201c a\u00a0pocit\u016f.<\/p>\n<p>&nbsp;<\/p>\n<p><strong><em>Stru\u010dn\u00fd exkurz do\u00a0poezie Lenky Halov\u00e9<\/em><\/strong><\/p>\n<p><em>Jak \u017eivot mn\u011b, tak j\u00e1 poezii<\/em><br \/>\n<em>Josef Berg<\/em><\/p>\n<p><em>Ve\u00a0Vala\u0161sk\u00e9m Mezi\u0159\u00ed\u010d\u00ed se to um\u011blci v\u017edycky hem\u017eilo. Lenka Halov\u00e1, autorka, kter\u00e1 se kone\u010dn\u011b rozhoupala j\u00edt se svou prvotinou ven, je tak\u00e9 roda\u010dka z tohoto l\u00edbezn\u00e9ho m\u011bsta. Len\u010dina bublina, ve\u00a0kter\u00e9 \u017eije, pracuje, tvo\u0159\u00ed, pl\u00e1\u010de i\u00a0miluje, je obrovsk\u00e1 a\u00a0duhov\u00e1, nebo\u0165 jako \u010dlov\u011bk, kter\u00e9mu nen\u00ed lhostejn\u00fd \u017e\u00e1dn\u00fd o\u017eehav\u00fd probl\u00e9m t\u00fdkaj\u00edc\u00ed se environmentu, feminismu \u010di obecn\u011b spole\u010dnosti a\u00a0\u017eivota na\u00a0Zemi, se r\u00e1da zapojuje do\u00a0aktu\u00e1ln\u00edch protest\u016f, festival\u016f, prevenc\u00ed, po\u0159ad\u016f a\u00a0dal\u0161\u00edch. O\u00a0jej\u00edm zap\u00e1len\u00ed bojovat za\u00a0v\u0161echny \u017eiv\u00e9 tvory sv\u011bd\u010d\u00ed i\u00a0texty, je\u017e zazn\u00edvaj\u00ed na\u00a0koncertech kapely Ko\u0148e a\u00a0Prase, kde zp\u00edv\u00e1 a\u00a0hraje na\u00a0kl\u00e1vesy.<\/em><br \/>\n<em>Jej\u00ed b\u00e1snick\u00e9 texty tuto environment\u00e1ln\u00ed v\u00e1\u0161e\u0148 nepop\u00edraj\u00ed, ale vztahuj\u00ed se sp\u00ed\u0161e ke sv\u011btu vnit\u0159n\u00edmu ne\u017e k tomu venku. Sv\u00fdm zp\u016fsobem jde o\u00a0tzv. instant poems, b\u00e1sn\u011b okam\u017eik\u016f, jejich\u017e psan\u00edm vynikala v\u00fdborn\u00e1 anglick\u00e1 b\u00e1sn\u00ed\u0159ka Sylvia Plathov\u00e1. Len\u010diny b\u00e1sn\u011b zachycuj\u00ed st\u0159et n\u011bkolika \u010das\u016f, je tady bolestn\u00e1 minulost, chvilkov\u00e1 radost p\u0159\u00edtomnosti a\u00a0nejist\u00e1 budoucnost\u00a0\u2013 \u201ezhu\u0161t\u011bn\u00e9 te\u010f a\u00a0rozm\u011bln\u011bn\u00e9 n\u011bkdy\u201c. Subjekt pak stoj\u00ed jaksi ubl\u00ed\u017een, r\u00e1doby vyt\u011bsn\u011bn\u00e9 vzpom\u00ednky dol\u00e9haj\u00ed a\u00a0do\u017eaduj\u00ed se pozornosti, na\u00a0nic se toti\u017e doopravdy nezapom\u00edn\u00e1. P\u0159edev\u0161\u00edm vztahy s\u00a0mu\u017esk\u00fdmi prot\u011bj\u0161ky se jev\u00ed jako problematick\u00e9. Motiv st\u0159epu, kter\u00fd zap\u0159\u00ed\u010dinil zk\u00e1zu mu\u017ee jako symbolu bezpe\u010d\u00ed a\u00a0l\u00e1sky, rezonuje v\u00a0b\u00e1sn\u00edch je\u0161t\u011b d\u0159\u00edve, ne\u017e o\u00a0n\u011bm konkr\u00e9tn\u011b \u010dteme v\u00a0jedn\u00e9 z\u00a0posledn\u00edch b\u00e1sn\u00ed. Je to hnisaj\u00edc\u00ed r\u00e1na p\u0159\u00edmo na\u00a0srdci, neust\u00e1le se otev\u00edraj\u00edc\u00ed. P\u0159es l\u00e9to se m\u00edsto m\u00edrn\u011b zceluje a\u00a0tolik nebol\u00ed, ale na\u00a0podzim to zase za\u010d\u00edn\u00e1. \u201ejak se b\u011b\u017e\u00ed o\u00a0\u017eivot? \/ rychle? \/ slep\u011b, nebo s\u00a0o\u010dima navrch hlavy?\u201c pt\u00e1 se b\u00e1sn\u00ed\u0159ka a\u00a0nen\u00ed to jedin\u00e1 t\u011b\u017ek\u00e1 ot\u00e1zka, je\u017e z\u016fst\u00e1v\u00e1 bez odpov\u011bdi.<\/em><br \/>\n<em>B\u016fh, Buddha ani podobn\u00e1 entita, kter\u00e1 by mohla nab\u00eddnout nad\u011bji a\u00a0nahradit zra\u0148uj\u00edc\u00ed symbol mu\u017ee, tady chyb\u00ed. Podobn\u011b jako u\u00a0Plathov\u00e9 c\u00edt\u00edme v\u00a0b\u00e1sn\u00edch mo\u017enou bl\u00ed\u017e\u00edc\u00ed se osobn\u00ed katastrofu. \u017divot je tak akor\u00e1t dobr\u00fd k\u00a0rozmaz\u00e1n\u00ed prsty po\u00a0tv\u00e1\u0159\u00edch, jinak k\u00a0hovnu. Dost dob\u0159e si to uv\u011bdomuje i\u00a0promlouvaj\u00edc\u00ed subjekt, a\u00a0tak na\u00a0\u017eivot na\u0159\u00edk\u00e1. Ivan Divi\u0161 se jednou vyslovil, \u017ee v\u0161echno um\u011bn\u00ed se vztahuje pouze k\u00a0jednomu t\u00e9matu, a\u00a0to ke\u00a0stesku po\u00a0\u00faplnosti, po\u00a0splynut\u00ed. V\u0161echny b\u00e1sn\u011b sv\u011bta by pak byly n\u00e1\u0159kem nad t\u00edmto rozpolcen\u00fdm j\u00e1. Tvrd\u00ed, \u017ee jedin\u00e9, \u010d\u00edm lze tento smutek napadnout, je radost. Jenom\u017ee nejen radost\u00ed, ale i\u00a0vtipem a\u00a0ironi\u00ed se d\u00e1 dost dob\u0159e bojovat se v\u0161emi \u00fatrapami sv\u011bta. Mysl\u00ed si to i\u00a0Lenka. \u201emy nem\u00e1me nic \/ jen \/ \u017eijem\u201c, glosuje s\u00a0lehkou nads\u00e1zkou v\u00a0jedn\u00e9 sv\u00e9 b\u00e1sni. Ono to v\u0161ak nen\u00ed m\u00e1lo, a\u00a0pokud se radostn\u00e1 \u017eivotn\u00ed energie z\u00a0lidsk\u00e9 komunikace vytr\u00e1c\u00ed, existuje po\u0159\u00e1d mo\u017enost, \u017ee buj\u00ed taky n\u011bkde jinde\u00a0\u2013 v\u00a0poln\u00edch krajin\u00e1ch,\u00a0lesn\u00edch samot\u00e1ch, ve\u00a0vesm\u00edru. Pad\u00e1me, ztr\u00e1c\u00edme se, ale ob\u010das se tak\u00e9 n\u00e1hodn\u011b znovu potk\u00e1v\u00e1me. Jedin\u00e9 uklidn\u011bn\u00ed p\u0159in\u00e1\u0161\u00ed zji\u0161t\u011bn\u00ed, \u017ee vlastn\u011b nev\u00edme, zda m\u016f\u017ee opravdu skon\u010dit n\u011bco, co trv\u00e1, a\u00a0taky n\u00e1hoda.<\/em><br \/>\n<em>Mark\u00e9ta Pol\u00e1ch Balonov\u00e1<\/em><\/p>\n","protected":false},"excerpt":{"rendered":"<p>ISBN 978-80-908127-3-4 Kni\u017en\u00ed debut vala\u0161komezi\u0159\u00ed\u010dsk\u00e9 autorky. Lenka Halov\u00e1 (*\u00a01986) \u017dije a\u00a0pracuje ve\u00a0Vala\u0161sk\u00e9m Mezi\u0159\u00ed\u010d\u00ed jako prodava\u010dka dom\u00e1c\u00edch pot\u0159eb a\u00a0ekologick\u00fdch v\u00fdrobk\u016f. L\u00e1sku k\u00a0literatu\u0159e se sna\u017eila ne\u00fasp\u011b\u0161n\u011b prohloubit studiem \u010desk\u00e9ho jazyka a\u00a0literatury na\u00a0FF Ostravsk\u00e9 univerzity. Ve\u00a0voln\u00e9m \u010dase zp\u011bva\u010dka a\u00a0kl\u00e1vesistka alternativn\u00ed kapely Ko\u0148e a\u00a0Prase. V\u00a0n\u00e1hl\u00fdch z\u00e1chvatech tvo\u0159ivosti se v\u011bnuje tak\u00e9 osobn\u00edmu hudebn\u00edmu projektu LELEIA, kde skl\u00e1d\u00e1 hudbu, p\u00ed\u0161e texty, [&hellip;]<\/p>\n","protected":false},"author":1,"featured_media":0,"parent":3997,"menu_order":0,"comment_status":"closed","ping_status":"closed","template":"","meta":{"site-sidebar-layout":"default","site-content-layout":"default","ast-site-content-layout":"default","site-content-style":"default","site-sidebar-style":"default","ast-global-header-display":"","ast-banner-title-visibility":"","ast-main-header-display":"","ast-hfb-above-header-display":"","ast-hfb-below-header-display":"","ast-hfb-mobile-header-display":"","site-post-title":"","ast-breadcrumbs-content":"","ast-featured-img":"","footer-sml-layout":"","ast-disable-related-posts":"","theme-transparent-header-meta":"default","adv-header-id-meta":"","stick-header-meta":"","header-above-stick-meta":"","header-main-stick-meta":"","header-below-stick-meta":"","astra-migrate-meta-layouts":"set","ast-page-background-enabled":"default","ast-page-background-meta":{"desktop":{"background-color":"var(--ast-global-color-5)","background-image":"","background-repeat":"repeat","background-position":"center center","background-size":"auto","background-attachment":"scroll","background-type":"","background-media":"","overlay-type":"","overlay-color":"","overlay-opacity":"","overlay-gradient":""},"tablet":{"background-color":"","background-image":"","background-repeat":"repeat","background-position":"center center","background-size":"auto","background-attachment":"scroll","background-type":"","background-media":"","overlay-type":"","overlay-color":"","overlay-opacity":"","overlay-gradient":""},"mobile":{"background-color":"","background-image":"","background-repeat":"repeat","background-position":"center center","background-size":"auto","background-attachment":"scroll","background-type":"","background-media":"","overlay-type":"","overlay-color":"","overlay-opacity":"","overlay-gradient":""}},"ast-content-background-meta":{"desktop":{"background-color":"var(--ast-global-color-4)","background-image":"","background-repeat":"repeat","background-position":"center center","background-size":"auto","background-attachment":"scroll","background-type":"","background-media":"","overlay-type":"","overlay-color":"","overlay-opacity":"","overlay-gradient":""},"tablet":{"background-color":"var(--ast-global-color-4)","background-image":"","background-repeat":"repeat","background-position":"center center","background-size":"auto","background-attachment":"scroll","background-type":"","background-media":"","overlay-type":"","overlay-color":"","overlay-opacity":"","overlay-gradient":""},"mobile":{"background-color":"var(--ast-global-color-4)","background-image":"","background-repeat":"repeat","background-position":"center center","background-size":"auto","background-attachment":"scroll","background-type":"","background-media":"","overlay-type":"","overlay-color":"","overlay-opacity":"","overlay-gradient":""}},"jetpack_post_was_ever_published":false,"footnotes":""},"class_list":["post-9316","page","type-page","status-publish","hentry"],"jetpack_shortlink":"https:\/\/wp.me\/P4mLP7-2qg","jetpack-related-posts":[{"id":3997,"url":"https:\/\/kotrla.com\/pmpro\/klenov\/","url_meta":{"origin":9316,"position":0},"title":"Nakladatelstv\u00ed Klenov","author":"Pavel Kotrla","date":"1.12.2018","format":false,"excerpt":"Klenov \u2013 jednomu\u017en\u00e9 nakladatelstv\u00ed Pavla Kotrly. Knihy jsou v distribuci Kosmas a Pemic, m\u016f\u017eete zakoupit nap\u0159\u00edklad v s\u00edti prodejen\u00a0Martinus,\u00a0Dobrovsk\u00fd nebo jin\u00fdch.\u00a0Bibliofilie Synonymum krajina, Pot\u00ed\u017ee se \u017eenami, Hedvika a Jak Urzon obelstil Kojota nejsou v b\u011b\u017en\u00e9 distribuci, pro objedn\u00e1vku pou\u017eijte pros\u00edm tento formul\u00e1\u0159. Ten m\u016f\u017eete vyu\u017e\u00edt i pro objedn\u00e1vku dal\u0161\u00edch knih\u2026","rel":"","context":"Similar post","block_context":{"text":"Similar post","link":""},"img":{"alt_text":"","src":"https:\/\/i0.wp.com\/kotrla.com\/pmpro\/wp-content\/uploads\/2023\/03\/nakladatelstvi_klenov_logo_bw_small.png?resize=350%2C200&ssl=1","width":350,"height":200},"classes":[]},{"id":4825,"url":"https:\/\/kotrla.com\/pmpro\/klenov\/robert-golan-romske-cesty-2013\/","url_meta":{"origin":9316,"position":1},"title":"Robert Gol\u00e1\u0148: Romsk\u00e9 cesty (2013)","author":"Pavel Kotrla","date":"24.10.2019","format":false,"excerpt":"ISBN 978-80-905649-0-9 \u00a0 Ve\u00a0fotografick\u00e9 publikaci Romsk\u00e9 cesty vypr\u00e1v\u00ed fotograf Robert Gol\u00e1\u0148 obrazem o\u00a0osudu vset\u00ednsk\u00fdch Rom\u016f, konkr\u00e9tn\u00edm fragmentu osudov\u00e9 cesty cel\u00e9ho etnika, kter\u00e1 vede ze stalet\u00ed do stalet\u00ed napl\u0148uj\u00edc velkou metaforu romsk\u00e9ho exodu. Nav\u0161t\u011bvuje p\u016fvodn\u00ed osady, v\u00a0nich\u017e se vset\u00edn\u0161t\u00ed Romov\u00e9 v\u011bt\u0161inou narodili a\u00a0n\u011bjak\u00fd \u010das \u017eili \u2013 Bystrany a\u00a0Rud\u0148any. Zaznamen\u00e1v\u00e1 \u00fazkost\u00ed napln\u011bn\u00e1\u2026","rel":"","context":"Similar post","block_context":{"text":"Similar post","link":""},"img":{"alt_text":"","src":"https:\/\/i0.wp.com\/kotrla.com\/pmpro\/wp-content\/uploads\/2024\/04\/romske_cesty_3-150x150.jpg?resize=350%2C200&ssl=1","width":350,"height":200,"srcset":"https:\/\/i0.wp.com\/kotrla.com\/pmpro\/wp-content\/uploads\/2024\/04\/romske_cesty_3-150x150.jpg?resize=350%2C200&ssl=1 1x, https:\/\/i0.wp.com\/kotrla.com\/pmpro\/wp-content\/uploads\/2024\/04\/romske_cesty_3-150x150.jpg?resize=525%2C300&ssl=1 1.5x, https:\/\/i0.wp.com\/kotrla.com\/pmpro\/wp-content\/uploads\/2024\/04\/romske_cesty_3-150x150.jpg?resize=700%2C400&ssl=1 2x"},"classes":[]},{"id":13834,"url":"https:\/\/kotrla.com\/pmpro\/bibliofilie\/bibliofilie-rozcestnik\/","url_meta":{"origin":9316,"position":2},"title":"Bibliofilie \u2013 rozcestn\u00edk","author":"Pavel Kotrla","date":"25.12.2025","format":false,"excerpt":"Spolky Spolek \u010desk\u00fdch bibliofil\u016f https:\/\/spolekceskychbibliofilu.cz Nakladatelstv\u00ed Adolescent http:\/\/www.adolescent.cz Antikvari\u00e1t Fiducia https:\/\/klubfiducia.cz\/kategorie-produktu\/knihy\/ Arbor Vitae http:\/\/www.arborvitae.cz Argo http:\/\/www.argo-bibliofilie.cz Art Space NOV https:\/\/artspacenov.cz\/category\/publikace\/ Ateli\u00e9r Krupka - nakladatelstv\u00ed Ve str\u00e1ni https:\/\/atelierkrupka.cz Aulos https:\/\/aulos.cz Avart https:\/\/www.avart.cz\/bibliofilie Balbineum https:\/\/www.balbineum.cz Bylo nebylo https:\/\/www.bylonebylo.com Drtina Lubo\u0161 http:\/\/www.lubosdrtina.cz\/index.php?\/autorske\/19862010\/ Edice 33, Franti\u0161ek Jan\u00e1s https:\/\/www.edice33.eu + https:\/\/www.bibliofilie-edice33.cz Galerie Zden\u011bk Sklen\u00e1\u0159 https:\/\/www.zdeneksklenar.cz\/bibliofilie\u2026","rel":"","context":"Similar post","block_context":{"text":"Similar post","link":""},"img":{"alt_text":"","src":"","width":0,"height":0},"classes":[]},{"id":4152,"url":"https:\/\/kotrla.com\/pmpro\/klenov\/libor-sostak-parizsky-skicak\/","url_meta":{"origin":9316,"position":3},"title":"Libor So\u0161\u0165\u00e1k &#8211; Pa\u0159\u00ed\u017esk\u00fd skic\u00e1k (2019)","author":"Pavel Kotrla","date":"29.3.2019","format":false,"excerpt":"ISBN 978-80-905649-5-4 Pa\u0159\u00ed\u017esk\u00fd skic\u00e1k v\u00a0podob\u011b v\u00fdstavn\u00edho projektu m\u011bl svou premi\u00e9ru 13.\u00a03. 1988, v\u00edce jak p\u0159ed 30 lety, v\u00a0Mal\u00e9 galerii Okresn\u00ed knihovny ve\u00a0Vset\u00edn\u011b. Od\u00a0t\u00e9 doby byl fragment\u00e1rn\u011b vystavov\u00e1n v\u00a0r\u00e1mci n\u011bkolika autorov\u00fdch mal\u00ed\u0159sk\u00fdch v\u00fdstav. P\u0159edstaven\u00fd soubor prac\u00ed na\u00a0pap\u00ed\u0159e\u00a0\u2013 kreseb, kol\u00e1\u017e\u00ed a\u00a0maleb mal\u00e9ho form\u00e1tu ze\u00a0studijn\u00edho pobytu v\u00a0Pa\u0159\u00ed\u017ei p\u0159elomu let 1985\/86 je v\u00fdb\u011brem ze\u00a0skic\u00e1k\u016f,\u2026","rel":"","context":"In &quot;Knihy&quot;","block_context":{"text":"Knihy","link":"https:\/\/kotrla.com\/pmpro\/category\/knihy\/"},"img":{"alt_text":"Libor So\u0161\u0165\u00e1k","src":"https:\/\/i0.wp.com\/kotrla.com\/pmpro\/wp-content\/uploads\/2019\/03\/libor_sostak_IMGP9391.jpg?resize=350%2C200&ssl=1","width":350,"height":200,"srcset":"https:\/\/i0.wp.com\/kotrla.com\/pmpro\/wp-content\/uploads\/2019\/03\/libor_sostak_IMGP9391.jpg?resize=350%2C200&ssl=1 1x, https:\/\/i0.wp.com\/kotrla.com\/pmpro\/wp-content\/uploads\/2019\/03\/libor_sostak_IMGP9391.jpg?resize=525%2C300&ssl=1 1.5x, https:\/\/i0.wp.com\/kotrla.com\/pmpro\/wp-content\/uploads\/2019\/03\/libor_sostak_IMGP9391.jpg?resize=700%2C400&ssl=1 2x, https:\/\/i0.wp.com\/kotrla.com\/pmpro\/wp-content\/uploads\/2019\/03\/libor_sostak_IMGP9391.jpg?resize=1050%2C600&ssl=1 3x, https:\/\/i0.wp.com\/kotrla.com\/pmpro\/wp-content\/uploads\/2019\/03\/libor_sostak_IMGP9391.jpg?resize=1400%2C800&ssl=1 4x"},"classes":[]},{"id":9917,"url":"https:\/\/kotrla.com\/pmpro\/klenov\/stanislav-denk-hlava-vody-2022\/","url_meta":{"origin":9316,"position":4},"title":"Stanislav Denk: Hlava vody (2022)","author":"Pavel Kotrla","date":"15.9.2022","format":false,"excerpt":"ISBN: 978-80-908127-5-8 \u00a0 Co je naho\u0159e je i dole Vysyp\u00e1v\u00e1m solni\u010dku na st\u016fl a s\u016fl si vt\u00edr\u00e1m do o\u010d\u00ed. Ve sv\u011bt\u011b jsou n\u00e1s tis\u00edce kte\u0159\u00ed takto vrac\u00ed slzy stvo\u0159iteli. Na po\u010d\u00e1tku byly vody rozd\u011bleny. \u00a0 \u010cas bez n\u00e1vratu To zelen\u00e9 list\u00ed b\u0159e\u010d\u0165anu mi br\u00e1n\u00ed ve v\u00fdhledu. Z\u00a0nebe jsou st\u0159epy roztloukan\u00e9\u2026","rel":"","context":"Similar post","block_context":{"text":"Similar post","link":""},"img":{"alt_text":"Stanislav Denk: Hlava vody (2022)","src":"https:\/\/i0.wp.com\/kotrla.com\/pmpro\/wp-content\/uploads\/2022\/09\/stanislav_denk_hlava_vody_obalka.jpg?resize=350%2C200&ssl=1","width":350,"height":200,"srcset":"https:\/\/i0.wp.com\/kotrla.com\/pmpro\/wp-content\/uploads\/2022\/09\/stanislav_denk_hlava_vody_obalka.jpg?resize=350%2C200&ssl=1 1x, https:\/\/i0.wp.com\/kotrla.com\/pmpro\/wp-content\/uploads\/2022\/09\/stanislav_denk_hlava_vody_obalka.jpg?resize=525%2C300&ssl=1 1.5x, https:\/\/i0.wp.com\/kotrla.com\/pmpro\/wp-content\/uploads\/2022\/09\/stanislav_denk_hlava_vody_obalka.jpg?resize=700%2C400&ssl=1 2x"},"classes":[]},{"id":2843,"url":"https:\/\/kotrla.com\/pmpro\/autor\/","url_meta":{"origin":9316,"position":5},"title":"Autor","author":"Pavel Kotrla","date":"3.9.2016","format":false,"excerpt":"Kdopak to tu m\u00e1 na sv\u011bdom\u00ed? Pavel Kotrla Narodil jsem se 5. 5. 1974 ve Vset\u00edn\u011b. V letech 1992-1997 jsem vystudoval na Filozofick\u00e9 fakult\u011b Ostravsk\u00e9 univerzity liter\u00e1rn\u00ed v\u011bdu a \u010de\u0161tinu. Od roku 1996 jsem \u0161\u00e9fredaktorem liter\u00e1rn\u00edho \u010dtvrtletn\u00edku Texty, kter\u00fd jsme v roce 1996 zalo\u017eili s Ji\u0159\u00edm Hrabalem, Jakubem Chrob\u00e1kem, Ren\u00e9\u2026","rel":"","context":"Similar post","block_context":{"text":"Similar post","link":""},"img":{"alt_text":"Pavel Kotrla","src":"https:\/\/i0.wp.com\/kotrla.com\/pmpro\/wp-content\/uploads\/2022\/06\/pavel_kotrla_IMGP0259.jpg?resize=350%2C200&ssl=1","width":350,"height":200,"srcset":"https:\/\/i0.wp.com\/kotrla.com\/pmpro\/wp-content\/uploads\/2022\/06\/pavel_kotrla_IMGP0259.jpg?resize=350%2C200&ssl=1 1x, https:\/\/i0.wp.com\/kotrla.com\/pmpro\/wp-content\/uploads\/2022\/06\/pavel_kotrla_IMGP0259.jpg?resize=525%2C300&ssl=1 1.5x, https:\/\/i0.wp.com\/kotrla.com\/pmpro\/wp-content\/uploads\/2022\/06\/pavel_kotrla_IMGP0259.jpg?resize=700%2C400&ssl=1 2x, https:\/\/i0.wp.com\/kotrla.com\/pmpro\/wp-content\/uploads\/2022\/06\/pavel_kotrla_IMGP0259.jpg?resize=1050%2C600&ssl=1 3x, https:\/\/i0.wp.com\/kotrla.com\/pmpro\/wp-content\/uploads\/2022\/06\/pavel_kotrla_IMGP0259.jpg?resize=1400%2C800&ssl=1 4x"},"classes":[]}],"jetpack_sharing_enabled":true,"_links":{"self":[{"href":"https:\/\/kotrla.com\/pmpro\/wp-json\/wp\/v2\/pages\/9316","targetHints":{"allow":["GET"]}}],"collection":[{"href":"https:\/\/kotrla.com\/pmpro\/wp-json\/wp\/v2\/pages"}],"about":[{"href":"https:\/\/kotrla.com\/pmpro\/wp-json\/wp\/v2\/types\/page"}],"author":[{"embeddable":true,"href":"https:\/\/kotrla.com\/pmpro\/wp-json\/wp\/v2\/users\/1"}],"replies":[{"embeddable":true,"href":"https:\/\/kotrla.com\/pmpro\/wp-json\/wp\/v2\/comments?post=9316"}],"version-history":[{"count":1,"href":"https:\/\/kotrla.com\/pmpro\/wp-json\/wp\/v2\/pages\/9316\/revisions"}],"predecessor-version":[{"id":13562,"href":"https:\/\/kotrla.com\/pmpro\/wp-json\/wp\/v2\/pages\/9316\/revisions\/13562"}],"up":[{"embeddable":true,"href":"https:\/\/kotrla.com\/pmpro\/wp-json\/wp\/v2\/pages\/3997"}],"wp:attachment":[{"href":"https:\/\/kotrla.com\/pmpro\/wp-json\/wp\/v2\/media?parent=9316"}],"curies":[{"name":"wp","href":"https:\/\/api.w.org\/{rel}","templated":true}]}}